{"id":89356,"date":"2025-09-11T10:20:16","date_gmt":"2025-09-11T15:20:16","guid":{"rendered":"https:\/\/www.ucaldas.edu.co\/portal\/?page_id=89356"},"modified":"2026-04-15T15:07:09","modified_gmt":"2026-04-15T20:07:09","slug":"equidad-de-genero-y-no-discriminacion","status":"publish","type":"page","link":"https:\/\/www.ucaldas.edu.co\/portal\/equidad-de-genero-y-no-discriminacion\/","title":{"rendered":"Equidad de G\u00e9nero y No Discriminaci\u00f3n"},"content":{"rendered":"<div class=\"wpb-content-wrapper\"><p>[vc_row][vc_column][vc_empty_space][vc_column_text css=\u00bb\u00bb]La Universidad de Caldas, comprometida con las <a href=\"https:\/\/www.ucaldas.edu.co\/portal\/wp-content\/uploads\/2026\/04\/Disposiciones-Internacionales-y-Nacionales-Genero-V2-2026_Membretes.pdf\" target=\"_blank\" rel=\"noopener\"><strong>disposiciones internacionales y nacionales<\/strong><\/a> en materia de b\u00fasqueda de la equidad de g\u00e9nero y no discriminaci\u00f3n, viene trabajando desde estas diferentes instancias en el tema, con el fin de lograr espacios cada vez m\u00e1s seguros para todas las personas. La pol\u00edtica institucional est\u00e1 en:[\/vc_column_text][\/vc_column][\/vc_row][vc_row][vc_column][vc_single_image image=\u00bb85166&#8243; img_size=\u00bbfull\u00bb onclick=\u00bbcustom_link\u00bb css=\u00bb\u00bb link=\u00bbhttps:\/\/www.ucaldas.edu.co\/portal\/wp-content\/uploads\/2024\/10\/POLITICA_DE_EQUIDAD_Y_NO_DISCRIMINACION.pdf\u00bb][\/vc_column][\/vc_row][vc_row css=\u00bb.vc_custom_1764254074778{margin-top: 15px !important;margin-bottom: 15px !important;background-image: url(https:\/\/www.ucaldas.edu.co\/portal\/wp-content\/uploads\/2025\/11\/Base_Foto-pagina-web_Grupo-especial-de-genero-y-no-discriminacion-GEEND-copia.png?id=99963) !important;background-position: center !important;background-repeat: no-repeat !important;background-size: cover !important;}\u00bb][vc_column css=\u00bb.vc_custom_1764253970514{padding-top: 5% !important;padding-right: 5% !important;padding-bottom: 5% !important;padding-left: 5% !important;}\u00bb][vc_row_inner][vc_column_inner width=\u00bb2\/3&#8243;][vc_column_text css=\u00bb\u00bb]<\/p>\n<h2><strong><span style=\"color: #ffffff;\">Grupo Especial de G\u00e9nero y No Discriminaci\u00f3n (GEEND)<\/span><\/strong><\/h2>\n<p><span style=\"color: #ffffff;\">Pertenece a Bienestar y es la unidad encargada de recibir las denuncias y activar las rutas.<\/span>[\/vc_column_text][\/vc_column_inner][vc_column_inner width=\u00bb1\/3&#8243;][\/vc_column_inner][\/vc_row_inner][vc_btn title=\u00bbRuta de atenci\u00f3n\u00bb color=\u00bbviolet\u00bb align=\u00bbright\u00bb css=\u00bb\u00bb link=\u00bburl:https%3A%2F%2Fwww.ucaldas.edu.co%2Fportal%2Fvicerrectoria-administrativa%2Fbienestar%2Fgeend%2F|title:Grupo%20Especial%20de%20Genero%20y%20No%20Discriminaci%C3%B3n\u00bb el_class=\u00bbbg-equidad-genero\u00bb][\/vc_column][\/vc_row][vc_row css=\u00bb.vc_custom_1764257990047{margin-bottom: 24px !important;}\u00bb][vc_column width=\u00bb1\/2&#8243; css=\u00bb.vc_custom_1764253677305{background-color: #7F719D00 !important;}\u00bb][vc_row_inner css=\u00bb.vc_custom_1764257620229{margin-right: 6px !important;padding-top: 12px !important;padding-right: 12px !important;padding-bottom: 12px !important;padding-left: 12px !important;background: #7F719D url(https:\/\/www.ucaldas.edu.co\/portal\/wp-content\/uploads\/2025\/11\/comite-equidad-de-genero.png?id=99984) !important;background-position: center !important;background-repeat: no-repeat !important;background-size: cover !important;}\u00bb][vc_column_inner css=\u00bb.vc_custom_1764255995383{padding-top: 12px !important;}\u00bb][vc_column_text css=\u00bb\u00bb]<\/p>\n<h4 style=\"text-align: left;\"><strong><span style=\"color: #ffffff;\">Comit\u00e9 de Equidad de G\u00e9nero y No Discriminaci\u00f3n<\/span><\/strong><\/h4>\n<p style=\"text-align: left;\"><span style=\"color: #ffffff;\">No pertenece a Bienestar, y es una unidad interestamentaria que vela por la apropiaci\u00f3n y aplicaci\u00f3n del Acuerdo 035 en la UC.<\/span><\/p>\n<p>[\/vc_column_text][vc_btn title=\u00bbM\u00e1s informaci\u00f3n\u00bb color=\u00bbviolet\u00bb align=\u00bbright\u00bb css=\u00bb\u00bb link=\u00bburl:https%3A%2F%2Fwww.ucaldas.edu.co%2Fportal%2Fequidad-de-genero-y-no-discriminacion%2Fcegnd%2F|title:Comit%C3%A9%20de%20Equidad%20de%20G%C3%A9nero%20y%20No%20Discriminaci%C3%B3n\u00bb el_class=\u00bbbg-equidad-genero\u00bb][\/vc_column_inner][\/vc_row_inner][\/vc_column][vc_column width=\u00bb1\/2&#8243; css=\u00bb.vc_custom_1764254859975{background-color: #7F719D00 !important;}\u00bb][vc_row_inner css=\u00bb.vc_custom_1764257677189{margin-left: 6px !important;padding-top: 12px !important;padding-right: 12px !important;padding-bottom: 12px !important;padding-left: 12px !important;background: #7F719D url(https:\/\/www.ucaldas.edu.co\/portal\/wp-content\/uploads\/2025\/11\/Grupo-Interno-de-Control-Disciplinario.png?id=99985) !important;background-position: center !important;background-repeat: no-repeat !important;background-size: cover !important;}\u00bb][vc_column_inner css=\u00bb.vc_custom_1764257558701{padding-top: 12px !important;}\u00bb][vc_column_text css=\u00bb\u00bb]<\/p>\n<h4><span style=\"color: #ffffff;\"><strong>Grupo Interno de<br \/>\nControl Disciplinario<\/strong><\/span><\/h4>\n<p><span style=\"color: #ffffff;\">Adscrito a la Secretar\u00eda General, encargada de la sanci\u00f3n de los presuntos agresores.<\/span>[\/vc_column_text][vc_btn title=\u00bbM\u00e1s informaci\u00f3n\u00bb color=\u00bbviolet\u00bb align=\u00bbright\u00bb css=\u00bb\u00bb link=\u00bburl:https%3A%2F%2Fwww.ucaldas.edu.co%2Fportal%2Fsecretaria-general%2Fcontrol-disciplinario%2F|title:Control%20Disciplinario\u00bb el_class=\u00bbbg-equidad-genero\u00bb][\/vc_column_inner][\/vc_row_inner][\/vc_column][\/vc_row][vc_row][vc_column width=\u00bb1\/2&#8243; css=\u00bb.vc_custom_1764253677305{background-color: #7F719D00 !important;}\u00bb][vc_row_inner css=\u00bb.vc_custom_1764258139021{margin-right: 6px !important;padding-top: 12px !important;padding-right: 12px !important;padding-bottom: 12px !important;padding-left: 12px !important;background: #7F719D url(https:\/\/www.ucaldas.edu.co\/portal\/wp-content\/uploads\/2025\/11\/gesex.png?id=99986) !important;background-position: center !important;background-repeat: no-repeat !important;background-size: cover !important;}\u00bb][vc_column_inner css=\u00bb.vc_custom_1764255995383{padding-top: 12px !important;}\u00bb][vc_column_text css=\u00bb\u00bb]<\/p>\n<h4 style=\"text-align: left;\"><span style=\"color: #ffffff;\"><strong>Observatorio de G\u00e9nero<br \/>\n(GESEX)<\/strong><\/span><\/h4>\n<p style=\"text-align: left;\"><span style=\"color: #ffffff;\">Unidad acad\u00e9mica que funciona como observatorio de los temas de g\u00e9nero dentro de la Universidad de Caldas y le hace seguimiento a la aplicaci\u00f3n y apropiaci\u00f3n de la pol\u00edtica de g\u00e9nero.<\/span><\/p>\n<p>[\/vc_column_text][vc_btn title=\u00bbM\u00e1s informaci\u00f3n\u00bb color=\u00bbviolet\u00bb align=\u00bbright\u00bb css=\u00bb\u00bb link=\u00bburl:https%3A%2F%2Fjuridicasysociales.ucaldas.edu.co%2Fobservatorio-genero-sexualidades%2F|title:Control%20Disciplinario|target:_blank\u00bb el_class=\u00bbbg-equidad-genero\u00bb][\/vc_column_inner][\/vc_row_inner][\/vc_column][vc_column width=\u00bb1\/2&#8243; css=\u00bb.vc_custom_1764254859975{background-color: #7F719D00 !important;}\u00bb][vc_row_inner css=\u00bb.vc_custom_1764258535100{margin-left: 6px !important;padding-top: 12px !important;padding-right: 12px !important;padding-bottom: 12px !important;padding-left: 12px !important;background: #7F719D url(https:\/\/www.ucaldas.edu.co\/portal\/wp-content\/uploads\/2025\/11\/escuela-de-genero-y-derecho.png?id=99987) !important;background-position: center !important;background-repeat: no-repeat !important;background-size: cover !important;}\u00bb][vc_column_inner css=\u00bb.vc_custom_1764257558701{padding-top: 12px !important;}\u00bb][vc_column_text css=\u00bb\u00bb]<\/p>\n<h4 style=\"text-align: left;\"><span style=\"color: #ffffff;\"><strong>Escuela de G\u00e9nero y<br \/>\nDerecho<\/strong><\/span><\/h4>\n<p style=\"text-align: left;\"><span style=\"color: #ffffff;\">La Escuela de G\u00e9nero y Derecho pertenece a la Facultad de Ciencias Jur\u00eddicas y Sociales y hace el acompa\u00f1amiento a las v\u00edctimas a trav\u00e9s de su Servicio Especial.<\/span><\/p>\n<p>[\/vc_column_text][vc_btn title=\u00bbM\u00e1s informaci\u00f3n\u00bb color=\u00bbviolet\u00bb align=\u00bbright\u00bb css=\u00bb\u00bb link=\u00bburl:https%3A%2F%2Fjuridicasysociales.ucaldas.edu.co%2Fescuela-de-genero-y-derecho%2F|title:Escuela%20de%20G%C3%A9nero|target:_blank\u00bb el_class=\u00bbbg-equidad-genero\u00bb][\/vc_column_inner][\/vc_row_inner][\/vc_column][\/vc_row][vc_row][vc_column][vc_empty_space][\/vc_column][\/vc_row][vc_row full_width=\u00bbstretch_row_content_no_spaces\u00bb css=\u00bb.vc_custom_1776270402393{background-color: #6845A1 !important;}\u00bb][vc_column width=\u00bb1\/4&#8243;][\/vc_column][vc_column parallax=\u00bbcontent-moving\u00bb width=\u00bb1\/2&#8243;][vc_row_inner css=\u00bb.vc_custom_1776267908577{padding-top: 33px !important;padding-right: 33px !important;padding-bottom: 33px !important;padding-left: 33px !important;}\u00bb][vc_column_inner width=\u00bb1\/2&#8243;][vc_empty_space height=\u00bb66px\u00bb][vc_column_text css=\u00bb\u00bb]<\/p>\n<h2><strong><span style=\"color: #ffffff;\">Comentarios<\/span><\/strong><\/h2>\n<p style=\"color: #ffffff;\">\u00bfTienes dudas o comentarios en relaci\u00f3n a temas de Equidad de G\u00e9nero y No Discriminaci\u00f3n? Escr\u00edbenos en el siguiente formulario<\/p>\n<p><span style=\"color: #ffffff;\"><em>Ten en cuenta que si necesitas activar una ruta debes acudir al <a style=\"padding: 3px 6px; background: #d71464;\" href=\"https:\/\/www.ucaldas.edu.co\/portal\/vicerrectoria-administrativa\/bienestar\/geend\/\"><span style=\"color: #ffff99;\"><strong>GEEND<\/strong><\/span><\/a><\/em><\/span>[\/vc_column_text][\/vc_column_inner][vc_column_inner width=\u00bb1\/2&#8243; css=\u00bb.vc_custom_1776282015804{padding-top: 45px !important;padding-right: 45px !important;padding-bottom: 45px !important;padding-left: 45px !important;}\u00bb][vc_empty_space][vc_column_text css=\u00bb\u00bb]\n<div class=\"wpcf7 no-js\" id=\"wpcf7-f103713-o1\" lang=\"es-ES\" dir=\"ltr\" data-wpcf7-id=\"103713\">\n<div class=\"screen-reader-response\"><p role=\"status\" aria-live=\"polite\" aria-atomic=\"true\"><\/p> <ul><\/ul><\/div>\n<form action=\"\/portal\/wp-json\/wp\/v2\/pages\/89356#wpcf7-f103713-o1\" method=\"post\" class=\"wpcf7-form init\" aria-label=\"Formulario de contacto\" novalidate=\"novalidate\" data-status=\"init\">\n<fieldset class=\"hidden-fields-container\"><input type=\"hidden\" name=\"_wpcf7\" value=\"103713\" \/><input type=\"hidden\" name=\"_wpcf7_version\" value=\"6.1.5\" \/><input type=\"hidden\" name=\"_wpcf7_locale\" value=\"es_ES\" \/><input type=\"hidden\" name=\"_wpcf7_unit_tag\" value=\"wpcf7-f103713-o1\" \/><input type=\"hidden\" name=\"_wpcf7_container_post\" value=\"0\" \/><input type=\"hidden\" name=\"_wpcf7_posted_data_hash\" value=\"\" \/><input type=\"hidden\" name=\"_wpcf7_recaptcha_response\" value=\"\" \/>\n<\/fieldset>\n<div class=\"custom-form-container\">\n\t<div class=\"form-field\">\n\t\t<p><label>Tu nombre<\/label><span class=\"wpcf7-form-control-wrap\" data-name=\"nombre\"><input size=\"40\" maxlength=\"400\" class=\"wpcf7-form-control wpcf7-text wpcf7-validates-as-required\" aria-required=\"true\" aria-invalid=\"false\" value=\"\" type=\"text\" name=\"nombre\" \/><\/span>\n\t\t<\/p>\n\t<\/div>\n\t<div class=\"form-field\">\n\t\t<p><label>Correo electr\u00f3nico<\/label><span class=\"wpcf7-form-control-wrap\" data-name=\"correo\"><input size=\"40\" maxlength=\"400\" class=\"wpcf7-form-control wpcf7-email wpcf7-validates-as-required wpcf7-text wpcf7-validates-as-email\" aria-required=\"true\" aria-invalid=\"false\" value=\"\" type=\"email\" name=\"correo\" \/><\/span>\n\t\t<\/p>\n\t<\/div>\n\t<div class=\"form-field\">\n\t\t<p><label>Asunto<\/label><span class=\"wpcf7-form-control-wrap\" data-name=\"asunto\"><input size=\"40\" maxlength=\"400\" class=\"wpcf7-form-control wpcf7-text wpcf7-validates-as-required\" aria-required=\"true\" aria-invalid=\"false\" value=\"\" type=\"text\" name=\"asunto\" \/><\/span>\n\t\t<\/p>\n\t<\/div>\n\t<div class=\"form-field\">\n\t\t<p><label>Tu mensaje<\/label><span class=\"wpcf7-form-control-wrap\" data-name=\"mensaje\"><textarea cols=\"40\" rows=\"10\" maxlength=\"2000\" class=\"wpcf7-form-control wpcf7-textarea wpcf7-validates-as-required\" aria-required=\"true\" aria-invalid=\"false\" name=\"mensaje\"><\/textarea><\/span>\n\t\t<\/p>\n\t<\/div>\n\t<div class=\"form-submit\">\n\t\t<p><input class=\"wpcf7-form-control wpcf7-submit has-spinner\" type=\"submit\" value=\"Enviar\" \/>\n\t\t<\/p>\n\t<\/div>\n<\/div><input type='hidden' class='wpcf7-pum' value='{\"closepopup\":false,\"closedelay\":0,\"openpopup\":false,\"openpopup_id\":0}' \/><div class=\"wpcf7-response-output\" aria-hidden=\"true\"><\/div>\n<\/form>\n<\/div>\n[\/vc_column_text][\/vc_column_inner][\/vc_row_inner][\/vc_column][vc_column width=\u00bb1\/4&#8243;][\/vc_column][\/vc_row]<\/p>\n<\/div>","protected":false},"excerpt":{"rendered":"<p>[vc_row][vc_column][vc_empty_space][vc_column_text css=\u00bb\u00bb]La Universidad de Caldas, comprometida con las disposiciones internacionales y nacionales en materia de b\u00fasqueda de la equidad de g\u00e9nero y no discriminaci\u00f3n, viene trabajando desde estas diferentes instancias en el tema, con el fin de lograr espacios cada vez m\u00e1s seguros para todas las personas. La pol\u00edtica institucional est\u00e1 en:[\/vc_column_text][\/vc_column][\/vc_row][vc_row][vc_column][vc_single_image image=\u00bb85166&#8243; img_size=\u00bbfull\u00bb onclick=\u00bbcustom_link\u00bb [&hellip;]<\/p>\n","protected":false},"author":1,"featured_media":0,"parent":0,"menu_order":0,"comment_status":"closed","ping_status":"closed","template":"","meta":{"footnotes":""},"class_list":["post-89356","page","type-page","status-publish","hentry"],"yoast_head":"<!-- This site is optimized with the Yoast SEO plugin v27.4 - https:\/\/yoast.com\/product\/yoast-seo-wordpress\/ -->\n<title>Equidad de G\u00e9nero y No Discriminaci\u00f3n .<\/title>\n<meta name=\"description\" content=\"Equidad de G\u00e9nero y No Discriminaci\u00f3n\" \/>\n<meta name=\"robots\" content=\"index, follow, max-snippet:-1, max-image-preview:large, max-video-preview:-1\" \/>\n<link rel=\"canonical\" href=\"https:\/\/www.ucaldas.edu.co\/portal\/equidad-de-genero-y-no-discriminacion\/\" \/>\n<script type=\"application\/ld+json\" class=\"yoast-schema-graph\">{\"@context\":\"https:\\\/\\\/schema.org\",\"@graph\":[{\"@type\":\"WebPage\",\"@id\":\"https:\\\/\\\/www.ucaldas.edu.co\\\/portal\\\/equidad-de-genero-y-no-discriminacion\\\/\",\"url\":\"https:\\\/\\\/www.ucaldas.edu.co\\\/portal\\\/equidad-de-genero-y-no-discriminacion\\\/\",\"name\":\"Equidad de G\u00e9nero y No Discriminaci\u00f3n .\",\"isPartOf\":{\"@id\":\"https:\\\/\\\/www.ucaldas.edu.co\\\/portal\\\/#website\"},\"datePublished\":\"2025-09-11T15:20:16+00:00\",\"dateModified\":\"2026-04-15T20:07:09+00:00\",\"description\":\"Equidad de G\u00e9nero y No Discriminaci\u00f3n\",\"breadcrumb\":{\"@id\":\"https:\\\/\\\/www.ucaldas.edu.co\\\/portal\\\/equidad-de-genero-y-no-discriminacion\\\/#breadcrumb\"},\"inLanguage\":\"es\",\"potentialAction\":[{\"@type\":\"ReadAction\",\"target\":[\"https:\\\/\\\/www.ucaldas.edu.co\\\/portal\\\/equidad-de-genero-y-no-discriminacion\\\/\"]}]},{\"@type\":\"BreadcrumbList\",\"@id\":\"https:\\\/\\\/www.ucaldas.edu.co\\\/portal\\\/equidad-de-genero-y-no-discriminacion\\\/#breadcrumb\",\"itemListElement\":[{\"@type\":\"ListItem\",\"position\":1,\"name\":\"Portada\",\"item\":\"https:\\\/\\\/www.ucaldas.edu.co\\\/portal\\\/\"},{\"@type\":\"ListItem\",\"position\":2,\"name\":\"Equidad de G\u00e9nero y No Discriminaci\u00f3n\"}]},{\"@type\":\"WebSite\",\"@id\":\"https:\\\/\\\/www.ucaldas.edu.co\\\/portal\\\/#website\",\"url\":\"https:\\\/\\\/www.ucaldas.edu.co\\\/portal\\\/\",\"name\":\"Universidad de Caldas\",\"description\":\"\",\"publisher\":{\"@id\":\"https:\\\/\\\/www.ucaldas.edu.co\\\/portal\\\/#organization\"},\"alternateName\":\"U. de Caldas\",\"potentialAction\":[{\"@type\":\"SearchAction\",\"target\":{\"@type\":\"EntryPoint\",\"urlTemplate\":\"https:\\\/\\\/www.ucaldas.edu.co\\\/portal\\\/?s={search_term_string}\"},\"query-input\":{\"@type\":\"PropertyValueSpecification\",\"valueRequired\":true,\"valueName\":\"search_term_string\"}}],\"inLanguage\":\"es\"},{\"@type\":\"Organization\",\"@id\":\"https:\\\/\\\/www.ucaldas.edu.co\\\/portal\\\/#organization\",\"name\":\"Universidad de Caldas\",\"alternateName\":\"U. de Caldas\",\"url\":\"https:\\\/\\\/www.ucaldas.edu.co\\\/portal\\\/\",\"logo\":{\"@type\":\"ImageObject\",\"inLanguage\":\"es\",\"@id\":\"https:\\\/\\\/www.ucaldas.edu.co\\\/portal\\\/#\\\/schema\\\/logo\\\/image\\\/\",\"url\":\"https:\\\/\\\/www.ucaldas.edu.co\\\/portal\\\/wp-content\\\/uploads\\\/2023\\\/11\\\/Logo_horizontal_oscuroU-2023.png\",\"contentUrl\":\"https:\\\/\\\/www.ucaldas.edu.co\\\/portal\\\/wp-content\\\/uploads\\\/2023\\\/11\\\/Logo_horizontal_oscuroU-2023.png\",\"width\":263,\"height\":101,\"caption\":\"Universidad de Caldas\"},\"image\":{\"@id\":\"https:\\\/\\\/www.ucaldas.edu.co\\\/portal\\\/#\\\/schema\\\/logo\\\/image\\\/\"},\"sameAs\":[\"https:\\\/\\\/www.facebook.com\\\/udecaldas\",\"https:\\\/\\\/x.com\\\/udecaldas\",\"https:\\\/\\\/www.youtube.com\\\/universidadcaldas\",\"https:\\\/\\\/www.instagram.com\\\/udecaldas\\\/\"]}]}<\/script>\n<!-- \/ Yoast SEO plugin. -->","yoast_head_json":{"title":"Equidad de G\u00e9nero y No Discriminaci\u00f3n .","description":"Equidad de G\u00e9nero y No Discriminaci\u00f3n","robots":{"index":"index","follow":"follow","max-snippet":"max-snippet:-1","max-image-preview":"max-image-preview:large","max-video-preview":"max-video-preview:-1"},"canonical":"https:\/\/www.ucaldas.edu.co\/portal\/equidad-de-genero-y-no-discriminacion\/","schema":{"@context":"https:\/\/schema.org","@graph":[{"@type":"WebPage","@id":"https:\/\/www.ucaldas.edu.co\/portal\/equidad-de-genero-y-no-discriminacion\/","url":"https:\/\/www.ucaldas.edu.co\/portal\/equidad-de-genero-y-no-discriminacion\/","name":"Equidad de G\u00e9nero y No Discriminaci\u00f3n .","isPartOf":{"@id":"https:\/\/www.ucaldas.edu.co\/portal\/#website"},"datePublished":"2025-09-11T15:20:16+00:00","dateModified":"2026-04-15T20:07:09+00:00","description":"Equidad de G\u00e9nero y No Discriminaci\u00f3n","breadcrumb":{"@id":"https:\/\/www.ucaldas.edu.co\/portal\/equidad-de-genero-y-no-discriminacion\/#breadcrumb"},"inLanguage":"es","potentialAction":[{"@type":"ReadAction","target":["https:\/\/www.ucaldas.edu.co\/portal\/equidad-de-genero-y-no-discriminacion\/"]}]},{"@type":"BreadcrumbList","@id":"https:\/\/www.ucaldas.edu.co\/portal\/equidad-de-genero-y-no-discriminacion\/#breadcrumb","itemListElement":[{"@type":"ListItem","position":1,"name":"Portada","item":"https:\/\/www.ucaldas.edu.co\/portal\/"},{"@type":"ListItem","position":2,"name":"Equidad de G\u00e9nero y No Discriminaci\u00f3n"}]},{"@type":"WebSite","@id":"https:\/\/www.ucaldas.edu.co\/portal\/#website","url":"https:\/\/www.ucaldas.edu.co\/portal\/","name":"Universidad de Caldas","description":"","publisher":{"@id":"https:\/\/www.ucaldas.edu.co\/portal\/#organization"},"alternateName":"U. de Caldas","potentialAction":[{"@type":"SearchAction","target":{"@type":"EntryPoint","urlTemplate":"https:\/\/www.ucaldas.edu.co\/portal\/?s={search_term_string}"},"query-input":{"@type":"PropertyValueSpecification","valueRequired":true,"valueName":"search_term_string"}}],"inLanguage":"es"},{"@type":"Organization","@id":"https:\/\/www.ucaldas.edu.co\/portal\/#organization","name":"Universidad de Caldas","alternateName":"U. de Caldas","url":"https:\/\/www.ucaldas.edu.co\/portal\/","logo":{"@type":"ImageObject","inLanguage":"es","@id":"https:\/\/www.ucaldas.edu.co\/portal\/#\/schema\/logo\/image\/","url":"https:\/\/www.ucaldas.edu.co\/portal\/wp-content\/uploads\/2023\/11\/Logo_horizontal_oscuroU-2023.png","contentUrl":"https:\/\/www.ucaldas.edu.co\/portal\/wp-content\/uploads\/2023\/11\/Logo_horizontal_oscuroU-2023.png","width":263,"height":101,"caption":"Universidad de Caldas"},"image":{"@id":"https:\/\/www.ucaldas.edu.co\/portal\/#\/schema\/logo\/image\/"},"sameAs":["https:\/\/www.facebook.com\/udecaldas","https:\/\/x.com\/udecaldas","https:\/\/www.youtube.com\/universidadcaldas","https:\/\/www.instagram.com\/udecaldas\/"]}]}},"_links":{"self":[{"href":"https:\/\/www.ucaldas.edu.co\/portal\/wp-json\/wp\/v2\/pages\/89356","targetHints":{"allow":["GET"]}}],"collection":[{"href":"https:\/\/www.ucaldas.edu.co\/portal\/wp-json\/wp\/v2\/pages"}],"about":[{"href":"https:\/\/www.ucaldas.edu.co\/portal\/wp-json\/wp\/v2\/types\/page"}],"author":[{"embeddable":true,"href":"https:\/\/www.ucaldas.edu.co\/portal\/wp-json\/wp\/v2\/users\/1"}],"replies":[{"embeddable":true,"href":"https:\/\/www.ucaldas.edu.co\/portal\/wp-json\/wp\/v2\/comments?post=89356"}],"version-history":[{"count":16,"href":"https:\/\/www.ucaldas.edu.co\/portal\/wp-json\/wp\/v2\/pages\/89356\/revisions"}],"predecessor-version":[{"id":103728,"href":"https:\/\/www.ucaldas.edu.co\/portal\/wp-json\/wp\/v2\/pages\/89356\/revisions\/103728"}],"wp:attachment":[{"href":"https:\/\/www.ucaldas.edu.co\/portal\/wp-json\/wp\/v2\/media?parent=89356"}],"curies":[{"name":"wp","href":"https:\/\/api.w.org\/{rel}","templated":true}]}}