{"id":78121,"date":"2023-11-20T19:32:23","date_gmt":"2023-11-20T19:32:23","guid":{"rendered":"https:\/\/www.ucaldas.edu.co\/portal\/?page_id=78121"},"modified":"2026-03-03T17:00:28","modified_gmt":"2026-03-03T22:00:28","slug":"aguadas","status":"publish","type":"page","link":"https:\/\/www.ucaldas.edu.co\/portal\/regionalizacion\/aguadas\/","title":{"rendered":"Aguadas"},"content":{"rendered":"<div class=\"wpb-content-wrapper\"><p>[vc_row full_width=\u00bbstretch_row_content_no_spaces\u00bb el_class=\u00bbportada-bienestar-universitario\u00bb][vc_column][vc_row_inner][vc_column_inner][vc_column_text css=\u00bb\u00bb]\r\n<!-- Bot\u00f3n de toggle (hamburguesa) -->\r\n<div class=\"ucaldas-sidebar-menu\">\r\n    <div id=\"svm-toggle-btn\" class=\"svm-toggle-btn\" style=\"background-color: #04213e;>\r\n        <span id=\"svm-icon\">&#9776;<\/span>\r\n    <\/div>\r\n\r\n    <div class=\"svm-sidebar svm-closed\" id=\"ucaldas-sidebar\" style=\"background-color: #003366;\">\r\n        <ul id=\"menu-regionalizacion\" class=\"svm-nav-list\"><li id=\"menu-item-94020\" class=\"menu-item menu-item-type-post_type menu-item-object-page menu-item-94020\"><a href=\"https:\/\/www.ucaldas.edu.co\/portal\/regionalizacion\/\">Regionalizaci\u00f3n<\/a><\/li>\n<li id=\"menu-item-88434\" class=\"menu-item menu-item-type-post_type menu-item-object-page menu-item-88434\"><a href=\"https:\/\/www.ucaldas.edu.co\/portal\/universidad-en-tu-pueblo\/\">Universidad en tu pueblo<\/a><\/li>\n<li id=\"menu-item-94021\" class=\"menu-item menu-item-type-custom menu-item-object-custom menu-item-has-children menu-item-94021\"><a href=\"#\">Sedes<\/a>\n<ul class=\"sub-menu\">\n\t<li id=\"menu-item-88436\" class=\"menu-item menu-item-type-post_type menu-item-object-page menu-item-88436\"><a href=\"https:\/\/www.ucaldas.edu.co\/portal\/regionalizacion\/aguadas\/\">Aguadas<\/a><\/li>\n\t<li id=\"menu-item-88435\" class=\"menu-item menu-item-type-post_type menu-item-object-page menu-item-88435\"><a href=\"https:\/\/www.ucaldas.edu.co\/portal\/magdalena-centro\/\">Magdalena Centro<\/a><\/li>\n<\/ul>\n<\/li>\n<li id=\"menu-item-94019\" class=\"menu-item menu-item-type-post_type menu-item-object-page menu-item-94019\"><a href=\"https:\/\/www.ucaldas.edu.co\/portal\/alianza-por-la-educacion\/\">Alianza por la Educaci\u00f3n<\/a><\/li>\n<\/ul>    <\/div>\r\n<\/div>\r\n[\/vc_column_text][\/vc_column_inner][\/vc_row_inner][\/vc_column][\/vc_row][vc_row][vc_column][vc_column_text]<span style=\"font-weight: 400;\">La <\/span><b>Universidad de Caldas<\/b><span style=\"font-weight: 400;\"> ha asumido un compromiso s\u00f3lido con el desarrollo de la regi\u00f3n. A lo largo de los a\u00f1os, ha trabajado incansablemente para contribuir al progreso local y la transformaci\u00f3n social. Ahora, da un paso audaz al establecer la <\/span><b>Sede para el Norte de Caldas en el municipio de Aguadas<\/b><span style=\"font-weight: 400;\">.<\/span>[\/vc_column_text][vc_raw_html css=\u00bb\u00bb]JTNDaWZyYW1lJTIwd2lkdGglM0QlMjIxMDAlMjUlMjIlMjBoZWlnaHQlM0QlMjI0NTAlMjIlMjBzcmMlM0QlMjJodHRwcyUzQSUyRiUyRnd3dy55b3V0dWJlLmNvbSUyRmVtYmVkJTJGVGF5eVRLTWFzZGclM0ZzaSUzREVRTmtKTjlRR1E4ZXh6VWMlMjIlMjB0aXRsZSUzRCUyMlVuaXZlcnNpZGFkJTIwZGUlMjBDYWxkYXMlMjBhYnJlJTIwbGFzJTIwcHVlcnRhcyUyMGRlJTIwc3UlMjBTZWRlJTIwTm9ydGUlMjBlbiUyMEFndWFkYXMlMjIlMjBmcmFtZWJvcmRlciUzRCUyMjAlMjIlMjBhbGxvdyUzRCUyMmFjY2VsZXJvbWV0ZXIlM0IlMjBjbGlwYm9hcmQtd3JpdGUlM0IlMjBlbmNyeXB0ZWQtbWVkaWElM0IlMjBneXJvc2NvcGUlM0IlMjBwaWN0dXJlLWluLXBpY3R1cmUlM0IlMjB3ZWItc2hhcmUlMjIlMjBhbGxvd2Z1bGxzY3JlZW4lM0UlM0MlMkZpZnJhbWUlM0U=[\/vc_raw_html][\/vc_column][\/vc_row][vc_row][vc_column][vc_empty_space height=\u00bb60px\u00bb][\/vc_column][\/vc_row][vc_row][vc_column][vc_empty_space height=\u00bb60px\u00bb][\/vc_column][\/vc_row][vc_row][vc_column][vc_images_carousel images=\u00bb78598,78695,102972,102976,102977&#8243; img_size=\u00bbfull\u00bb slides_per_view=\u00bb3&#8243; autoplay=\u00bbyes\u00bb wrap=\u00bbyes\u00bb css=\u00bb\u00bb][\/vc_column][\/vc_row]<\/p>\n<\/div>","protected":false},"excerpt":{"rendered":"<p>[vc_row full_width=\u00bbstretch_row_content_no_spaces\u00bb el_class=\u00bbportada-bienestar-universitario\u00bb][vc_column][vc_row_inner][vc_column_inner][vc_column_text css=\u00bb\u00bb][\/vc_column_text][\/vc_column_inner][\/vc_row_inner][\/vc_column][\/vc_row][vc_row][vc_column][vc_column_text]La Universidad de Caldas ha asumido un compromiso s\u00f3lido con el desarrollo de la regi\u00f3n. A lo largo de los a\u00f1os, ha trabajado incansablemente para contribuir al progreso local y la transformaci\u00f3n social. Ahora, da un paso audaz al establecer la Sede para el Norte de Caldas en el municipio de Aguadas.[\/vc_column_text][vc_raw_html [&hellip;]<\/p>\n","protected":false},"author":1,"featured_media":0,"parent":88403,"menu_order":0,"comment_status":"closed","ping_status":"closed","template":"","meta":{"footnotes":""},"class_list":["post-78121","page","type-page","status-publish","hentry"],"yoast_head":"<!-- This site is optimized with the Yoast SEO plugin v27.4 - https:\/\/yoast.com\/product\/yoast-seo-wordpress\/ -->\n<title>Aguadas<\/title>\n<meta name=\"description\" content=\"Toda la informaci\u00f3n sobre programas ofertados, proyectos, campus y dem\u00e1s sobre la sede de Aguadas de la Universidad de Caldas\" \/>\n<meta name=\"robots\" content=\"index, follow, max-snippet:-1, max-image-preview:large, max-video-preview:-1\" \/>\n<link rel=\"canonical\" href=\"https:\/\/www.ucaldas.edu.co\/portal\/regionalizacion\/aguadas\/\" \/>\n<script type=\"application\/ld+json\" class=\"yoast-schema-graph\">{\"@context\":\"https:\\\/\\\/schema.org\",\"@graph\":[{\"@type\":\"WebPage\",\"@id\":\"https:\\\/\\\/www.ucaldas.edu.co\\\/portal\\\/regionalizacion\\\/aguadas\\\/\",\"url\":\"https:\\\/\\\/www.ucaldas.edu.co\\\/portal\\\/regionalizacion\\\/aguadas\\\/\",\"name\":\"Aguadas\",\"isPartOf\":{\"@id\":\"https:\\\/\\\/www.ucaldas.edu.co\\\/portal\\\/#website\"},\"datePublished\":\"2023-11-20T19:32:23+00:00\",\"dateModified\":\"2026-03-03T22:00:28+00:00\",\"description\":\"Toda la informaci\u00f3n sobre programas ofertados, proyectos, campus y dem\u00e1s sobre la sede de Aguadas de la Universidad de Caldas\",\"breadcrumb\":{\"@id\":\"https:\\\/\\\/www.ucaldas.edu.co\\\/portal\\\/regionalizacion\\\/aguadas\\\/#breadcrumb\"},\"inLanguage\":\"es\",\"potentialAction\":[{\"@type\":\"ReadAction\",\"target\":[\"https:\\\/\\\/www.ucaldas.edu.co\\\/portal\\\/regionalizacion\\\/aguadas\\\/\"]}]},{\"@type\":\"BreadcrumbList\",\"@id\":\"https:\\\/\\\/www.ucaldas.edu.co\\\/portal\\\/regionalizacion\\\/aguadas\\\/#breadcrumb\",\"itemListElement\":[{\"@type\":\"ListItem\",\"position\":1,\"name\":\"Portada\",\"item\":\"https:\\\/\\\/www.ucaldas.edu.co\\\/portal\\\/\"},{\"@type\":\"ListItem\",\"position\":2,\"name\":\"Regionalizaci\u00f3n\",\"item\":\"https:\\\/\\\/www.ucaldas.edu.co\\\/portal\\\/regionalizacion\\\/\"},{\"@type\":\"ListItem\",\"position\":3,\"name\":\"Aguadas\"}]},{\"@type\":\"WebSite\",\"@id\":\"https:\\\/\\\/www.ucaldas.edu.co\\\/portal\\\/#website\",\"url\":\"https:\\\/\\\/www.ucaldas.edu.co\\\/portal\\\/\",\"name\":\"Universidad de Caldas\",\"description\":\"\",\"publisher\":{\"@id\":\"https:\\\/\\\/www.ucaldas.edu.co\\\/portal\\\/#organization\"},\"alternateName\":\"U. de Caldas\",\"potentialAction\":[{\"@type\":\"SearchAction\",\"target\":{\"@type\":\"EntryPoint\",\"urlTemplate\":\"https:\\\/\\\/www.ucaldas.edu.co\\\/portal\\\/?s={search_term_string}\"},\"query-input\":{\"@type\":\"PropertyValueSpecification\",\"valueRequired\":true,\"valueName\":\"search_term_string\"}}],\"inLanguage\":\"es\"},{\"@type\":\"Organization\",\"@id\":\"https:\\\/\\\/www.ucaldas.edu.co\\\/portal\\\/#organization\",\"name\":\"Universidad de Caldas\",\"alternateName\":\"U. de Caldas\",\"url\":\"https:\\\/\\\/www.ucaldas.edu.co\\\/portal\\\/\",\"logo\":{\"@type\":\"ImageObject\",\"inLanguage\":\"es\",\"@id\":\"https:\\\/\\\/www.ucaldas.edu.co\\\/portal\\\/#\\\/schema\\\/logo\\\/image\\\/\",\"url\":\"https:\\\/\\\/www.ucaldas.edu.co\\\/portal\\\/wp-content\\\/uploads\\\/2023\\\/11\\\/Logo_horizontal_oscuroU-2023.png\",\"contentUrl\":\"https:\\\/\\\/www.ucaldas.edu.co\\\/portal\\\/wp-content\\\/uploads\\\/2023\\\/11\\\/Logo_horizontal_oscuroU-2023.png\",\"width\":263,\"height\":101,\"caption\":\"Universidad de Caldas\"},\"image\":{\"@id\":\"https:\\\/\\\/www.ucaldas.edu.co\\\/portal\\\/#\\\/schema\\\/logo\\\/image\\\/\"},\"sameAs\":[\"https:\\\/\\\/www.facebook.com\\\/udecaldas\",\"https:\\\/\\\/x.com\\\/udecaldas\",\"https:\\\/\\\/www.youtube.com\\\/universidadcaldas\",\"https:\\\/\\\/www.instagram.com\\\/udecaldas\\\/\"]}]}<\/script>\n<!-- \/ Yoast SEO plugin. -->","yoast_head_json":{"title":"Aguadas","description":"Toda la informaci\u00f3n sobre programas ofertados, proyectos, campus y dem\u00e1s sobre la sede de Aguadas de la Universidad de Caldas","robots":{"index":"index","follow":"follow","max-snippet":"max-snippet:-1","max-image-preview":"max-image-preview:large","max-video-preview":"max-video-preview:-1"},"canonical":"https:\/\/www.ucaldas.edu.co\/portal\/regionalizacion\/aguadas\/","schema":{"@context":"https:\/\/schema.org","@graph":[{"@type":"WebPage","@id":"https:\/\/www.ucaldas.edu.co\/portal\/regionalizacion\/aguadas\/","url":"https:\/\/www.ucaldas.edu.co\/portal\/regionalizacion\/aguadas\/","name":"Aguadas","isPartOf":{"@id":"https:\/\/www.ucaldas.edu.co\/portal\/#website"},"datePublished":"2023-11-20T19:32:23+00:00","dateModified":"2026-03-03T22:00:28+00:00","description":"Toda la informaci\u00f3n sobre programas ofertados, proyectos, campus y dem\u00e1s sobre la sede de Aguadas de la Universidad de Caldas","breadcrumb":{"@id":"https:\/\/www.ucaldas.edu.co\/portal\/regionalizacion\/aguadas\/#breadcrumb"},"inLanguage":"es","potentialAction":[{"@type":"ReadAction","target":["https:\/\/www.ucaldas.edu.co\/portal\/regionalizacion\/aguadas\/"]}]},{"@type":"BreadcrumbList","@id":"https:\/\/www.ucaldas.edu.co\/portal\/regionalizacion\/aguadas\/#breadcrumb","itemListElement":[{"@type":"ListItem","position":1,"name":"Portada","item":"https:\/\/www.ucaldas.edu.co\/portal\/"},{"@type":"ListItem","position":2,"name":"Regionalizaci\u00f3n","item":"https:\/\/www.ucaldas.edu.co\/portal\/regionalizacion\/"},{"@type":"ListItem","position":3,"name":"Aguadas"}]},{"@type":"WebSite","@id":"https:\/\/www.ucaldas.edu.co\/portal\/#website","url":"https:\/\/www.ucaldas.edu.co\/portal\/","name":"Universidad de Caldas","description":"","publisher":{"@id":"https:\/\/www.ucaldas.edu.co\/portal\/#organization"},"alternateName":"U. de Caldas","potentialAction":[{"@type":"SearchAction","target":{"@type":"EntryPoint","urlTemplate":"https:\/\/www.ucaldas.edu.co\/portal\/?s={search_term_string}"},"query-input":{"@type":"PropertyValueSpecification","valueRequired":true,"valueName":"search_term_string"}}],"inLanguage":"es"},{"@type":"Organization","@id":"https:\/\/www.ucaldas.edu.co\/portal\/#organization","name":"Universidad de Caldas","alternateName":"U. de Caldas","url":"https:\/\/www.ucaldas.edu.co\/portal\/","logo":{"@type":"ImageObject","inLanguage":"es","@id":"https:\/\/www.ucaldas.edu.co\/portal\/#\/schema\/logo\/image\/","url":"https:\/\/www.ucaldas.edu.co\/portal\/wp-content\/uploads\/2023\/11\/Logo_horizontal_oscuroU-2023.png","contentUrl":"https:\/\/www.ucaldas.edu.co\/portal\/wp-content\/uploads\/2023\/11\/Logo_horizontal_oscuroU-2023.png","width":263,"height":101,"caption":"Universidad de Caldas"},"image":{"@id":"https:\/\/www.ucaldas.edu.co\/portal\/#\/schema\/logo\/image\/"},"sameAs":["https:\/\/www.facebook.com\/udecaldas","https:\/\/x.com\/udecaldas","https:\/\/www.youtube.com\/universidadcaldas","https:\/\/www.instagram.com\/udecaldas\/"]}]}},"_links":{"self":[{"href":"https:\/\/www.ucaldas.edu.co\/portal\/wp-json\/wp\/v2\/pages\/78121","targetHints":{"allow":["GET"]}}],"collection":[{"href":"https:\/\/www.ucaldas.edu.co\/portal\/wp-json\/wp\/v2\/pages"}],"about":[{"href":"https:\/\/www.ucaldas.edu.co\/portal\/wp-json\/wp\/v2\/types\/page"}],"author":[{"embeddable":true,"href":"https:\/\/www.ucaldas.edu.co\/portal\/wp-json\/wp\/v2\/users\/1"}],"replies":[{"embeddable":true,"href":"https:\/\/www.ucaldas.edu.co\/portal\/wp-json\/wp\/v2\/comments?post=78121"}],"version-history":[{"count":5,"href":"https:\/\/www.ucaldas.edu.co\/portal\/wp-json\/wp\/v2\/pages\/78121\/revisions"}],"predecessor-version":[{"id":102978,"href":"https:\/\/www.ucaldas.edu.co\/portal\/wp-json\/wp\/v2\/pages\/78121\/revisions\/102978"}],"up":[{"embeddable":true,"href":"https:\/\/www.ucaldas.edu.co\/portal\/wp-json\/wp\/v2\/pages\/88403"}],"wp:attachment":[{"href":"https:\/\/www.ucaldas.edu.co\/portal\/wp-json\/wp\/v2\/media?parent=78121"}],"curies":[{"name":"wp","href":"https:\/\/api.w.org\/{rel}","templated":true}]}}