{"id":71695,"date":"2022-08-16T20:51:37","date_gmt":"2022-08-16T20:51:37","guid":{"rendered":"https:\/\/www.ucaldas.edu.co\/portal\/?page_id=71695"},"modified":"2024-06-17T16:52:33","modified_gmt":"2024-06-17T21:52:33","slug":"secretaria-general-gestion-documental-manuales-de-admiarchi","status":"publish","type":"page","link":"https:\/\/www.ucaldas.edu.co\/portal\/secretaria-general-gestion-documental-manuales-de-admiarchi\/","title":{"rendered":"Manuales de Admiarchi"},"content":{"rendered":"<div class=\"wpb-content-wrapper\"><p>[vc_row][vc_column][vc_empty_space][vc_custom_heading text=\u00bbGesti\u00f3n Documental\u00bb google_fonts=\u00bbfont_family:Roboto%3A100%2C100italic%2C300%2C300italic%2Cregular%2Citalic%2C500%2C500italic%2C700%2C700italic%2C900%2C900italic|font_style:900%20bold%20regular%3A900%3Anormal\u00bb][vc_custom_heading text=\u00bbManuales de Admiarchi\u00bb font_container=\u00bbtag:h3|text_align:left\u00bb google_fonts=\u00bbfont_family:Roboto%3A100%2C100italic%2C300%2C300italic%2Cregular%2Citalic%2C500%2C500italic%2C700%2C700italic%2C900%2C900italic|font_style:300%20light%20regular%3A300%3Anormal\u00bb][\/vc_column][\/vc_row][vc_row][vc_column][vc_column_text]<a href=\"https:\/\/www.ucaldas.edu.co\/portal\/secretaria-general-gestion-documental\/\" rel=\"noopener\">&lt;&lt; Regresar a Gesti\u00f3n Documental<\/a>[\/vc_column_text][\/vc_column][\/vc_row][vc_row][vc_column][vc_column_text]<span style=\"font-weight: 400;\">Podr\u00e1 ingresar al sistema Admiarchi desde el siguiente <a href=\"https:\/\/admiarchi.ucaldas.edu.co\/\" target=\"_blank\" rel=\"noopener\">enlace<\/a><\/span>[\/vc_column_text][\/vc_column][\/vc_row][vc_row][vc_column][vc_tta_tabs style=\u00bbmodern\u00bb color=\u00bbblue\u00bb active_section=\u00bb1&#8243;][vc_tta_section title=\u00bbGu\u00eda para el usuario Admiarchi\u00bb tab_id=\u00bb1659381276586-080ccd1f-017d\u00bb][vc_row_inner][vc_column_inner][vc_column_text]<\/p>\n<ul>\n<li><a href=\"https:\/\/www.ucaldas.edu.co\/portal\/wp-content\/uploads\/2022\/08\/GUIA-PARA-EL-USUARIO-ADMIARCHI.pdf\" target=\"_blank\" rel=\"noopener\"><span style=\"font-weight: 400;\">Gu\u00eda para el usuario Admiarchi<\/span><\/a><\/li>\n<\/ul>\n<p>[\/vc_column_text][\/vc_column_inner][\/vc_row_inner][\/vc_tta_section][vc_tta_section title=\u00bbGu\u00eda para la atenci\u00f3n de PQRSD\u00bb tab_id=\u00bb1659381276602-99437a93-23a8&#8243;][vc_row_inner][vc_column_inner][vc_column_text]<\/p>\n<ul>\n<li><a href=\"https:\/\/www.ucaldas.edu.co\/portal\/wp-content\/uploads\/2022\/08\/GUIA-PARA-LA-ATENCION-DE-PQRSD_v8057.pdf\" target=\"_blank\" rel=\"noopener\"><span style=\"font-weight: 400;\">Gu\u00eda para la atenci\u00f3n de PQRSD<\/span><\/a><\/li>\n<\/ul>\n<p>[\/vc_column_text][\/vc_column_inner][\/vc_row_inner][\/vc_tta_section][\/vc_tta_tabs][\/vc_column][\/vc_row]<\/p>\n<\/div>","protected":false},"excerpt":{"rendered":"<p>[vc_row][vc_column][vc_empty_space][vc_custom_heading text=\u00bbGesti\u00f3n Documental\u00bb google_fonts=\u00bbfont_family:Roboto%3A100%2C100italic%2C300%2C300italic%2Cregular%2Citalic%2C500%2C500italic%2C700%2C700italic%2C900%2C900italic|font_style:900%20bold%20regular%3A900%3Anormal\u00bb][vc_custom_heading text=\u00bbManuales de Admiarchi\u00bb font_container=\u00bbtag:h3|text_align:left\u00bb google_fonts=\u00bbfont_family:Roboto%3A100%2C100italic%2C300%2C300italic%2Cregular%2Citalic%2C500%2C500italic%2C700%2C700italic%2C900%2C900italic|font_style:300%20light%20regular%3A300%3Anormal\u00bb][\/vc_column][\/vc_row][vc_row][vc_column][vc_column_text]&lt;&lt; Regresar a Gesti\u00f3n Documental[\/vc_column_text][\/vc_column][\/vc_row][vc_row][vc_column][vc_column_text]Podr\u00e1 ingresar al sistema Admiarchi desde el siguiente enlace[\/vc_column_text][\/vc_column][\/vc_row][vc_row][vc_column][vc_tta_tabs style=\u00bbmodern\u00bb color=\u00bbblue\u00bb active_section=\u00bb1&#8243;][vc_tta_section title=\u00bbGu\u00eda para el usuario Admiarchi\u00bb tab_id=\u00bb1659381276586-080ccd1f-017d\u00bb][vc_row_inner][vc_column_inner][vc_column_text] Gu\u00eda para el usuario Admiarchi [\/vc_column_text][\/vc_column_inner][\/vc_row_inner][\/vc_tta_section][vc_tta_section title=\u00bbGu\u00eda para la atenci\u00f3n de PQRSD\u00bb tab_id=\u00bb1659381276602-99437a93-23a8&#8243;][vc_row_inner][vc_column_inner][vc_column_text] Gu\u00eda para la atenci\u00f3n de PQRSD [\/vc_column_text][\/vc_column_inner][\/vc_row_inner][\/vc_tta_section][\/vc_tta_tabs][\/vc_column][\/vc_row]<\/p>\n","protected":false},"author":1,"featured_media":55071,"parent":0,"menu_order":0,"comment_status":"closed","ping_status":"closed","template":"","meta":{"footnotes":""},"class_list":["post-71695","page","type-page","status-publish","has-post-thumbnail","hentry"],"yoast_head":"<!-- This site is optimized with the Yoast SEO plugin v27.3 - https:\/\/yoast.com\/product\/yoast-seo-wordpress\/ -->\n<title>Manuales de Admiarchi<\/title>\n<meta name=\"description\" content=\"En esta secci\u00f3n encontrar\u00e1s toda la informaci\u00f3n sobre el Admiarchi y sus respectivos manuales o instructivos del sistema\" \/>\n<meta name=\"robots\" content=\"index, follow, max-snippet:-1, max-image-preview:large, max-video-preview:-1\" \/>\n<link rel=\"canonical\" href=\"https:\/\/www.ucaldas.edu.co\/portal\/secretaria-general-gestion-documental-manuales-de-admiarchi\/\" \/>\n<script type=\"application\/ld+json\" class=\"yoast-schema-graph\">{\"@context\":\"https:\\\/\\\/schema.org\",\"@graph\":[{\"@type\":\"WebPage\",\"@id\":\"https:\\\/\\\/www.ucaldas.edu.co\\\/portal\\\/secretaria-general-gestion-documental-manuales-de-admiarchi\\\/\",\"url\":\"https:\\\/\\\/www.ucaldas.edu.co\\\/portal\\\/secretaria-general-gestion-documental-manuales-de-admiarchi\\\/\",\"name\":\"Manuales de Admiarchi\",\"isPartOf\":{\"@id\":\"https:\\\/\\\/www.ucaldas.edu.co\\\/portal\\\/#website\"},\"primaryImageOfPage\":{\"@id\":\"https:\\\/\\\/www.ucaldas.edu.co\\\/portal\\\/secretaria-general-gestion-documental-manuales-de-admiarchi\\\/#primaryimage\"},\"image\":{\"@id\":\"https:\\\/\\\/www.ucaldas.edu.co\\\/portal\\\/secretaria-general-gestion-documental-manuales-de-admiarchi\\\/#primaryimage\"},\"thumbnailUrl\":\"https:\\\/\\\/www.ucaldas.edu.co\\\/portal\\\/wp-content\\\/uploads\\\/2020\\\/04\\\/admiarchi-en-l\u00ednea.png\",\"datePublished\":\"2022-08-16T20:51:37+00:00\",\"dateModified\":\"2024-06-17T21:52:33+00:00\",\"description\":\"En esta secci\u00f3n encontrar\u00e1s toda la informaci\u00f3n sobre el Admiarchi y sus respectivos manuales o instructivos del sistema\",\"breadcrumb\":{\"@id\":\"https:\\\/\\\/www.ucaldas.edu.co\\\/portal\\\/secretaria-general-gestion-documental-manuales-de-admiarchi\\\/#breadcrumb\"},\"inLanguage\":\"es\",\"potentialAction\":[{\"@type\":\"ReadAction\",\"target\":[\"https:\\\/\\\/www.ucaldas.edu.co\\\/portal\\\/secretaria-general-gestion-documental-manuales-de-admiarchi\\\/\"]}]},{\"@type\":\"ImageObject\",\"inLanguage\":\"es\",\"@id\":\"https:\\\/\\\/www.ucaldas.edu.co\\\/portal\\\/secretaria-general-gestion-documental-manuales-de-admiarchi\\\/#primaryimage\",\"url\":\"https:\\\/\\\/www.ucaldas.edu.co\\\/portal\\\/wp-content\\\/uploads\\\/2020\\\/04\\\/admiarchi-en-l\u00ednea.png\",\"contentUrl\":\"https:\\\/\\\/www.ucaldas.edu.co\\\/portal\\\/wp-content\\\/uploads\\\/2020\\\/04\\\/admiarchi-en-l\u00ednea.png\",\"width\":1080,\"height\":1080,\"caption\":\"Imagen de Gesti\u00f3n Documental Admiarchi en l\u00ednea\"},{\"@type\":\"BreadcrumbList\",\"@id\":\"https:\\\/\\\/www.ucaldas.edu.co\\\/portal\\\/secretaria-general-gestion-documental-manuales-de-admiarchi\\\/#breadcrumb\",\"itemListElement\":[{\"@type\":\"ListItem\",\"position\":1,\"name\":\"Portada\",\"item\":\"https:\\\/\\\/www.ucaldas.edu.co\\\/portal\\\/\"},{\"@type\":\"ListItem\",\"position\":2,\"name\":\"Manuales de Admiarchi\"}]},{\"@type\":\"WebSite\",\"@id\":\"https:\\\/\\\/www.ucaldas.edu.co\\\/portal\\\/#website\",\"url\":\"https:\\\/\\\/www.ucaldas.edu.co\\\/portal\\\/\",\"name\":\"Universidad de Caldas\",\"description\":\"\",\"publisher\":{\"@id\":\"https:\\\/\\\/www.ucaldas.edu.co\\\/portal\\\/#organization\"},\"alternateName\":\"U. de Caldas\",\"potentialAction\":[{\"@type\":\"SearchAction\",\"target\":{\"@type\":\"EntryPoint\",\"urlTemplate\":\"https:\\\/\\\/www.ucaldas.edu.co\\\/portal\\\/?s={search_term_string}\"},\"query-input\":{\"@type\":\"PropertyValueSpecification\",\"valueRequired\":true,\"valueName\":\"search_term_string\"}}],\"inLanguage\":\"es\"},{\"@type\":\"Organization\",\"@id\":\"https:\\\/\\\/www.ucaldas.edu.co\\\/portal\\\/#organization\",\"name\":\"Universidad de Caldas\",\"alternateName\":\"U. de Caldas\",\"url\":\"https:\\\/\\\/www.ucaldas.edu.co\\\/portal\\\/\",\"logo\":{\"@type\":\"ImageObject\",\"inLanguage\":\"es\",\"@id\":\"https:\\\/\\\/www.ucaldas.edu.co\\\/portal\\\/#\\\/schema\\\/logo\\\/image\\\/\",\"url\":\"https:\\\/\\\/www.ucaldas.edu.co\\\/portal\\\/wp-content\\\/uploads\\\/2023\\\/11\\\/Logo_horizontal_oscuroU-2023.png\",\"contentUrl\":\"https:\\\/\\\/www.ucaldas.edu.co\\\/portal\\\/wp-content\\\/uploads\\\/2023\\\/11\\\/Logo_horizontal_oscuroU-2023.png\",\"width\":263,\"height\":101,\"caption\":\"Universidad de Caldas\"},\"image\":{\"@id\":\"https:\\\/\\\/www.ucaldas.edu.co\\\/portal\\\/#\\\/schema\\\/logo\\\/image\\\/\"},\"sameAs\":[\"https:\\\/\\\/www.facebook.com\\\/udecaldas\",\"https:\\\/\\\/x.com\\\/udecaldas\",\"https:\\\/\\\/www.youtube.com\\\/universidadcaldas\",\"https:\\\/\\\/www.instagram.com\\\/udecaldas\\\/\"]}]}<\/script>\n<!-- \/ Yoast SEO plugin. -->","yoast_head_json":{"title":"Manuales de Admiarchi","description":"En esta secci\u00f3n encontrar\u00e1s toda la informaci\u00f3n sobre el Admiarchi y sus respectivos manuales o instructivos del sistema","robots":{"index":"index","follow":"follow","max-snippet":"max-snippet:-1","max-image-preview":"max-image-preview:large","max-video-preview":"max-video-preview:-1"},"canonical":"https:\/\/www.ucaldas.edu.co\/portal\/secretaria-general-gestion-documental-manuales-de-admiarchi\/","schema":{"@context":"https:\/\/schema.org","@graph":[{"@type":"WebPage","@id":"https:\/\/www.ucaldas.edu.co\/portal\/secretaria-general-gestion-documental-manuales-de-admiarchi\/","url":"https:\/\/www.ucaldas.edu.co\/portal\/secretaria-general-gestion-documental-manuales-de-admiarchi\/","name":"Manuales de Admiarchi","isPartOf":{"@id":"https:\/\/www.ucaldas.edu.co\/portal\/#website"},"primaryImageOfPage":{"@id":"https:\/\/www.ucaldas.edu.co\/portal\/secretaria-general-gestion-documental-manuales-de-admiarchi\/#primaryimage"},"image":{"@id":"https:\/\/www.ucaldas.edu.co\/portal\/secretaria-general-gestion-documental-manuales-de-admiarchi\/#primaryimage"},"thumbnailUrl":"https:\/\/www.ucaldas.edu.co\/portal\/wp-content\/uploads\/2020\/04\/admiarchi-en-l\u00ednea.png","datePublished":"2022-08-16T20:51:37+00:00","dateModified":"2024-06-17T21:52:33+00:00","description":"En esta secci\u00f3n encontrar\u00e1s toda la informaci\u00f3n sobre el Admiarchi y sus respectivos manuales o instructivos del sistema","breadcrumb":{"@id":"https:\/\/www.ucaldas.edu.co\/portal\/secretaria-general-gestion-documental-manuales-de-admiarchi\/#breadcrumb"},"inLanguage":"es","potentialAction":[{"@type":"ReadAction","target":["https:\/\/www.ucaldas.edu.co\/portal\/secretaria-general-gestion-documental-manuales-de-admiarchi\/"]}]},{"@type":"ImageObject","inLanguage":"es","@id":"https:\/\/www.ucaldas.edu.co\/portal\/secretaria-general-gestion-documental-manuales-de-admiarchi\/#primaryimage","url":"https:\/\/www.ucaldas.edu.co\/portal\/wp-content\/uploads\/2020\/04\/admiarchi-en-l\u00ednea.png","contentUrl":"https:\/\/www.ucaldas.edu.co\/portal\/wp-content\/uploads\/2020\/04\/admiarchi-en-l\u00ednea.png","width":1080,"height":1080,"caption":"Imagen de Gesti\u00f3n Documental Admiarchi en l\u00ednea"},{"@type":"BreadcrumbList","@id":"https:\/\/www.ucaldas.edu.co\/portal\/secretaria-general-gestion-documental-manuales-de-admiarchi\/#breadcrumb","itemListElement":[{"@type":"ListItem","position":1,"name":"Portada","item":"https:\/\/www.ucaldas.edu.co\/portal\/"},{"@type":"ListItem","position":2,"name":"Manuales de Admiarchi"}]},{"@type":"WebSite","@id":"https:\/\/www.ucaldas.edu.co\/portal\/#website","url":"https:\/\/www.ucaldas.edu.co\/portal\/","name":"Universidad de Caldas","description":"","publisher":{"@id":"https:\/\/www.ucaldas.edu.co\/portal\/#organization"},"alternateName":"U. de Caldas","potentialAction":[{"@type":"SearchAction","target":{"@type":"EntryPoint","urlTemplate":"https:\/\/www.ucaldas.edu.co\/portal\/?s={search_term_string}"},"query-input":{"@type":"PropertyValueSpecification","valueRequired":true,"valueName":"search_term_string"}}],"inLanguage":"es"},{"@type":"Organization","@id":"https:\/\/www.ucaldas.edu.co\/portal\/#organization","name":"Universidad de Caldas","alternateName":"U. de Caldas","url":"https:\/\/www.ucaldas.edu.co\/portal\/","logo":{"@type":"ImageObject","inLanguage":"es","@id":"https:\/\/www.ucaldas.edu.co\/portal\/#\/schema\/logo\/image\/","url":"https:\/\/www.ucaldas.edu.co\/portal\/wp-content\/uploads\/2023\/11\/Logo_horizontal_oscuroU-2023.png","contentUrl":"https:\/\/www.ucaldas.edu.co\/portal\/wp-content\/uploads\/2023\/11\/Logo_horizontal_oscuroU-2023.png","width":263,"height":101,"caption":"Universidad de Caldas"},"image":{"@id":"https:\/\/www.ucaldas.edu.co\/portal\/#\/schema\/logo\/image\/"},"sameAs":["https:\/\/www.facebook.com\/udecaldas","https:\/\/x.com\/udecaldas","https:\/\/www.youtube.com\/universidadcaldas","https:\/\/www.instagram.com\/udecaldas\/"]}]}},"_links":{"self":[{"href":"https:\/\/www.ucaldas.edu.co\/portal\/wp-json\/wp\/v2\/pages\/71695","targetHints":{"allow":["GET"]}}],"collection":[{"href":"https:\/\/www.ucaldas.edu.co\/portal\/wp-json\/wp\/v2\/pages"}],"about":[{"href":"https:\/\/www.ucaldas.edu.co\/portal\/wp-json\/wp\/v2\/types\/page"}],"author":[{"embeddable":true,"href":"https:\/\/www.ucaldas.edu.co\/portal\/wp-json\/wp\/v2\/users\/1"}],"replies":[{"embeddable":true,"href":"https:\/\/www.ucaldas.edu.co\/portal\/wp-json\/wp\/v2\/comments?post=71695"}],"version-history":[{"count":0,"href":"https:\/\/www.ucaldas.edu.co\/portal\/wp-json\/wp\/v2\/pages\/71695\/revisions"}],"wp:featuredmedia":[{"embeddable":true,"href":"https:\/\/www.ucaldas.edu.co\/portal\/wp-json\/wp\/v2\/media\/55071"}],"wp:attachment":[{"href":"https:\/\/www.ucaldas.edu.co\/portal\/wp-json\/wp\/v2\/media?parent=71695"}],"curies":[{"name":"wp","href":"https:\/\/api.w.org\/{rel}","templated":true}]}}