{"id":71451,"date":"2022-08-09T15:10:56","date_gmt":"2022-08-09T15:10:56","guid":{"rendered":"https:\/\/www.ucaldas.edu.co\/portal\/?page_id=71451"},"modified":"2025-11-20T09:48:25","modified_gmt":"2025-11-20T14:48:25","slug":"secretaria-general-gestion-documental-instrumentos-archivisticos","status":"publish","type":"page","link":"https:\/\/www.ucaldas.edu.co\/portal\/secretaria-general-gestion-documental-instrumentos-archivisticos\/","title":{"rendered":"Secretar\u00eda General, Gesti\u00f3n documental, Instrumentos Archiv\u00edsticos, Universidad de Caldas"},"content":{"rendered":"<div class=\"wpb-content-wrapper\"><p>[vc_row][vc_column][vc_custom_heading text=\u00bbGesti\u00f3n documental\u00bb google_fonts=\u00bbfont_family:Roboto%3A100%2C100italic%2C300%2C300italic%2Cregular%2Citalic%2C500%2C500italic%2C700%2C700italic%2C900%2C900italic|font_style:900%20bold%20regular%3A900%3Anormal\u00bb][vc_custom_heading text=\u00bbInstrumentos Archiv\u00edsticos\u00bb font_container=\u00bbtag:h3|text_align:left\u00bb google_fonts=\u00bbfont_family:Roboto%3A100%2C100italic%2C300%2C300italic%2Cregular%2Citalic%2C500%2C500italic%2C700%2C700italic%2C900%2C900italic|font_style:300%20light%20regular%3A300%3Anormal\u00bb][\/vc_column][\/vc_row][vc_row][vc_column][vc_column_text]<a href=\"https:\/\/www.ucaldas.edu.co\/portal\/secretaria-general-gestion-documental\/\" rel=\"noopener\">&lt;&lt; Regresar a Gesti\u00f3n Documental<\/a>[\/vc_column_text][\/vc_column][\/vc_row][vc_row][vc_column][vc_column_text]<a href=\"https:\/\/www.ucaldas.edu.co\/portal\/wp-content\/uploads\/2022\/03\/RESOLUCION-0217-ADOPCION-INSTRUMENTOS-ARCHIVISTICOS-PDG-PINAR-SIC-Marzo-2022.pdf\" target=\"_blank\" rel=\"noopener\">La Resoluci\u00f3n No. 0217 de 2022 de Rector\u00eda adopt\u00f3 formalmente los instrumentos archiv\u00edsticos para la Universidad de Caldas y dicta las disposiciones para su uso, actualizaci\u00f3n y publicaci\u00f3n.<\/a><\/p>\n<p>[\/vc_column_text][\/vc_column][\/vc_row][vc_row][vc_column][vc_tta_tabs style=\u00bbmodern\u00bb color=\u00bbblue\u00bb active_section=\u00bb1&#8243;][vc_tta_section title=\u00bbDiagn\u00f3stico Integral de Archivo\u00bb tab_id=\u00bb1718651798550-4d63ffff-e1ac\u00bb][vc_column_text css=\u00bb\u00bb]El Diagn\u00f3stico Integral de Archivos permite a las entidades p\u00fablicas identificar sus fortalezas, oportunidades, debilidades<br \/>\ny amenazas en torno al cumplimiento normativo archiv\u00edstico y el grado de desarrollo de los procesos de la gesti\u00f3n documental.<\/p>\n<ul>\n<li style=\"list-style-type: none;\">\n<ul>\n<li><a href=\"https:\/\/www.ucaldas.edu.co\/portal\/wp-content\/uploads\/2025\/09\/DIAGNOSTICO-INTEGRAL-DE-ARCHIVO-2025.pdf\" target=\"_blank\" rel=\"noopener\">Diagn\u00f3stico integral del archivo 2025<\/a><\/li>\n<li><a href=\"https:\/\/www.ucaldas.edu.co\/portal\/wp-content\/uploads\/2024\/06\/DIAGNOSTICO-ARCHIVO-U-DE-CALDAS-2024.pdf\" target=\"_blank\" rel=\"noopener\">Diagn\u00f3stico integral del archivo 2024<\/a><\/li>\n<li><a href=\"https:\/\/www.ucaldas.edu.co\/portal\/wp-content\/uploads\/2022\/03\/DIAGNOSTICO-ARCHIVO-U-DE-CALDAS-Marzo-2022.pdf\" target=\"_blank\" rel=\"noopener\">Diagn\u00f3stico integral del archivo 2022 &#8211; 2023<\/a><\/li>\n<\/ul>\n<\/li>\n<\/ul>\n<p>[\/vc_column_text][vc_empty_space][\/vc_tta_section][vc_tta_section title=\u00bbPrograma de Gesti\u00f3n Documental (PGD)\u00bb tab_id=\u00bb1659381276586-080ccd1f-017d\u00bb][vc_row_inner][vc_column_inner][vc_column_text css=\u00bb\u00bb]<span style=\"font-weight: 400;\">El Programa de Gesti\u00f3n Documental \u2013 PGD, es el Conjunto de actividades administrativas y t\u00e9cnicas, tendientes a la planificaci\u00f3n, manejo y organizaci\u00f3n de la documentaci\u00f3n producida y recibida.\u00a0<\/span><\/p>\n<ul>\n<li><a href=\"https:\/\/www.ucaldas.edu.co\/portal\/wp-content\/uploads\/2025\/09\/PROGRAMA-DE-GESTION-DOCUMENTAL-2025.pdf\" target=\"_blank\" rel=\"noopener\">Programa de Gesti\u00f3n Documental PGD &#8211; Versi\u00f3n 1. 2025<\/a><\/li>\n<li><a href=\"https:\/\/www.ucaldas.edu.co\/portal\/wp-content\/uploads\/2024\/06\/PROGRAMA-DE-GESTION-DOCUMENTAL-VERSION-2.pdf\" target=\"_blank\" rel=\"noopener\"><span style=\"font-weight: 400;\">Programa de Gesti\u00f3n Documental PGD &#8211; Versi\u00f3n 2. 2024<\/span><\/a>\n<ul>\n<li><a href=\"https:\/\/www.ucaldas.edu.co\/portal\/wp-content\/uploads\/2025\/03\/SEGUIMIENTO-PGD-2024.pdf\" target=\"_blank\" rel=\"noopener\">Seguimiento PGD<\/a><\/li>\n<\/ul>\n<\/li>\n<li><a href=\"https:\/\/www.ucaldas.edu.co\/portal\/wp-content\/uploads\/2022\/03\/PGD-U-de-C-V2-Marzo-2022.pdf\" target=\"_blank\" rel=\"noopener\"><span style=\"font-weight: 400;\">Programa de Gesti\u00f3n Documental PGD &#8211; Versi\u00f3n 1. 2023<\/span><\/a>\n<ul>\n<li><a href=\"https:\/\/www.ucaldas.edu.co\/portal\/wp-content\/uploads\/2024\/06\/SEGUIMIENTO-PGD-2023.pdf\" target=\"_blank\" rel=\"noopener\">Seguimiento PGD<\/a><\/li>\n<\/ul>\n<\/li>\n<\/ul>\n<p>[\/vc_column_text][\/vc_column_inner][\/vc_row_inner][\/vc_tta_section][vc_tta_section title=\u00bbPlan Institucional de Archivos (PINAR)\u00bb tab_id=\u00bb1659381276602-99437a93-23a8&#8243;][vc_row_inner][vc_column_inner][vc_column_text css=\u00bb\u00bb]<span style=\"font-weight: 400;\">Es un instrumento para la planeaci\u00f3n de la funci\u00f3n archiv\u00edstica, en el cual se articula con los dem\u00e1s planes y proyectos estrat\u00e9gicos previstos por la Entidad.<\/span><\/p>\n<ul>\n<li><a href=\"https:\/\/www.ucaldas.edu.co\/portal\/wp-content\/uploads\/2025\/09\/PINAR-ACTUALIZADO-U-DE-CALDAS-2025.pdf\" target=\"_blank\" rel=\"noopener\">Plan Institucional de Archivos. PINAR &#8211; 2025.<\/a><\/li>\n<li><a href=\"https:\/\/www.ucaldas.edu.co\/portal\/wp-content\/uploads\/2024\/06\/PINAR-U-DE-CALDAS-V2-2024.pdf\" target=\"_blank\" rel=\"noopener\"><span style=\"font-weight: 400;\">Plan Institucional de Archivos. PINAR &#8211; 2024.<\/span><\/a>\n<ul>\n<li><a href=\"https:\/\/www.ucaldas.edu.co\/portal\/wp-content\/uploads\/2025\/03\/SEGUIMIENTO-PINAR-VIGENCIA-2024.xlsx\">Seguimiento PINAR 2024<\/a><\/li>\n<\/ul>\n<\/li>\n<li><a href=\"https:\/\/www.ucaldas.edu.co\/portal\/wp-content\/uploads\/2022\/03\/PINAR-U-de-Caldas-V1-Marzo-2022.pdf\" target=\"_blank\" rel=\"noopener\"><span style=\"font-weight: 400;\">Plan Institucional de Archivos. PINAR &#8211; 2023<\/span>.<\/a>\n<ul>\n<li><a href=\"https:\/\/www.ucaldas.edu.co\/portal\/wp-content\/uploads\/2024\/06\/SEGUIMIENTO-PINAR-2023.xlsx\">Seguimiento PINAR 2023<\/a><\/li>\n<\/ul>\n<\/li>\n<\/ul>\n<p>[\/vc_column_text][\/vc_column_inner][\/vc_row_inner][\/vc_tta_section][vc_tta_section title=\u00bbSistema Integrado de Conservaci\u00f3n (SIC)\u00bb tab_id=\u00bb1659381301933-d93f927e-3668&#8243;][vc_row_inner][vc_column_inner][vc_column_text css=\u00bb\u00bb]<span style=\"font-weight: 400;\">Conforme lo establecido el t\u00edtulo XI, art\u00edculo 46 de la Ley General de Archivos, el Sistema Integrado de Conservaci\u00f3n es un documento que recoge los planes, programas, estrategias, procesos y procedimientos de conservaci\u00f3n documental, tendiente a asegurar el adecuado mantenimiento de cualquier tipo de informaci\u00f3n, independiente del medio o tecnolog\u00eda con la cual se haya elaborado.<\/span><\/p>\n<ul>\n<li style=\"list-style-type: none;\">\n<ul>\n<li><a href=\"https:\/\/www.ucaldas.edu.co\/portal\/wp-content\/uploads\/2025\/09\/SIC-U-de-Caldas-2025.pdf\" target=\"_blank\" rel=\"noopener\">Sistema Integrado de Conservaci\u00f3n SIC &#8211; 2025<\/a>\n<ul>\n<li><a href=\"https:\/\/www.ucaldas.edu.co\/portal\/wp-content\/uploads\/2025\/09\/PROTOCOLO_DE_PREVENCION-2025.pdf\" target=\"_blank\" rel=\"noopener\">Protocolo de prevenci\u00f3n, saneamiento y limpieza<\/a><\/li>\n<\/ul>\n<\/li>\n<li><a href=\"https:\/\/www.ucaldas.edu.co\/portal\/wp-content\/uploads\/2024\/06\/SIC-U-de-Caldas-V2.pdf\" target=\"_blank\" rel=\"noopener\">Sistema Integrado de Conservaci\u00f3n SIC &#8211; 2024<\/a>\n<ul>\n<li><a href=\"https:\/\/www.ucaldas.edu.co\/portal\/wp-content\/uploads\/2025\/09\/SEGUIMINETO-SIC-2024.xlsx\">Seguimiento SIC<\/a><\/li>\n<\/ul>\n<\/li>\n<li><a href=\"https:\/\/www.ucaldas.edu.co\/portal\/wp-content\/uploads\/2022\/03\/SIC-U-de-Caldas-V2-Marzo-2022.pdf\" target=\"_blank\" rel=\"noopener\"><span style=\"font-weight: 400;\">Sistema Integrado de Conservaci\u00f3n SIC &#8211; 2022<\/span><\/a>\n<ul>\n<li><a href=\"https:\/\/www.ucaldas.edu.co\/portal\/wp-content\/uploads\/2024\/06\/SEGUIMIENTO-SIC-VIGENCIA-2022-2023.xlsx\">Seguimiento SIC<\/a><\/li>\n<\/ul>\n<\/li>\n<\/ul>\n<\/li>\n<\/ul>\n<p>[\/vc_column_text][\/vc_column_inner][\/vc_row_inner][\/vc_tta_section][vc_tta_section title=\u00bbTablas de Retenci\u00f3n Documental (TRD)\u00bb tab_id=\u00bb1660058636600-3e34fac3-7a67&#8243;][vc_row_inner][vc_column_inner][vc_column_text]<span style=\"font-weight: 400;\">Se define como el listado de series, con sus correspondientes tipos documentales, a las cuales se asigna el tiempo de permanencia en cada etapa del ciclo vital de los documentos, es decir se considera como el Instrumento que permite establecer cu\u00e1les son los documentos de una entidad<\/span><span style=\"font-weight: 400;\">.<\/span><\/p>\n<ul>\n<li><a href=\"https:\/\/www.ucaldas.edu.co\/portal\/wp-content\/uploads\/2022\/09\/RESOLUCION-ADOPCION-INSTRUMENTO-TRD-0357.-Adopcion-TRD-U-de-Caldas.-Sept-2022.pdf\" target=\"_blank\" rel=\"noopener\"><span style=\"font-weight: 400;\">Resoluci\u00f3n Adopci\u00f3n Instrumento<\/span><\/a><\/li>\n<li><a href=\"https:\/\/www.ucaldas.edu.co\/portal\/wp-content\/uploads\/2022\/09\/CERTIFICADO-CONVALIDACION-TRD-U-CALDAS-Sept-2022.pdf\" target=\"_blank\" rel=\"noopener\">Certificado de Convalidaci\u00f3n TRD<\/a><\/li>\n<li><a href=\"https:\/\/www.ucaldas.edu.co\/portal\/wp-content\/uploads\/2022\/09\/CERTIFICADO-RUSD-TABLAS-DE-RETENCION-DOCUMENTAL-UNIVERSIDAD-DE-CALDAS-Sept-2022.pdf\" target=\"_blank\" rel=\"noopener\">Certificado Rusd Tablas de Retenci\u00f3n Documental (TRD)<\/a><\/li>\n<li><a href=\"https:\/\/www.ucaldas.edu.co\/portal\/wp-content\/uploads\/2021\/05\/Tablas-de-retencion-documental-universidad-de-caldas-2021-v2.pdf\" target=\"_blank\" rel=\"noopener\"><span style=\"font-weight: 400;\">Instrumento TRD<\/span><\/a><\/li>\n<li><a href=\"https:\/\/www.ucaldas.edu.co\/portal\/wp-content\/uploads\/2022\/03\/cuadro_clasificacion-Marrzo-2022.pdf\" target=\"_blank\" rel=\"noopener\"><span style=\"font-weight: 400;\">Cuadros de Clasificaci\u00f3n (TRD)<\/span><\/a><\/li>\n<\/ul>\n<p>[\/vc_column_text][\/vc_column_inner][\/vc_row_inner][\/vc_tta_section][vc_tta_section title=\u00bbTablas de Valoraci\u00f3n Documental (TVD)\u00bb tab_id=\u00bb1660062975032-ccb5c610-abe1&#8243;][vc_row_inner][vc_column_inner][vc_column_text css=\u00bb\u00bb]<span style=\"font-weight: 400;\">Listado de asuntos o series documentales a los cuales se asigna el tiempo de permanencia, as\u00ed como su disposici\u00f3n final. Se elaboran para intervenir los fondos acumulados de las entidades. AGN (Acuerdo 002 de 2004).<\/span><\/p>\n<ul>\n<li><a href=\"https:\/\/www.ucaldas.edu.co\/portal\/wp-content\/uploads\/2022\/07\/RES0847TABLASVALORACION-Julio-2022.pdf\" target=\"_blank\" rel=\"noopener\" data-fontsize=\"16\">Resoluci\u00f3n Nro. 0847, \u00abPor medio del cual se adopta las tablas de valoraci\u00f3n documental- (TVD), en la Universidad de Caldas y se dictan otras disposiciones\u00bb<\/a><\/li>\n<li><a href=\"https:\/\/www.ucaldas.edu.co\/portal\/wp-content\/uploads\/2022\/07\/1.CERTIFICADO-DE-CONVALIDACION-TVD-UNIVERSIDAD-DE-CALDAS.pdf\" target=\"_blank\" rel=\"noopener\" data-fontsize=\"16\">Certificado de convalidaci\u00f3n TVD Universidad de Caldas<\/a><\/li>\n<li><a href=\"https:\/\/www.ucaldas.edu.co\/portal\/wp-content\/uploads\/2022\/07\/1.2-CERTIFICADO_RUSD_TVD_UNIVERSIDAD-CALDAS.pdf\" target=\"_blank\" rel=\"noopener\" data-fontsize=\"16\">Certificado RUSD TVD Universidad de Caldas<\/a><\/li>\n<li><a href=\"https:\/\/www.ucaldas.edu.co\/portal\/wp-content\/uploads\/2022\/07\/1.3-METODOLOGIA-DE-ELABORACION-DE-TVD-U-DE-CALDAS-MEMORIA-DESCRIPTIVA.pdf\" target=\"_blank\" rel=\"noopener\" data-fontsize=\"16\">Metodolog\u00eda de elaboraci\u00f3n TVD, Universidad de Caldas, memoria descriptiva<\/a><\/li>\n<li><a href=\"https:\/\/www.ucaldas.edu.co\/portal\/wp-content\/uploads\/2022\/07\/1.4-HISTORIA-INSTITUCIONAL-UNIVERSIDAD-DE-CALDAS.pdf\" target=\"_blank\" rel=\"noopener\" data-fontsize=\"16\">Historia institucional Universidad de Caldas<\/a><\/li>\n<li>Fuentes primarias estructura organizacional<\/li>\n<li><a href=\"https:\/\/www.ucaldas.edu.co\/portal\/wp-content\/uploads\/2022\/07\/2.-CUADRO-CLASIFICACION-Y-TVD-PERIODO-1943-1955.pdf\" target=\"_blank\" rel=\"noopener\" data-fontsize=\"16\">Cuadro de clasificaci\u00f3n y TVD periodo: 1943 \u2013 1955<\/a><\/li>\n<li><a href=\"https:\/\/www.ucaldas.edu.co\/portal\/wp-content\/uploads\/2022\/07\/2.1CUADRO-CLASIFICACION-Y-TVD-PERIODO-1956-1966.pdf\" target=\"_blank\" rel=\"noopener\" data-fontsize=\"16\">Cuadro de clasificaci\u00f3n y TVD periodo: 1956 \u2013 1966<\/a><\/li>\n<li><a href=\"https:\/\/www.ucaldas.edu.co\/portal\/wp-content\/uploads\/2022\/07\/2.2-CUADRO-CLASIFICACION-Y-TVD-PERIODO-1967-1977.pdf\" target=\"_blank\" rel=\"noopener\" data-fontsize=\"16\">Cuadro de clasificaci\u00f3n y TVD periodo: 1967 \u2013 1977<\/a><\/li>\n<li><a href=\"https:\/\/www.ucaldas.edu.co\/portal\/wp-content\/uploads\/2022\/07\/2.3-CUADRO-CLASIFICACION-Y-TVD-PERIODO-1978-1980.pdf\" target=\"_blank\" rel=\"noopener\" data-fontsize=\"16\">Cuadro de clasificaci\u00f3n y TVD periodo: 1978 \u2013 1980<\/a><\/li>\n<li><a href=\"https:\/\/www.ucaldas.edu.co\/portal\/wp-content\/uploads\/2022\/07\/2.4-CUADRO-CLASIFICACION-Y-TVD-PERIODO-6-1981-1983.pdf\" target=\"_blank\" rel=\"noopener\" data-fontsize=\"16\">Cuadro de clasificaci\u00f3n y TVD periodo: 1981 \u2013 1983<\/a><\/li>\n<li><a href=\"https:\/\/www.ucaldas.edu.co\/portal\/wp-content\/uploads\/2022\/07\/2.5-CUADRO-CLASIFICACION-Y-TVD-PERIODO-7-1984-1994.pdf\" target=\"_blank\" rel=\"noopener\" data-fontsize=\"16\">Cuadro de clasificaci\u00f3n y TVD periodo: 1984 \u2013 1994<\/a><\/li>\n<\/ul>\n<p><strong>Inventarios Central e Hist\u00f3rico<\/strong><\/p>\n<ul>\n<li style=\"list-style-type: none;\">\n<ul>\n<li><a href=\"https:\/\/www.ucaldas.edu.co\/portal\/wp-content\/uploads\/2022\/03\/FUID_CENTRAL-Marzo-2022.pdf\" target=\"_blank\" rel=\"noopener\">Formato \u00fanico de inventario documental archivo central (FUID)<\/a><\/li>\n<li><a href=\"https:\/\/www.ucaldas.edu.co\/portal\/wp-content\/uploads\/2022\/03\/FUID_HISTORICO-Marzo-2022.pdf\" target=\"_blank\" rel=\"noopener\">Formato \u00fanico de inventario documental archivo hist\u00f3rico (FUID)<\/a><\/li>\n<\/ul>\n<\/li>\n<\/ul>\n<p><strong>Transferencias Documentales<\/strong><\/p>\n<ul>\n<li><a href=\"https:\/\/www.ucaldas.edu.co\/portal\/wp-content\/uploads\/2025\/11\/CRONOGRAMA-DE-TRANSFERENCIAS-DOCUMENTALES-2025.pdf\" target=\"_blank\" rel=\"noopener\">Cronograma de transferencias documentales 2025<\/a><\/li>\n<li><a href=\"https:\/\/www.ucaldas.edu.co\/portal\/wp-content\/uploads\/2024\/09\/GUIA-TRANSFERENCIAS-ELECTRONICAS-2024.pdf\" target=\"_blank\" rel=\"noopener\">Gu\u00eda para proceso de transferencias documentales mediante el sistema Admiarchi Web<\/a><\/li>\n<li><a href=\"https:\/\/www.ucaldas.edu.co\/portal\/wp-content\/uploads\/2024\/09\/CRONOGRAMA-TRANSFERENCIAS-DOCUMENTALES-2024.pdf\" target=\"_blank\" rel=\"noopener\">Cronograma de transferencias documentales 2024<\/a><\/li>\n<li><a href=\"https:\/\/www.ucaldas.edu.co\/portal\/wp-content\/uploads\/2023\/08\/2023-II-00006327-CIRCULAR-TRANSFERENCIAS-PRIMARIAS-agosto-2023.pdf\" target=\"_blank\" rel=\"noopener\">Cronograma de transferencias documentales 2023<\/a><\/li>\n<li><a href=\"https:\/\/www.ucaldas.edu.co\/portal\/wp-content\/uploads\/2024\/07\/Transferencias-Primarias-2022.pdf\" target=\"_blank\" rel=\"noopener\">Cronograma de transferencias documentales\u00a02022<\/a><\/li>\n<li><a href=\"https:\/\/www.ucaldas.edu.co\/portal\/wp-content\/uploads\/2024\/07\/TRANSFERENCIAS-DOCUMENTALES-2021.pdf\" target=\"_blank\" rel=\"noopener\">Cronograma de transferencias documentales 2021<\/a><\/li>\n<li><a href=\"https:\/\/www.ucaldas.edu.co\/portal\/wp-content\/uploads\/2024\/07\/CIRCULAR-TRANSFERENCIAS-2020.pdf\" target=\"_blank\" rel=\"noopener\">Cronograma de transferencias documentales\u00a02020<\/a><\/li>\n<\/ul>\n<p>[\/vc_column_text][\/vc_column_inner][\/vc_row_inner][\/vc_tta_section][\/vc_tta_tabs][\/vc_column][\/vc_row]<\/p>\n<\/div>","protected":false},"excerpt":{"rendered":"<p>[vc_row][vc_column][vc_custom_heading text=\u00bbGesti\u00f3n documental\u00bb google_fonts=\u00bbfont_family:Roboto%3A100%2C100italic%2C300%2C300italic%2Cregular%2Citalic%2C500%2C500italic%2C700%2C700italic%2C900%2C900italic|font_style:900%20bold%20regular%3A900%3Anormal\u00bb][vc_custom_heading text=\u00bbInstrumentos Archiv\u00edsticos\u00bb font_container=\u00bbtag:h3|text_align:left\u00bb google_fonts=\u00bbfont_family:Roboto%3A100%2C100italic%2C300%2C300italic%2Cregular%2Citalic%2C500%2C500italic%2C700%2C700italic%2C900%2C900italic|font_style:300%20light%20regular%3A300%3Anormal\u00bb][\/vc_column][\/vc_row][vc_row][vc_column][vc_column_text]&lt;&lt; Regresar a Gesti\u00f3n Documental[\/vc_column_text][\/vc_column][\/vc_row][vc_row][vc_column][vc_column_text]La Resoluci\u00f3n No. 0217 de 2022 de Rector\u00eda adopt\u00f3 formalmente los instrumentos archiv\u00edsticos para la Universidad de Caldas y dicta las disposiciones para su uso, actualizaci\u00f3n y publicaci\u00f3n. [\/vc_column_text][\/vc_column][\/vc_row][vc_row][vc_column][vc_tta_tabs style=\u00bbmodern\u00bb color=\u00bbblue\u00bb active_section=\u00bb1&#8243;][vc_tta_section title=\u00bbDiagn\u00f3stico Integral de Archivo\u00bb tab_id=\u00bb1718651798550-4d63ffff-e1ac\u00bb][vc_column_text css=\u00bb\u00bb]El Diagn\u00f3stico Integral de Archivos permite a [&hellip;]<\/p>\n","protected":false},"author":1,"featured_media":0,"parent":0,"menu_order":0,"comment_status":"closed","ping_status":"closed","template":"","meta":{"footnotes":""},"class_list":["post-71451","page","type-page","status-publish","hentry"],"yoast_head":"<!-- This site is optimized with the Yoast SEO plugin v27.3 - https:\/\/yoast.com\/product\/yoast-seo-wordpress\/ -->\n<title>Secretar\u00eda General, Gesti\u00f3n documental, Instrumentos Archiv\u00edsticos, Universidad de Caldas .<\/title>\n<meta name=\"description\" content=\"Secretar\u00eda General, Gesti\u00f3n documental, Instrumentos Archiv\u00edsticos, Universidad de Caldas\" \/>\n<meta name=\"robots\" content=\"index, follow, max-snippet:-1, max-image-preview:large, max-video-preview:-1\" \/>\n<link rel=\"canonical\" href=\"https:\/\/www.ucaldas.edu.co\/portal\/secretaria-general-gestion-documental-instrumentos-archivisticos\/\" \/>\n<script type=\"application\/ld+json\" class=\"yoast-schema-graph\">{\"@context\":\"https:\\\/\\\/schema.org\",\"@graph\":[{\"@type\":\"WebPage\",\"@id\":\"https:\\\/\\\/www.ucaldas.edu.co\\\/portal\\\/secretaria-general-gestion-documental-instrumentos-archivisticos\\\/\",\"url\":\"https:\\\/\\\/www.ucaldas.edu.co\\\/portal\\\/secretaria-general-gestion-documental-instrumentos-archivisticos\\\/\",\"name\":\"Secretar\u00eda General, Gesti\u00f3n documental, Instrumentos Archiv\u00edsticos, Universidad de Caldas .\",\"isPartOf\":{\"@id\":\"https:\\\/\\\/www.ucaldas.edu.co\\\/portal\\\/#website\"},\"datePublished\":\"2022-08-09T15:10:56+00:00\",\"dateModified\":\"2025-11-20T14:48:25+00:00\",\"description\":\"Secretar\u00eda General, Gesti\u00f3n documental, Instrumentos Archiv\u00edsticos, Universidad de Caldas\",\"breadcrumb\":{\"@id\":\"https:\\\/\\\/www.ucaldas.edu.co\\\/portal\\\/secretaria-general-gestion-documental-instrumentos-archivisticos\\\/#breadcrumb\"},\"inLanguage\":\"es\",\"potentialAction\":[{\"@type\":\"ReadAction\",\"target\":[\"https:\\\/\\\/www.ucaldas.edu.co\\\/portal\\\/secretaria-general-gestion-documental-instrumentos-archivisticos\\\/\"]}]},{\"@type\":\"BreadcrumbList\",\"@id\":\"https:\\\/\\\/www.ucaldas.edu.co\\\/portal\\\/secretaria-general-gestion-documental-instrumentos-archivisticos\\\/#breadcrumb\",\"itemListElement\":[{\"@type\":\"ListItem\",\"position\":1,\"name\":\"Portada\",\"item\":\"https:\\\/\\\/www.ucaldas.edu.co\\\/portal\\\/\"},{\"@type\":\"ListItem\",\"position\":2,\"name\":\"Secretar\u00eda General, Gesti\u00f3n documental, Instrumentos Archiv\u00edsticos, Universidad de Caldas\"}]},{\"@type\":\"WebSite\",\"@id\":\"https:\\\/\\\/www.ucaldas.edu.co\\\/portal\\\/#website\",\"url\":\"https:\\\/\\\/www.ucaldas.edu.co\\\/portal\\\/\",\"name\":\"Universidad de Caldas\",\"description\":\"\",\"publisher\":{\"@id\":\"https:\\\/\\\/www.ucaldas.edu.co\\\/portal\\\/#organization\"},\"alternateName\":\"U. de Caldas\",\"potentialAction\":[{\"@type\":\"SearchAction\",\"target\":{\"@type\":\"EntryPoint\",\"urlTemplate\":\"https:\\\/\\\/www.ucaldas.edu.co\\\/portal\\\/?s={search_term_string}\"},\"query-input\":{\"@type\":\"PropertyValueSpecification\",\"valueRequired\":true,\"valueName\":\"search_term_string\"}}],\"inLanguage\":\"es\"},{\"@type\":\"Organization\",\"@id\":\"https:\\\/\\\/www.ucaldas.edu.co\\\/portal\\\/#organization\",\"name\":\"Universidad de Caldas\",\"alternateName\":\"U. de Caldas\",\"url\":\"https:\\\/\\\/www.ucaldas.edu.co\\\/portal\\\/\",\"logo\":{\"@type\":\"ImageObject\",\"inLanguage\":\"es\",\"@id\":\"https:\\\/\\\/www.ucaldas.edu.co\\\/portal\\\/#\\\/schema\\\/logo\\\/image\\\/\",\"url\":\"https:\\\/\\\/www.ucaldas.edu.co\\\/portal\\\/wp-content\\\/uploads\\\/2023\\\/11\\\/Logo_horizontal_oscuroU-2023.png\",\"contentUrl\":\"https:\\\/\\\/www.ucaldas.edu.co\\\/portal\\\/wp-content\\\/uploads\\\/2023\\\/11\\\/Logo_horizontal_oscuroU-2023.png\",\"width\":263,\"height\":101,\"caption\":\"Universidad de Caldas\"},\"image\":{\"@id\":\"https:\\\/\\\/www.ucaldas.edu.co\\\/portal\\\/#\\\/schema\\\/logo\\\/image\\\/\"},\"sameAs\":[\"https:\\\/\\\/www.facebook.com\\\/udecaldas\",\"https:\\\/\\\/x.com\\\/udecaldas\",\"https:\\\/\\\/www.youtube.com\\\/universidadcaldas\",\"https:\\\/\\\/www.instagram.com\\\/udecaldas\\\/\"]}]}<\/script>\n<!-- \/ Yoast SEO plugin. -->","yoast_head_json":{"title":"Secretar\u00eda General, Gesti\u00f3n documental, Instrumentos Archiv\u00edsticos, Universidad de Caldas .","description":"Secretar\u00eda General, Gesti\u00f3n documental, Instrumentos Archiv\u00edsticos, Universidad de Caldas","robots":{"index":"index","follow":"follow","max-snippet":"max-snippet:-1","max-image-preview":"max-image-preview:large","max-video-preview":"max-video-preview:-1"},"canonical":"https:\/\/www.ucaldas.edu.co\/portal\/secretaria-general-gestion-documental-instrumentos-archivisticos\/","schema":{"@context":"https:\/\/schema.org","@graph":[{"@type":"WebPage","@id":"https:\/\/www.ucaldas.edu.co\/portal\/secretaria-general-gestion-documental-instrumentos-archivisticos\/","url":"https:\/\/www.ucaldas.edu.co\/portal\/secretaria-general-gestion-documental-instrumentos-archivisticos\/","name":"Secretar\u00eda General, Gesti\u00f3n documental, Instrumentos Archiv\u00edsticos, Universidad de Caldas .","isPartOf":{"@id":"https:\/\/www.ucaldas.edu.co\/portal\/#website"},"datePublished":"2022-08-09T15:10:56+00:00","dateModified":"2025-11-20T14:48:25+00:00","description":"Secretar\u00eda General, Gesti\u00f3n documental, Instrumentos Archiv\u00edsticos, Universidad de Caldas","breadcrumb":{"@id":"https:\/\/www.ucaldas.edu.co\/portal\/secretaria-general-gestion-documental-instrumentos-archivisticos\/#breadcrumb"},"inLanguage":"es","potentialAction":[{"@type":"ReadAction","target":["https:\/\/www.ucaldas.edu.co\/portal\/secretaria-general-gestion-documental-instrumentos-archivisticos\/"]}]},{"@type":"BreadcrumbList","@id":"https:\/\/www.ucaldas.edu.co\/portal\/secretaria-general-gestion-documental-instrumentos-archivisticos\/#breadcrumb","itemListElement":[{"@type":"ListItem","position":1,"name":"Portada","item":"https:\/\/www.ucaldas.edu.co\/portal\/"},{"@type":"ListItem","position":2,"name":"Secretar\u00eda General, Gesti\u00f3n documental, Instrumentos Archiv\u00edsticos, Universidad de Caldas"}]},{"@type":"WebSite","@id":"https:\/\/www.ucaldas.edu.co\/portal\/#website","url":"https:\/\/www.ucaldas.edu.co\/portal\/","name":"Universidad de Caldas","description":"","publisher":{"@id":"https:\/\/www.ucaldas.edu.co\/portal\/#organization"},"alternateName":"U. de Caldas","potentialAction":[{"@type":"SearchAction","target":{"@type":"EntryPoint","urlTemplate":"https:\/\/www.ucaldas.edu.co\/portal\/?s={search_term_string}"},"query-input":{"@type":"PropertyValueSpecification","valueRequired":true,"valueName":"search_term_string"}}],"inLanguage":"es"},{"@type":"Organization","@id":"https:\/\/www.ucaldas.edu.co\/portal\/#organization","name":"Universidad de Caldas","alternateName":"U. de Caldas","url":"https:\/\/www.ucaldas.edu.co\/portal\/","logo":{"@type":"ImageObject","inLanguage":"es","@id":"https:\/\/www.ucaldas.edu.co\/portal\/#\/schema\/logo\/image\/","url":"https:\/\/www.ucaldas.edu.co\/portal\/wp-content\/uploads\/2023\/11\/Logo_horizontal_oscuroU-2023.png","contentUrl":"https:\/\/www.ucaldas.edu.co\/portal\/wp-content\/uploads\/2023\/11\/Logo_horizontal_oscuroU-2023.png","width":263,"height":101,"caption":"Universidad de Caldas"},"image":{"@id":"https:\/\/www.ucaldas.edu.co\/portal\/#\/schema\/logo\/image\/"},"sameAs":["https:\/\/www.facebook.com\/udecaldas","https:\/\/x.com\/udecaldas","https:\/\/www.youtube.com\/universidadcaldas","https:\/\/www.instagram.com\/udecaldas\/"]}]}},"_links":{"self":[{"href":"https:\/\/www.ucaldas.edu.co\/portal\/wp-json\/wp\/v2\/pages\/71451","targetHints":{"allow":["GET"]}}],"collection":[{"href":"https:\/\/www.ucaldas.edu.co\/portal\/wp-json\/wp\/v2\/pages"}],"about":[{"href":"https:\/\/www.ucaldas.edu.co\/portal\/wp-json\/wp\/v2\/types\/page"}],"author":[{"embeddable":true,"href":"https:\/\/www.ucaldas.edu.co\/portal\/wp-json\/wp\/v2\/users\/1"}],"replies":[{"embeddable":true,"href":"https:\/\/www.ucaldas.edu.co\/portal\/wp-json\/wp\/v2\/comments?post=71451"}],"version-history":[{"count":1,"href":"https:\/\/www.ucaldas.edu.co\/portal\/wp-json\/wp\/v2\/pages\/71451\/revisions"}],"predecessor-version":[{"id":99629,"href":"https:\/\/www.ucaldas.edu.co\/portal\/wp-json\/wp\/v2\/pages\/71451\/revisions\/99629"}],"wp:attachment":[{"href":"https:\/\/www.ucaldas.edu.co\/portal\/wp-json\/wp\/v2\/media?parent=71451"}],"curies":[{"name":"wp","href":"https:\/\/api.w.org\/{rel}","templated":true}]}}