{"id":71447,"date":"2022-08-08T14:25:53","date_gmt":"2022-08-08T14:25:53","guid":{"rendered":"https:\/\/www.ucaldas.edu.co\/portal\/?page_id=71447"},"modified":"2024-06-17T16:40:37","modified_gmt":"2024-06-17T21:40:37","slug":"secretaria-general-gestion-documental","status":"publish","type":"page","link":"https:\/\/www.ucaldas.edu.co\/portal\/secretaria-general-gestion-documental\/","title":{"rendered":"Secretar\u00eda General &#8211; Gesti\u00f3n Documental"},"content":{"rendered":"<div class=\"wpb-content-wrapper\"><p>[vc_row full_width=\u00bbstretch_row_content_no_spaces\u00bb el_class=\u00bbportada-bienestar-universitario\u00bb][vc_column][vc_single_image image=\u00bb74032&#8243; img_size=\u00bbfull\u00bb][vc_custom_heading text=\u00bbGesti\u00f3n Documental\u00bb font_container=\u00bbtag:h1|text_align:center|color:%23ffffff\u00bb google_fonts=\u00bbfont_family:Roboto%3A100%2C100italic%2C300%2C300italic%2Cregular%2Citalic%2C500%2C500italic%2C700%2C700italic%2C900%2C900italic|font_style:900%20bold%20regular%3A900%3Anormal\u00bb el_class=\u00bbtitulo-bienestar-universitario\u00bb][\/vc_column][\/vc_row][vc_row][vc_column][vc_column_text]<a href=\"https:\/\/www.ucaldas.edu.co\/portal\/secretaria-general\/\">&lt;&lt; Regresar a Secretar\u00eda general<\/a>[\/vc_column_text][\/vc_column][\/vc_row][vc_row][vc_column][vc_column_text]<span style=\"font-weight: 400;\">El activo m\u00e1s valioso para una instituci\u00f3n es su patrimonio documental, por eso en la Universidad de Caldas nos comprometemos con una gesti\u00f3n documental normalizada, ajustada y eficiente.<\/span>[\/vc_column_text][\/vc_column][\/vc_row][vc_row disable_element=\u00bbyes\u00bb css=\u00bb.vc_custom_1670249779705{padding-top: 5px !important;padding-right: 5px !important;padding-bottom: 5px !important;padding-left: 5px !important;}\u00bb][vc_column width=\u00bb1\/3&#8243;][stm_single_image img_alignment=\u00bbcenter\u00bb img_responsive_enable=\u00bbtrue\u00bb img_id=\u00bb71784&#8243;][stm_btn_simple btn_style=\u00bbflat\u00bb btn_color=\u00bbblue\u00bb btn_size=\u00bbsize-custom\u00bb btn_icon_hspace=\u00bb5px\u00bb btn_alignment=\u00bbcenter\u00bb btn_link=\u00bburl:https%3A%2F%2Fwww.ucaldas.edu.co%2Fportal%2Fsecretaria-general-gestion-documental-instrumentos-archivisticos%2F|title:Instrumentos%20archiv%C3%ADsticos|target:%20_blank|\u00bb btn_link_text=\u00bbInstrumentos archiv\u00edsticos \u00bb btn_custom_width=\u00bb100%\u00bb btn_custom_text_size=\u00bb15px\u00bb btn_custom_height=\u00bb42px\u00bb][stm_single_image img_alignment=\u00bbcenter\u00bb img_responsive_enable=\u00bbtrue\u00bb img_id=\u00bb71784&#8243; css=\u00bb.vc_custom_1660834074429{margin-top: 5px !important;}\u00bb][stm_btn_simple btn_style=\u00bbflat\u00bb btn_color=\u00bbblue\u00bb btn_size=\u00bbsize-custom\u00bb btn_icon_hspace=\u00bb5px\u00bb btn_alignment=\u00bbcenter\u00bb btn_link=\u00bburl:https%3A%2F%2Fwww.ucaldas.edu.co%2Fportal%2Fsecretaria-general-gestion-documental-manuales-de-admiarchi%2F|title:Manuales%20admiarchi||\u00bb btn_link_text=\u00bbManuales admiarchi\u00bb btn_custom_width=\u00bb100%\u00bb btn_custom_text_size=\u00bb15px\u00bb btn_custom_height=\u00bb42px\u00bb][\/vc_column][vc_column width=\u00bb1\/3&#8243;][stm_single_image img_alignment=\u00bbcenter\u00bb img_responsive_enable=\u00bbtrue\u00bb img_id=\u00bb71784&#8243;][stm_btn_simple btn_style=\u00bbflat\u00bb btn_color=\u00bbblue\u00bb btn_size=\u00bbsize-custom\u00bb btn_icon_hspace=\u00bb5px\u00bb btn_alignment=\u00bbcenter\u00bb btn_link=\u00bburl:https%3A%2F%2Fwww.ucaldas.edu.co%2Fportal%2Fsecretaria-general-gestion-documental-comite-de-archivo%2F|title:Comit%C3%A9%20de%20archivo||\u00bb btn_link_text=\u00bbComit\u00e9 Interno de Archivo\u00bb btn_custom_width=\u00bb100%\u00bb btn_custom_text_size=\u00bb15px\u00bb btn_custom_height=\u00bb42px\u00bb][stm_single_image img_alignment=\u00bbcenter\u00bb img_responsive_enable=\u00bbtrue\u00bb img_id=\u00bb71784&#8243; css=\u00bb.vc_custom_1660834081718{margin-top: 5px !important;}\u00bb][stm_btn_simple btn_style=\u00bbflat\u00bb btn_color=\u00bbblue\u00bb btn_size=\u00bbsize-custom\u00bb btn_icon_hspace=\u00bb5px\u00bb btn_alignment=\u00bbcenter\u00bb btn_link=\u00bburl:https%3A%2F%2Fwww.ucaldas.edu.co%2Fportal%2Fsecretaria-general-gestion-documental-atencion-al-ciudadano%2F|title:Atenci%C3%B3n%20al%20ciudadano||\u00bb btn_link_text=\u00bbAtenci\u00f3n al ciudadano\u00bb btn_custom_width=\u00bb100%\u00bb btn_custom_text_size=\u00bb15px\u00bb btn_custom_height=\u00bb42px\u00bb][\/vc_column][vc_column width=\u00bb1\/3&#8243;][stm_single_image img_alignment=\u00bbcenter\u00bb img_responsive_enable=\u00bbtrue\u00bb img_id=\u00bb71784&#8243;][stm_btn_simple btn_style=\u00bbflat\u00bb btn_color=\u00bbblue\u00bb btn_size=\u00bbsize-custom\u00bb btn_icon_hspace=\u00bb5px\u00bb btn_alignment=\u00bbcenter\u00bb btn_link=\u00bburl:https%3A%2F%2Fwww.ucaldas.edu.co%2Fportal%2Fsecretaria-general-gestion-documental-comunicados-circulares-y-constancias%2F|title:Comunicados%2C%20circulares%20y%20constancias||\u00bb btn_link_text=\u00bbComunicados, circulares y constancias\u00bb btn_custom_width=\u00bb100%\u00bb btn_custom_text_size=\u00bb14px\u00bb btn_custom_height=\u00bb42px\u00bb][\/vc_column][\/vc_row][vc_row disable_element=\u00bbyes\u00bb css=\u00bb.vc_custom_1670614068029{padding-top: 5px !important;padding-right: 5px !important;padding-bottom: 5px !important;padding-left: 5px !important;}\u00bb][vc_column width=\u00bb1\/3&#8243;][stm_single_image img_alignment=\u00bbcenter\u00bb img_responsive_enable=\u00bbtrue\u00bb img_id=\u00bb74037&#8243;][stm_btn_simple btn_style=\u00bbflat\u00bb btn_color=\u00bbblue\u00bb btn_size=\u00bbsize-custom\u00bb btn_icon_hspace=\u00bb5px\u00bb btn_alignment=\u00bbcenter\u00bb btn_link=\u00bburl:https%3A%2F%2Fwww.ucaldas.edu.co%2Fportal%2Fsecretaria-general-gestion-documental-instrumentos-archivisticos%2F|title:Instrumentos%20archiv%C3%ADsticos|target:%20_blank|\u00bb btn_link_text=\u00bbInstrumentos archiv\u00edsticos \u00bb btn_custom_width=\u00bb100%\u00bb btn_custom_text_size=\u00bb15px\u00bb btn_custom_height=\u00bb42px\u00bb][\/vc_column][vc_column width=\u00bb1\/3&#8243;][stm_single_image img_alignment=\u00bbcenter\u00bb img_responsive_enable=\u00bbtrue\u00bb img_id=\u00bb74035&#8243;][stm_btn_simple btn_style=\u00bbflat\u00bb btn_color=\u00bbblue\u00bb btn_size=\u00bbsize-custom\u00bb btn_icon_hspace=\u00bb5px\u00bb btn_alignment=\u00bbcenter\u00bb btn_link=\u00bburl:https%3A%2F%2Fwww.ucaldas.edu.co%2Fportal%2Fsecretaria-general-gestion-documental-comite-de-archivo%2F|title:Comit%C3%A9%20de%20archivo||\u00bb btn_link_text=\u00bbComit\u00e9 Interno de Archivo\u00bb btn_custom_width=\u00bb100%\u00bb btn_custom_text_size=\u00bb15px\u00bb btn_custom_height=\u00bb42px\u00bb][\/vc_column][vc_column width=\u00bb1\/3&#8243;][stm_single_image img_alignment=\u00bbcenter\u00bb img_responsive_enable=\u00bbtrue\u00bb img_id=\u00bb74036&#8243;][stm_btn_simple btn_style=\u00bbflat\u00bb btn_color=\u00bbblue\u00bb btn_size=\u00bbsize-custom\u00bb btn_icon_hspace=\u00bb5px\u00bb btn_alignment=\u00bbcenter\u00bb btn_link=\u00bburl:https%3A%2F%2Fwww.ucaldas.edu.co%2Fportal%2Fsecretaria-general-gestion-documental-comunicados-circulares-y-constancias%2F|title:Comunicados%2C%20circulares%20y%20constancias||\u00bb btn_link_text=\u00bbComunicados, circulares y constancias\u00bb btn_custom_width=\u00bb100%\u00bb btn_custom_text_size=\u00bb14px\u00bb btn_custom_height=\u00bb42px\u00bb][\/vc_column][\/vc_row][vc_row css=\u00bb.vc_custom_1647606484836{padding: 5px !important;}\u00bb][vc_column width=\u00bb1\/4&#8243;][stm_single_image img_alignment=\u00bbcenter\u00bb img_responsive_enable=\u00bbtrue\u00bb img_id=\u00bb74037&#8243;][stm_btn_simple btn_style=\u00bbflat\u00bb btn_color=\u00bbblue\u00bb btn_size=\u00bbsize-custom\u00bb btn_icon_hspace=\u00bb5px\u00bb btn_alignment=\u00bbcenter\u00bb btn_link=\u00bburl:https%3A%2F%2Fwww.ucaldas.edu.co%2Fportal%2Fsecretaria-general-gestion-documental-instrumentos-archivisticos%2F|title:Instrumentos%20archiv%C3%ADsticos|target:%20_blank|\u00bb btn_link_text=\u00bbInstrumentos archiv\u00edsticos \u00bb btn_custom_width=\u00bb100%\u00bb btn_custom_text_size=\u00bb15px\u00bb btn_custom_height=\u00bb42px\u00bb][\/vc_column][vc_column width=\u00bb1\/4&#8243;][stm_single_image img_alignment=\u00bbcenter\u00bb img_responsive_enable=\u00bbtrue\u00bb img_id=\u00bb74035&#8243;][stm_btn_simple btn_style=\u00bbflat\u00bb btn_color=\u00bbblue\u00bb btn_size=\u00bbsize-custom\u00bb btn_icon_hspace=\u00bb5px\u00bb btn_alignment=\u00bbcenter\u00bb btn_link=\u00bburl:https%3A%2F%2Fwww.ucaldas.edu.co%2Fportal%2Fsecretaria-general-gestion-documental-comite-de-archivo%2F|title:Comit%C3%A9%20de%20archivo||\u00bb btn_link_text=\u00bbComit\u00e9 Interno de Archivo\u00bb btn_custom_width=\u00bb100%\u00bb btn_custom_text_size=\u00bb15px\u00bb btn_custom_height=\u00bb42px\u00bb][\/vc_column][vc_column width=\u00bb1\/4&#8243;][stm_single_image img_alignment=\u00bbcenter\u00bb img_responsive_enable=\u00bbtrue\u00bb img_id=\u00bb74038&#8243;][stm_btn_simple btn_style=\u00bbflat\u00bb btn_color=\u00bbblue\u00bb btn_size=\u00bbsize-custom\u00bb btn_icon_hspace=\u00bb5px\u00bb btn_alignment=\u00bbcenter\u00bb btn_link=\u00bburl:https%3A%2F%2Fwww.ucaldas.edu.co%2Fportal%2Fsecretaria-general-gestion-documental-manuales-de-admiarchi%2F|title:Manuales%20admiarchi||\u00bb btn_link_text=\u00bbManuales admiarchi\u00bb btn_custom_width=\u00bb100%\u00bb btn_custom_text_size=\u00bb15px\u00bb btn_custom_height=\u00bb42px\u00bb][\/vc_column][vc_column width=\u00bb1\/4&#8243;][stm_single_image img_alignment=\u00bbcenter\u00bb img_responsive_enable=\u00bbtrue\u00bb img_id=\u00bb74034&#8243;][stm_btn_simple btn_style=\u00bbflat\u00bb btn_color=\u00bbblue\u00bb btn_size=\u00bbsize-custom\u00bb btn_icon_hspace=\u00bb5px\u00bb btn_alignment=\u00bbcenter\u00bb btn_link=\u00bburl:https%3A%2F%2Fwww.ucaldas.edu.co%2Fportal%2Fsecretaria-general-gestion-documental-atencion-al-ciudadano%2F|title:Atenci%C3%B3n%20al%20ciudadano||\u00bb btn_link_text=\u00bbAtenci\u00f3n al ciudadano\u00bb btn_custom_width=\u00bb100%\u00bb btn_custom_text_size=\u00bb15px\u00bb btn_custom_height=\u00bb42px\u00bb][\/vc_column][\/vc_row]<\/p>\n<\/div>","protected":false},"excerpt":{"rendered":"<p>[vc_row full_width=\u00bbstretch_row_content_no_spaces\u00bb el_class=\u00bbportada-bienestar-universitario\u00bb][vc_column][vc_single_image image=\u00bb74032&#8243; img_size=\u00bbfull\u00bb][vc_custom_heading text=\u00bbGesti\u00f3n Documental\u00bb font_container=\u00bbtag:h1|text_align:center|color:%23ffffff\u00bb google_fonts=\u00bbfont_family:Roboto%3A100%2C100italic%2C300%2C300italic%2Cregular%2Citalic%2C500%2C500italic%2C700%2C700italic%2C900%2C900italic|font_style:900%20bold%20regular%3A900%3Anormal\u00bb el_class=\u00bbtitulo-bienestar-universitario\u00bb][\/vc_column][\/vc_row][vc_row][vc_column][vc_column_text]&lt;&lt; Regresar a Secretar\u00eda general[\/vc_column_text][\/vc_column][\/vc_row][vc_row][vc_column][vc_column_text]El activo m\u00e1s valioso para una instituci\u00f3n es su patrimonio documental, por eso en la Universidad de Caldas nos comprometemos con una gesti\u00f3n documental normalizada, ajustada y eficiente.[\/vc_column_text][\/vc_column][\/vc_row][vc_row disable_element=\u00bbyes\u00bb css=\u00bb.vc_custom_1670249779705{padding-top: 5px !important;padding-right: 5px !important;padding-bottom: 5px !important;padding-left: 5px !important;}\u00bb][vc_column width=\u00bb1\/3&#8243;][stm_single_image img_alignment=\u00bbcenter\u00bb img_responsive_enable=\u00bbtrue\u00bb img_id=\u00bb71784&#8243;][stm_btn_simple [&hellip;]<\/p>\n","protected":false},"author":1,"featured_media":74032,"parent":0,"menu_order":0,"comment_status":"closed","ping_status":"closed","template":"","meta":{"footnotes":""},"class_list":["post-71447","page","type-page","status-publish","has-post-thumbnail","hentry"],"yoast_head":"<!-- This site is optimized with the Yoast SEO plugin v27.3 - https:\/\/yoast.com\/product\/yoast-seo-wordpress\/ -->\n<title>Secretar\u00eda General - Gesti\u00f3n Documental<\/title>\n<meta name=\"description\" content=\"El activo m\u00e1s valioso para una instituci\u00f3n es su patrimonio documental, por eso nos comprometemos con una excelente gesti\u00f3n documental\" \/>\n<meta name=\"robots\" content=\"index, follow, max-snippet:-1, max-image-preview:large, max-video-preview:-1\" \/>\n<link rel=\"canonical\" href=\"https:\/\/www.ucaldas.edu.co\/portal\/secretaria-general-gestion-documental\/\" \/>\n<script type=\"application\/ld+json\" class=\"yoast-schema-graph\">{\"@context\":\"https:\\\/\\\/schema.org\",\"@graph\":[{\"@type\":\"WebPage\",\"@id\":\"https:\\\/\\\/www.ucaldas.edu.co\\\/portal\\\/secretaria-general-gestion-documental\\\/\",\"url\":\"https:\\\/\\\/www.ucaldas.edu.co\\\/portal\\\/secretaria-general-gestion-documental\\\/\",\"name\":\"Secretar\u00eda General - Gesti\u00f3n Documental\",\"isPartOf\":{\"@id\":\"https:\\\/\\\/www.ucaldas.edu.co\\\/portal\\\/#website\"},\"primaryImageOfPage\":{\"@id\":\"https:\\\/\\\/www.ucaldas.edu.co\\\/portal\\\/secretaria-general-gestion-documental\\\/#primaryimage\"},\"image\":{\"@id\":\"https:\\\/\\\/www.ucaldas.edu.co\\\/portal\\\/secretaria-general-gestion-documental\\\/#primaryimage\"},\"thumbnailUrl\":\"https:\\\/\\\/www.ucaldas.edu.co\\\/portal\\\/wp-content\\\/uploads\\\/2022\\\/12\\\/banner-de-gestion-documental.png\",\"datePublished\":\"2022-08-08T14:25:53+00:00\",\"dateModified\":\"2024-06-17T21:40:37+00:00\",\"description\":\"El activo m\u00e1s valioso para una instituci\u00f3n es su patrimonio documental, por eso nos comprometemos con una excelente gesti\u00f3n documental\",\"breadcrumb\":{\"@id\":\"https:\\\/\\\/www.ucaldas.edu.co\\\/portal\\\/secretaria-general-gestion-documental\\\/#breadcrumb\"},\"inLanguage\":\"es\",\"potentialAction\":[{\"@type\":\"ReadAction\",\"target\":[\"https:\\\/\\\/www.ucaldas.edu.co\\\/portal\\\/secretaria-general-gestion-documental\\\/\"]}]},{\"@type\":\"ImageObject\",\"inLanguage\":\"es\",\"@id\":\"https:\\\/\\\/www.ucaldas.edu.co\\\/portal\\\/secretaria-general-gestion-documental\\\/#primaryimage\",\"url\":\"https:\\\/\\\/www.ucaldas.edu.co\\\/portal\\\/wp-content\\\/uploads\\\/2022\\\/12\\\/banner-de-gestion-documental.png\",\"contentUrl\":\"https:\\\/\\\/www.ucaldas.edu.co\\\/portal\\\/wp-content\\\/uploads\\\/2022\\\/12\\\/banner-de-gestion-documental.png\",\"width\":1900,\"height\":500,\"caption\":\"Personas de la oficina de gesti\u00f3n documental con un filtro azul\"},{\"@type\":\"BreadcrumbList\",\"@id\":\"https:\\\/\\\/www.ucaldas.edu.co\\\/portal\\\/secretaria-general-gestion-documental\\\/#breadcrumb\",\"itemListElement\":[{\"@type\":\"ListItem\",\"position\":1,\"name\":\"Portada\",\"item\":\"https:\\\/\\\/www.ucaldas.edu.co\\\/portal\\\/\"},{\"@type\":\"ListItem\",\"position\":2,\"name\":\"Secretar\u00eda General &#8211; Gesti\u00f3n Documental\"}]},{\"@type\":\"WebSite\",\"@id\":\"https:\\\/\\\/www.ucaldas.edu.co\\\/portal\\\/#website\",\"url\":\"https:\\\/\\\/www.ucaldas.edu.co\\\/portal\\\/\",\"name\":\"Universidad de Caldas\",\"description\":\"\",\"publisher\":{\"@id\":\"https:\\\/\\\/www.ucaldas.edu.co\\\/portal\\\/#organization\"},\"alternateName\":\"U. de Caldas\",\"potentialAction\":[{\"@type\":\"SearchAction\",\"target\":{\"@type\":\"EntryPoint\",\"urlTemplate\":\"https:\\\/\\\/www.ucaldas.edu.co\\\/portal\\\/?s={search_term_string}\"},\"query-input\":{\"@type\":\"PropertyValueSpecification\",\"valueRequired\":true,\"valueName\":\"search_term_string\"}}],\"inLanguage\":\"es\"},{\"@type\":\"Organization\",\"@id\":\"https:\\\/\\\/www.ucaldas.edu.co\\\/portal\\\/#organization\",\"name\":\"Universidad de Caldas\",\"alternateName\":\"U. de Caldas\",\"url\":\"https:\\\/\\\/www.ucaldas.edu.co\\\/portal\\\/\",\"logo\":{\"@type\":\"ImageObject\",\"inLanguage\":\"es\",\"@id\":\"https:\\\/\\\/www.ucaldas.edu.co\\\/portal\\\/#\\\/schema\\\/logo\\\/image\\\/\",\"url\":\"https:\\\/\\\/www.ucaldas.edu.co\\\/portal\\\/wp-content\\\/uploads\\\/2023\\\/11\\\/Logo_horizontal_oscuroU-2023.png\",\"contentUrl\":\"https:\\\/\\\/www.ucaldas.edu.co\\\/portal\\\/wp-content\\\/uploads\\\/2023\\\/11\\\/Logo_horizontal_oscuroU-2023.png\",\"width\":263,\"height\":101,\"caption\":\"Universidad de Caldas\"},\"image\":{\"@id\":\"https:\\\/\\\/www.ucaldas.edu.co\\\/portal\\\/#\\\/schema\\\/logo\\\/image\\\/\"},\"sameAs\":[\"https:\\\/\\\/www.facebook.com\\\/udecaldas\",\"https:\\\/\\\/x.com\\\/udecaldas\",\"https:\\\/\\\/www.youtube.com\\\/universidadcaldas\",\"https:\\\/\\\/www.instagram.com\\\/udecaldas\\\/\"]}]}<\/script>\n<!-- \/ Yoast SEO plugin. -->","yoast_head_json":{"title":"Secretar\u00eda General - Gesti\u00f3n Documental","description":"El activo m\u00e1s valioso para una instituci\u00f3n es su patrimonio documental, por eso nos comprometemos con una excelente gesti\u00f3n documental","robots":{"index":"index","follow":"follow","max-snippet":"max-snippet:-1","max-image-preview":"max-image-preview:large","max-video-preview":"max-video-preview:-1"},"canonical":"https:\/\/www.ucaldas.edu.co\/portal\/secretaria-general-gestion-documental\/","schema":{"@context":"https:\/\/schema.org","@graph":[{"@type":"WebPage","@id":"https:\/\/www.ucaldas.edu.co\/portal\/secretaria-general-gestion-documental\/","url":"https:\/\/www.ucaldas.edu.co\/portal\/secretaria-general-gestion-documental\/","name":"Secretar\u00eda General - Gesti\u00f3n Documental","isPartOf":{"@id":"https:\/\/www.ucaldas.edu.co\/portal\/#website"},"primaryImageOfPage":{"@id":"https:\/\/www.ucaldas.edu.co\/portal\/secretaria-general-gestion-documental\/#primaryimage"},"image":{"@id":"https:\/\/www.ucaldas.edu.co\/portal\/secretaria-general-gestion-documental\/#primaryimage"},"thumbnailUrl":"https:\/\/www.ucaldas.edu.co\/portal\/wp-content\/uploads\/2022\/12\/banner-de-gestion-documental.png","datePublished":"2022-08-08T14:25:53+00:00","dateModified":"2024-06-17T21:40:37+00:00","description":"El activo m\u00e1s valioso para una instituci\u00f3n es su patrimonio documental, por eso nos comprometemos con una excelente gesti\u00f3n documental","breadcrumb":{"@id":"https:\/\/www.ucaldas.edu.co\/portal\/secretaria-general-gestion-documental\/#breadcrumb"},"inLanguage":"es","potentialAction":[{"@type":"ReadAction","target":["https:\/\/www.ucaldas.edu.co\/portal\/secretaria-general-gestion-documental\/"]}]},{"@type":"ImageObject","inLanguage":"es","@id":"https:\/\/www.ucaldas.edu.co\/portal\/secretaria-general-gestion-documental\/#primaryimage","url":"https:\/\/www.ucaldas.edu.co\/portal\/wp-content\/uploads\/2022\/12\/banner-de-gestion-documental.png","contentUrl":"https:\/\/www.ucaldas.edu.co\/portal\/wp-content\/uploads\/2022\/12\/banner-de-gestion-documental.png","width":1900,"height":500,"caption":"Personas de la oficina de gesti\u00f3n documental con un filtro azul"},{"@type":"BreadcrumbList","@id":"https:\/\/www.ucaldas.edu.co\/portal\/secretaria-general-gestion-documental\/#breadcrumb","itemListElement":[{"@type":"ListItem","position":1,"name":"Portada","item":"https:\/\/www.ucaldas.edu.co\/portal\/"},{"@type":"ListItem","position":2,"name":"Secretar\u00eda General &#8211; Gesti\u00f3n Documental"}]},{"@type":"WebSite","@id":"https:\/\/www.ucaldas.edu.co\/portal\/#website","url":"https:\/\/www.ucaldas.edu.co\/portal\/","name":"Universidad de Caldas","description":"","publisher":{"@id":"https:\/\/www.ucaldas.edu.co\/portal\/#organization"},"alternateName":"U. de Caldas","potentialAction":[{"@type":"SearchAction","target":{"@type":"EntryPoint","urlTemplate":"https:\/\/www.ucaldas.edu.co\/portal\/?s={search_term_string}"},"query-input":{"@type":"PropertyValueSpecification","valueRequired":true,"valueName":"search_term_string"}}],"inLanguage":"es"},{"@type":"Organization","@id":"https:\/\/www.ucaldas.edu.co\/portal\/#organization","name":"Universidad de Caldas","alternateName":"U. de Caldas","url":"https:\/\/www.ucaldas.edu.co\/portal\/","logo":{"@type":"ImageObject","inLanguage":"es","@id":"https:\/\/www.ucaldas.edu.co\/portal\/#\/schema\/logo\/image\/","url":"https:\/\/www.ucaldas.edu.co\/portal\/wp-content\/uploads\/2023\/11\/Logo_horizontal_oscuroU-2023.png","contentUrl":"https:\/\/www.ucaldas.edu.co\/portal\/wp-content\/uploads\/2023\/11\/Logo_horizontal_oscuroU-2023.png","width":263,"height":101,"caption":"Universidad de Caldas"},"image":{"@id":"https:\/\/www.ucaldas.edu.co\/portal\/#\/schema\/logo\/image\/"},"sameAs":["https:\/\/www.facebook.com\/udecaldas","https:\/\/x.com\/udecaldas","https:\/\/www.youtube.com\/universidadcaldas","https:\/\/www.instagram.com\/udecaldas\/"]}]}},"_links":{"self":[{"href":"https:\/\/www.ucaldas.edu.co\/portal\/wp-json\/wp\/v2\/pages\/71447","targetHints":{"allow":["GET"]}}],"collection":[{"href":"https:\/\/www.ucaldas.edu.co\/portal\/wp-json\/wp\/v2\/pages"}],"about":[{"href":"https:\/\/www.ucaldas.edu.co\/portal\/wp-json\/wp\/v2\/types\/page"}],"author":[{"embeddable":true,"href":"https:\/\/www.ucaldas.edu.co\/portal\/wp-json\/wp\/v2\/users\/1"}],"replies":[{"embeddable":true,"href":"https:\/\/www.ucaldas.edu.co\/portal\/wp-json\/wp\/v2\/comments?post=71447"}],"version-history":[{"count":0,"href":"https:\/\/www.ucaldas.edu.co\/portal\/wp-json\/wp\/v2\/pages\/71447\/revisions"}],"wp:featuredmedia":[{"embeddable":true,"href":"https:\/\/www.ucaldas.edu.co\/portal\/wp-json\/wp\/v2\/media\/74032"}],"wp:attachment":[{"href":"https:\/\/www.ucaldas.edu.co\/portal\/wp-json\/wp\/v2\/media?parent=71447"}],"curies":[{"name":"wp","href":"https:\/\/api.w.org\/{rel}","templated":true}]}}