{"id":71378,"date":"2022-08-04T22:12:00","date_gmt":"2022-08-04T22:12:00","guid":{"rendered":"https:\/\/www.ucaldas.edu.co\/portal\/?page_id=71378"},"modified":"2026-05-06T09:18:03","modified_gmt":"2026-05-06T14:18:03","slug":"contratacion","status":"publish","type":"page","link":"https:\/\/www.ucaldas.edu.co\/portal\/secretaria-general\/contratacion\/","title":{"rendered":"Contrataci\u00f3n y Convenios"},"content":{"rendered":"<div class=\"wpb-content-wrapper\"><p>[vc_row][vc_column][vc_column_text css=\u00bb\u00bb]<\/p>\n<p style=\"font-weight: 400;\"><strong>Alcance<br \/>\n<\/strong>El proceso contractual en la Universidad de Caldas, regido principalmente por el derecho privado y sus principios rectores, abarca desde la etapa de planeaci\u00f3n hasta la liquidaci\u00f3n incluyendo:<\/p>\n<ul style=\"font-weight: 400;\">\n<li><strong>Etapa Precontractual:<\/strong>\u00a0Planeaci\u00f3n t\u00e9cnica y financiera articulada al Plan Anual de Adquisiciones (PAA), realizaci\u00f3n de estudios de mercado, tr\u00e1mite de Disponibilidad Presupuestal (CDP)\u00a0y selecci\u00f3n del contratista bajo criterios de idoneidad, experiencia y precio.<\/li>\n<li><strong>Etapa Contractual:<\/strong>\u00a0Perfeccionamiento mediante la suscripci\u00f3n de la minuta, registro presupuestal (RP), aprobaci\u00f3n de garant\u00edas y suscripci\u00f3n de acta de inicio.<\/li>\n<li><strong>Etapa Postcontractual:<\/strong>\u00a0Supervisi\u00f3n o interventor\u00eda de la ejecuci\u00f3n, liquidaci\u00f3n (cuando sea procedente seg\u00fan la naturaleza del objeto), evaluaci\u00f3n de proveedores y cierre del expediente administrativo y electr\u00f3nico en SECOP II.<\/li>\n<\/ul>\n<p>[\/vc_column_text][vc_column_text css=\u00bb\u00bb]<\/p>\n<p style=\"font-weight: 400;\"><strong>Objetivo<br \/>\n<\/strong>Garantizar la gesti\u00f3n integral, transparente y eficiente de los procesos de adquisici\u00f3n de bienes, obras y servicios necesarios para el cumplimiento misional de las dependencias acad\u00e9mico-administrativas de la Universidad de Caldas. Asimismo, el Grupo tiene como prop\u00f3sito estructurar, promover y formalizar convenios y contratos interadministrativos, de asociaci\u00f3n o internacionales, que fortalezcan las alianzas estrat\u00e9gicas con entidades p\u00fablicas y privadas en el marco del desarrollo de proyectos de docencia, investigaci\u00f3n y extensi\u00f3n.<\/p>\n<p>[\/vc_column_text][\/vc_column][\/vc_row][vc_row][vc_column][vc_tta_accordion active_section=\u00bb0&#8243; collapsible_all=\u00bbtrue\u00bb][vc_tta_section title=\u00bbFunciones principales\u00bb tab_id=\u00bb1778076516421-23f5435e-8091&#8243;][vc_row_inner][vc_column_inner][vc_column_text css=\u00bb\u00bb]<\/p>\n<ul style=\"font-weight: 400;\">\n<li><strong>Gesti\u00f3n Normativa:<\/strong>\u00a0Ejecutar los procesos contractuales bajo el r\u00e9gimen especial de la Universidad y el derecho privado, observando los principios de igualdad, moralidad, eficacia y publicidad, as\u00ed como\u00a0\u00a0proyectar, actualizar y someter a aprobaci\u00f3n las modificaciones del Estatuto de Contrataci\u00f3n, el Manual de Contrataci\u00f3n y dem\u00e1s actos administrativos de car\u00e1cter normativo que regulan la actividad contractual de la Instituci\u00f3n; asegurando su permanente armonizaci\u00f3n con las leyes de la Rep\u00fablica, la jurisprudencia del Consejo de Estado, los conceptos de Colombia Compra Eficiente y los lineamientos del Sistema Integrado de Gesti\u00f3n (SIG)<\/li>\n<li><strong>Asesor\u00eda T\u00e9cnica:<\/strong>\u00a0Brindar soporte jur\u00eddico y procedimental a los centros de gasto en la estructuraci\u00f3n de sus solicitudes de adquisici\u00f3n.<\/li>\n<li><strong>Publicidad y Transparencia:\u00a0<\/strong>Garantizar la publicaci\u00f3n obligatoria de todos los actos y documentos contractuales en el Sistema Electr\u00f3nico para la Contrataci\u00f3n P\u00fablica (SECOP II) dentro de los tres (3) d\u00edas siguientes a su expedici\u00f3n (Ley 2195 de 2022).<\/li>\n<li><strong>Gesti\u00f3n de Tr\u00e1mites Especiales:<\/strong>\u00a0Tramitar comisiones de estudio docentes y periodos de a\u00f1o sab\u00e1tico.<\/li>\n<li><strong>Autorizaciones especiales:<\/strong>\u00a0Coordinar las solicitudes de autorizaci\u00f3n ante el Consejo Superior Universitario para contrataciones que excedan la competencia del Rector.<\/li>\n<li><strong>Relacionamiento Ciudadano:\u00a0<\/strong>Atender peticiones, quejas y requerimientos de informaci\u00f3n p\u00fablica relacionados con la actividad contractual.<\/li>\n<li><strong>Atenci\u00f3n de Auditor\u00edas:\u00a0<\/strong>Coordinar\u00a0la atenci\u00f3n de las auditor\u00edas, visitas de inspecci\u00f3n y requerimientos de informaci\u00f3n formulados por los entes de control fiscal, disciplinario y la Oficina Asesora de Control Interno; garantizando la consolidaci\u00f3n t\u00e9cnica y jur\u00eddica de los expedientes contractuales, la respuesta oportuna a los hallazgos o observaciones detectadas y la estructuraci\u00f3n, seguimiento y ejecuci\u00f3n de los planes de mejoramiento institucional derivados de los procesos de fiscalizaci\u00f3n en materia de contrataci\u00f3n y convenios.<\/li>\n<\/ul>\n<p>[\/vc_column_text][\/vc_column_inner][\/vc_row_inner][\/vc_tta_section][vc_tta_section title=\u00bbProcesos de selecci\u00f3n\u00bb tab_id=\u00bb1778076516432-34bfeefc-43b7&#8243;][vc_row_inner][vc_column_inner][vc_column_text css=\u00bb\u00bb]<\/p>\n<p style=\"font-weight: 400;\">De acuerdo con el Estatuto de Contrataci\u00f3n (Acuerdo 08 de 2017), las modalidades de selecci\u00f3n son:<\/p>\n<ol style=\"font-weight: 400;\">\n<li><strong>Contrataci\u00f3n Directa:\u00a0<\/strong>Procedimiento excepcional aplicable en casos de urgencia manifiesta, contratos interadministrativos, servicios profesionales y de apoyo a la gesti\u00f3n, proveedor \u00fanico o contratos que no superen los 100 SMMLV.\n<ul style=\"font-weight: 400;\">\n<li><strong>Convenios y Alianzas:<\/strong>\u00a0Gesti\u00f3n de instrumentos de cooperaci\u00f3n con entidades estatales o privadas para el desarrollo de proyectos compartidos donde no medie una relaci\u00f3n estrictamente comercial.<\/li>\n<\/ul>\n<\/li>\n<li><strong>Convocatoria P\u00fablica:<\/strong>\u00a0Regla general para la selecci\u00f3n competitiva de contratistas en casos no previstos para contrataci\u00f3n directa, garantizando la libre concurrencia y selecci\u00f3n objetiva.<\/li>\n<\/ol>\n<p>[\/vc_column_text][\/vc_column_inner][\/vc_row_inner][\/vc_tta_section][vc_tta_section title=\u00bbServicios al p\u00fablico\u00bb tab_id=\u00bb1778076569807-fdd99f78-cc72&#8243;][vc_row_inner][vc_column_inner][vc_column_text css=\u00bb\u00bb]<\/p>\n<ul style=\"font-weight: 400;\">\n<li><strong>Certificaciones:<\/strong> Orientaci\u00f3n a contratistas y excontratistas para la expedici\u00f3n de certificados de ejecuci\u00f3n y experiencia contractual:\n<ul style=\"font-weight: 400;\">\n<li><a href=\"https:\/\/sig.ucaldas.edu.co\/gestionDocumental\/vistaDetalleGuia.php?codDoc=OTYz&amp;versionDoc=1&amp;codProceso=CC\" target=\"_blank\" rel=\"noopener\">https:\/\/sig.ucaldas.edu.co\/gestionDocumental\/vistaDetalleGuia.php?codDoc=OTYz&amp;amp;versionDoc=1&amp;amp;codProceso=CC<\/a><\/li>\n<\/ul>\n<\/li>\n<li><strong>Informaci\u00f3n P\u00fablica:<\/strong>\u00a0Acceso a los documentos del proceso a trav\u00e9s del <a href=\"https:\/\/www.ucaldas.edu.co\/portal\/transparencia\/#1659557978444-fe44e9d0-ff51\">micrositio y las plataformas estatales<\/a>.<\/li>\n<\/ul>\n<p>[\/vc_column_text][\/vc_column_inner][\/vc_row_inner][\/vc_tta_section][\/vc_tta_accordion][vc_empty_space][vc_column_text css=\u00bb\u00bb]<strong>Para m\u00e1s informaci\u00f3n:<\/strong><\/p>\n<p><strong>Correo:<\/strong> <a href=\"mailto:contratacion.secgeneral@ucaldas.edu.co\">contratacion.secgeneral@ucaldas.edu.co<\/a><br \/>\n<strong>Tel\u00e9fono:<\/strong> 8781500 ext 11672<br \/>\n<strong>Direcci\u00f3n:<\/strong> Calle 65 #26-10 Sede Central Edf. Administrativo Piso 5.[\/vc_column_text][\/vc_column][\/vc_row][vc_row disable_element=\u00bbyes\u00bb css=\u00bb.vc_custom_1777327882938{padding-top: 5px !important;padding-right: 5px !important;padding-bottom: 5px !important;padding-left: 5px !important;}\u00bb][vc_column width=\u00bb1\/3&#8243;][stm_single_image img_alignment=\u00bbcenter\u00bb img_responsive_enable=\u00bbtrue\u00bb img_id=\u00bb71784&#8243;][stm_btn_simple btn_style=\u00bbflat\u00bb btn_color=\u00bbblue\u00bb btn_size=\u00bbsize-custom\u00bb btn_icon_hspace=\u00bb5px\u00bb btn_alignment=\u00bbcenter\u00bb btn_link=\u00bburl:https%3A%2F%2Fwww.ucaldas.edu.co%2Fportal%2Fsecretaria-general-contratacion-contratos%2F|title:Contratos||\u00bb btn_link_text=\u00bbContratos\u00bb btn_custom_width=\u00bb100%\u00bb btn_custom_text_size=\u00bb15px\u00bb btn_custom_height=\u00bb42px\u00bb][stm_single_image img_alignment=\u00bbcenter\u00bb img_responsive_enable=\u00bbtrue\u00bb img_id=\u00bb71784&#8243; css=\u00bb.vc_custom_1660832310888{margin-top: 5px !important;}\u00bb][stm_btn_simple btn_style=\u00bbflat\u00bb btn_color=\u00bbblue\u00bb btn_size=\u00bbsize-custom\u00bb btn_icon_hspace=\u00bb5px\u00bb btn_alignment=\u00bbcenter\u00bb btn_link=\u00bburl:https%3A%2F%2Fwww.ucaldas.edu.co%2Fportal%2Fsecretaria-general-contratacion-comision-de-estudio%2F|title:Comisi%C3%B3n%20de%20estudio||\u00bb btn_link_text=\u00bbComisi\u00f3n de estudio\u00bb btn_custom_width=\u00bb100%\u00bb btn_custom_text_size=\u00bb15px\u00bb btn_custom_height=\u00bb42px\u00bb][\/vc_column][vc_column width=\u00bb1\/3&#8243;][stm_single_image img_alignment=\u00bbcenter\u00bb img_responsive_enable=\u00bbtrue\u00bb img_id=\u00bb71784&#8243;][stm_btn_simple btn_style=\u00bbflat\u00bb btn_color=\u00bbblue\u00bb btn_size=\u00bbsize-custom\u00bb btn_icon_hspace=\u00bb5px\u00bb btn_alignment=\u00bbcenter\u00bb btn_link=\u00bburl:https%3A%2F%2Fwww.ucaldas.edu.co%2Fportal%2Fsecretaria-general-contratacion-normatividad%2F|title:Normatividad||\u00bb btn_link_text=\u00bbNormatividad\u00bb btn_custom_width=\u00bb100%\u00bb btn_custom_text_size=\u00bb15px\u00bb btn_custom_height=\u00bb42px\u00bb][stm_single_image img_alignment=\u00bbcenter\u00bb img_responsive_enable=\u00bbtrue\u00bb img_id=\u00bb71784&#8243; css=\u00bb.vc_custom_1660832318136{margin-top: 5px !important;}\u00bb][stm_btn_simple btn_style=\u00bbflat\u00bb btn_color=\u00bbblue\u00bb btn_size=\u00bbsize-custom\u00bb btn_icon_hspace=\u00bb5px\u00bb btn_alignment=\u00bbcenter\u00bb btn_link=\u00bburl:https%3A%2F%2Fwww.ucaldas.edu.co%2Fportal%2Fsecretaria-general-contratacion-comunicados-circulares-y-constancias%2F|title:Comunicados%2C%20circulares%20y%20constancias||\u00bb btn_link_text=\u00bbComunicados, circulares y constancias\u00bb btn_custom_width=\u00bb100%\u00bb btn_custom_text_size=\u00bb14px\u00bb btn_custom_height=\u00bb42px\u00bb][\/vc_column][vc_column width=\u00bb1\/3&#8243;][stm_single_image img_alignment=\u00bbcenter\u00bb img_responsive_enable=\u00bbtrue\u00bb img_id=\u00bb71784&#8243;][stm_btn_simple btn_style=\u00bbflat\u00bb btn_color=\u00bbblue\u00bb btn_size=\u00bbsize-custom\u00bb btn_icon_hspace=\u00bb5px\u00bb btn_alignment=\u00bbcenter\u00bb btn_link=\u00bburl:https%3A%2F%2Fwww.ucaldas.edu.co%2Fportal%2Fsecretaria-general-contratacion-convenios%2F|title:Convenios||\u00bb btn_link_text=\u00bbConvenios\u00bb btn_custom_width=\u00bb100%\u00bb btn_custom_text_size=\u00bb15px\u00bb btn_custom_height=\u00bb42px\u00bb][\/vc_column][\/vc_row][vc_row disable_element=\u00bbyes\u00bb css=\u00bb.vc_custom_1670613936297{padding-top: 5px !important;padding-right: 5px !important;padding-bottom: 5px !important;padding-left: 5px !important;}\u00bb][vc_column width=\u00bb1\/3&#8243;][stm_single_image img_alignment=\u00bbcenter\u00bb img_responsive_enable=\u00bbtrue\u00bb img_id=\u00bb74028&#8243;][stm_btn_simple btn_style=\u00bbflat\u00bb btn_color=\u00bbblue\u00bb btn_size=\u00bbsize-custom\u00bb btn_icon_hspace=\u00bb5px\u00bb btn_alignment=\u00bbcenter\u00bb btn_link=\u00bburl:https%3A%2F%2Fwww.ucaldas.edu.co%2Fportal%2Fsecretaria-general-contratacion-contratos%2F|title:Contratos||\u00bb btn_link_text=\u00bbContratos\u00bb btn_custom_width=\u00bb100%\u00bb btn_custom_text_size=\u00bb15px\u00bb btn_custom_height=\u00bb42px\u00bb][\/vc_column][vc_column width=\u00bb1\/3&#8243;][stm_single_image img_alignment=\u00bbcenter\u00bb img_responsive_enable=\u00bbtrue\u00bb img_id=\u00bb74030&#8243;][stm_btn_simple btn_style=\u00bbflat\u00bb btn_color=\u00bbblue\u00bb btn_size=\u00bbsize-custom\u00bb btn_icon_hspace=\u00bb5px\u00bb btn_alignment=\u00bbcenter\u00bb btn_link=\u00bburl:https%3A%2F%2Fwww.ucaldas.edu.co%2Fportal%2Fsecretaria-general-contratacion-normatividad%2F|title:Normatividad||\u00bb btn_link_text=\u00bbNormatividad\u00bb btn_custom_width=\u00bb100%\u00bb btn_custom_text_size=\u00bb15px\u00bb btn_custom_height=\u00bb42px\u00bb][\/vc_column][vc_column width=\u00bb1\/3&#8243;][stm_single_image img_alignment=\u00bbcenter\u00bb img_responsive_enable=\u00bbtrue\u00bb img_id=\u00bb74027&#8243; css=\u00bb.vc_custom_1670249625218{margin-top: 5px !important;}\u00bb][stm_btn_simple btn_style=\u00bbflat\u00bb btn_color=\u00bbblue\u00bb btn_size=\u00bbsize-custom\u00bb btn_icon_hspace=\u00bb5px\u00bb btn_alignment=\u00bbcenter\u00bb btn_link=\u00bburl:https%3A%2F%2Fwww.ucaldas.edu.co%2Fportal%2Fsecretaria-general-contratacion-comunicados-circulares-y-constancias%2F|title:Comunicados%2C%20circulares%20y%20constancias||\u00bb btn_link_text=\u00bbComunicados, circulares y constancias\u00bb btn_custom_width=\u00bb100%\u00bb btn_custom_text_size=\u00bb14px\u00bb btn_custom_height=\u00bb42px\u00bb][\/vc_column][\/vc_row][vc_row disable_element=\u00bbyes\u00bb css=\u00bb.vc_custom_1777326312657{padding-top: 5px !important;padding-right: 5px !important;padding-bottom: 5px !important;padding-left: 5px !important;}\u00bb][vc_column width=\u00bb1\/4&#8243;][stm_single_image img_alignment=\u00bbcenter\u00bb img_responsive_enable=\u00bbtrue\u00bb img_id=\u00bb74028&#8243;][stm_btn_simple btn_style=\u00bbflat\u00bb btn_color=\u00bbblue\u00bb btn_size=\u00bbsize-custom\u00bb btn_icon_hspace=\u00bb5px\u00bb btn_alignment=\u00bbcenter\u00bb btn_link=\u00bburl:https%3A%2F%2Fwww.ucaldas.edu.co%2Fportal%2Fsecretaria-general-contratacion-contratos%2F|title:Contratos||\u00bb btn_link_text=\u00bbContratos\u00bb btn_custom_width=\u00bb100%\u00bb btn_custom_text_size=\u00bb15px\u00bb btn_custom_height=\u00bb42px\u00bb][\/vc_column][vc_column width=\u00bb1\/4&#8243;][stm_single_image img_alignment=\u00bbcenter\u00bb img_responsive_enable=\u00bbtrue\u00bb img_id=\u00bb75692&#8243;][stm_btn_simple btn_style=\u00bbflat\u00bb btn_color=\u00bbblue\u00bb btn_size=\u00bbsize-custom\u00bb btn_icon_hspace=\u00bb5px\u00bb btn_alignment=\u00bbcenter\u00bb btn_link=\u00bburl:https%3A%2F%2Fwww.ucaldas.edu.co%2Fportal%2Fsecretaria-general-contratacion-normatividad%2F|title:Normatividad||\u00bb btn_link_text=\u00bbNormatividad\u00bb btn_custom_width=\u00bb100%\u00bb btn_custom_text_size=\u00bb15px\u00bb btn_custom_height=\u00bb42px\u00bb][\/vc_column][vc_column width=\u00bb1\/4&#8243;][stm_single_image img_alignment=\u00bbcenter\u00bb img_responsive_enable=\u00bbtrue\u00bb img_id=\u00bb75694&#8243;][stm_btn_simple btn_style=\u00bbflat\u00bb btn_color=\u00bbblue\u00bb btn_size=\u00bbsize-custom\u00bb btn_icon_hspace=\u00bb5px\u00bb btn_alignment=\u00bbcenter\u00bb btn_link=\u00bburl:https%3A%2F%2Fwww.ucaldas.edu.co%2Fportal%2Fsecretaria-general-contratacion-comision-de-estudio%2F|title:Comisi%C3%B3n%20de%20estudio||\u00bb btn_link_text=\u00bbComisi\u00f3n de estudio\u00bb btn_custom_width=\u00bb100%\u00bb btn_custom_text_size=\u00bb15px\u00bb btn_custom_height=\u00bb42px\u00bb][\/vc_column][vc_column width=\u00bb1\/4&#8243;][stm_single_image img_alignment=\u00bbcenter\u00bb img_responsive_enable=\u00bbtrue\u00bb img_id=\u00bb74029&#8243;][stm_btn_simple btn_style=\u00bbflat\u00bb btn_color=\u00bbblue\u00bb btn_size=\u00bbsize-custom\u00bb btn_icon_hspace=\u00bb5px\u00bb btn_alignment=\u00bbcenter\u00bb btn_link=\u00bburl:https%3A%2F%2Fwww.ucaldas.edu.co%2Fportal%2Fsecretaria-general-contratacion-convenios%2F|title:Convenios||\u00bb btn_link_text=\u00bbConvenios\u00bb btn_custom_width=\u00bb100%\u00bb btn_custom_text_size=\u00bb15px\u00bb btn_custom_height=\u00bb42px\u00bb][\/vc_column][\/vc_row]<\/p>\n<\/div>","protected":false},"excerpt":{"rendered":"<p>[vc_row][vc_column][vc_column_text css=\u00bb\u00bb] Alcance El proceso contractual en la Universidad de Caldas, regido principalmente por el derecho privado y sus principios rectores, abarca desde la etapa de planeaci\u00f3n hasta la liquidaci\u00f3n incluyendo: Etapa Precontractual:\u00a0Planeaci\u00f3n t\u00e9cnica y financiera articulada al Plan Anual de Adquisiciones (PAA), realizaci\u00f3n de estudios de mercado, tr\u00e1mite de Disponibilidad Presupuestal (CDP)\u00a0y selecci\u00f3n del [&hellip;]<\/p>\n","protected":false},"author":1,"featured_media":0,"parent":68713,"menu_order":0,"comment_status":"closed","ping_status":"closed","template":"","meta":{"footnotes":""},"class_list":["post-71378","page","type-page","status-publish","hentry"],"yoast_head":"<!-- This site is optimized with the Yoast SEO plugin v27.5 - https:\/\/yoast.com\/product\/yoast-seo-wordpress\/ -->\n<title>Contrataci\u00f3n y Convenios<\/title>\n<meta name=\"description\" content=\"El Grupo Interno de Trabajo de Contrataci\u00f3n tiene como objetivo adelantar de forma transparente y eficaz los procesos de contrataci\u00f3n\" \/>\n<meta name=\"robots\" content=\"index, follow, max-snippet:-1, max-image-preview:large, max-video-preview:-1\" \/>\n<link rel=\"canonical\" href=\"https:\/\/www.ucaldas.edu.co\/portal\/secretaria-general\/contratacion\/\" \/>\n<script type=\"application\/ld+json\" class=\"yoast-schema-graph\">{\"@context\":\"https:\\\/\\\/schema.org\",\"@graph\":[{\"@type\":\"WebPage\",\"@id\":\"https:\\\/\\\/www.ucaldas.edu.co\\\/portal\\\/secretaria-general\\\/contratacion\\\/\",\"url\":\"https:\\\/\\\/www.ucaldas.edu.co\\\/portal\\\/secretaria-general\\\/contratacion\\\/\",\"name\":\"Contrataci\u00f3n y Convenios\",\"isPartOf\":{\"@id\":\"https:\\\/\\\/www.ucaldas.edu.co\\\/portal\\\/#website\"},\"datePublished\":\"2022-08-04T22:12:00+00:00\",\"dateModified\":\"2026-05-06T14:18:03+00:00\",\"description\":\"El Grupo Interno de Trabajo de Contrataci\u00f3n tiene como objetivo adelantar de forma transparente y eficaz los procesos de contrataci\u00f3n\",\"breadcrumb\":{\"@id\":\"https:\\\/\\\/www.ucaldas.edu.co\\\/portal\\\/secretaria-general\\\/contratacion\\\/#breadcrumb\"},\"inLanguage\":\"es\",\"potentialAction\":[{\"@type\":\"ReadAction\",\"target\":[\"https:\\\/\\\/www.ucaldas.edu.co\\\/portal\\\/secretaria-general\\\/contratacion\\\/\"]}]},{\"@type\":\"BreadcrumbList\",\"@id\":\"https:\\\/\\\/www.ucaldas.edu.co\\\/portal\\\/secretaria-general\\\/contratacion\\\/#breadcrumb\",\"itemListElement\":[{\"@type\":\"ListItem\",\"position\":1,\"name\":\"Portada\",\"item\":\"https:\\\/\\\/www.ucaldas.edu.co\\\/portal\\\/\"},{\"@type\":\"ListItem\",\"position\":2,\"name\":\"Secretar\u00eda General\",\"item\":\"https:\\\/\\\/www.ucaldas.edu.co\\\/portal\\\/secretaria-general\\\/\"},{\"@type\":\"ListItem\",\"position\":3,\"name\":\"Contrataci\u00f3n y Convenios\"}]},{\"@type\":\"WebSite\",\"@id\":\"https:\\\/\\\/www.ucaldas.edu.co\\\/portal\\\/#website\",\"url\":\"https:\\\/\\\/www.ucaldas.edu.co\\\/portal\\\/\",\"name\":\"Universidad de Caldas\",\"description\":\"\",\"publisher\":{\"@id\":\"https:\\\/\\\/www.ucaldas.edu.co\\\/portal\\\/#organization\"},\"alternateName\":\"U. de Caldas\",\"potentialAction\":[{\"@type\":\"SearchAction\",\"target\":{\"@type\":\"EntryPoint\",\"urlTemplate\":\"https:\\\/\\\/www.ucaldas.edu.co\\\/portal\\\/?s={search_term_string}\"},\"query-input\":{\"@type\":\"PropertyValueSpecification\",\"valueRequired\":true,\"valueName\":\"search_term_string\"}}],\"inLanguage\":\"es\"},{\"@type\":\"Organization\",\"@id\":\"https:\\\/\\\/www.ucaldas.edu.co\\\/portal\\\/#organization\",\"name\":\"Universidad de Caldas\",\"alternateName\":\"U. de Caldas\",\"url\":\"https:\\\/\\\/www.ucaldas.edu.co\\\/portal\\\/\",\"logo\":{\"@type\":\"ImageObject\",\"inLanguage\":\"es\",\"@id\":\"https:\\\/\\\/www.ucaldas.edu.co\\\/portal\\\/#\\\/schema\\\/logo\\\/image\\\/\",\"url\":\"https:\\\/\\\/www.ucaldas.edu.co\\\/portal\\\/wp-content\\\/uploads\\\/2023\\\/11\\\/Logo_horizontal_oscuroU-2023.png\",\"contentUrl\":\"https:\\\/\\\/www.ucaldas.edu.co\\\/portal\\\/wp-content\\\/uploads\\\/2023\\\/11\\\/Logo_horizontal_oscuroU-2023.png\",\"width\":263,\"height\":101,\"caption\":\"Universidad de Caldas\"},\"image\":{\"@id\":\"https:\\\/\\\/www.ucaldas.edu.co\\\/portal\\\/#\\\/schema\\\/logo\\\/image\\\/\"},\"sameAs\":[\"https:\\\/\\\/www.facebook.com\\\/udecaldas\",\"https:\\\/\\\/x.com\\\/udecaldas\",\"https:\\\/\\\/www.youtube.com\\\/universidadcaldas\",\"https:\\\/\\\/www.instagram.com\\\/udecaldas\\\/\"]}]}<\/script>\n<!-- \/ Yoast SEO plugin. -->","yoast_head_json":{"title":"Contrataci\u00f3n y Convenios","description":"El Grupo Interno de Trabajo de Contrataci\u00f3n tiene como objetivo adelantar de forma transparente y eficaz los procesos de contrataci\u00f3n","robots":{"index":"index","follow":"follow","max-snippet":"max-snippet:-1","max-image-preview":"max-image-preview:large","max-video-preview":"max-video-preview:-1"},"canonical":"https:\/\/www.ucaldas.edu.co\/portal\/secretaria-general\/contratacion\/","schema":{"@context":"https:\/\/schema.org","@graph":[{"@type":"WebPage","@id":"https:\/\/www.ucaldas.edu.co\/portal\/secretaria-general\/contratacion\/","url":"https:\/\/www.ucaldas.edu.co\/portal\/secretaria-general\/contratacion\/","name":"Contrataci\u00f3n y Convenios","isPartOf":{"@id":"https:\/\/www.ucaldas.edu.co\/portal\/#website"},"datePublished":"2022-08-04T22:12:00+00:00","dateModified":"2026-05-06T14:18:03+00:00","description":"El Grupo Interno de Trabajo de Contrataci\u00f3n tiene como objetivo adelantar de forma transparente y eficaz los procesos de contrataci\u00f3n","breadcrumb":{"@id":"https:\/\/www.ucaldas.edu.co\/portal\/secretaria-general\/contratacion\/#breadcrumb"},"inLanguage":"es","potentialAction":[{"@type":"ReadAction","target":["https:\/\/www.ucaldas.edu.co\/portal\/secretaria-general\/contratacion\/"]}]},{"@type":"BreadcrumbList","@id":"https:\/\/www.ucaldas.edu.co\/portal\/secretaria-general\/contratacion\/#breadcrumb","itemListElement":[{"@type":"ListItem","position":1,"name":"Portada","item":"https:\/\/www.ucaldas.edu.co\/portal\/"},{"@type":"ListItem","position":2,"name":"Secretar\u00eda General","item":"https:\/\/www.ucaldas.edu.co\/portal\/secretaria-general\/"},{"@type":"ListItem","position":3,"name":"Contrataci\u00f3n y Convenios"}]},{"@type":"WebSite","@id":"https:\/\/www.ucaldas.edu.co\/portal\/#website","url":"https:\/\/www.ucaldas.edu.co\/portal\/","name":"Universidad de Caldas","description":"","publisher":{"@id":"https:\/\/www.ucaldas.edu.co\/portal\/#organization"},"alternateName":"U. de Caldas","potentialAction":[{"@type":"SearchAction","target":{"@type":"EntryPoint","urlTemplate":"https:\/\/www.ucaldas.edu.co\/portal\/?s={search_term_string}"},"query-input":{"@type":"PropertyValueSpecification","valueRequired":true,"valueName":"search_term_string"}}],"inLanguage":"es"},{"@type":"Organization","@id":"https:\/\/www.ucaldas.edu.co\/portal\/#organization","name":"Universidad de Caldas","alternateName":"U. de Caldas","url":"https:\/\/www.ucaldas.edu.co\/portal\/","logo":{"@type":"ImageObject","inLanguage":"es","@id":"https:\/\/www.ucaldas.edu.co\/portal\/#\/schema\/logo\/image\/","url":"https:\/\/www.ucaldas.edu.co\/portal\/wp-content\/uploads\/2023\/11\/Logo_horizontal_oscuroU-2023.png","contentUrl":"https:\/\/www.ucaldas.edu.co\/portal\/wp-content\/uploads\/2023\/11\/Logo_horizontal_oscuroU-2023.png","width":263,"height":101,"caption":"Universidad de Caldas"},"image":{"@id":"https:\/\/www.ucaldas.edu.co\/portal\/#\/schema\/logo\/image\/"},"sameAs":["https:\/\/www.facebook.com\/udecaldas","https:\/\/x.com\/udecaldas","https:\/\/www.youtube.com\/universidadcaldas","https:\/\/www.instagram.com\/udecaldas\/"]}]}},"_links":{"self":[{"href":"https:\/\/www.ucaldas.edu.co\/portal\/wp-json\/wp\/v2\/pages\/71378","targetHints":{"allow":["GET"]}}],"collection":[{"href":"https:\/\/www.ucaldas.edu.co\/portal\/wp-json\/wp\/v2\/pages"}],"about":[{"href":"https:\/\/www.ucaldas.edu.co\/portal\/wp-json\/wp\/v2\/types\/page"}],"author":[{"embeddable":true,"href":"https:\/\/www.ucaldas.edu.co\/portal\/wp-json\/wp\/v2\/users\/1"}],"replies":[{"embeddable":true,"href":"https:\/\/www.ucaldas.edu.co\/portal\/wp-json\/wp\/v2\/comments?post=71378"}],"version-history":[{"count":8,"href":"https:\/\/www.ucaldas.edu.co\/portal\/wp-json\/wp\/v2\/pages\/71378\/revisions"}],"predecessor-version":[{"id":104226,"href":"https:\/\/www.ucaldas.edu.co\/portal\/wp-json\/wp\/v2\/pages\/71378\/revisions\/104226"}],"up":[{"embeddable":true,"href":"https:\/\/www.ucaldas.edu.co\/portal\/wp-json\/wp\/v2\/pages\/68713"}],"wp:attachment":[{"href":"https:\/\/www.ucaldas.edu.co\/portal\/wp-json\/wp\/v2\/media?parent=71378"}],"curies":[{"name":"wp","href":"https:\/\/api.w.org\/{rel}","templated":true}]}}