{"id":71347,"date":"2022-08-04T20:42:22","date_gmt":"2022-08-04T20:42:22","guid":{"rendered":"https:\/\/www.ucaldas.edu.co\/portal\/?page_id=71347"},"modified":"2026-04-17T11:05:56","modified_gmt":"2026-04-17T16:05:56","slug":"boletin-pedagogico","status":"publish","type":"page","link":"https:\/\/www.ucaldas.edu.co\/portal\/secretaria-general\/control-disciplinario\/boletin-pedagogico\/","title":{"rendered":"Bolet\u00edn pedag\u00f3gico"},"content":{"rendered":"<div class=\"wpb-content-wrapper\"><p>[vc_row][vc_column][vc_column_text]<span style=\"font-weight: 400;\">Con el prop\u00f3sito de adelantar acciones de car\u00e1cter preventivo en materia disciplinaria y a fin de garantizar la efectividad de los principios, fines y misi\u00f3n de la Universidad de Caldas, el Grupo Interno de Control Disciplinario adscrito a la Secretaria General emite Boletines pedag\u00f3gicos sobre asuntos de inter\u00e9s en esta materia.\u00a0<\/span>[\/vc_column_text][\/vc_column][\/vc_row][vc_row][vc_column][vc_tta_tabs style=\u00bbmodern\u00bb color=\u00bbblue\u00bb active_section=\u00bb1&#8243;][vc_tta_section title=\u00bbBolet\u00edn pedag\u00f3gico\u00bb tab_id=\u00bb1659381276586-080ccd1f-017d\u00bb][vc_row_inner][vc_column_inner][stm_title title_tag=\u00bbh2&#8243; title_align=\u00bbcenter\u00bb title=\u00bb2026&#8243;][\/stm_title][vc_column_text css=\u00bb\u00bb]<\/p>\n<ul>\n<li><a href=\"https:\/\/www.ucaldas.edu.co\/portal\/wp-content\/uploads\/2026\/04\/Boletin-Informativo-N\u00b001-2026.pdf\" target=\"_blank\" rel=\"noopener\"><span style=\"font-weight: 400;\">Bolet\u00edn Pedag\u00f3gico No. 1 &#8211; Conflicto de intereses en la funci\u00f3n p\u00fablica <\/span><\/a><em><span style=\"font-weight: 400;\">(Abril de 2026)<\/span><\/em><\/li>\n<\/ul>\n<p>[\/vc_column_text][stm_title title_tag=\u00bbh2&#8243; title_align=\u00bbcenter\u00bb title=\u00bb2025&#8243;][\/stm_title][vc_column_text css=\u00bb\u00bb]<\/p>\n<ul>\n<li><a href=\"https:\/\/www.ucaldas.edu.co\/portal\/wp-content\/uploads\/2025\/04\/Boletin-Informativo-N\u00b001-2025.pdf\" target=\"_blank\" rel=\"noopener\"><span style=\"font-weight: 400;\">Bolet\u00edn Pedag\u00f3gico No. 1 &#8211; Ley 2365 de 2024, sobre el acoso sexual en los entornos laborales y educativos. <\/span><\/a><em><span style=\"font-weight: 400;\">(Abril de 2025)<\/span><\/em><\/li>\n<li><a href=\"https:\/\/www.ucaldas.edu.co\/portal\/wp-content\/uploads\/2025\/05\/Boletin-Informativo-N\u00b002-2025.pdf\" target=\"_blank\" rel=\"noopener\"><span style=\"font-weight: 400;\">Bolet\u00edn Pedag\u00f3gico No. 2 &#8211; Ley 395 de 2025, sobre la administraci\u00f3n, custodia y control de su patrimonio f\u00edsico. <\/span><\/a><em><span style=\"font-weight: 400;\">(Junio de 2025)<\/span><\/em><\/li>\n<li><a href=\"https:\/\/www.ucaldas.edu.co\/portal\/wp-content\/uploads\/2025\/08\/Boletin-informativo-N\u00b003-2025.pdf\" target=\"_blank\" rel=\"noopener\"><span style=\"font-weight: 400;\">Bolet\u00edn Pedag\u00f3gico No. 3 &#8211; \u00bfQu\u00e9 es una noticia disciplinaria? <\/span><\/a><em><span style=\"font-weight: 400;\">(Agosto de 2025)<\/span><\/em><\/li>\n<li><a href=\"https:\/\/www.ucaldas.edu.co\/portal\/wp-content\/uploads\/2025\/11\/Boletin-Informativo-N\u00b004-2025.pdf\" target=\"_blank\" rel=\"noopener\">Bolet\u00edn Pedag\u00f3gico No. 4 &#8211; Aspectos que debes tener en cuenta si vas a formular una queja disciplinaria.<\/a> <em>(Noviembre de 2025)<\/em><\/li>\n<\/ul>\n<p>[\/vc_column_text][stm_title title_tag=\u00bbh2&#8243; title_align=\u00bbcenter\u00bb title=\u00bb2024&#8243;][\/stm_title][vc_column_text]<\/p>\n<ul>\n<li><a href=\"https:\/\/www.ucaldas.edu.co\/portal\/wp-content\/uploads\/2024\/04\/Boletin-disciplinario-N\u00b0-01-abril-2024.pdf\" target=\"_blank\" rel=\"noopener\"><span style=\"font-weight: 400;\">Bolet\u00edn Pedag\u00f3gico No. 1 &#8211; Control disciplinario: La Diligencia de Ratificaci\u00f3n y Ampliaci\u00f3n de Queja<\/span><\/a>\u00a0<em><span style=\"font-weight: 400;\">(Abril de 2024)<\/span><\/em><\/li>\n<li><a href=\"https:\/\/www.ucaldas.edu.co\/portal\/wp-content\/uploads\/2024\/08\/Boletin-disciplinario-N\u00b0-02-julio-2024.pdf\" target=\"_blank\" rel=\"noopener\"><span style=\"font-weight: 400;\">Bolet\u00edn Pedag\u00f3gico No. 2 &#8211; Control disciplinario: Las Sanciones Disciplinarias<\/span><\/a>\u00a0<em><span style=\"font-weight: 400;\">(Julio de 2024)<\/span><\/em><\/li>\n<li><a href=\"https:\/\/www.ucaldas.edu.co\/portal\/wp-content\/uploads\/2024\/12\/Boletin-disciplinario-N\u00b0-03-noviembre-2024.pdf\" target=\"_blank\" rel=\"noopener\"><span style=\"font-weight: 400;\">Bolet\u00edn Pedag\u00f3gico No. 3 &#8211; Control disciplinario: Terminaci\u00f3n del Proceso Disciplinario <\/span><\/a><em><span style=\"font-weight: 400;\">(Diciembre de 20<\/span><\/em><em><span style=\"font-weight: 400;\">24)<\/span><\/em><\/li>\n<\/ul>\n<p>[\/vc_column_text][stm_title title_tag=\u00bbh2&#8243; title_align=\u00bbcenter\u00bb title=\u00bb2023&#8243;][\/stm_title][vc_column_text]<\/p>\n<ul>\n<li><a href=\"https:\/\/www.ucaldas.edu.co\/portal\/wp-content\/uploads\/2023\/05\/Boletin-No.-1-2023-Mayo-2023.pdf\" target=\"_blank\" rel=\"noopener\"><span style=\"font-weight: 400;\">Bolet\u00edn Pedag\u00f3gico No. 1 &#8211; Control disciplinario: Beneficios de la confesi\u00f3n<\/span><\/a> <em><span style=\"font-weight: 400;\">(Mayo de 2023)<\/span><\/em><\/li>\n<li><a href=\"https:\/\/www.ucaldas.edu.co\/portal\/wp-content\/uploads\/2023\/06\/Boletin-No.-2-2023-Junio-2023.pdf\" target=\"_blank\" rel=\"noopener\">Bolet\u00edn Pedag\u00f3gico No. 2 &#8211; Control disciplinario: Gu\u00eda para la presentaci\u00f3n de una noticia disciplinaria<\/a><em> (Junio de 2023)<\/em><\/li>\n<li><a href=\"https:\/\/www.ucaldas.edu.co\/portal\/wp-content\/uploads\/2023\/09\/Boletin-No.-3-2023-Septiembre-2023.pdf\" target=\"_blank\" rel=\"noopener\">Bolet\u00edn Pedag\u00f3gico No. 3 &#8211; Control disciplinario: \u00bfQu\u00e9 es un conflicto de intereses?<\/a><em> (Septiembre de 2023)<\/em><\/li>\n<li><a href=\"https:\/\/www.ucaldas.edu.co\/portal\/wp-content\/uploads\/2023\/12\/Boletin-pedagogico-4-2023.pdf\" target=\"_blank\" rel=\"noopener\">Bolet\u00edn Pedag\u00f3gico No. 4 &#8211; Control disciplinario: Responsabilidad disciplinaria por falsedad en documento p\u00fablico<\/a>\u00a0<em>(Diciembre de 2023)<\/em><\/li>\n<\/ul>\n<p>[\/vc_column_text][\/vc_column_inner][\/vc_row_inner][vc_row_inner][vc_column_inner][stm_title title_tag=\u00bbh2&#8243; title_align=\u00bbcenter\u00bb title=\u00bb2022&#8243;][\/stm_title][vc_column_text]<\/p>\n<ul>\n<li><a href=\"https:\/\/www.ucaldas.edu.co\/portal\/wp-content\/uploads\/2022\/08\/Boletin-pedagogico-N\u00b0-1-Principios-del-Estatuto-Disciplinario.pdf\" target=\"_blank\" rel=\"noopener\"><span style=\"font-weight: 400;\">Bolet\u00edn Pedag\u00f3gico No. 1 Principios del Estatuto Disciplinario<\/span><\/a><\/li>\n<li><a href=\"https:\/\/www.ucaldas.edu.co\/portal\/wp-content\/uploads\/2022\/08\/Boletin-pedagogico-N\u00b0-2-Sujetos-Disciplinables.pdf\" target=\"_blank\" rel=\"noopener\">Bolet\u00edn Pedag\u00f3gico No. 2 Sujetos disciplinables<\/a><\/li>\n<li><a href=\"https:\/\/www.ucaldas.edu.co\/portal\/wp-content\/uploads\/2022\/10\/Boletin-pedagogico-No.-3-Autoridades-Disciplinarias-Oct-2022.pdf\" target=\"_blank\" rel=\"noopener\">Bolet\u00edn Pedag\u00f3gico No. 3 Autoridades Disciplinarias<\/a><\/li>\n<li><a href=\"https:\/\/www.ucaldas.edu.co\/portal\/wp-content\/uploads\/2022\/10\/Boletin-pedagogico-No.-4-Noticias-Disciplinarias-Oct-2022.pdf\" target=\"_blank\" rel=\"noopener\">Bolet\u00edn Pedag\u00f3gico No. 4 Noticias Disciplinarias<\/a><\/li>\n<li><a href=\"https:\/\/www.ucaldas.edu.co\/portal\/wp-content\/uploads\/2022\/10\/Boletin-pedagogico-No.-5-Noticias-Disciplinarias-Oct-2022.pdf\" target=\"_blank\" rel=\"noopener\">Bolet\u00edn Pedag\u00f3gico No. 5 Noticias Disciplinarias<\/a><\/li>\n<li><a href=\"https:\/\/www.ucaldas.edu.co\/portal\/wp-content\/uploads\/2022\/10\/Boletin-pedagogico-No.-6-Faltas-Disciplinarias-Oct-2022.pdf\" target=\"_blank\" rel=\"noopener\">Bolet\u00edn Pedag\u00f3gico No. 6 Faltas Disciplinarias<\/a><\/li>\n<li><a href=\"https:\/\/www.ucaldas.edu.co\/portal\/wp-content\/uploads\/2022\/10\/Boletin-pedagogico-No.-7-Queja-Temeraria-Oct-2022.pdf\" target=\"_blank\" rel=\"noopener\">Bolet\u00edn Pedag\u00f3gico No. 7 Queja Temerario<\/a><\/li>\n<li>\n<div><a href=\"https:\/\/www.ucaldas.edu.co\/portal\/wp-content\/uploads\/2022\/10\/Boletin-pedagogico-No.-8-Fraude-Academico.pdf\" target=\"_blank\" rel=\"noopener\">Bolet\u00edn Pedag\u00f3gico No. 8 Fraude Acad\u00e9mico<\/a><\/div>\n<\/li>\n<li>\n<div><a href=\"https:\/\/www.ucaldas.edu.co\/portal\/wp-content\/uploads\/2022\/10\/Boletin-pedagogico-No.-9-Prescripcion.pdf\" target=\"_blank\" rel=\"noopener\">Bolet\u00edn Pedag\u00f3gico No. 9 Prescripci\u00f3n<\/a><\/div>\n<\/li>\n<li>\n<div><a href=\"https:\/\/www.ucaldas.edu.co\/portal\/wp-content\/uploads\/2022\/10\/Boletin-pedagogico-No.10-Clasificacion-Faltas-Disciplinarias.pdf\" target=\"_blank\" rel=\"noopener\">Bolet\u00edn Pedag\u00f3gico No. 10 Clasificaci\u00f3n Faltas Disciplinarias<\/a><\/div>\n<\/li>\n<li>\n<div><a href=\"https:\/\/www.ucaldas.edu.co\/portal\/wp-content\/uploads\/2022\/10\/Boletin-pedagogico-No.11-Sanciones-Disciplinarias.pdf\" target=\"_blank\" rel=\"noopener\">Bolet\u00edn Pedag\u00f3gico No. 11 Sanciones Disciplinarias<\/a><\/div>\n<\/li>\n<li><a href=\"https:\/\/www.ucaldas.edu.co\/portal\/wp-content\/uploads\/2022\/12\/Boletin-pedagogico-No.-12-2_compressed.pdf\" target=\"_blank\" rel=\"noopener\">Bolet\u00edn Pedag\u00f3gico No. 12 Terminaci\u00f3n y extensi\u00f3n de la actuaci\u00f3n disciplinaria<\/a><\/li>\n<\/ul>\n<p>[\/vc_column_text][\/vc_column_inner][\/vc_row_inner][\/vc_tta_section][vc_tta_section title=\u00bbBolet\u00edn Mesa Violeta\u00bb tab_id=\u00bb1659381276602-99437a93-23a8&#8243;][vc_row_inner][vc_column_inner][vc_column_text]<\/p>\n<ul>\n<li><a href=\"https:\/\/www.ucaldas.edu.co\/portal\/wp-content\/uploads\/2022\/12\/Boletin-violeta-Nro-1-Grupo-Interno-de-Control-Disciplinario-Dic-2022.pdf\" target=\"_blank\" rel=\"noopener\">Bolet\u00edn Nro. 1 Violeta Grupo interno de control disciplinario<\/a><\/li>\n<li><a href=\"https:\/\/www.ucaldas.edu.co\/portal\/wp-content\/uploads\/2022\/12\/Boletin-violeta-No.-2_compressed.pdf\" target=\"_blank\" rel=\"noopener\">Bolet\u00edn Nro. 2 Violeta Grupo interno de control disciplinario<\/a><\/li>\n<\/ul>\n<p>[\/vc_column_text][\/vc_column_inner][\/vc_row_inner][\/vc_tta_section][vc_tta_section title=\u00bbInfograf\u00eda Instructivo Quejas\u00bb tab_id=\u00bb1709671516951-312d36f0-35bd\u00bb][vc_row_inner][vc_column_inner][vc_column_text]<\/p>\n<h3 style=\"font-weight: 400;\"><strong>Instructivo c\u00f3digo \u00a0I-CD-952<\/strong>\u00a0<strong>para la recepci\u00f3n y gesti\u00f3n de quejas por violencia basadas en g\u00e9nero, discriminaci\u00f3n o prejuicio para el tr\u00e1mite del proceso disciplinario<\/strong>.<\/h3>\n<p style=\"font-weight: 400;\">Este instructivo fue elaborado por el\u00a0Grupo Interno de Control Disciplinario y el Grupo Especial de Equidad y No Discriminaci\u00f3n y aprobado por la Secretaria General y el Comit\u00e9 de G\u00e9nero, se encuentra publicado en el sistema integrado de gesti\u00f3n desde el 21 de diciembre de 2023, y se puede consultar a trav\u00e9s de este link:\u00a0<a href=\"http:\/\/sig.ucaldas.edu.co\/gestionDocumental\/vistaDetalleInstructivo.php?codDoc=OTUy&amp;versionDoc=1&amp;codProceso=CD\" data-saferedirecturl=\"https:\/\/www.google.com\/url?q=http:\/\/sig.ucaldas.edu.co\/gestionDocumental\/vistaDetalleInstructivo.php?codDoc%3DOTUy%26versionDoc%3D1%26codProceso%3DCD&amp;source=gmail&amp;ust=1709751333592000&amp;usg=AOvVaw0GloqWU7TqjIVNRZ4nTvs7\">http:\/\/sig.ucaldas.edu.co\/gestionDocumental\/vistaDetalleInstructivo.php?codDoc=OTUy&amp;versionDoc=1&amp;codProceso=CD<\/a><\/p>\n<p style=\"font-weight: 400;\">El objetivo del instructivo es fijar lineamientos para recepcionar en la Universidad de Caldas de forma interdisciplinar las <strong>quejas por conductas constitutivas de violencias basadas en g\u00e9nero<\/strong>, <strong>prejuicio<\/strong> o <strong>discriminaci\u00f3n<\/strong>, con el fin de garantizar el debido proceso en la <strong>actuaci\u00f3n disciplinaria<\/strong>, actuar con la debida diligencia institucional, prevenir la revictimizaci\u00f3n y garantizar la protecci\u00f3n integral de los derechos de las v\u00edctimas.<\/p>\n<ul>\n<li><a href=\"https:\/\/www.ucaldas.edu.co\/portal\/wp-content\/uploads\/2024\/03\/Infografia-gestion-de-quejas-por-violencia-basadas-en-genero-discriminacion-o-prejuicio.pdf\" target=\"_blank\" rel=\"noopener\">Instructivo<\/a><\/li>\n<\/ul>\n<p>[\/vc_column_text][\/vc_column_inner][\/vc_row_inner][\/vc_tta_section][vc_tta_section title=\u00bbCartilla Disciplinaria\u00bb tab_id=\u00bb1761858805420-ff0135a2-56dd\u00bb][vc_row_inner][vc_column_inner][vc_column_text css=\u00bb\u00bb]<a href=\"https:\/\/www.ucaldas.edu.co\/portal\/wp-content\/uploads\/2025\/10\/Cartilla-disciplinaria.pdf\" target=\"_blank\" rel=\"noopener\">Cartilla Disciplinaria Nro. 01<\/a>[\/vc_column_text][\/vc_column_inner][\/vc_row_inner][\/vc_tta_section][\/vc_tta_tabs][\/vc_column][\/vc_row]<\/p>\n<\/div>","protected":false},"excerpt":{"rendered":"<p>[vc_row][vc_column][vc_column_text]Con el prop\u00f3sito de adelantar acciones de car\u00e1cter preventivo en materia disciplinaria y a fin de garantizar la efectividad de los principios, fines y misi\u00f3n de la Universidad de Caldas, el Grupo Interno de Control Disciplinario adscrito a la Secretaria General emite Boletines pedag\u00f3gicos sobre asuntos de inter\u00e9s en esta materia.\u00a0[\/vc_column_text][\/vc_column][\/vc_row][vc_row][vc_column][vc_tta_tabs style=\u00bbmodern\u00bb color=\u00bbblue\u00bb active_section=\u00bb1&#8243;][vc_tta_section title=\u00bbBolet\u00edn [&hellip;]<\/p>\n","protected":false},"author":1,"featured_media":0,"parent":71236,"menu_order":0,"comment_status":"closed","ping_status":"closed","template":"","meta":{"footnotes":""},"class_list":["post-71347","page","type-page","status-publish","hentry"],"yoast_head":"<!-- This site is optimized with the Yoast SEO plugin v27.4 - https:\/\/yoast.com\/product\/yoast-seo-wordpress\/ -->\n<title>Bolet\u00edn pedag\u00f3gico<\/title>\n<meta name=\"description\" content=\"Boletines pedag\u00f3gicos y boletines de la mesa violeta de Secretar\u00eda General y Control Disciplinario de la Universidad de Caldas.\" \/>\n<meta name=\"robots\" content=\"index, follow, max-snippet:-1, max-image-preview:large, max-video-preview:-1\" \/>\n<link rel=\"canonical\" href=\"https:\/\/www.ucaldas.edu.co\/portal\/secretaria-general\/control-disciplinario\/boletin-pedagogico\/\" \/>\n<script type=\"application\/ld+json\" class=\"yoast-schema-graph\">{\"@context\":\"https:\\\/\\\/schema.org\",\"@graph\":[{\"@type\":\"WebPage\",\"@id\":\"https:\\\/\\\/www.ucaldas.edu.co\\\/portal\\\/secretaria-general\\\/control-disciplinario\\\/boletin-pedagogico\\\/\",\"url\":\"https:\\\/\\\/www.ucaldas.edu.co\\\/portal\\\/secretaria-general\\\/control-disciplinario\\\/boletin-pedagogico\\\/\",\"name\":\"Bolet\u00edn pedag\u00f3gico\",\"isPartOf\":{\"@id\":\"https:\\\/\\\/www.ucaldas.edu.co\\\/portal\\\/#website\"},\"datePublished\":\"2022-08-04T20:42:22+00:00\",\"dateModified\":\"2026-04-17T16:05:56+00:00\",\"description\":\"Boletines pedag\u00f3gicos y boletines de la mesa violeta de Secretar\u00eda General y Control Disciplinario de la Universidad de Caldas.\",\"breadcrumb\":{\"@id\":\"https:\\\/\\\/www.ucaldas.edu.co\\\/portal\\\/secretaria-general\\\/control-disciplinario\\\/boletin-pedagogico\\\/#breadcrumb\"},\"inLanguage\":\"es\",\"potentialAction\":[{\"@type\":\"ReadAction\",\"target\":[\"https:\\\/\\\/www.ucaldas.edu.co\\\/portal\\\/secretaria-general\\\/control-disciplinario\\\/boletin-pedagogico\\\/\"]}]},{\"@type\":\"BreadcrumbList\",\"@id\":\"https:\\\/\\\/www.ucaldas.edu.co\\\/portal\\\/secretaria-general\\\/control-disciplinario\\\/boletin-pedagogico\\\/#breadcrumb\",\"itemListElement\":[{\"@type\":\"ListItem\",\"position\":1,\"name\":\"Portada\",\"item\":\"https:\\\/\\\/www.ucaldas.edu.co\\\/portal\\\/\"},{\"@type\":\"ListItem\",\"position\":2,\"name\":\"Secretar\u00eda General\",\"item\":\"https:\\\/\\\/www.ucaldas.edu.co\\\/portal\\\/secretaria-general\\\/\"},{\"@type\":\"ListItem\",\"position\":3,\"name\":\"Control Disciplinario\",\"item\":\"https:\\\/\\\/www.ucaldas.edu.co\\\/portal\\\/secretaria-general\\\/control-disciplinario\\\/\"},{\"@type\":\"ListItem\",\"position\":4,\"name\":\"Bolet\u00edn pedag\u00f3gico\"}]},{\"@type\":\"WebSite\",\"@id\":\"https:\\\/\\\/www.ucaldas.edu.co\\\/portal\\\/#website\",\"url\":\"https:\\\/\\\/www.ucaldas.edu.co\\\/portal\\\/\",\"name\":\"Universidad de Caldas\",\"description\":\"\",\"publisher\":{\"@id\":\"https:\\\/\\\/www.ucaldas.edu.co\\\/portal\\\/#organization\"},\"alternateName\":\"U. de Caldas\",\"potentialAction\":[{\"@type\":\"SearchAction\",\"target\":{\"@type\":\"EntryPoint\",\"urlTemplate\":\"https:\\\/\\\/www.ucaldas.edu.co\\\/portal\\\/?s={search_term_string}\"},\"query-input\":{\"@type\":\"PropertyValueSpecification\",\"valueRequired\":true,\"valueName\":\"search_term_string\"}}],\"inLanguage\":\"es\"},{\"@type\":\"Organization\",\"@id\":\"https:\\\/\\\/www.ucaldas.edu.co\\\/portal\\\/#organization\",\"name\":\"Universidad de Caldas\",\"alternateName\":\"U. de Caldas\",\"url\":\"https:\\\/\\\/www.ucaldas.edu.co\\\/portal\\\/\",\"logo\":{\"@type\":\"ImageObject\",\"inLanguage\":\"es\",\"@id\":\"https:\\\/\\\/www.ucaldas.edu.co\\\/portal\\\/#\\\/schema\\\/logo\\\/image\\\/\",\"url\":\"https:\\\/\\\/www.ucaldas.edu.co\\\/portal\\\/wp-content\\\/uploads\\\/2023\\\/11\\\/Logo_horizontal_oscuroU-2023.png\",\"contentUrl\":\"https:\\\/\\\/www.ucaldas.edu.co\\\/portal\\\/wp-content\\\/uploads\\\/2023\\\/11\\\/Logo_horizontal_oscuroU-2023.png\",\"width\":263,\"height\":101,\"caption\":\"Universidad de Caldas\"},\"image\":{\"@id\":\"https:\\\/\\\/www.ucaldas.edu.co\\\/portal\\\/#\\\/schema\\\/logo\\\/image\\\/\"},\"sameAs\":[\"https:\\\/\\\/www.facebook.com\\\/udecaldas\",\"https:\\\/\\\/x.com\\\/udecaldas\",\"https:\\\/\\\/www.youtube.com\\\/universidadcaldas\",\"https:\\\/\\\/www.instagram.com\\\/udecaldas\\\/\"]}]}<\/script>\n<!-- \/ Yoast SEO plugin. -->","yoast_head_json":{"title":"Bolet\u00edn pedag\u00f3gico","description":"Boletines pedag\u00f3gicos y boletines de la mesa violeta de Secretar\u00eda General y Control Disciplinario de la Universidad de Caldas.","robots":{"index":"index","follow":"follow","max-snippet":"max-snippet:-1","max-image-preview":"max-image-preview:large","max-video-preview":"max-video-preview:-1"},"canonical":"https:\/\/www.ucaldas.edu.co\/portal\/secretaria-general\/control-disciplinario\/boletin-pedagogico\/","schema":{"@context":"https:\/\/schema.org","@graph":[{"@type":"WebPage","@id":"https:\/\/www.ucaldas.edu.co\/portal\/secretaria-general\/control-disciplinario\/boletin-pedagogico\/","url":"https:\/\/www.ucaldas.edu.co\/portal\/secretaria-general\/control-disciplinario\/boletin-pedagogico\/","name":"Bolet\u00edn pedag\u00f3gico","isPartOf":{"@id":"https:\/\/www.ucaldas.edu.co\/portal\/#website"},"datePublished":"2022-08-04T20:42:22+00:00","dateModified":"2026-04-17T16:05:56+00:00","description":"Boletines pedag\u00f3gicos y boletines de la mesa violeta de Secretar\u00eda General y Control Disciplinario de la Universidad de Caldas.","breadcrumb":{"@id":"https:\/\/www.ucaldas.edu.co\/portal\/secretaria-general\/control-disciplinario\/boletin-pedagogico\/#breadcrumb"},"inLanguage":"es","potentialAction":[{"@type":"ReadAction","target":["https:\/\/www.ucaldas.edu.co\/portal\/secretaria-general\/control-disciplinario\/boletin-pedagogico\/"]}]},{"@type":"BreadcrumbList","@id":"https:\/\/www.ucaldas.edu.co\/portal\/secretaria-general\/control-disciplinario\/boletin-pedagogico\/#breadcrumb","itemListElement":[{"@type":"ListItem","position":1,"name":"Portada","item":"https:\/\/www.ucaldas.edu.co\/portal\/"},{"@type":"ListItem","position":2,"name":"Secretar\u00eda General","item":"https:\/\/www.ucaldas.edu.co\/portal\/secretaria-general\/"},{"@type":"ListItem","position":3,"name":"Control Disciplinario","item":"https:\/\/www.ucaldas.edu.co\/portal\/secretaria-general\/control-disciplinario\/"},{"@type":"ListItem","position":4,"name":"Bolet\u00edn pedag\u00f3gico"}]},{"@type":"WebSite","@id":"https:\/\/www.ucaldas.edu.co\/portal\/#website","url":"https:\/\/www.ucaldas.edu.co\/portal\/","name":"Universidad de Caldas","description":"","publisher":{"@id":"https:\/\/www.ucaldas.edu.co\/portal\/#organization"},"alternateName":"U. de Caldas","potentialAction":[{"@type":"SearchAction","target":{"@type":"EntryPoint","urlTemplate":"https:\/\/www.ucaldas.edu.co\/portal\/?s={search_term_string}"},"query-input":{"@type":"PropertyValueSpecification","valueRequired":true,"valueName":"search_term_string"}}],"inLanguage":"es"},{"@type":"Organization","@id":"https:\/\/www.ucaldas.edu.co\/portal\/#organization","name":"Universidad de Caldas","alternateName":"U. de Caldas","url":"https:\/\/www.ucaldas.edu.co\/portal\/","logo":{"@type":"ImageObject","inLanguage":"es","@id":"https:\/\/www.ucaldas.edu.co\/portal\/#\/schema\/logo\/image\/","url":"https:\/\/www.ucaldas.edu.co\/portal\/wp-content\/uploads\/2023\/11\/Logo_horizontal_oscuroU-2023.png","contentUrl":"https:\/\/www.ucaldas.edu.co\/portal\/wp-content\/uploads\/2023\/11\/Logo_horizontal_oscuroU-2023.png","width":263,"height":101,"caption":"Universidad de Caldas"},"image":{"@id":"https:\/\/www.ucaldas.edu.co\/portal\/#\/schema\/logo\/image\/"},"sameAs":["https:\/\/www.facebook.com\/udecaldas","https:\/\/x.com\/udecaldas","https:\/\/www.youtube.com\/universidadcaldas","https:\/\/www.instagram.com\/udecaldas\/"]}]}},"_links":{"self":[{"href":"https:\/\/www.ucaldas.edu.co\/portal\/wp-json\/wp\/v2\/pages\/71347","targetHints":{"allow":["GET"]}}],"collection":[{"href":"https:\/\/www.ucaldas.edu.co\/portal\/wp-json\/wp\/v2\/pages"}],"about":[{"href":"https:\/\/www.ucaldas.edu.co\/portal\/wp-json\/wp\/v2\/types\/page"}],"author":[{"embeddable":true,"href":"https:\/\/www.ucaldas.edu.co\/portal\/wp-json\/wp\/v2\/users\/1"}],"replies":[{"embeddable":true,"href":"https:\/\/www.ucaldas.edu.co\/portal\/wp-json\/wp\/v2\/comments?post=71347"}],"version-history":[{"count":5,"href":"https:\/\/www.ucaldas.edu.co\/portal\/wp-json\/wp\/v2\/pages\/71347\/revisions"}],"predecessor-version":[{"id":103774,"href":"https:\/\/www.ucaldas.edu.co\/portal\/wp-json\/wp\/v2\/pages\/71347\/revisions\/103774"}],"up":[{"embeddable":true,"href":"https:\/\/www.ucaldas.edu.co\/portal\/wp-json\/wp\/v2\/pages\/71236"}],"wp:attachment":[{"href":"https:\/\/www.ucaldas.edu.co\/portal\/wp-json\/wp\/v2\/media?parent=71347"}],"curies":[{"name":"wp","href":"https:\/\/api.w.org\/{rel}","templated":true}]}}