{"id":71338,"date":"2022-08-04T16:34:16","date_gmt":"2022-08-04T16:34:16","guid":{"rendered":"https:\/\/www.ucaldas.edu.co\/portal\/?page_id=71338"},"modified":"2022-08-04T16:34:16","modified_gmt":"2022-08-04T16:34:16","slug":"secretaria-general-control-disciplinario-normatividad","status":"publish","type":"page","link":"https:\/\/www.ucaldas.edu.co\/portal\/secretaria-general-control-disciplinario-normatividad\/","title":{"rendered":"Secretar\u00eda General &#8211; Control Disciplinario &#8211; Normatividad"},"content":{"rendered":"<div class=\"wpb-content-wrapper\"><p>[vc_row][vc_column][stm_title sep_enable=\u00bbtrue\u00bb title=\u00bbControl Disciplinario &#8211; Normatividad\u00bb][\/stm_title][\/vc_column][\/vc_row][vc_row][vc_column][vc_column_text]<a href=\"https:\/\/www.ucaldas.edu.co\/portal\/secretaria-general-control-disciplinario\/\">&lt;&lt; Regresar a Control Disciplinario<\/a>[\/vc_column_text][\/vc_column][\/vc_row][vc_row][vc_column][vc_column_text]<span style=\"font-weight: 400;\">La siguiente es la normatividad interna que tiene relevancia para el tr\u00e1mite de los procesos disciplinarios:<\/span><\/p>\n<ul>\n<li style=\"font-weight: 400;\" aria-level=\"1\"><a href=\"https:\/\/www.ucaldas.edu.co\/portal\/wp-content\/uploads\/2022\/08\/1.-Acuerdo-45-de-2021-Estatuto-Disciplinario-Universidad-de-Caldas.pdf\" target=\"_blank\" rel=\"noopener\"><span style=\"font-weight: 400;\">Acuerdo 045 de 2021 Estatuto Disciplinario Universidad de Caldas\u00a0<\/span><\/a><\/li>\n<li style=\"font-weight: 400;\" aria-level=\"1\"><a href=\"https:\/\/www.ucaldas.edu.co\/portal\/wp-content\/uploads\/2022\/08\/2.-Acuerdo-21-de-2002-Estatuto-personal-docente.pdf\" target=\"_blank\" rel=\"noopener\"><span style=\"font-weight: 400;\">Acuerdo 021 de 2022 Estatuto Personal Docente<\/span><\/a><\/li>\n<li style=\"font-weight: 400;\" aria-level=\"1\"><a href=\"https:\/\/www.ucaldas.edu.co\/portal\/wp-content\/uploads\/2022\/08\/3.-Acuerdo-14-de-2010-Estatuto-personal-adminsitrativo.pdf\" target=\"_blank\" rel=\"noopener\"><span style=\"font-weight: 400;\">Acuerdo 014 de 2010 Estatuto Personal Administrativo<\/span><\/a><\/li>\n<li style=\"font-weight: 400;\" aria-level=\"1\"><a href=\"https:\/\/www.ucaldas.edu.co\/portal\/wp-content\/uploads\/2022\/08\/4.-Acuerdo-16-de-2007-Reglamento-estudiantil.pdf\" target=\"_blank\" rel=\"noopener\"><span style=\"font-weight: 400;\">Acuerdo 016 de 2007 Reglamento estudiantil<\/span><\/a><\/li>\n<li style=\"font-weight: 400;\" aria-level=\"1\"><a href=\"https:\/\/www.ucaldas.edu.co\/portal\/wp-content\/uploads\/2022\/08\/5.-Acuerdo-49-de-2007-Reglamento-estudiantil.pdf\" target=\"_blank\" rel=\"noopener\"><span style=\"font-weight: 400;\">Acuerdo 049 de 2007 Reglamenta Acuerdo 016 de 2007<\/span><\/a><\/li>\n<li style=\"font-weight: 400;\" aria-level=\"1\"><a href=\"https:\/\/www.ucaldas.edu.co\/portal\/wp-content\/uploads\/2022\/08\/6.-Acuerdo-35-de-2021-Politica-de-equidad-y-no-discriminacion.pdf\" target=\"_blank\" rel=\"noopener\"><span style=\"font-weight: 400;\">Acuerdo 035 de 2021 Pol\u00edtica de g\u00e9nero, identidad, orientaci\u00f3n sexual y no discriminaci\u00f3n<\/span><\/a><\/li>\n<\/ul>\n<p><span style=\"font-weight: 400;\">As\u00ed mismo es importante tener en cuenta que por principio de integraci\u00f3n normativa en lo no previsto en el Estatuto Disciplinario de la Universidad de Caldas, se aplicar\u00e1 lo dispuesto en el C\u00f3digo \u00danico Disciplinario o C\u00f3digo General Disciplinario, seg\u00fan corresponda.<br \/>\n<\/span><span style=\"font-weight: 400;\">Los enlaces para ver las normas externas son los siguientes:\u00a0<\/span><\/p>\n<ul>\n<li><a href=\"http:\/\/www.secretariasenado.gov.co\/senado\/basedoc\/ley_0734_2002.html\" target=\"_blank\" rel=\"noopener\"><span style=\"font-weight: 400;\">C\u00f3digo \u00danico Disciplinario Ley 734 de 2002<\/span><\/a><\/li>\n<li><a href=\"http:\/\/www.secretariasenado.gov.co\/senado\/basedoc\/ley_1952_2019.html\" target=\"_blank\" rel=\"noopener\"><span style=\"font-weight: 400;\">C\u00f3digo General Disciplinario Ley 1952 de 2019<\/span><\/a><\/li>\n<\/ul>\n<p>[\/vc_column_text][\/vc_column][\/vc_row][vc_row disable_element=\u00bbyes\u00bb][vc_column][vc_tta_tabs style=\u00bbmodern\u00bb color=\u00bbblue\u00bb active_section=\u00bb1&#8243;][vc_tta_section title=\u00bbActos Administrativos\u00bb tab_id=\u00bb1659381276586-080ccd1f-017d\u00bb][vc_row_inner][vc_column_inner width=\u00bb1\/2&#8243;][stm_title title_tag=\u00bbh2&#8243; title_align=\u00bbcenter\u00bb title=\u00bb2021&#8243;][\/stm_title][vc_column_text]No aplica[\/vc_column_text][\/vc_column_inner][vc_column_inner width=\u00bb1\/2&#8243;][stm_title title_tag=\u00bbh2&#8243; title_align=\u00bbcenter\u00bb title=\u00bb2022&#8243;][\/stm_title][vc_column_text][\/vc_column_text][\/vc_column_inner][\/vc_row_inner][\/vc_tta_section][vc_tta_section title=\u00bbCensos\u00bb tab_id=\u00bb1659381276602-99437a93-23a8&#8243;][vc_row_inner][vc_column_inner width=\u00bb1\/2&#8243;][stm_title title_tag=\u00bbh2&#8243; title_align=\u00bbcenter\u00bb title=\u00bb2021&#8243;][\/stm_title][\/vc_column_inner][vc_column_inner width=\u00bb1\/2&#8243;][stm_title title_tag=\u00bbh2&#8243; title_align=\u00bbcenter\u00bb title=\u00bb2022&#8243;][\/stm_title][\/vc_column_inner][\/vc_row_inner][\/vc_tta_section][vc_tta_section title=\u00bbComunicados, Circulares y Constancias\u00bb tab_id=\u00bb1659381301933-d93f927e-3668&#8243;][vc_row_inner][vc_column_inner width=\u00bb1\/2&#8243;][stm_title title_tag=\u00bbh2&#8243; title_align=\u00bbcenter\u00bb title=\u00bb2021&#8243;][\/stm_title][\/vc_column_inner][vc_column_inner width=\u00bb1\/2&#8243;][stm_title title_tag=\u00bbh2&#8243; title_align=\u00bbcenter\u00bb title=\u00bb2022&#8243;][\/stm_title][\/vc_column_inner][\/vc_row_inner][\/vc_tta_section][\/vc_tta_tabs][\/vc_column][\/vc_row]<\/p>\n<\/div>","protected":false},"excerpt":{"rendered":"<p>[vc_row][vc_column][stm_title sep_enable=\u00bbtrue\u00bb title=\u00bbControl Disciplinario &#8211; Normatividad\u00bb][\/stm_title][\/vc_column][\/vc_row][vc_row][vc_column][vc_column_text]&lt;&lt; Regresar a Control Disciplinario[\/vc_column_text][\/vc_column][\/vc_row][vc_row][vc_column][vc_column_text]La siguiente es la normatividad interna que tiene relevancia para el tr\u00e1mite de los procesos disciplinarios: Acuerdo 045 de 2021 Estatuto Disciplinario Universidad de Caldas\u00a0 Acuerdo 021 de 2022 Estatuto Personal Docente Acuerdo 014 de 2010 Estatuto Personal Administrativo Acuerdo 016 de 2007 Reglamento estudiantil Acuerdo [&hellip;]<\/p>\n","protected":false},"author":1,"featured_media":0,"parent":0,"menu_order":0,"comment_status":"closed","ping_status":"closed","template":"","meta":{"footnotes":""},"class_list":["post-71338","page","type-page","status-publish","hentry"],"yoast_head":"<!-- This site is optimized with the Yoast SEO plugin v27.4 - https:\/\/yoast.com\/product\/yoast-seo-wordpress\/ -->\n<title>Secretar\u00eda General - Control Disciplinario - Normatividad .<\/title>\n<meta name=\"robots\" content=\"index, follow, max-snippet:-1, max-image-preview:large, max-video-preview:-1\" \/>\n<link rel=\"canonical\" href=\"https:\/\/www.ucaldas.edu.co\/portal\/secretaria-general-control-disciplinario-normatividad\/\" \/>\n<script type=\"application\/ld+json\" class=\"yoast-schema-graph\">{\"@context\":\"https:\\\/\\\/schema.org\",\"@graph\":[{\"@type\":\"WebPage\",\"@id\":\"https:\\\/\\\/www.ucaldas.edu.co\\\/portal\\\/secretaria-general-control-disciplinario-normatividad\\\/\",\"url\":\"https:\\\/\\\/www.ucaldas.edu.co\\\/portal\\\/secretaria-general-control-disciplinario-normatividad\\\/\",\"name\":\"Secretar\u00eda General - Control Disciplinario - Normatividad .\",\"isPartOf\":{\"@id\":\"https:\\\/\\\/www.ucaldas.edu.co\\\/portal\\\/#website\"},\"datePublished\":\"2022-08-04T16:34:16+00:00\",\"breadcrumb\":{\"@id\":\"https:\\\/\\\/www.ucaldas.edu.co\\\/portal\\\/secretaria-general-control-disciplinario-normatividad\\\/#breadcrumb\"},\"inLanguage\":\"es\",\"potentialAction\":[{\"@type\":\"ReadAction\",\"target\":[\"https:\\\/\\\/www.ucaldas.edu.co\\\/portal\\\/secretaria-general-control-disciplinario-normatividad\\\/\"]}]},{\"@type\":\"BreadcrumbList\",\"@id\":\"https:\\\/\\\/www.ucaldas.edu.co\\\/portal\\\/secretaria-general-control-disciplinario-normatividad\\\/#breadcrumb\",\"itemListElement\":[{\"@type\":\"ListItem\",\"position\":1,\"name\":\"Portada\",\"item\":\"https:\\\/\\\/www.ucaldas.edu.co\\\/portal\\\/\"},{\"@type\":\"ListItem\",\"position\":2,\"name\":\"Secretar\u00eda General &#8211; Control Disciplinario &#8211; Normatividad\"}]},{\"@type\":\"WebSite\",\"@id\":\"https:\\\/\\\/www.ucaldas.edu.co\\\/portal\\\/#website\",\"url\":\"https:\\\/\\\/www.ucaldas.edu.co\\\/portal\\\/\",\"name\":\"Universidad de Caldas\",\"description\":\"\",\"publisher\":{\"@id\":\"https:\\\/\\\/www.ucaldas.edu.co\\\/portal\\\/#organization\"},\"alternateName\":\"U. de Caldas\",\"potentialAction\":[{\"@type\":\"SearchAction\",\"target\":{\"@type\":\"EntryPoint\",\"urlTemplate\":\"https:\\\/\\\/www.ucaldas.edu.co\\\/portal\\\/?s={search_term_string}\"},\"query-input\":{\"@type\":\"PropertyValueSpecification\",\"valueRequired\":true,\"valueName\":\"search_term_string\"}}],\"inLanguage\":\"es\"},{\"@type\":\"Organization\",\"@id\":\"https:\\\/\\\/www.ucaldas.edu.co\\\/portal\\\/#organization\",\"name\":\"Universidad de Caldas\",\"alternateName\":\"U. de Caldas\",\"url\":\"https:\\\/\\\/www.ucaldas.edu.co\\\/portal\\\/\",\"logo\":{\"@type\":\"ImageObject\",\"inLanguage\":\"es\",\"@id\":\"https:\\\/\\\/www.ucaldas.edu.co\\\/portal\\\/#\\\/schema\\\/logo\\\/image\\\/\",\"url\":\"https:\\\/\\\/www.ucaldas.edu.co\\\/portal\\\/wp-content\\\/uploads\\\/2023\\\/11\\\/Logo_horizontal_oscuroU-2023.png\",\"contentUrl\":\"https:\\\/\\\/www.ucaldas.edu.co\\\/portal\\\/wp-content\\\/uploads\\\/2023\\\/11\\\/Logo_horizontal_oscuroU-2023.png\",\"width\":263,\"height\":101,\"caption\":\"Universidad de Caldas\"},\"image\":{\"@id\":\"https:\\\/\\\/www.ucaldas.edu.co\\\/portal\\\/#\\\/schema\\\/logo\\\/image\\\/\"},\"sameAs\":[\"https:\\\/\\\/www.facebook.com\\\/udecaldas\",\"https:\\\/\\\/x.com\\\/udecaldas\",\"https:\\\/\\\/www.youtube.com\\\/universidadcaldas\",\"https:\\\/\\\/www.instagram.com\\\/udecaldas\\\/\"]}]}<\/script>\n<!-- \/ Yoast SEO plugin. -->","yoast_head_json":{"title":"Secretar\u00eda General - Control Disciplinario - Normatividad .","robots":{"index":"index","follow":"follow","max-snippet":"max-snippet:-1","max-image-preview":"max-image-preview:large","max-video-preview":"max-video-preview:-1"},"canonical":"https:\/\/www.ucaldas.edu.co\/portal\/secretaria-general-control-disciplinario-normatividad\/","schema":{"@context":"https:\/\/schema.org","@graph":[{"@type":"WebPage","@id":"https:\/\/www.ucaldas.edu.co\/portal\/secretaria-general-control-disciplinario-normatividad\/","url":"https:\/\/www.ucaldas.edu.co\/portal\/secretaria-general-control-disciplinario-normatividad\/","name":"Secretar\u00eda General - Control Disciplinario - Normatividad .","isPartOf":{"@id":"https:\/\/www.ucaldas.edu.co\/portal\/#website"},"datePublished":"2022-08-04T16:34:16+00:00","breadcrumb":{"@id":"https:\/\/www.ucaldas.edu.co\/portal\/secretaria-general-control-disciplinario-normatividad\/#breadcrumb"},"inLanguage":"es","potentialAction":[{"@type":"ReadAction","target":["https:\/\/www.ucaldas.edu.co\/portal\/secretaria-general-control-disciplinario-normatividad\/"]}]},{"@type":"BreadcrumbList","@id":"https:\/\/www.ucaldas.edu.co\/portal\/secretaria-general-control-disciplinario-normatividad\/#breadcrumb","itemListElement":[{"@type":"ListItem","position":1,"name":"Portada","item":"https:\/\/www.ucaldas.edu.co\/portal\/"},{"@type":"ListItem","position":2,"name":"Secretar\u00eda General &#8211; Control Disciplinario &#8211; Normatividad"}]},{"@type":"WebSite","@id":"https:\/\/www.ucaldas.edu.co\/portal\/#website","url":"https:\/\/www.ucaldas.edu.co\/portal\/","name":"Universidad de Caldas","description":"","publisher":{"@id":"https:\/\/www.ucaldas.edu.co\/portal\/#organization"},"alternateName":"U. de Caldas","potentialAction":[{"@type":"SearchAction","target":{"@type":"EntryPoint","urlTemplate":"https:\/\/www.ucaldas.edu.co\/portal\/?s={search_term_string}"},"query-input":{"@type":"PropertyValueSpecification","valueRequired":true,"valueName":"search_term_string"}}],"inLanguage":"es"},{"@type":"Organization","@id":"https:\/\/www.ucaldas.edu.co\/portal\/#organization","name":"Universidad de Caldas","alternateName":"U. de Caldas","url":"https:\/\/www.ucaldas.edu.co\/portal\/","logo":{"@type":"ImageObject","inLanguage":"es","@id":"https:\/\/www.ucaldas.edu.co\/portal\/#\/schema\/logo\/image\/","url":"https:\/\/www.ucaldas.edu.co\/portal\/wp-content\/uploads\/2023\/11\/Logo_horizontal_oscuroU-2023.png","contentUrl":"https:\/\/www.ucaldas.edu.co\/portal\/wp-content\/uploads\/2023\/11\/Logo_horizontal_oscuroU-2023.png","width":263,"height":101,"caption":"Universidad de Caldas"},"image":{"@id":"https:\/\/www.ucaldas.edu.co\/portal\/#\/schema\/logo\/image\/"},"sameAs":["https:\/\/www.facebook.com\/udecaldas","https:\/\/x.com\/udecaldas","https:\/\/www.youtube.com\/universidadcaldas","https:\/\/www.instagram.com\/udecaldas\/"]}]}},"_links":{"self":[{"href":"https:\/\/www.ucaldas.edu.co\/portal\/wp-json\/wp\/v2\/pages\/71338","targetHints":{"allow":["GET"]}}],"collection":[{"href":"https:\/\/www.ucaldas.edu.co\/portal\/wp-json\/wp\/v2\/pages"}],"about":[{"href":"https:\/\/www.ucaldas.edu.co\/portal\/wp-json\/wp\/v2\/types\/page"}],"author":[{"embeddable":true,"href":"https:\/\/www.ucaldas.edu.co\/portal\/wp-json\/wp\/v2\/users\/1"}],"replies":[{"embeddable":true,"href":"https:\/\/www.ucaldas.edu.co\/portal\/wp-json\/wp\/v2\/comments?post=71338"}],"version-history":[{"count":0,"href":"https:\/\/www.ucaldas.edu.co\/portal\/wp-json\/wp\/v2\/pages\/71338\/revisions"}],"wp:attachment":[{"href":"https:\/\/www.ucaldas.edu.co\/portal\/wp-json\/wp\/v2\/media?parent=71338"}],"curies":[{"name":"wp","href":"https:\/\/api.w.org\/{rel}","templated":true}]}}