{"id":71254,"date":"2022-08-03T19:39:28","date_gmt":"2022-08-03T19:39:28","guid":{"rendered":"https:\/\/www.ucaldas.edu.co\/portal\/?page_id=71254"},"modified":"2024-07-24T16:33:00","modified_gmt":"2024-07-24T21:33:00","slug":"directorio-de-universidades-de-colombia","status":"publish","type":"page","link":"https:\/\/www.ucaldas.edu.co\/portal\/directorio-de-universidades-de-colombia\/","title":{"rendered":"Directorio de Universidades de Colombia"},"content":{"rendered":"<div class=\"wpb-content-wrapper\"><p>[vc_row][vc_column][vc_empty_space height=\u00bb60px\u00bb][vc_custom_heading text=\u00bbDirectorio de Universidades de Colombia\u00bb google_fonts=\u00bbfont_family:Roboto%3A100%2C100italic%2C300%2C300italic%2Cregular%2Citalic%2C500%2C500italic%2C700%2C700italic%2C900%2C900italic|font_style:900%20bold%20regular%3A900%3Anormal\u00bb][vc_empty_space][vc_column_text]<\/p>\n<ul>\n<li><a href=\"http:\/\/www.urosario.edu.co\/\" rel=\"nofollow\">Colegio Mayor De Nuestra Se\u00f1ora Del Rosario<\/a><\/li>\n<li><a href=\"http:\/\/www.unipiloto.edu.co\/\" rel=\"nofollow\">Corporaci\u00f3n Universidad Piloto De Colombia<\/a><\/li>\n<li><a href=\"http:\/\/www.escuelanaval.edu.co\/\" rel=\"nofollow\">Escuela Naval De Cadetes Almirante Padilla<\/a><\/li>\n<li><a href=\"http:\/\/www.fuac.edu.co\/\" rel=\"nofollow\">Fundaci\u00f3n Universidad Aut\u00f3noma de Colombia (Fuac)<\/a><\/li>\n<li><a href=\"http:\/\/www.ucentral.edu.co\/\" rel=\"nofollow\">Fundaci\u00f3n Universidad Central<\/a><\/li>\n<li><a href=\"http:\/\/www.uamerica.edu.co\/\" rel=\"nofollow\">Fundaci\u00f3n Universidad de Am\u00e9rica<\/a><\/li>\n<li><a href=\"http:\/\/www.utadeo.edu.co\/\" rel=\"nofollow\">Fundaci\u00f3n Universidad de Bogot\u00e1 &#8211; Jorge Tadeo Lozano<\/a><\/li>\n<li><a href=\"http:\/\/www.uninorte.edu.co\/\" rel=\"nofollow\">Fundaci\u00f3n Universidad Del Norte &#8211; Universidad Del Norte<\/a><\/li>\n<li><a href=\"http:\/\/www.javeriana.edu.co\/\" rel=\"nofollow\">Pontificia Universidad Javeriana<\/a><\/li>\n<li><a href=\"https:\/\/www.uan.edu.co\/\" rel=\"nofollow\">Universidad Antonio Nari\u00f1o<\/a><\/li>\n<li><a href=\"http:\/\/www.unab.edu.co\/\" rel=\"nofollow\">Universidad Aut\u00f3noma De Bucaramanga -UNAB-<\/a><\/li>\n<li><a href=\"http:\/\/www.Aut\u00f3noma.edu.co\/\" rel=\"nofollow\">Universidad Aut\u00f3noma De Manizales<\/a><\/li>\n<li><a href=\"https:\/\/www.uao.edu.co\/\" rel=\"nofollow\">Universidad Aut\u00f3noma De Occidente<\/a><\/li>\n<li><a href=\"https:\/\/www.uac.edu.co\/\" rel=\"nofollow\">Universidad Aut\u00f3noma Del Caribe<\/a><\/li>\n<li><a href=\"http:\/\/www.unaula.edu.co\/\" rel=\"nofollow\">Universidad Aut\u00f3noma Latinoamericana &#8211; UNAULA-<\/a><\/li>\n<li><a href=\"https:\/\/www.ucp.edu.co\/?gclid=Cj0KCQjw8fr7BRDSARIsAK0Qqr439s9Eo492kjaStgTW27ZWrU9V5eYoaCRjn4wnPyLdNqOPkxgMC1saAm4NEALw_wcB\" rel=\"nofollow\">Universidad Cat\u00f3lica De Colombia<\/a><\/li>\n<li><a href=\"http:\/\/www.ucm.edu.co\/\" rel=\"nofollow\">Universidad Cat\u00f3lica De Manizales<\/a><\/li>\n<li><a href=\"http:\/\/www.uco.edu.co\/\" rel=\"nofollow\">Universidad Cat\u00f3lica De Oriente<\/a><\/li>\n<li><a href=\"http:\/\/www.ucpr.edu.co\/\" rel=\"nofollow\">Universidad Cat\u00f3lica De Pereira<\/a><\/li>\n<li><a href=\"http:\/\/www.ces.edu.co\/\" rel=\"nofollow\">Universidad Ces<\/a><\/li>\n<li><a href=\"http:\/\/www.ucc.edu.co\/\" rel=\"nofollow\">Universidad Cooperativa De Colombia<\/a><\/li>\n<li><a href=\"http:\/\/www.udea.edu.co\/\" rel=\"nofollow\">Universidad De Antioquia<\/a><\/li>\n<li><a href=\"http:\/\/www.uniboyaca.edu.co\/\" rel=\"nofollow\">Universidad De Boyac\u00e1 Uniboyac\u00e1<\/a><\/li>\n<li><a href=\"https:\/\/www.ucaldas.edu.co\/portal\" rel=\"nofollow\">Universidad de Caldas<\/a><\/li>\n<li><a href=\"http:\/\/www.unicartagena.edu.co\/\" rel=\"nofollow\">Universidad De Cartagena<\/a><\/li>\n<li><a href=\"http:\/\/www.udca.edu.co\/\" rel=\"nofollow\">Universidad De Ciencias Aplicadas Y Ambientales Udca.<\/a><\/li>\n<li><a href=\"http:\/\/www.unicordoba.edu.co\/\" rel=\"nofollow\">Universidad De C\u00f3rdoba<\/a><\/li>\n<li><a href=\"https:\/\/www.ucundinamarca.edu.co\/\" rel=\"nofollow\">Universidad De Cundinamarca &#8211; UDEC<\/a><\/li>\n<li><a href=\"http:\/\/www.unibague.edu.co\/\" rel=\"nofollow\">Universidad De Ibagu\u00e9<\/a><\/li>\n<li><a href=\"http:\/\/www.uniamazonia.edu.co\/\" rel=\"nofollow\">Universidad De La Amazonia<\/a><\/li>\n<li><a href=\"https:\/\/www.uniguajira.edu.co\/\" rel=\"nofollow\">Universidad De La Guajira<\/a><\/li>\n<li><a href=\"http:\/\/www.unisabana.edu.co\/\" rel=\"nofollow\">Universidad De La Sabana<\/a><\/li>\n<li><a href=\"http:\/\/www.lasalle.edu.co\/\" rel=\"nofollow\">Universidad De La Salle<\/a><\/li>\n<li><a href=\"http:\/\/www.uniandes.edu.co\/\" rel=\"nofollow\">Universidad De Los Andes<\/a><\/li>\n<li><a href=\"http:\/\/www.unillanos.edu.co\/\" rel=\"nofollow\">Universidad De Los Llanos<\/a><\/li>\n<li><a href=\"http:\/\/www.umanizales.edu.co\/\" rel=\"nofollow\">Universidad De Manizales<\/a><\/li>\n<li><a href=\"http:\/\/www.udem.edu.co\/\" rel=\"nofollow\">Universidad De Medell\u00edn<\/a><\/li>\n<li><a href=\"https:\/\/www.udenar.edu.co\/\">Universidad De Nari\u00f1o<\/a><\/li>\n<li><a href=\"http:\/\/www.unipamplona.edu.co\/\" rel=\"nofollow\">Universidad De Pamplona<\/a><\/li>\n<li><a href=\"http:\/\/www.usbbog.edu.co\/\" rel=\"nofollow\">Universidad De San Buenaventura<\/a><\/li>\n<li><a href=\"http:\/\/www.udes.edu.co\/\" rel=\"nofollow\">Universidad De Santander<\/a><\/li>\n<li><a href=\"http:\/\/www.unisucre.edu.co\/\" rel=\"nofollow\">Universidad De Sucre<\/a><\/li>\n<li><a href=\"http:\/\/www.uniatlantico.edu.co\/\" rel=\"nofollow\">Universidad Del Atl\u00e1ntico<\/a><\/li>\n<li><a href=\"http:\/\/www.unicauca.edu.co\/\" rel=\"nofollow\">Universidad Del Cauca<\/a><\/li>\n<li><a href=\"https:\/\/www.unimagdalena.edu.co\/\" rel=\"nofollow\">Universidad Del Magdalena<\/a><\/li>\n<li><a href=\"http:\/\/www.unipacifico.edu.co\/\" rel=\"nofollow\">Universidad Del Pacifico<\/a><\/li>\n<li><a href=\"http:\/\/www.uniquindio.edu.co\/\" rel=\"nofollow\">Universidad Del Quind\u00edo<\/a><\/li>\n<li><a href=\"http:\/\/www.unisinu.edu.co\/\" rel=\"nofollow\">Universidad Del Sinu &#8211; Elias Bechara Zainum &#8211; UNISINU &#8211;<\/a><\/li>\n<li><a href=\"http:\/\/www.ut.edu.co\/\" rel=\"nofollow\">Universidad Del Tolima<\/a><\/li>\n<li><a href=\"http:\/\/www.univalle.edu.co\/\" rel=\"nofollow\">Universidad Del Valle<\/a><\/li>\n<li><a href=\"http:\/\/www.univalle.edu.co\/\" rel=\"nofollow\">Universidad Del Valle<\/a><\/li>\n<li><a href=\"http:\/\/www.udistrital.edu.co\/\" rel=\"nofollow\">Universidad Distrital-Francisco Jos\u00e9 De Caldas<\/a><\/li>\n<li><a href=\"http:\/\/www.eafit.edu.co\/\" rel=\"nofollow\">Universidad Eafit-<\/a><\/li>\n<li><a href=\"http:\/\/www.ean.edu.co\/\" rel=\"nofollow\">Universidad Ean<\/a><\/li>\n<li><a href=\"http:\/\/www.unbosque.edu.co\/\" rel=\"nofollow\">Universidad El Bosque<\/a><\/li>\n<li><a href=\"http:\/\/www.uexternado.edu.co\/\" rel=\"nofollow\">Universidad Externado De Colombia<\/a><\/li>\n<li><a href=\"http:\/\/www.ufps.edu.co\/\" rel=\"nofollow\">Universidad Francisco De Paula Santander<\/a><\/li>\n<li><a href=\"http:\/\/www.icesi.edu.co\/\" rel=\"nofollow\">Universidad Icesi<\/a><\/li>\n<li><a href=\"http:\/\/www.unincca.edu.co\/\" rel=\"nofollow\">Universidad Incca De Colombia<\/a><\/li>\n<li><a href=\"http:\/\/www.uis.edu.co\/\" rel=\"nofollow\">Universidad Industrial De Santander<\/a><\/li>\n<li><a href=\"http:\/\/www.ulagrancolombia.edu.co\/\" rel=\"nofollow\">Universidad La Gran Colombia<\/a><\/li>\n<li><a href=\"http:\/\/www.unilibre.edu.co\/\" rel=\"nofollow\">Universidad Libre<\/a><\/li>\n<li><a href=\"http:\/\/www.umb.edu.co\/\" rel=\"nofollow\">Universidad Manuela Beltran-Umb-<\/a><\/li>\n<li><a href=\"http:\/\/www.umariana.edu.co\/\" rel=\"nofollow\">Universidad Mariana<\/a><\/li>\n<li><a href=\"http:\/\/www.unimetro.edu.co\/\" rel=\"nofollow\">Universidad Metropolitana<\/a><\/li>\n<li><a href=\"http:\/\/www.umng.edu.co\/\" rel=\"nofollow\">Universidad Militar-Nueva Granada<\/a><\/li>\n<li><a href=\"http:\/\/www.unad.edu.co\/\" rel=\"nofollow\">Universidad Nacional Abierta Y A Distancia Unad<\/a><\/li>\n<li><a href=\"http:\/\/www.unal.edu.co\/\" rel=\"nofollow\">Universidad Nacional De Colombia<\/a><\/li>\n<li><a href=\"http:\/\/www.pedagogica.edu.co\/\" rel=\"nofollow\">Universidad Pedag\u00f3gica Nacional<\/a><\/li>\n<li><a href=\"http:\/\/www.uptc.edu.co\/\" rel=\"nofollow\">Universidad Pedag\u00f3gica Y Tecnol\u00f3gica De Colombia &#8211; UPTC<\/a><\/li>\n<li><a href=\"http:\/\/www.upb.edu.co\/\" rel=\"nofollow\">Universidad Pontificia Bolivariana<\/a><\/li>\n<li><a href=\"http:\/\/www.unicesar.edu.co\/\" rel=\"nofollow\">Universidad Popular Del Cesar<\/a><\/li>\n<li><a href=\"http:\/\/www.usc.edu.co\/\" rel=\"nofollow\">Universidad Santiago De Cali<\/a><\/li>\n<li><a href=\"http:\/\/www.usta.edu.co\/\" rel=\"nofollow\">Universidad Santo Tomas<\/a><\/li>\n<li><a href=\"http:\/\/www.usergioarboleda.edu.co\/\" rel=\"nofollow\">Universidad Sergio Arboleda<\/a><\/li>\n<li><a href=\"http:\/\/www.unisimonbolivar.edu.co\/\" rel=\"nofollow\">Universidad Sim\u00f3n Bol\u00edvar<\/a><\/li>\n<li><a href=\"http:\/\/www.usco.edu.co\/\" rel=\"nofollow\">Universidad Surcolombiana<\/a><\/li>\n<li><a href=\"http:\/\/www.unitecnologica.edu.co\/\" rel=\"nofollow\">Universidad Tecnol\u00f3gica De Bol\u00edvar<\/a><\/li>\n<li><a href=\"http:\/\/www.utp.edu.co\/\" rel=\"nofollow\">Universidad Tecnol\u00f3gica De Pereira &#8211; UTP<\/a><\/li>\n<li><a href=\"http:\/\/www.utch.edu.co\/\" rel=\"nofollow\">Universidad Tecnol\u00f3gica Del Choco-Diego Luis C\u00f3rdoba<\/a><\/li>\n<li><a href=\"http:\/\/www.unicolmayor.edu.co\/\" rel=\"nofollow\">Universidad Colegio Mayor De Cundinamarca<\/a><\/li>\n<\/ul>\n<p>[\/vc_column_text][\/vc_column][\/vc_row]<\/p>\n<\/div>","protected":false},"excerpt":{"rendered":"<p>[vc_row][vc_column][vc_empty_space height=\u00bb60px\u00bb][vc_custom_heading text=\u00bbDirectorio de Universidades de Colombia\u00bb google_fonts=\u00bbfont_family:Roboto%3A100%2C100italic%2C300%2C300italic%2Cregular%2Citalic%2C500%2C500italic%2C700%2C700italic%2C900%2C900italic|font_style:900%20bold%20regular%3A900%3Anormal\u00bb][vc_empty_space][vc_column_text] Colegio Mayor De Nuestra Se\u00f1ora Del Rosario Corporaci\u00f3n Universidad Piloto De Colombia Escuela Naval De Cadetes Almirante Padilla Fundaci\u00f3n Universidad Aut\u00f3noma de Colombia (Fuac) Fundaci\u00f3n Universidad Central Fundaci\u00f3n Universidad de Am\u00e9rica Fundaci\u00f3n Universidad de Bogot\u00e1 &#8211; Jorge Tadeo Lozano Fundaci\u00f3n Universidad Del Norte &#8211; Universidad Del Norte [&hellip;]<\/p>\n","protected":false},"author":1,"featured_media":0,"parent":0,"menu_order":0,"comment_status":"closed","ping_status":"closed","template":"","meta":{"footnotes":""},"class_list":["post-71254","page","type-page","status-publish","hentry"],"yoast_head":"<!-- This site is optimized with the Yoast SEO plugin v27.5 - https:\/\/yoast.com\/product\/yoast-seo-wordpress\/ -->\n<title>Directorio de Universidades de Colombia<\/title>\n<meta name=\"description\" content=\"Descubra el directorio de Universidades de Colombia\" \/>\n<meta name=\"robots\" content=\"index, follow, max-snippet:-1, max-image-preview:large, max-video-preview:-1\" \/>\n<link rel=\"canonical\" href=\"https:\/\/www.ucaldas.edu.co\/portal\/directorio-de-universidades-de-colombia\/\" \/>\n<script type=\"application\/ld+json\" class=\"yoast-schema-graph\">{\"@context\":\"https:\\\/\\\/schema.org\",\"@graph\":[{\"@type\":\"WebPage\",\"@id\":\"https:\\\/\\\/www.ucaldas.edu.co\\\/portal\\\/directorio-de-universidades-de-colombia\\\/\",\"url\":\"https:\\\/\\\/www.ucaldas.edu.co\\\/portal\\\/directorio-de-universidades-de-colombia\\\/\",\"name\":\"Directorio de Universidades de Colombia\",\"isPartOf\":{\"@id\":\"https:\\\/\\\/www.ucaldas.edu.co\\\/portal\\\/#website\"},\"datePublished\":\"2022-08-03T19:39:28+00:00\",\"dateModified\":\"2024-07-24T21:33:00+00:00\",\"description\":\"Descubra el directorio de Universidades de Colombia\",\"breadcrumb\":{\"@id\":\"https:\\\/\\\/www.ucaldas.edu.co\\\/portal\\\/directorio-de-universidades-de-colombia\\\/#breadcrumb\"},\"inLanguage\":\"es\",\"potentialAction\":[{\"@type\":\"ReadAction\",\"target\":[\"https:\\\/\\\/www.ucaldas.edu.co\\\/portal\\\/directorio-de-universidades-de-colombia\\\/\"]}]},{\"@type\":\"BreadcrumbList\",\"@id\":\"https:\\\/\\\/www.ucaldas.edu.co\\\/portal\\\/directorio-de-universidades-de-colombia\\\/#breadcrumb\",\"itemListElement\":[{\"@type\":\"ListItem\",\"position\":1,\"name\":\"Portada\",\"item\":\"https:\\\/\\\/www.ucaldas.edu.co\\\/portal\\\/\"},{\"@type\":\"ListItem\",\"position\":2,\"name\":\"Directorio de Universidades de Colombia\"}]},{\"@type\":\"WebSite\",\"@id\":\"https:\\\/\\\/www.ucaldas.edu.co\\\/portal\\\/#website\",\"url\":\"https:\\\/\\\/www.ucaldas.edu.co\\\/portal\\\/\",\"name\":\"Universidad de Caldas\",\"description\":\"\",\"publisher\":{\"@id\":\"https:\\\/\\\/www.ucaldas.edu.co\\\/portal\\\/#organization\"},\"alternateName\":\"U. de Caldas\",\"potentialAction\":[{\"@type\":\"SearchAction\",\"target\":{\"@type\":\"EntryPoint\",\"urlTemplate\":\"https:\\\/\\\/www.ucaldas.edu.co\\\/portal\\\/?s={search_term_string}\"},\"query-input\":{\"@type\":\"PropertyValueSpecification\",\"valueRequired\":true,\"valueName\":\"search_term_string\"}}],\"inLanguage\":\"es\"},{\"@type\":\"Organization\",\"@id\":\"https:\\\/\\\/www.ucaldas.edu.co\\\/portal\\\/#organization\",\"name\":\"Universidad de Caldas\",\"alternateName\":\"U. de Caldas\",\"url\":\"https:\\\/\\\/www.ucaldas.edu.co\\\/portal\\\/\",\"logo\":{\"@type\":\"ImageObject\",\"inLanguage\":\"es\",\"@id\":\"https:\\\/\\\/www.ucaldas.edu.co\\\/portal\\\/#\\\/schema\\\/logo\\\/image\\\/\",\"url\":\"https:\\\/\\\/www.ucaldas.edu.co\\\/portal\\\/wp-content\\\/uploads\\\/2023\\\/11\\\/Logo_horizontal_oscuroU-2023.png\",\"contentUrl\":\"https:\\\/\\\/www.ucaldas.edu.co\\\/portal\\\/wp-content\\\/uploads\\\/2023\\\/11\\\/Logo_horizontal_oscuroU-2023.png\",\"width\":263,\"height\":101,\"caption\":\"Universidad de Caldas\"},\"image\":{\"@id\":\"https:\\\/\\\/www.ucaldas.edu.co\\\/portal\\\/#\\\/schema\\\/logo\\\/image\\\/\"},\"sameAs\":[\"https:\\\/\\\/www.facebook.com\\\/udecaldas\",\"https:\\\/\\\/x.com\\\/udecaldas\",\"https:\\\/\\\/www.youtube.com\\\/universidadcaldas\",\"https:\\\/\\\/www.instagram.com\\\/udecaldas\\\/\"]}]}<\/script>\n<!-- \/ Yoast SEO plugin. -->","yoast_head_json":{"title":"Directorio de Universidades de Colombia","description":"Descubra el directorio de Universidades de Colombia","robots":{"index":"index","follow":"follow","max-snippet":"max-snippet:-1","max-image-preview":"max-image-preview:large","max-video-preview":"max-video-preview:-1"},"canonical":"https:\/\/www.ucaldas.edu.co\/portal\/directorio-de-universidades-de-colombia\/","schema":{"@context":"https:\/\/schema.org","@graph":[{"@type":"WebPage","@id":"https:\/\/www.ucaldas.edu.co\/portal\/directorio-de-universidades-de-colombia\/","url":"https:\/\/www.ucaldas.edu.co\/portal\/directorio-de-universidades-de-colombia\/","name":"Directorio de Universidades de Colombia","isPartOf":{"@id":"https:\/\/www.ucaldas.edu.co\/portal\/#website"},"datePublished":"2022-08-03T19:39:28+00:00","dateModified":"2024-07-24T21:33:00+00:00","description":"Descubra el directorio de Universidades de Colombia","breadcrumb":{"@id":"https:\/\/www.ucaldas.edu.co\/portal\/directorio-de-universidades-de-colombia\/#breadcrumb"},"inLanguage":"es","potentialAction":[{"@type":"ReadAction","target":["https:\/\/www.ucaldas.edu.co\/portal\/directorio-de-universidades-de-colombia\/"]}]},{"@type":"BreadcrumbList","@id":"https:\/\/www.ucaldas.edu.co\/portal\/directorio-de-universidades-de-colombia\/#breadcrumb","itemListElement":[{"@type":"ListItem","position":1,"name":"Portada","item":"https:\/\/www.ucaldas.edu.co\/portal\/"},{"@type":"ListItem","position":2,"name":"Directorio de Universidades de Colombia"}]},{"@type":"WebSite","@id":"https:\/\/www.ucaldas.edu.co\/portal\/#website","url":"https:\/\/www.ucaldas.edu.co\/portal\/","name":"Universidad de Caldas","description":"","publisher":{"@id":"https:\/\/www.ucaldas.edu.co\/portal\/#organization"},"alternateName":"U. de Caldas","potentialAction":[{"@type":"SearchAction","target":{"@type":"EntryPoint","urlTemplate":"https:\/\/www.ucaldas.edu.co\/portal\/?s={search_term_string}"},"query-input":{"@type":"PropertyValueSpecification","valueRequired":true,"valueName":"search_term_string"}}],"inLanguage":"es"},{"@type":"Organization","@id":"https:\/\/www.ucaldas.edu.co\/portal\/#organization","name":"Universidad de Caldas","alternateName":"U. de Caldas","url":"https:\/\/www.ucaldas.edu.co\/portal\/","logo":{"@type":"ImageObject","inLanguage":"es","@id":"https:\/\/www.ucaldas.edu.co\/portal\/#\/schema\/logo\/image\/","url":"https:\/\/www.ucaldas.edu.co\/portal\/wp-content\/uploads\/2023\/11\/Logo_horizontal_oscuroU-2023.png","contentUrl":"https:\/\/www.ucaldas.edu.co\/portal\/wp-content\/uploads\/2023\/11\/Logo_horizontal_oscuroU-2023.png","width":263,"height":101,"caption":"Universidad de Caldas"},"image":{"@id":"https:\/\/www.ucaldas.edu.co\/portal\/#\/schema\/logo\/image\/"},"sameAs":["https:\/\/www.facebook.com\/udecaldas","https:\/\/x.com\/udecaldas","https:\/\/www.youtube.com\/universidadcaldas","https:\/\/www.instagram.com\/udecaldas\/"]}]}},"_links":{"self":[{"href":"https:\/\/www.ucaldas.edu.co\/portal\/wp-json\/wp\/v2\/pages\/71254","targetHints":{"allow":["GET"]}}],"collection":[{"href":"https:\/\/www.ucaldas.edu.co\/portal\/wp-json\/wp\/v2\/pages"}],"about":[{"href":"https:\/\/www.ucaldas.edu.co\/portal\/wp-json\/wp\/v2\/types\/page"}],"author":[{"embeddable":true,"href":"https:\/\/www.ucaldas.edu.co\/portal\/wp-json\/wp\/v2\/users\/1"}],"replies":[{"embeddable":true,"href":"https:\/\/www.ucaldas.edu.co\/portal\/wp-json\/wp\/v2\/comments?post=71254"}],"version-history":[{"count":0,"href":"https:\/\/www.ucaldas.edu.co\/portal\/wp-json\/wp\/v2\/pages\/71254\/revisions"}],"wp:attachment":[{"href":"https:\/\/www.ucaldas.edu.co\/portal\/wp-json\/wp\/v2\/media?parent=71254"}],"curies":[{"name":"wp","href":"https:\/\/api.w.org\/{rel}","templated":true}]}}