{"id":71197,"date":"2022-08-02T21:33:21","date_gmt":"2022-08-02T21:33:21","guid":{"rendered":"https:\/\/www.ucaldas.edu.co\/portal\/?page_id=71197"},"modified":"2026-04-28T14:13:38","modified_gmt":"2026-04-28T19:13:38","slug":"cobro-coactivo","status":"publish","type":"page","link":"https:\/\/www.ucaldas.edu.co\/portal\/secretaria-general\/gestion-juridica\/cobro-coactivo\/","title":{"rendered":"Cobro Coactivo"},"content":{"rendered":"<div class=\"wpb-content-wrapper\"><p>[vc_row][vc_column][vc_column_text]A continuaci\u00f3n, se encontrar\u00e1 la normatividad que al interior de la Universidad de Caldas rige el cobro coactivo.[\/vc_column_text][\/vc_column][\/vc_row][vc_row][vc_column][vc_tta_tabs style=\u00bbmodern\u00bb color=\u00bbblue\u00bb active_section=\u00bb1&#8243;][vc_tta_section title=\u00bbEdictos\u00bb tab_id=\u00bb1659381276586-080ccd1f-017d\u00bb][vc_row_inner][vc_column_inner][stm_title title_tag=\u00bbh2&#8243; title_align=\u00bbcenter\u00bb title=\u00bb2025&#8243;][\/stm_title][vc_column_text css=\u00bb\u00bb]<\/p>\n<ul>\n<li><a href=\"https:\/\/www.ucaldas.edu.co\/portal\/wp-content\/uploads\/2025\/12\/Aviso-y-Resolucion-061-de-2025-Termina-cobro-coactivo-contra-MinCultura.pdf\" target=\"_blank\" rel=\"noopener\">Notificaci\u00f3n por Aviso Resoluci\u00f3n Nro. 061 del 13 de noviembre de 2025<\/a>.\n<ul>\n<li>Fecha de fijaci\u00f3n: 3\/12\/25<br \/>\nFecha de desfijaci\u00f3n: 12\/12\/25<\/li>\n<\/ul>\n<\/li>\n<\/ul>\n<p>[\/vc_column_text][\/vc_column_inner][\/vc_row_inner][\/vc_tta_section][vc_tta_section title=\u00bbReglamento Interno de Cartera\u00bb tab_id=\u00bb1659381276602-99437a93-23a8&#8243;][vc_row_inner][vc_column_inner][vc_column_text]<a href=\"http:\/\/sig.ucaldas.edu.co\/admiarchigestion\/1000-871.PDF\" target=\"_blank\" rel=\"noopener\">Descarga el Reglamento Interno de Cartera<\/a>[\/vc_column_text][\/vc_column_inner][\/vc_row_inner][vc_row_inner disable_element=\u00bbyes\u00bb][vc_column_inner width=\u00bb1\/2&#8243;][stm_title title_tag=\u00bbh2&#8243; title_align=\u00bbcenter\u00bb title=\u00bb2021&#8243;][\/stm_title][\/vc_column_inner][vc_column_inner width=\u00bb1\/2&#8243;][stm_title title_tag=\u00bbh2&#8243; title_align=\u00bbcenter\u00bb title=\u00bb2022&#8243;][\/stm_title][\/vc_column_inner][\/vc_row_inner][\/vc_tta_section][\/vc_tta_tabs][\/vc_column][\/vc_row]<\/p>\n<\/div>","protected":false},"excerpt":{"rendered":"<p>[vc_row][vc_column][vc_column_text]A continuaci\u00f3n, se encontrar\u00e1 la normatividad que al interior de la Universidad de Caldas rige el cobro coactivo.[\/vc_column_text][\/vc_column][\/vc_row][vc_row][vc_column][vc_tta_tabs style=\u00bbmodern\u00bb color=\u00bbblue\u00bb active_section=\u00bb1&#8243;][vc_tta_section title=\u00bbEdictos\u00bb tab_id=\u00bb1659381276586-080ccd1f-017d\u00bb][vc_row_inner][vc_column_inner][stm_title title_tag=\u00bbh2&#8243; title_align=\u00bbcenter\u00bb title=\u00bb2025&#8243;][\/stm_title][vc_column_text css=\u00bb\u00bb] Notificaci\u00f3n por Aviso Resoluci\u00f3n Nro. 061 del 13 de noviembre de 2025. Fecha de fijaci\u00f3n: 3\/12\/25 Fecha de desfijaci\u00f3n: 12\/12\/25 [\/vc_column_text][\/vc_column_inner][\/vc_row_inner][\/vc_tta_section][vc_tta_section title=\u00bbReglamento Interno de Cartera\u00bb tab_id=\u00bb1659381276602-99437a93-23a8&#8243;][vc_row_inner][vc_column_inner][vc_column_text]Descarga el Reglamento [&hellip;]<\/p>\n","protected":false},"author":1,"featured_media":0,"parent":71142,"menu_order":0,"comment_status":"closed","ping_status":"closed","template":"","meta":{"footnotes":""},"class_list":["post-71197","page","type-page","status-publish","hentry"],"yoast_head":"<!-- This site is optimized with the Yoast SEO plugin v27.5 - https:\/\/yoast.com\/product\/yoast-seo-wordpress\/ -->\n<title>Cobro Coactivo<\/title>\n<meta name=\"description\" content=\"Normativa que al interior de la Universidad de Caldas rige el cobro coactivo.\" \/>\n<meta name=\"robots\" content=\"index, follow, max-snippet:-1, max-image-preview:large, max-video-preview:-1\" \/>\n<link rel=\"canonical\" href=\"https:\/\/www.ucaldas.edu.co\/portal\/secretaria-general\/gestion-juridica\/cobro-coactivo\/\" \/>\n<script type=\"application\/ld+json\" class=\"yoast-schema-graph\">{\"@context\":\"https:\\\/\\\/schema.org\",\"@graph\":[{\"@type\":\"WebPage\",\"@id\":\"https:\\\/\\\/www.ucaldas.edu.co\\\/portal\\\/secretaria-general\\\/gestion-juridica\\\/cobro-coactivo\\\/\",\"url\":\"https:\\\/\\\/www.ucaldas.edu.co\\\/portal\\\/secretaria-general\\\/gestion-juridica\\\/cobro-coactivo\\\/\",\"name\":\"Cobro Coactivo\",\"isPartOf\":{\"@id\":\"https:\\\/\\\/www.ucaldas.edu.co\\\/portal\\\/#website\"},\"datePublished\":\"2022-08-02T21:33:21+00:00\",\"dateModified\":\"2026-04-28T19:13:38+00:00\",\"description\":\"Normativa que al interior de la Universidad de Caldas rige el cobro coactivo.\",\"breadcrumb\":{\"@id\":\"https:\\\/\\\/www.ucaldas.edu.co\\\/portal\\\/secretaria-general\\\/gestion-juridica\\\/cobro-coactivo\\\/#breadcrumb\"},\"inLanguage\":\"es\",\"potentialAction\":[{\"@type\":\"ReadAction\",\"target\":[\"https:\\\/\\\/www.ucaldas.edu.co\\\/portal\\\/secretaria-general\\\/gestion-juridica\\\/cobro-coactivo\\\/\"]}]},{\"@type\":\"BreadcrumbList\",\"@id\":\"https:\\\/\\\/www.ucaldas.edu.co\\\/portal\\\/secretaria-general\\\/gestion-juridica\\\/cobro-coactivo\\\/#breadcrumb\",\"itemListElement\":[{\"@type\":\"ListItem\",\"position\":1,\"name\":\"Portada\",\"item\":\"https:\\\/\\\/www.ucaldas.edu.co\\\/portal\\\/\"},{\"@type\":\"ListItem\",\"position\":2,\"name\":\"Secretar\u00eda General\",\"item\":\"https:\\\/\\\/www.ucaldas.edu.co\\\/portal\\\/secretaria-general\\\/\"},{\"@type\":\"ListItem\",\"position\":3,\"name\":\"Gesti\u00f3n Jur\u00eddica\",\"item\":\"https:\\\/\\\/www.ucaldas.edu.co\\\/portal\\\/secretaria-general\\\/gestion-juridica\\\/\"},{\"@type\":\"ListItem\",\"position\":4,\"name\":\"Cobro Coactivo\"}]},{\"@type\":\"WebSite\",\"@id\":\"https:\\\/\\\/www.ucaldas.edu.co\\\/portal\\\/#website\",\"url\":\"https:\\\/\\\/www.ucaldas.edu.co\\\/portal\\\/\",\"name\":\"Universidad de Caldas\",\"description\":\"\",\"publisher\":{\"@id\":\"https:\\\/\\\/www.ucaldas.edu.co\\\/portal\\\/#organization\"},\"alternateName\":\"U. de Caldas\",\"potentialAction\":[{\"@type\":\"SearchAction\",\"target\":{\"@type\":\"EntryPoint\",\"urlTemplate\":\"https:\\\/\\\/www.ucaldas.edu.co\\\/portal\\\/?s={search_term_string}\"},\"query-input\":{\"@type\":\"PropertyValueSpecification\",\"valueRequired\":true,\"valueName\":\"search_term_string\"}}],\"inLanguage\":\"es\"},{\"@type\":\"Organization\",\"@id\":\"https:\\\/\\\/www.ucaldas.edu.co\\\/portal\\\/#organization\",\"name\":\"Universidad de Caldas\",\"alternateName\":\"U. de Caldas\",\"url\":\"https:\\\/\\\/www.ucaldas.edu.co\\\/portal\\\/\",\"logo\":{\"@type\":\"ImageObject\",\"inLanguage\":\"es\",\"@id\":\"https:\\\/\\\/www.ucaldas.edu.co\\\/portal\\\/#\\\/schema\\\/logo\\\/image\\\/\",\"url\":\"https:\\\/\\\/www.ucaldas.edu.co\\\/portal\\\/wp-content\\\/uploads\\\/2023\\\/11\\\/Logo_horizontal_oscuroU-2023.png\",\"contentUrl\":\"https:\\\/\\\/www.ucaldas.edu.co\\\/portal\\\/wp-content\\\/uploads\\\/2023\\\/11\\\/Logo_horizontal_oscuroU-2023.png\",\"width\":263,\"height\":101,\"caption\":\"Universidad de Caldas\"},\"image\":{\"@id\":\"https:\\\/\\\/www.ucaldas.edu.co\\\/portal\\\/#\\\/schema\\\/logo\\\/image\\\/\"},\"sameAs\":[\"https:\\\/\\\/www.facebook.com\\\/udecaldas\",\"https:\\\/\\\/x.com\\\/udecaldas\",\"https:\\\/\\\/www.youtube.com\\\/universidadcaldas\",\"https:\\\/\\\/www.instagram.com\\\/udecaldas\\\/\"]}]}<\/script>\n<!-- \/ Yoast SEO plugin. -->","yoast_head_json":{"title":"Cobro Coactivo","description":"Normativa que al interior de la Universidad de Caldas rige el cobro coactivo.","robots":{"index":"index","follow":"follow","max-snippet":"max-snippet:-1","max-image-preview":"max-image-preview:large","max-video-preview":"max-video-preview:-1"},"canonical":"https:\/\/www.ucaldas.edu.co\/portal\/secretaria-general\/gestion-juridica\/cobro-coactivo\/","schema":{"@context":"https:\/\/schema.org","@graph":[{"@type":"WebPage","@id":"https:\/\/www.ucaldas.edu.co\/portal\/secretaria-general\/gestion-juridica\/cobro-coactivo\/","url":"https:\/\/www.ucaldas.edu.co\/portal\/secretaria-general\/gestion-juridica\/cobro-coactivo\/","name":"Cobro Coactivo","isPartOf":{"@id":"https:\/\/www.ucaldas.edu.co\/portal\/#website"},"datePublished":"2022-08-02T21:33:21+00:00","dateModified":"2026-04-28T19:13:38+00:00","description":"Normativa que al interior de la Universidad de Caldas rige el cobro coactivo.","breadcrumb":{"@id":"https:\/\/www.ucaldas.edu.co\/portal\/secretaria-general\/gestion-juridica\/cobro-coactivo\/#breadcrumb"},"inLanguage":"es","potentialAction":[{"@type":"ReadAction","target":["https:\/\/www.ucaldas.edu.co\/portal\/secretaria-general\/gestion-juridica\/cobro-coactivo\/"]}]},{"@type":"BreadcrumbList","@id":"https:\/\/www.ucaldas.edu.co\/portal\/secretaria-general\/gestion-juridica\/cobro-coactivo\/#breadcrumb","itemListElement":[{"@type":"ListItem","position":1,"name":"Portada","item":"https:\/\/www.ucaldas.edu.co\/portal\/"},{"@type":"ListItem","position":2,"name":"Secretar\u00eda General","item":"https:\/\/www.ucaldas.edu.co\/portal\/secretaria-general\/"},{"@type":"ListItem","position":3,"name":"Gesti\u00f3n Jur\u00eddica","item":"https:\/\/www.ucaldas.edu.co\/portal\/secretaria-general\/gestion-juridica\/"},{"@type":"ListItem","position":4,"name":"Cobro Coactivo"}]},{"@type":"WebSite","@id":"https:\/\/www.ucaldas.edu.co\/portal\/#website","url":"https:\/\/www.ucaldas.edu.co\/portal\/","name":"Universidad de Caldas","description":"","publisher":{"@id":"https:\/\/www.ucaldas.edu.co\/portal\/#organization"},"alternateName":"U. de Caldas","potentialAction":[{"@type":"SearchAction","target":{"@type":"EntryPoint","urlTemplate":"https:\/\/www.ucaldas.edu.co\/portal\/?s={search_term_string}"},"query-input":{"@type":"PropertyValueSpecification","valueRequired":true,"valueName":"search_term_string"}}],"inLanguage":"es"},{"@type":"Organization","@id":"https:\/\/www.ucaldas.edu.co\/portal\/#organization","name":"Universidad de Caldas","alternateName":"U. de Caldas","url":"https:\/\/www.ucaldas.edu.co\/portal\/","logo":{"@type":"ImageObject","inLanguage":"es","@id":"https:\/\/www.ucaldas.edu.co\/portal\/#\/schema\/logo\/image\/","url":"https:\/\/www.ucaldas.edu.co\/portal\/wp-content\/uploads\/2023\/11\/Logo_horizontal_oscuroU-2023.png","contentUrl":"https:\/\/www.ucaldas.edu.co\/portal\/wp-content\/uploads\/2023\/11\/Logo_horizontal_oscuroU-2023.png","width":263,"height":101,"caption":"Universidad de Caldas"},"image":{"@id":"https:\/\/www.ucaldas.edu.co\/portal\/#\/schema\/logo\/image\/"},"sameAs":["https:\/\/www.facebook.com\/udecaldas","https:\/\/x.com\/udecaldas","https:\/\/www.youtube.com\/universidadcaldas","https:\/\/www.instagram.com\/udecaldas\/"]}]}},"_links":{"self":[{"href":"https:\/\/www.ucaldas.edu.co\/portal\/wp-json\/wp\/v2\/pages\/71197","targetHints":{"allow":["GET"]}}],"collection":[{"href":"https:\/\/www.ucaldas.edu.co\/portal\/wp-json\/wp\/v2\/pages"}],"about":[{"href":"https:\/\/www.ucaldas.edu.co\/portal\/wp-json\/wp\/v2\/types\/page"}],"author":[{"embeddable":true,"href":"https:\/\/www.ucaldas.edu.co\/portal\/wp-json\/wp\/v2\/users\/1"}],"replies":[{"embeddable":true,"href":"https:\/\/www.ucaldas.edu.co\/portal\/wp-json\/wp\/v2\/comments?post=71197"}],"version-history":[{"count":11,"href":"https:\/\/www.ucaldas.edu.co\/portal\/wp-json\/wp\/v2\/pages\/71197\/revisions"}],"predecessor-version":[{"id":103929,"href":"https:\/\/www.ucaldas.edu.co\/portal\/wp-json\/wp\/v2\/pages\/71197\/revisions\/103929"}],"up":[{"embeddable":true,"href":"https:\/\/www.ucaldas.edu.co\/portal\/wp-json\/wp\/v2\/pages\/71142"}],"wp:attachment":[{"href":"https:\/\/www.ucaldas.edu.co\/portal\/wp-json\/wp\/v2\/media?parent=71197"}],"curies":[{"name":"wp","href":"https:\/\/api.w.org\/{rel}","templated":true}]}}