{"id":71136,"date":"2022-08-01T20:58:24","date_gmt":"2022-08-01T20:58:24","guid":{"rendered":"https:\/\/www.ucaldas.edu.co\/portal\/?page_id=71136"},"modified":"2026-03-18T14:31:22","modified_gmt":"2026-03-18T19:31:22","slug":"secretaria-general-gaceta-normativa","status":"publish","type":"page","link":"https:\/\/www.ucaldas.edu.co\/portal\/secretaria-general-gaceta-normativa\/","title":{"rendered":"Secretar\u00eda General, Gaceta Normativa, Universidad de Caldas"},"content":{"rendered":"<div class=\"wpb-content-wrapper\"><p>[vc_row][vc_column][vc_empty_space height=\u00bb60&#8243;][vc_custom_heading text=\u00bbGaceta Normativa\u00bb google_fonts=\u00bbfont_family:Roboto%3A100%2C100italic%2C300%2C300italic%2Cregular%2Citalic%2C500%2C500italic%2C700%2C700italic%2C900%2C900italic|font_style:900%20bold%20regular%3A900%3Anormal\u00bb][\/vc_column][\/vc_row][vc_row][vc_column][vc_column_text]<a href=\"https:\/\/www.ucaldas.edu.co\/portal\/secretaria-general-consejo-superior-y-academico\/\">&lt;&lt; Regresar a Consejo Superior y Acad\u00e9mico<\/a>[\/vc_column_text][\/vc_column][\/vc_row][vc_row][vc_column][vc_column_text]En este espacio podr\u00e1n encontrar informaci\u00f3n relacionada a todas las\u00a0normas\u00a0jur\u00eddicas expedidas por el Consejo Acad\u00e9mico\u00a0y Consejo Superior, en est\u00e1 gaceta contiene el listado de Acuerdos expedidos\u00a0por dichas corporaciones\u00a0durante cada mes del a\u00f1o, con el respectivo enlace para su consulta.[\/vc_column_text][\/vc_column][\/vc_row][vc_row][vc_column][vc_custom_heading text=\u00bb2025&#8243; font_container=\u00bbtag:h3|text_align:left\u00bb google_fonts=\u00bbfont_family:Roboto%3A100%2C100italic%2C300%2C300italic%2Cregular%2Citalic%2C500%2C500italic%2C700%2C700italic%2C900%2C900italic|font_style:900%20bold%20regular%3A900%3Anormal\u00bb css=\u00bb\u00bb][vc_column_text css=\u00bb\u00bb]<\/p>\n<ul>\n<li><a href=\"https:\/\/www.ucaldas.edu.co\/portal\/wp-content\/uploads\/2026\/03\/Gaceta-normativa-Cuarto-Semestre-2025.pdf\" target=\"_blank\" rel=\"noopener\">Gaceta normativa cuarto trimestre 2025<\/a><\/li>\n<li><a href=\"https:\/\/www.ucaldas.edu.co\/portal\/wp-content\/uploads\/2025\/12\/Gaceta-normativa-Tercer-trimestre-2025.pdf\" target=\"_blank\" rel=\"noopener\">Gaceta normativa tercer trimestre 2025<\/a><\/li>\n<li><a href=\"https:\/\/www.ucaldas.edu.co\/portal\/wp-content\/uploads\/2025\/08\/Gaceta-normativa-Segundo-trimestre-2025.pdf\" target=\"_blank\" rel=\"noopener\">Gaceta normativa segundo trimestre 2025<\/a><\/li>\n<li><a href=\"https:\/\/www.ucaldas.edu.co\/portal\/wp-content\/uploads\/2025\/04\/Gaceta-normativa-Primer-trimestre-2025.pdf\" target=\"_blank\" rel=\"noopener\">Gaceta normativa primer trimestre 2025<\/a><\/li>\n<\/ul>\n<p>[\/vc_column_text][vc_custom_heading text=\u00bb2024&#8243; font_container=\u00bbtag:h3|text_align:left\u00bb google_fonts=\u00bbfont_family:Roboto%3A100%2C100italic%2C300%2C300italic%2Cregular%2Citalic%2C500%2C500italic%2C700%2C700italic%2C900%2C900italic|font_style:900%20bold%20regular%3A900%3Anormal\u00bb][vc_column_text]<\/p>\n<ul>\n<li><a href=\"https:\/\/www.ucaldas.edu.co\/portal\/wp-content\/uploads\/2025\/02\/Gaceta-normativa-Cuarto-trimestre-2024-Diciembre.pdf\" target=\"_blank\" rel=\"noopener\">Gaceta normativa cuarto trimestre 2024<\/a><\/li>\n<li><a href=\"https:\/\/www.ucaldas.edu.co\/portal\/wp-content\/uploads\/2024\/11\/Gaceta-normativa-Tercer-trimestre-2024-octubre.pdf\" target=\"_blank\" rel=\"noopener\">Gaceta normativa tercer trimestre 2024<\/a><\/li>\n<li><a href=\"https:\/\/www.ucaldas.edu.co\/portal\/wp-content\/uploads\/2024\/07\/Gaceta-normativa-segundo-trimestre-2024.pdf\" target=\"_blank\" rel=\"noopener\">Gaceta normativa segundo trimestre 2024<\/a><\/li>\n<li><a href=\"https:\/\/www.ucaldas.edu.co\/portal\/wp-content\/uploads\/2024\/05\/Gaceta-normativa-primer-trimestre-2024-abril.pdf\" target=\"_blank\" rel=\"noopener\">Gaceta normativa primer trimestre 2024<\/a><\/li>\n<\/ul>\n<p>[\/vc_column_text][vc_custom_heading text=\u00bb2023&#8243; font_container=\u00bbtag:h3|text_align:left\u00bb google_fonts=\u00bbfont_family:Roboto%3A100%2C100italic%2C300%2C300italic%2Cregular%2Citalic%2C500%2C500italic%2C700%2C700italic%2C900%2C900italic|font_style:900%20bold%20regular%3A900%3Anormal\u00bb][vc_column_text]<\/p>\n<ul>\n<li><a href=\"https:\/\/www.ucaldas.edu.co\/portal\/wp-content\/uploads\/2024\/01\/Gaceta-normativa-cuatro-trimestre-2023-Diciembre_compressed.pdf\" target=\"_blank\" rel=\"noopener\">Gaceta normativa cuarto trimestre 2023<\/a><\/li>\n<li><a href=\"https:\/\/www.ucaldas.edu.co\/portal\/wp-content\/uploads\/2023\/10\/Gaceta-normativa-tercer-trimestre-2023-octubre-2023.pdf\" target=\"_blank\" rel=\"noopener\">Gaceta normativa tercer trimestre 2023<\/a><\/li>\n<li><a href=\"https:\/\/www.ucaldas.edu.co\/portal\/wp-content\/uploads\/2023\/07\/Gaceta-normativa-segundo-trimestre-2023-Julio-2023.pdf\" target=\"_blank\" rel=\"noopener\">Gaceta normativa segundo trimestre 2023<\/a><\/li>\n<li><a href=\"https:\/\/www.ucaldas.edu.co\/portal\/wp-content\/uploads\/2023\/04\/Gaceta-primer-trimestre-2023-Abril-2023.pdf\" target=\"_blank\" rel=\"noopener\">Gaceta normativa primer trimestre 2023<\/a><\/li>\n<\/ul>\n<p>[\/vc_column_text][vc_custom_heading text=\u00bb2022&#8243; font_container=\u00bbtag:h3|text_align:left\u00bb google_fonts=\u00bbfont_family:Roboto%3A100%2C100italic%2C300%2C300italic%2Cregular%2Citalic%2C500%2C500italic%2C700%2C700italic%2C900%2C900italic|font_style:900%20bold%20regular%3A900%3Anormal\u00bb][vc_column_text]<\/p>\n<ul>\n<li><a href=\"https:\/\/www.ucaldas.edu.co\/portal\/wp-content\/uploads\/2022\/12\/Gaceta-informativa-secretaria-general-Dic-2022.pdf\" target=\"_blank\" rel=\"noopener\">Gaceta normativa diciembre 2022<\/a><\/li>\n<li><a href=\"https:\/\/www.ucaldas.edu.co\/portal\/wp-content\/uploads\/2022\/12\/Gaceta-normativa-Dic-2022.pdf\" target=\"_blank\" rel=\"noopener\">Gaceta normativa noviembre 2022<\/a><\/li>\n<li><a href=\"https:\/\/www.ucaldas.edu.co\/portal\/wp-content\/uploads\/2022\/12\/10.-Octubre_compressed.pdf\" target=\"_blank\" rel=\"noopener\">Gaceta normativa octubre 2022<\/a><\/li>\n<li><a href=\"https:\/\/www.ucaldas.edu.co\/portal\/wp-content\/uploads\/2022\/12\/9.-Septiembre_compressed.pdf\" target=\"_blank\" rel=\"noopener\">Gaceta normativa septiembre 2022<\/a><\/li>\n<li><a href=\"https:\/\/www.ucaldas.edu.co\/portal\/wp-content\/uploads\/2022\/12\/8.-Agosto_compressed.pdf\" target=\"_blank\" rel=\"noopener\">Gaceta normativa agosto 2022<\/a><\/li>\n<li><a href=\"https:\/\/www.ucaldas.edu.co\/portal\/wp-content\/uploads\/2022\/12\/7.-Julio_compressed.pdf\" target=\"_blank\" rel=\"noopener\">Gaceta normativa julio 2022<\/a><\/li>\n<li><a href=\"https:\/\/www.ucaldas.edu.co\/portal\/wp-content\/uploads\/2022\/12\/6.-Junio_compressed.pdf\" target=\"_blank\" rel=\"noopener\">Gaceta normativa junio 2022<\/a><\/li>\n<li><a href=\"https:\/\/www.ucaldas.edu.co\/portal\/wp-content\/uploads\/2022\/12\/5.-Mayo_compressed.pdf\" target=\"_blank\" rel=\"noopener\">Gaceta normativa mayo 2022<\/a><\/li>\n<li><a href=\"https:\/\/www.ucaldas.edu.co\/portal\/wp-content\/uploads\/2022\/12\/4.-Abril_compressed.pdf\" target=\"_blank\" rel=\"noopener\">Gaceta normativa abril 2022<\/a><\/li>\n<li><a href=\"https:\/\/www.ucaldas.edu.co\/portal\/wp-content\/uploads\/2022\/12\/3.-Marzo_compressed.pdf\" target=\"_blank\" rel=\"noopener\">Gaceta normativa marzo 2022<\/a><\/li>\n<li><a href=\"https:\/\/www.ucaldas.edu.co\/portal\/wp-content\/uploads\/2022\/12\/2.-Febrero_compressed.pdf\" target=\"_blank\" rel=\"noopener\">Gaceta normativa febrero 2022<\/a><\/li>\n<li><a href=\"https:\/\/www.ucaldas.edu.co\/portal\/wp-content\/uploads\/2022\/12\/1.-Enero-comprimido.pdf\" target=\"_blank\" rel=\"noopener\">Gaceta normativa enero 2022<\/a><\/li>\n<\/ul>\n<p>[\/vc_column_text][\/vc_column][\/vc_row]<\/p>\n<\/div>","protected":false},"excerpt":{"rendered":"<p>[vc_row][vc_column][vc_empty_space height=\u00bb60&#8243;][vc_custom_heading text=\u00bbGaceta Normativa\u00bb google_fonts=\u00bbfont_family:Roboto%3A100%2C100italic%2C300%2C300italic%2Cregular%2Citalic%2C500%2C500italic%2C700%2C700italic%2C900%2C900italic|font_style:900%20bold%20regular%3A900%3Anormal\u00bb][\/vc_column][\/vc_row][vc_row][vc_column][vc_column_text]&lt;&lt; Regresar a Consejo Superior y Acad\u00e9mico[\/vc_column_text][\/vc_column][\/vc_row][vc_row][vc_column][vc_column_text]En este espacio podr\u00e1n encontrar informaci\u00f3n relacionada a todas las\u00a0normas\u00a0jur\u00eddicas expedidas por el Consejo Acad\u00e9mico\u00a0y Consejo Superior, en est\u00e1 gaceta contiene el listado de Acuerdos expedidos\u00a0por dichas corporaciones\u00a0durante cada mes del a\u00f1o, con el respectivo enlace para su consulta.[\/vc_column_text][\/vc_column][\/vc_row][vc_row][vc_column][vc_custom_heading text=\u00bb2025&#8243; font_container=\u00bbtag:h3|text_align:left\u00bb google_fonts=\u00bbfont_family:Roboto%3A100%2C100italic%2C300%2C300italic%2Cregular%2Citalic%2C500%2C500italic%2C700%2C700italic%2C900%2C900italic|font_style:900%20bold%20regular%3A900%3Anormal\u00bb css=\u00bb\u00bb][vc_column_text css=\u00bb\u00bb] Gaceta [&hellip;]<\/p>\n","protected":false},"author":1,"featured_media":0,"parent":0,"menu_order":0,"comment_status":"closed","ping_status":"closed","template":"","meta":{"footnotes":""},"class_list":["post-71136","page","type-page","status-publish","hentry"],"yoast_head":"<!-- This site is optimized with the Yoast SEO plugin v27.4 - https:\/\/yoast.com\/product\/yoast-seo-wordpress\/ -->\n<title>Secretar\u00eda General, Gaceta Normativa, Universidad de Caldas<\/title>\n<meta name=\"description\" content=\"En este espacio podr\u00e1n encontrar informaci\u00f3n relacionada a todas las\u00a0normas\u00a0jur\u00eddicas expedidas por el Consejo Acad\u00e9mico\u00a0y Consejo Superior.\" \/>\n<meta name=\"robots\" content=\"index, follow, max-snippet:-1, max-image-preview:large, max-video-preview:-1\" \/>\n<link rel=\"canonical\" href=\"https:\/\/www.ucaldas.edu.co\/portal\/secretaria-general-gaceta-normativa\/\" \/>\n<script type=\"application\/ld+json\" class=\"yoast-schema-graph\">{\"@context\":\"https:\\\/\\\/schema.org\",\"@graph\":[{\"@type\":\"WebPage\",\"@id\":\"https:\\\/\\\/www.ucaldas.edu.co\\\/portal\\\/secretaria-general-gaceta-normativa\\\/\",\"url\":\"https:\\\/\\\/www.ucaldas.edu.co\\\/portal\\\/secretaria-general-gaceta-normativa\\\/\",\"name\":\"Secretar\u00eda General, Gaceta Normativa, Universidad de Caldas\",\"isPartOf\":{\"@id\":\"https:\\\/\\\/www.ucaldas.edu.co\\\/portal\\\/#website\"},\"datePublished\":\"2022-08-01T20:58:24+00:00\",\"dateModified\":\"2026-03-18T19:31:22+00:00\",\"description\":\"En este espacio podr\u00e1n encontrar informaci\u00f3n relacionada a todas las\u00a0normas\u00a0jur\u00eddicas expedidas por el Consejo Acad\u00e9mico\u00a0y Consejo Superior.\",\"breadcrumb\":{\"@id\":\"https:\\\/\\\/www.ucaldas.edu.co\\\/portal\\\/secretaria-general-gaceta-normativa\\\/#breadcrumb\"},\"inLanguage\":\"es\",\"potentialAction\":[{\"@type\":\"ReadAction\",\"target\":[\"https:\\\/\\\/www.ucaldas.edu.co\\\/portal\\\/secretaria-general-gaceta-normativa\\\/\"]}]},{\"@type\":\"BreadcrumbList\",\"@id\":\"https:\\\/\\\/www.ucaldas.edu.co\\\/portal\\\/secretaria-general-gaceta-normativa\\\/#breadcrumb\",\"itemListElement\":[{\"@type\":\"ListItem\",\"position\":1,\"name\":\"Portada\",\"item\":\"https:\\\/\\\/www.ucaldas.edu.co\\\/portal\\\/\"},{\"@type\":\"ListItem\",\"position\":2,\"name\":\"Secretar\u00eda General, Gaceta Normativa, Universidad de Caldas\"}]},{\"@type\":\"WebSite\",\"@id\":\"https:\\\/\\\/www.ucaldas.edu.co\\\/portal\\\/#website\",\"url\":\"https:\\\/\\\/www.ucaldas.edu.co\\\/portal\\\/\",\"name\":\"Universidad de Caldas\",\"description\":\"\",\"publisher\":{\"@id\":\"https:\\\/\\\/www.ucaldas.edu.co\\\/portal\\\/#organization\"},\"alternateName\":\"U. de Caldas\",\"potentialAction\":[{\"@type\":\"SearchAction\",\"target\":{\"@type\":\"EntryPoint\",\"urlTemplate\":\"https:\\\/\\\/www.ucaldas.edu.co\\\/portal\\\/?s={search_term_string}\"},\"query-input\":{\"@type\":\"PropertyValueSpecification\",\"valueRequired\":true,\"valueName\":\"search_term_string\"}}],\"inLanguage\":\"es\"},{\"@type\":\"Organization\",\"@id\":\"https:\\\/\\\/www.ucaldas.edu.co\\\/portal\\\/#organization\",\"name\":\"Universidad de Caldas\",\"alternateName\":\"U. de Caldas\",\"url\":\"https:\\\/\\\/www.ucaldas.edu.co\\\/portal\\\/\",\"logo\":{\"@type\":\"ImageObject\",\"inLanguage\":\"es\",\"@id\":\"https:\\\/\\\/www.ucaldas.edu.co\\\/portal\\\/#\\\/schema\\\/logo\\\/image\\\/\",\"url\":\"https:\\\/\\\/www.ucaldas.edu.co\\\/portal\\\/wp-content\\\/uploads\\\/2023\\\/11\\\/Logo_horizontal_oscuroU-2023.png\",\"contentUrl\":\"https:\\\/\\\/www.ucaldas.edu.co\\\/portal\\\/wp-content\\\/uploads\\\/2023\\\/11\\\/Logo_horizontal_oscuroU-2023.png\",\"width\":263,\"height\":101,\"caption\":\"Universidad de Caldas\"},\"image\":{\"@id\":\"https:\\\/\\\/www.ucaldas.edu.co\\\/portal\\\/#\\\/schema\\\/logo\\\/image\\\/\"},\"sameAs\":[\"https:\\\/\\\/www.facebook.com\\\/udecaldas\",\"https:\\\/\\\/x.com\\\/udecaldas\",\"https:\\\/\\\/www.youtube.com\\\/universidadcaldas\",\"https:\\\/\\\/www.instagram.com\\\/udecaldas\\\/\"]}]}<\/script>\n<!-- \/ Yoast SEO plugin. -->","yoast_head_json":{"title":"Secretar\u00eda General, Gaceta Normativa, Universidad de Caldas","description":"En este espacio podr\u00e1n encontrar informaci\u00f3n relacionada a todas las\u00a0normas\u00a0jur\u00eddicas expedidas por el Consejo Acad\u00e9mico\u00a0y Consejo Superior.","robots":{"index":"index","follow":"follow","max-snippet":"max-snippet:-1","max-image-preview":"max-image-preview:large","max-video-preview":"max-video-preview:-1"},"canonical":"https:\/\/www.ucaldas.edu.co\/portal\/secretaria-general-gaceta-normativa\/","schema":{"@context":"https:\/\/schema.org","@graph":[{"@type":"WebPage","@id":"https:\/\/www.ucaldas.edu.co\/portal\/secretaria-general-gaceta-normativa\/","url":"https:\/\/www.ucaldas.edu.co\/portal\/secretaria-general-gaceta-normativa\/","name":"Secretar\u00eda General, Gaceta Normativa, Universidad de Caldas","isPartOf":{"@id":"https:\/\/www.ucaldas.edu.co\/portal\/#website"},"datePublished":"2022-08-01T20:58:24+00:00","dateModified":"2026-03-18T19:31:22+00:00","description":"En este espacio podr\u00e1n encontrar informaci\u00f3n relacionada a todas las\u00a0normas\u00a0jur\u00eddicas expedidas por el Consejo Acad\u00e9mico\u00a0y Consejo Superior.","breadcrumb":{"@id":"https:\/\/www.ucaldas.edu.co\/portal\/secretaria-general-gaceta-normativa\/#breadcrumb"},"inLanguage":"es","potentialAction":[{"@type":"ReadAction","target":["https:\/\/www.ucaldas.edu.co\/portal\/secretaria-general-gaceta-normativa\/"]}]},{"@type":"BreadcrumbList","@id":"https:\/\/www.ucaldas.edu.co\/portal\/secretaria-general-gaceta-normativa\/#breadcrumb","itemListElement":[{"@type":"ListItem","position":1,"name":"Portada","item":"https:\/\/www.ucaldas.edu.co\/portal\/"},{"@type":"ListItem","position":2,"name":"Secretar\u00eda General, Gaceta Normativa, Universidad de Caldas"}]},{"@type":"WebSite","@id":"https:\/\/www.ucaldas.edu.co\/portal\/#website","url":"https:\/\/www.ucaldas.edu.co\/portal\/","name":"Universidad de Caldas","description":"","publisher":{"@id":"https:\/\/www.ucaldas.edu.co\/portal\/#organization"},"alternateName":"U. de Caldas","potentialAction":[{"@type":"SearchAction","target":{"@type":"EntryPoint","urlTemplate":"https:\/\/www.ucaldas.edu.co\/portal\/?s={search_term_string}"},"query-input":{"@type":"PropertyValueSpecification","valueRequired":true,"valueName":"search_term_string"}}],"inLanguage":"es"},{"@type":"Organization","@id":"https:\/\/www.ucaldas.edu.co\/portal\/#organization","name":"Universidad de Caldas","alternateName":"U. de Caldas","url":"https:\/\/www.ucaldas.edu.co\/portal\/","logo":{"@type":"ImageObject","inLanguage":"es","@id":"https:\/\/www.ucaldas.edu.co\/portal\/#\/schema\/logo\/image\/","url":"https:\/\/www.ucaldas.edu.co\/portal\/wp-content\/uploads\/2023\/11\/Logo_horizontal_oscuroU-2023.png","contentUrl":"https:\/\/www.ucaldas.edu.co\/portal\/wp-content\/uploads\/2023\/11\/Logo_horizontal_oscuroU-2023.png","width":263,"height":101,"caption":"Universidad de Caldas"},"image":{"@id":"https:\/\/www.ucaldas.edu.co\/portal\/#\/schema\/logo\/image\/"},"sameAs":["https:\/\/www.facebook.com\/udecaldas","https:\/\/x.com\/udecaldas","https:\/\/www.youtube.com\/universidadcaldas","https:\/\/www.instagram.com\/udecaldas\/"]}]}},"_links":{"self":[{"href":"https:\/\/www.ucaldas.edu.co\/portal\/wp-json\/wp\/v2\/pages\/71136","targetHints":{"allow":["GET"]}}],"collection":[{"href":"https:\/\/www.ucaldas.edu.co\/portal\/wp-json\/wp\/v2\/pages"}],"about":[{"href":"https:\/\/www.ucaldas.edu.co\/portal\/wp-json\/wp\/v2\/types\/page"}],"author":[{"embeddable":true,"href":"https:\/\/www.ucaldas.edu.co\/portal\/wp-json\/wp\/v2\/users\/1"}],"replies":[{"embeddable":true,"href":"https:\/\/www.ucaldas.edu.co\/portal\/wp-json\/wp\/v2\/comments?post=71136"}],"version-history":[{"count":3,"href":"https:\/\/www.ucaldas.edu.co\/portal\/wp-json\/wp\/v2\/pages\/71136\/revisions"}],"predecessor-version":[{"id":103406,"href":"https:\/\/www.ucaldas.edu.co\/portal\/wp-json\/wp\/v2\/pages\/71136\/revisions\/103406"}],"wp:attachment":[{"href":"https:\/\/www.ucaldas.edu.co\/portal\/wp-json\/wp\/v2\/media?parent=71136"}],"curies":[{"name":"wp","href":"https:\/\/api.w.org\/{rel}","templated":true}]}}