{"id":71125,"date":"2022-08-01T20:46:46","date_gmt":"2022-08-01T20:46:46","guid":{"rendered":"https:\/\/www.ucaldas.edu.co\/portal\/?page_id=71125"},"modified":"2022-12-14T14:28:19","modified_gmt":"2022-12-14T14:28:19","slug":"secretaria-general-comunicados-circulares-y-constancias","status":"publish","type":"page","link":"https:\/\/www.ucaldas.edu.co\/portal\/secretaria-general-comunicados-circulares-y-constancias\/","title":{"rendered":"Secretar\u00eda General, Comunicados, Circulares y Constancias, Universidad de Caldas"},"content":{"rendered":"<div class=\"wpb-content-wrapper\"><p>[vc_row][vc_column][stm_title sep_enable=\u00bbtrue\u00bb title=\u00bbComunicados, Circulares y Constancias\u00bb][\/stm_title][\/vc_column][\/vc_row][vc_row][vc_column][vc_column_text]<a href=\"https:\/\/www.ucaldas.edu.co\/portal\/secretaria-general-consejo-superior-y-academico\/\">&lt;&lt; Regresar a Consejo Superior y Acad\u00e9mico<\/a>[\/vc_column_text][\/vc_column][\/vc_row][vc_row][vc_column][vc_tta_tabs style=\u00bbmodern\u00bb color=\u00bbblue\u00bb active_section=\u00bb1&#8243;][vc_tta_section title=\u00bbConsejo Superior\u00bb tab_id=\u00bb1659381276586-080ccd1f-017d\u00bb][vc_row_inner][vc_column_inner][stm_title title_tag=\u00bbh2&#8243; title=\u00bb2022&#8243;][\/stm_title][vc_column_text]<\/p>\n<ul>\n<li><a href=\"https:\/\/www.ucaldas.edu.co\/portal\/wp-content\/uploads\/2022\/12\/01-20-de-abril-2022_Comunicado-consulta-rector.pdf\" target=\"_blank\" rel=\"noopener\">Invitaci\u00f3n a votar en la consulta virtual del 20 de abril de 2022<\/a> (8 de abril de 2022)<\/li>\n<li><a href=\"https:\/\/www.ucaldas.edu.co\/portal\/wp-content\/uploads\/2022\/12\/02-5-de-mayo-2022_Comuncado-Consejo-Superior.pdf\" target=\"_blank\" rel=\"noopener\">Desarrollo del proceso eleccionario<\/a> (5 de mayo de 2022)<\/li>\n<li><a href=\"https:\/\/www.ucaldas.edu.co\/portal\/wp-content\/uploads\/2022\/12\/03-Agosto-2022_Comunicado-Linea-3-Cable-aereo.pdf\" target=\"_blank\" rel=\"noopener\">Avance negociaci\u00f3n entre la Universidad de Caldas e InfiManizales &#8211; L\u00ednea III del Cable A\u00e9reo de Manizales.<\/a> (4 de agosto de 2022)<\/li>\n<li><a href=\"https:\/\/www.ucaldas.edu.co\/portal\/wp-content\/uploads\/2022\/12\/04-Agosto-2022_Comunicado-Linea-3-Cable-aereo.pdf\" target=\"_blank\" rel=\"noopener\">Informe avance negociaci\u00f3n entre la Universidad de Caldas e InfiManizales &#8211; L\u00ednea III del Cable A\u00e9reo de Manizales.<\/a> (26 de agosto de 2022)<\/li>\n<li><a href=\"https:\/\/www.ucaldas.edu.co\/portal\/wp-content\/uploads\/2022\/12\/05-22-Septiembre-2022_COMUNICADO-CSU.pdf\" target=\"_blank\" rel=\"noopener\">Publicaciones diario La Patria<\/a> (22 septiembre de 2022)<\/li>\n<li><a href=\"https:\/\/www.ucaldas.edu.co\/portal\/wp-content\/uploads\/2022\/12\/06-Septiembre-2022-PROCESO-ELECCIONARIO-2.pdf\" target=\"_blank\" rel=\"noopener\">Actualizar la informaci\u00f3n sobre el proceso eleccionario de Rector 2022-2026<\/a> (29 septiembre de 2022)<\/li>\n<li><a href=\"https:\/\/www.ucaldas.edu.co\/portal\/wp-content\/uploads\/2022\/12\/07-Octubre-de-2022_ACEPTACION-OFERTA-INFIMANIZALES.pdf\" target=\"_blank\" rel=\"noopener\">Aceptaci\u00f3n de la oferta propuesta por INFIMANIZALES &#8211; L\u00ednea III del Cable A\u00e9reo de Manizales.<\/a> (10 de octubre de 2022)<\/li>\n<li><a href=\"https:\/\/www.ucaldas.edu.co\/portal\/wp-content\/uploads\/2022\/12\/08-Comunicado-CS_-Abril-08-de-2022.pdf\" target=\"_blank\" rel=\"noopener\">Sobre la violencia y discriminaci\u00f3n en la Universidad de Caldas<\/a> (8 de abril de 2022)<\/li>\n<\/ul>\n<p>[\/vc_column_text][\/vc_column_inner][\/vc_row_inner][\/vc_tta_section][vc_tta_section title=\u00bbConsejo Acad\u00e9mico\u00bb tab_id=\u00bb1659381276602-99437a93-23a8&#8243;][vc_row_inner][vc_column_inner][stm_title title_tag=\u00bbh2&#8243; title=\u00bb2022&#8243;][\/stm_title][vc_column_text]<\/p>\n<ul>\n<li><a href=\"https:\/\/www.ucaldas.edu.co\/portal\/wp-content\/uploads\/2022\/12\/COMUNICADO-01-CONSEJO-ACADEMICO.pdf\">Prevenci\u00f3n contra las noticias falsas<\/a> (7 de abril de 2022)<\/li>\n<li><a href=\"https:\/\/www.ucaldas.edu.co\/portal\/wp-content\/uploads\/2022\/12\/COMUNICADO-02-CONSEJO-ACADEMICO.pdf\">Sobre el proceso eleccionario de rector de la Universidad de Caldas periodo 2022-2026<\/a> (8 de septiembre de 2022)<\/li>\n<li><a href=\"https:\/\/www.ucaldas.edu.co\/portal\/wp-content\/uploads\/2022\/12\/COMUNICADO-03-CONSEJO-ACADEMICO.pdf\">Deber de denuncia<\/a> (22 de septiembre de 2022)<\/li>\n<li><a href=\"https:\/\/www.ucaldas.edu.co\/portal\/wp-content\/uploads\/2022\/12\/Circular-sobre-guia-presencialidad-mediada-por-TIC-Directiva-No.-9-de-2022-Dic-2022.pdf\" target=\"_blank\" rel=\"noopener\">Gu\u00eda para el desarrollo de actividades acad\u00e9micas a trav\u00e9s de presencialidad mediada por tecnolog\u00edas de la informaci\u00f3n y la comunicaci\u00f3n \u2013 Directiva No. 9 de 2021 del MEN.<\/a> (17 de junio de 2022)<\/li>\n<\/ul>\n<p>[\/vc_column_text][\/vc_column_inner][\/vc_row_inner][\/vc_tta_section][\/vc_tta_tabs][\/vc_column][\/vc_row]<\/p>\n<\/div>","protected":false},"excerpt":{"rendered":"<p>[vc_row][vc_column][stm_title sep_enable=\u00bbtrue\u00bb title=\u00bbComunicados, Circulares y Constancias\u00bb][\/stm_title][\/vc_column][\/vc_row][vc_row][vc_column][vc_column_text]&lt;&lt; Regresar a Consejo Superior y Acad\u00e9mico[\/vc_column_text][\/vc_column][\/vc_row][vc_row][vc_column][vc_tta_tabs style=\u00bbmodern\u00bb color=\u00bbblue\u00bb active_section=\u00bb1&#8243;][vc_tta_section title=\u00bbConsejo Superior\u00bb tab_id=\u00bb1659381276586-080ccd1f-017d\u00bb][vc_row_inner][vc_column_inner][stm_title title_tag=\u00bbh2&#8243; title=\u00bb2022&#8243;][\/stm_title][vc_column_text] Invitaci\u00f3n a votar en la consulta virtual del 20 de abril de 2022 (8 de abril de 2022) Desarrollo del proceso eleccionario (5 de mayo de 2022) Avance negociaci\u00f3n entre la Universidad de Caldas e [&hellip;]<\/p>\n","protected":false},"author":1,"featured_media":0,"parent":0,"menu_order":0,"comment_status":"closed","ping_status":"closed","template":"","meta":{"footnotes":""},"class_list":["post-71125","page","type-page","status-publish","hentry"],"yoast_head":"<!-- This site is optimized with the Yoast SEO plugin v27.4 - https:\/\/yoast.com\/product\/yoast-seo-wordpress\/ -->\n<title>Secretar\u00eda General, Comunicados, Circulares y Constancias, Universidad de Caldas .<\/title>\n<meta name=\"robots\" content=\"index, follow, max-snippet:-1, max-image-preview:large, max-video-preview:-1\" \/>\n<link rel=\"canonical\" href=\"https:\/\/www.ucaldas.edu.co\/portal\/secretaria-general-comunicados-circulares-y-constancias\/\" \/>\n<script type=\"application\/ld+json\" class=\"yoast-schema-graph\">{\"@context\":\"https:\\\/\\\/schema.org\",\"@graph\":[{\"@type\":\"WebPage\",\"@id\":\"https:\\\/\\\/www.ucaldas.edu.co\\\/portal\\\/secretaria-general-comunicados-circulares-y-constancias\\\/\",\"url\":\"https:\\\/\\\/www.ucaldas.edu.co\\\/portal\\\/secretaria-general-comunicados-circulares-y-constancias\\\/\",\"name\":\"Secretar\u00eda General, Comunicados, Circulares y Constancias, Universidad de Caldas .\",\"isPartOf\":{\"@id\":\"https:\\\/\\\/www.ucaldas.edu.co\\\/portal\\\/#website\"},\"datePublished\":\"2022-08-01T20:46:46+00:00\",\"dateModified\":\"2022-12-14T14:28:19+00:00\",\"breadcrumb\":{\"@id\":\"https:\\\/\\\/www.ucaldas.edu.co\\\/portal\\\/secretaria-general-comunicados-circulares-y-constancias\\\/#breadcrumb\"},\"inLanguage\":\"es\",\"potentialAction\":[{\"@type\":\"ReadAction\",\"target\":[\"https:\\\/\\\/www.ucaldas.edu.co\\\/portal\\\/secretaria-general-comunicados-circulares-y-constancias\\\/\"]}]},{\"@type\":\"BreadcrumbList\",\"@id\":\"https:\\\/\\\/www.ucaldas.edu.co\\\/portal\\\/secretaria-general-comunicados-circulares-y-constancias\\\/#breadcrumb\",\"itemListElement\":[{\"@type\":\"ListItem\",\"position\":1,\"name\":\"Portada\",\"item\":\"https:\\\/\\\/www.ucaldas.edu.co\\\/portal\\\/\"},{\"@type\":\"ListItem\",\"position\":2,\"name\":\"Secretar\u00eda General, Comunicados, Circulares y Constancias, Universidad de Caldas\"}]},{\"@type\":\"WebSite\",\"@id\":\"https:\\\/\\\/www.ucaldas.edu.co\\\/portal\\\/#website\",\"url\":\"https:\\\/\\\/www.ucaldas.edu.co\\\/portal\\\/\",\"name\":\"Universidad de Caldas\",\"description\":\"\",\"publisher\":{\"@id\":\"https:\\\/\\\/www.ucaldas.edu.co\\\/portal\\\/#organization\"},\"alternateName\":\"U. de Caldas\",\"potentialAction\":[{\"@type\":\"SearchAction\",\"target\":{\"@type\":\"EntryPoint\",\"urlTemplate\":\"https:\\\/\\\/www.ucaldas.edu.co\\\/portal\\\/?s={search_term_string}\"},\"query-input\":{\"@type\":\"PropertyValueSpecification\",\"valueRequired\":true,\"valueName\":\"search_term_string\"}}],\"inLanguage\":\"es\"},{\"@type\":\"Organization\",\"@id\":\"https:\\\/\\\/www.ucaldas.edu.co\\\/portal\\\/#organization\",\"name\":\"Universidad de Caldas\",\"alternateName\":\"U. de Caldas\",\"url\":\"https:\\\/\\\/www.ucaldas.edu.co\\\/portal\\\/\",\"logo\":{\"@type\":\"ImageObject\",\"inLanguage\":\"es\",\"@id\":\"https:\\\/\\\/www.ucaldas.edu.co\\\/portal\\\/#\\\/schema\\\/logo\\\/image\\\/\",\"url\":\"https:\\\/\\\/www.ucaldas.edu.co\\\/portal\\\/wp-content\\\/uploads\\\/2023\\\/11\\\/Logo_horizontal_oscuroU-2023.png\",\"contentUrl\":\"https:\\\/\\\/www.ucaldas.edu.co\\\/portal\\\/wp-content\\\/uploads\\\/2023\\\/11\\\/Logo_horizontal_oscuroU-2023.png\",\"width\":263,\"height\":101,\"caption\":\"Universidad de Caldas\"},\"image\":{\"@id\":\"https:\\\/\\\/www.ucaldas.edu.co\\\/portal\\\/#\\\/schema\\\/logo\\\/image\\\/\"},\"sameAs\":[\"https:\\\/\\\/www.facebook.com\\\/udecaldas\",\"https:\\\/\\\/x.com\\\/udecaldas\",\"https:\\\/\\\/www.youtube.com\\\/universidadcaldas\",\"https:\\\/\\\/www.instagram.com\\\/udecaldas\\\/\"]}]}<\/script>\n<!-- \/ Yoast SEO plugin. -->","yoast_head_json":{"title":"Secretar\u00eda General, Comunicados, Circulares y Constancias, Universidad de Caldas .","robots":{"index":"index","follow":"follow","max-snippet":"max-snippet:-1","max-image-preview":"max-image-preview:large","max-video-preview":"max-video-preview:-1"},"canonical":"https:\/\/www.ucaldas.edu.co\/portal\/secretaria-general-comunicados-circulares-y-constancias\/","schema":{"@context":"https:\/\/schema.org","@graph":[{"@type":"WebPage","@id":"https:\/\/www.ucaldas.edu.co\/portal\/secretaria-general-comunicados-circulares-y-constancias\/","url":"https:\/\/www.ucaldas.edu.co\/portal\/secretaria-general-comunicados-circulares-y-constancias\/","name":"Secretar\u00eda General, Comunicados, Circulares y Constancias, Universidad de Caldas .","isPartOf":{"@id":"https:\/\/www.ucaldas.edu.co\/portal\/#website"},"datePublished":"2022-08-01T20:46:46+00:00","dateModified":"2022-12-14T14:28:19+00:00","breadcrumb":{"@id":"https:\/\/www.ucaldas.edu.co\/portal\/secretaria-general-comunicados-circulares-y-constancias\/#breadcrumb"},"inLanguage":"es","potentialAction":[{"@type":"ReadAction","target":["https:\/\/www.ucaldas.edu.co\/portal\/secretaria-general-comunicados-circulares-y-constancias\/"]}]},{"@type":"BreadcrumbList","@id":"https:\/\/www.ucaldas.edu.co\/portal\/secretaria-general-comunicados-circulares-y-constancias\/#breadcrumb","itemListElement":[{"@type":"ListItem","position":1,"name":"Portada","item":"https:\/\/www.ucaldas.edu.co\/portal\/"},{"@type":"ListItem","position":2,"name":"Secretar\u00eda General, Comunicados, Circulares y Constancias, Universidad de Caldas"}]},{"@type":"WebSite","@id":"https:\/\/www.ucaldas.edu.co\/portal\/#website","url":"https:\/\/www.ucaldas.edu.co\/portal\/","name":"Universidad de Caldas","description":"","publisher":{"@id":"https:\/\/www.ucaldas.edu.co\/portal\/#organization"},"alternateName":"U. de Caldas","potentialAction":[{"@type":"SearchAction","target":{"@type":"EntryPoint","urlTemplate":"https:\/\/www.ucaldas.edu.co\/portal\/?s={search_term_string}"},"query-input":{"@type":"PropertyValueSpecification","valueRequired":true,"valueName":"search_term_string"}}],"inLanguage":"es"},{"@type":"Organization","@id":"https:\/\/www.ucaldas.edu.co\/portal\/#organization","name":"Universidad de Caldas","alternateName":"U. de Caldas","url":"https:\/\/www.ucaldas.edu.co\/portal\/","logo":{"@type":"ImageObject","inLanguage":"es","@id":"https:\/\/www.ucaldas.edu.co\/portal\/#\/schema\/logo\/image\/","url":"https:\/\/www.ucaldas.edu.co\/portal\/wp-content\/uploads\/2023\/11\/Logo_horizontal_oscuroU-2023.png","contentUrl":"https:\/\/www.ucaldas.edu.co\/portal\/wp-content\/uploads\/2023\/11\/Logo_horizontal_oscuroU-2023.png","width":263,"height":101,"caption":"Universidad de Caldas"},"image":{"@id":"https:\/\/www.ucaldas.edu.co\/portal\/#\/schema\/logo\/image\/"},"sameAs":["https:\/\/www.facebook.com\/udecaldas","https:\/\/x.com\/udecaldas","https:\/\/www.youtube.com\/universidadcaldas","https:\/\/www.instagram.com\/udecaldas\/"]}]}},"_links":{"self":[{"href":"https:\/\/www.ucaldas.edu.co\/portal\/wp-json\/wp\/v2\/pages\/71125","targetHints":{"allow":["GET"]}}],"collection":[{"href":"https:\/\/www.ucaldas.edu.co\/portal\/wp-json\/wp\/v2\/pages"}],"about":[{"href":"https:\/\/www.ucaldas.edu.co\/portal\/wp-json\/wp\/v2\/types\/page"}],"author":[{"embeddable":true,"href":"https:\/\/www.ucaldas.edu.co\/portal\/wp-json\/wp\/v2\/users\/1"}],"replies":[{"embeddable":true,"href":"https:\/\/www.ucaldas.edu.co\/portal\/wp-json\/wp\/v2\/comments?post=71125"}],"version-history":[{"count":0,"href":"https:\/\/www.ucaldas.edu.co\/portal\/wp-json\/wp\/v2\/pages\/71125\/revisions"}],"wp:attachment":[{"href":"https:\/\/www.ucaldas.edu.co\/portal\/wp-json\/wp\/v2\/media?parent=71125"}],"curies":[{"name":"wp","href":"https:\/\/api.w.org\/{rel}","templated":true}]}}