{"id":71112,"date":"2022-08-01T20:04:05","date_gmt":"2022-08-01T20:04:05","guid":{"rendered":"https:\/\/www.ucaldas.edu.co\/portal\/?page_id=71112"},"modified":"2025-08-22T11:44:41","modified_gmt":"2025-08-22T16:44:41","slug":"secretaria-general-consejo-superior-y-academico","status":"publish","type":"page","link":"https:\/\/www.ucaldas.edu.co\/portal\/secretaria-general\/secretaria-general-consejo-superior-y-academico\/","title":{"rendered":"Consejo Superior y Acad\u00e9mico"},"content":{"rendered":"<div class=\"wpb-content-wrapper\"><p>[vc_row][vc_column][vc_column_text]<\/p>\n<p style=\"font-weight: 400;\">En el presente espacio podr\u00e1n consultar la Comunidad Universitaria y la Comunidad en general, las normas m\u00e1s relevantes y expedidas por los Consejo Superior y Consejo Acad\u00e9mico.<\/p>\n<p>Conozca los <strong>miembros del consejo superior<\/strong> haciendo clic <span style=\"font-size: 12pt;\"><a href=\"https:\/\/www.ucaldas.edu.co\/portal\/consejo-superior\/\" target=\"_blank\" rel=\"noopener\"><strong>aqu\u00ed<\/strong><\/a><\/span>.[\/vc_column_text][\/vc_column][\/vc_row][vc_row css=\u00bb.vc_custom_1647606484836{padding: 5px !important;}\u00bb][vc_column width=\u00bb1\/3&#8243;][stm_single_image img_alignment=\u00bbcenter\u00bb img_responsive_enable=\u00bbtrue\u00bb img_id=\u00bb73970&#8243;][stm_btn_simple btn_style=\u00bbflat\u00bb btn_color=\u00bbblue\u00bb btn_size=\u00bbsize-custom\u00bb btn_icon_hspace=\u00bb5px\u00bb btn_alignment=\u00bbcenter\u00bb btn_link=\u00bburl:https%3A%2F%2Fwww.ucaldas.edu.co%2Fportal%2Fsecretaria-general-estatutos-reglamentos-y-politicas%2F|title:Estatutos%2C%20Reglamentos%20y%20Pol%C3%ADticas||\u00bb btn_link_text=\u00bbEstatutos, Reglamentos y Pol\u00edticas\u00bb btn_custom_width=\u00bb100%\u00bb btn_custom_text_size=\u00bb15px\u00bb btn_custom_height=\u00bb42px\u00bb][\/vc_column][vc_column width=\u00bb1\/3&#8243;][stm_single_image img_alignment=\u00bbcenter\u00bb img_responsive_enable=\u00bbtrue\u00bb img_id=\u00bb73969&#8243;][stm_btn_simple btn_style=\u00bbflat\u00bb btn_color=\u00bbblue\u00bb btn_size=\u00bbsize-custom\u00bb btn_icon_hspace=\u00bb5px\u00bb btn_alignment=\u00bbcenter\u00bb btn_link=\u00bburl:https%3A%2F%2Fwww.ucaldas.edu.co%2Fportal%2Fsecretaria-general-comunicados-circulares-y-constancias%2F|||\u00bb btn_link_text=\u00bbComunicados, Circulares y Constancias\u00bb btn_custom_width=\u00bb100%\u00bb btn_custom_text_size=\u00bb14px\u00bb btn_custom_height=\u00bb42px\u00bb][\/vc_column][vc_column width=\u00bb1\/3&#8243;][stm_single_image img_alignment=\u00bbcenter\u00bb img_responsive_enable=\u00bbtrue\u00bb img_id=\u00bb73973&#8243;][stm_btn_simple btn_style=\u00bbflat\u00bb btn_color=\u00bbblue\u00bb btn_size=\u00bbsize-custom\u00bb btn_icon_hspace=\u00bb5px\u00bb btn_alignment=\u00bbcenter\u00bb btn_link=\u00bburl:https%3A%2F%2Fwww.ucaldas.edu.co%2Fportal%2Fsecretaria-general-proyectos-de-normativas-aportes-de-la-comunidad-universitaria%2F|||\u00bb btn_link_text=\u00bbProyectos normativas\/Aportes Comunidad Universitaria\u00bb btn_custom_width=\u00bb100%\u00bb btn_custom_text_size=\u00bb10px\u00bb btn_custom_height=\u00bb42px\u00bb][\/vc_column][\/vc_row][vc_row css=\u00bb.vc_custom_1647606484836{padding: 5px !important;}\u00bb][vc_column width=\u00bb1\/4&#8243;][\/vc_column][vc_column width=\u00bb1\/4&#8243;][stm_single_image img_alignment=\u00bbcenter\u00bb img_responsive_enable=\u00bbtrue\u00bb img_id=\u00bb73971&#8243; css=\u00bb.vc_custom_1669933796296{margin-top: 5px !important;}\u00bb][stm_btn_simple btn_style=\u00bbflat\u00bb btn_color=\u00bbblue\u00bb btn_size=\u00bbsize-custom\u00bb btn_icon_hspace=\u00bb5px\u00bb btn_alignment=\u00bbcenter\u00bb btn_link=\u00bburl:https%3A%2F%2Fwww.ucaldas.edu.co%2Fportal%2Fsecretaria-general-gaceta-normativa%2F|||\u00bb btn_link_text=\u00bbGaceta Normativa\u00bb btn_custom_width=\u00bb100%\u00bb btn_custom_text_size=\u00bb15px\u00bb btn_custom_height=\u00bb42px\u00bb][\/vc_column][vc_column width=\u00bb1\/4&#8243;][stm_single_image img_alignment=\u00bbcenter\u00bb img_responsive_enable=\u00bbtrue\u00bb img_id=\u00bb73972&#8243; css=\u00bb.vc_custom_1669933806464{margin-top: 5px !important;}\u00bb][stm_btn_simple btn_style=\u00bbflat\u00bb btn_color=\u00bbblue\u00bb btn_size=\u00bbsize-custom\u00bb btn_icon_hspace=\u00bb5px\u00bb btn_alignment=\u00bbcenter\u00bb btn_link=\u00bburl:https%3A%2F%2Fwww.ucaldas.edu.co%2Fportal%2Fnormograma%2F|title:Normograma|target:%20_blank|\u00bb btn_link_text=\u00bbNormograma\u00bb btn_custom_width=\u00bb100%\u00bb btn_custom_text_size=\u00bb15px\u00bb btn_custom_height=\u00bb42px\u00bb][\/vc_column][vc_column width=\u00bb1\/4&#8243;][\/vc_column][\/vc_row][vc_row disable_element=\u00bbyes\u00bb css=\u00bb.vc_custom_1669933314198{padding-top: 5px !important;padding-right: 5px !important;padding-bottom: 5px !important;padding-left: 5px !important;}\u00bb][vc_column width=\u00bb1\/3&#8243;][stm_single_image img_alignment=\u00bbcenter\u00bb img_responsive_enable=\u00bbtrue\u00bb img_id=\u00bb71784&#8243;][stm_btn_simple btn_style=\u00bbflat\u00bb btn_color=\u00bbblue\u00bb btn_size=\u00bbsize-custom\u00bb btn_icon_hspace=\u00bb5px\u00bb btn_alignment=\u00bbcenter\u00bb btn_link=\u00bburl:https%3A%2F%2Fwww.ucaldas.edu.co%2Fportal%2Fsecretaria-general-estatutos-reglamentos-y-politicas%2F|title:Estatutos%2C%20Reglamentos%20y%20Pol%C3%ADticas||\u00bb btn_link_text=\u00bbEstatutos, Reglamentos y Pol\u00edticas\u00bb btn_custom_width=\u00bb100%\u00bb btn_custom_text_size=\u00bb15px\u00bb btn_custom_height=\u00bb42px\u00bb][stm_single_image img_alignment=\u00bbcenter\u00bb img_responsive_enable=\u00bbtrue\u00bb img_id=\u00bb71784&#8243; css=\u00bb.vc_custom_1660831438201{margin-top: 5px !important;}\u00bb][stm_btn_simple btn_style=\u00bbflat\u00bb btn_color=\u00bbblue\u00bb btn_size=\u00bbsize-custom\u00bb btn_icon_hspace=\u00bb5px\u00bb btn_alignment=\u00bbcenter\u00bb btn_link=\u00bburl:https%3A%2F%2Fwww.ucaldas.edu.co%2Fportal%2Fsecretaria-general-gaceta-normativa%2F|||\u00bb btn_link_text=\u00bbGaceta Normativa\u00bb btn_custom_width=\u00bb100%\u00bb btn_custom_text_size=\u00bb15px\u00bb btn_custom_height=\u00bb42px\u00bb][\/vc_column][vc_column width=\u00bb1\/3&#8243;][stm_single_image img_alignment=\u00bbcenter\u00bb img_responsive_enable=\u00bbtrue\u00bb img_id=\u00bb71784&#8243;][stm_btn_simple btn_style=\u00bbflat\u00bb btn_color=\u00bbblue\u00bb btn_size=\u00bbsize-custom\u00bb btn_icon_hspace=\u00bb5px\u00bb btn_alignment=\u00bbcenter\u00bb btn_link=\u00bburl:https%3A%2F%2Fwww.ucaldas.edu.co%2Fportal%2Fsecretaria-general-comunicados-circulares-y-constancias%2F|||\u00bb btn_link_text=\u00bbComunicados, Circulares y Constancias\u00bb btn_custom_width=\u00bb100%\u00bb btn_custom_text_size=\u00bb14px\u00bb btn_custom_height=\u00bb42px\u00bb][stm_single_image img_alignment=\u00bbcenter\u00bb img_responsive_enable=\u00bbtrue\u00bb img_id=\u00bb71784&#8243; css=\u00bb.vc_custom_1660831445288{margin-top: 5px !important;}\u00bb][stm_btn_simple btn_style=\u00bbflat\u00bb btn_color=\u00bbblue\u00bb btn_size=\u00bbsize-custom\u00bb btn_icon_hspace=\u00bb5px\u00bb btn_alignment=\u00bbcenter\u00bb btn_link=\u00bburl:https%3A%2F%2Fwww.ucaldas.edu.co%2Fportal%2Fsecretaria-general-proyectos-de-normativas-aportes-de-la-comunidad-universitaria%2F|||\u00bb btn_link_text=\u00bbProyectos normativas\/Aportes Comunidad Universitaria\u00bb btn_custom_width=\u00bb100%\u00bb btn_custom_text_size=\u00bb12px\u00bb btn_custom_height=\u00bb42px\u00bb][\/vc_column][vc_column width=\u00bb1\/3&#8243;][stm_single_image img_alignment=\u00bbcenter\u00bb img_responsive_enable=\u00bbtrue\u00bb img_id=\u00bb71784&#8243;][stm_btn_simple btn_style=\u00bbflat\u00bb btn_color=\u00bbblue\u00bb btn_size=\u00bbsize-custom\u00bb btn_icon_hspace=\u00bb5px\u00bb btn_alignment=\u00bbcenter\u00bb btn_link=\u00bburl:http%3A%2F%2Fsig.ucaldas.edu.co%2FgestionDocumental%2FnormatividadControlador.php%3Faccion%3DconsultarNormatividadConsulta%26tipo_normatividad%3DINTERNA%20|title:Normograma|target:%20_blank|\u00bb btn_link_text=\u00bbNormograma\u00bb btn_custom_width=\u00bb100%\u00bb btn_custom_text_size=\u00bb15px\u00bb btn_custom_height=\u00bb42px\u00bb][\/vc_column][\/vc_row]<\/p>\n<\/div>","protected":false},"excerpt":{"rendered":"<p>[vc_row][vc_column][vc_column_text] En el presente espacio podr\u00e1n consultar la Comunidad Universitaria y la Comunidad en general, las normas m\u00e1s relevantes y expedidas por los Consejo Superior y Consejo Acad\u00e9mico. Conozca los miembros del consejo superior haciendo clic aqu\u00ed.[\/vc_column_text][\/vc_column][\/vc_row][vc_row css=\u00bb.vc_custom_1647606484836{padding: 5px !important;}\u00bb][vc_column width=\u00bb1\/3&#8243;][stm_single_image img_alignment=\u00bbcenter\u00bb img_responsive_enable=\u00bbtrue\u00bb img_id=\u00bb73970&#8243;][stm_btn_simple btn_style=\u00bbflat\u00bb btn_color=\u00bbblue\u00bb btn_size=\u00bbsize-custom\u00bb btn_icon_hspace=\u00bb5px\u00bb btn_alignment=\u00bbcenter\u00bb btn_link=\u00bburl:https%3A%2F%2Fwww.ucaldas.edu.co%2Fportal%2Fsecretaria-general-estatutos-reglamentos-y-politicas%2F|title:Estatutos%2C%20Reglamentos%20y%20Pol%C3%ADticas||\u00bb btn_link_text=\u00bbEstatutos, Reglamentos y Pol\u00edticas\u00bb btn_custom_width=\u00bb100%\u00bb [&hellip;]<\/p>\n","protected":false},"author":1,"featured_media":73963,"parent":68713,"menu_order":0,"comment_status":"closed","ping_status":"closed","template":"","meta":{"footnotes":""},"class_list":["post-71112","page","type-page","status-publish","has-post-thumbnail","hentry"],"yoast_head":"<!-- This site is optimized with the Yoast SEO plugin v27.4 - https:\/\/yoast.com\/product\/yoast-seo-wordpress\/ -->\n<title>Consejo Superior y Acad\u00e9mico<\/title>\n<meta name=\"description\" content=\"Descubre aqu\u00ed las normas m\u00e1s relevantes expedidas por los Consejo Superior y Consejo Acad\u00e9mico de la Universidad de Caldas.\" \/>\n<meta name=\"robots\" content=\"index, follow, max-snippet:-1, max-image-preview:large, max-video-preview:-1\" \/>\n<link rel=\"canonical\" href=\"https:\/\/www.ucaldas.edu.co\/portal\/secretaria-general\/secretaria-general-consejo-superior-y-academico\/\" \/>\n<script type=\"application\/ld+json\" class=\"yoast-schema-graph\">{\"@context\":\"https:\\\/\\\/schema.org\",\"@graph\":[{\"@type\":\"WebPage\",\"@id\":\"https:\\\/\\\/www.ucaldas.edu.co\\\/portal\\\/secretaria-general\\\/secretaria-general-consejo-superior-y-academico\\\/\",\"url\":\"https:\\\/\\\/www.ucaldas.edu.co\\\/portal\\\/secretaria-general\\\/secretaria-general-consejo-superior-y-academico\\\/\",\"name\":\"Consejo Superior y Acad\u00e9mico\",\"isPartOf\":{\"@id\":\"https:\\\/\\\/www.ucaldas.edu.co\\\/portal\\\/#website\"},\"primaryImageOfPage\":{\"@id\":\"https:\\\/\\\/www.ucaldas.edu.co\\\/portal\\\/secretaria-general\\\/secretaria-general-consejo-superior-y-academico\\\/#primaryimage\"},\"image\":{\"@id\":\"https:\\\/\\\/www.ucaldas.edu.co\\\/portal\\\/secretaria-general\\\/secretaria-general-consejo-superior-y-academico\\\/#primaryimage\"},\"thumbnailUrl\":\"https:\\\/\\\/www.ucaldas.edu.co\\\/portal\\\/wp-content\\\/uploads\\\/2022\\\/12\\\/Banner-consejo-superior-y-academico.png\",\"datePublished\":\"2022-08-01T20:04:05+00:00\",\"dateModified\":\"2025-08-22T16:44:41+00:00\",\"description\":\"Descubre aqu\u00ed las normas m\u00e1s relevantes expedidas por los Consejo Superior y Consejo Acad\u00e9mico de la Universidad de Caldas.\",\"breadcrumb\":{\"@id\":\"https:\\\/\\\/www.ucaldas.edu.co\\\/portal\\\/secretaria-general\\\/secretaria-general-consejo-superior-y-academico\\\/#breadcrumb\"},\"inLanguage\":\"es\",\"potentialAction\":[{\"@type\":\"ReadAction\",\"target\":[\"https:\\\/\\\/www.ucaldas.edu.co\\\/portal\\\/secretaria-general\\\/secretaria-general-consejo-superior-y-academico\\\/\"]}]},{\"@type\":\"ImageObject\",\"inLanguage\":\"es\",\"@id\":\"https:\\\/\\\/www.ucaldas.edu.co\\\/portal\\\/secretaria-general\\\/secretaria-general-consejo-superior-y-academico\\\/#primaryimage\",\"url\":\"https:\\\/\\\/www.ucaldas.edu.co\\\/portal\\\/wp-content\\\/uploads\\\/2022\\\/12\\\/Banner-consejo-superior-y-academico.png\",\"contentUrl\":\"https:\\\/\\\/www.ucaldas.edu.co\\\/portal\\\/wp-content\\\/uploads\\\/2022\\\/12\\\/Banner-consejo-superior-y-academico.png\",\"width\":1900,\"height\":501,\"caption\":\"Personas reunidas en la sala de juntas para el consejo superior y acad\u00e9mico\"},{\"@type\":\"BreadcrumbList\",\"@id\":\"https:\\\/\\\/www.ucaldas.edu.co\\\/portal\\\/secretaria-general\\\/secretaria-general-consejo-superior-y-academico\\\/#breadcrumb\",\"itemListElement\":[{\"@type\":\"ListItem\",\"position\":1,\"name\":\"Portada\",\"item\":\"https:\\\/\\\/www.ucaldas.edu.co\\\/portal\\\/\"},{\"@type\":\"ListItem\",\"position\":2,\"name\":\"Secretar\u00eda General\",\"item\":\"https:\\\/\\\/www.ucaldas.edu.co\\\/portal\\\/secretaria-general\\\/\"},{\"@type\":\"ListItem\",\"position\":3,\"name\":\"Consejo Superior y Acad\u00e9mico\"}]},{\"@type\":\"WebSite\",\"@id\":\"https:\\\/\\\/www.ucaldas.edu.co\\\/portal\\\/#website\",\"url\":\"https:\\\/\\\/www.ucaldas.edu.co\\\/portal\\\/\",\"name\":\"Universidad de Caldas\",\"description\":\"\",\"publisher\":{\"@id\":\"https:\\\/\\\/www.ucaldas.edu.co\\\/portal\\\/#organization\"},\"alternateName\":\"U. de Caldas\",\"potentialAction\":[{\"@type\":\"SearchAction\",\"target\":{\"@type\":\"EntryPoint\",\"urlTemplate\":\"https:\\\/\\\/www.ucaldas.edu.co\\\/portal\\\/?s={search_term_string}\"},\"query-input\":{\"@type\":\"PropertyValueSpecification\",\"valueRequired\":true,\"valueName\":\"search_term_string\"}}],\"inLanguage\":\"es\"},{\"@type\":\"Organization\",\"@id\":\"https:\\\/\\\/www.ucaldas.edu.co\\\/portal\\\/#organization\",\"name\":\"Universidad de Caldas\",\"alternateName\":\"U. de Caldas\",\"url\":\"https:\\\/\\\/www.ucaldas.edu.co\\\/portal\\\/\",\"logo\":{\"@type\":\"ImageObject\",\"inLanguage\":\"es\",\"@id\":\"https:\\\/\\\/www.ucaldas.edu.co\\\/portal\\\/#\\\/schema\\\/logo\\\/image\\\/\",\"url\":\"https:\\\/\\\/www.ucaldas.edu.co\\\/portal\\\/wp-content\\\/uploads\\\/2023\\\/11\\\/Logo_horizontal_oscuroU-2023.png\",\"contentUrl\":\"https:\\\/\\\/www.ucaldas.edu.co\\\/portal\\\/wp-content\\\/uploads\\\/2023\\\/11\\\/Logo_horizontal_oscuroU-2023.png\",\"width\":263,\"height\":101,\"caption\":\"Universidad de Caldas\"},\"image\":{\"@id\":\"https:\\\/\\\/www.ucaldas.edu.co\\\/portal\\\/#\\\/schema\\\/logo\\\/image\\\/\"},\"sameAs\":[\"https:\\\/\\\/www.facebook.com\\\/udecaldas\",\"https:\\\/\\\/x.com\\\/udecaldas\",\"https:\\\/\\\/www.youtube.com\\\/universidadcaldas\",\"https:\\\/\\\/www.instagram.com\\\/udecaldas\\\/\"]}]}<\/script>\n<!-- \/ Yoast SEO plugin. -->","yoast_head_json":{"title":"Consejo Superior y Acad\u00e9mico","description":"Descubre aqu\u00ed las normas m\u00e1s relevantes expedidas por los Consejo Superior y Consejo Acad\u00e9mico de la Universidad de Caldas.","robots":{"index":"index","follow":"follow","max-snippet":"max-snippet:-1","max-image-preview":"max-image-preview:large","max-video-preview":"max-video-preview:-1"},"canonical":"https:\/\/www.ucaldas.edu.co\/portal\/secretaria-general\/secretaria-general-consejo-superior-y-academico\/","schema":{"@context":"https:\/\/schema.org","@graph":[{"@type":"WebPage","@id":"https:\/\/www.ucaldas.edu.co\/portal\/secretaria-general\/secretaria-general-consejo-superior-y-academico\/","url":"https:\/\/www.ucaldas.edu.co\/portal\/secretaria-general\/secretaria-general-consejo-superior-y-academico\/","name":"Consejo Superior y Acad\u00e9mico","isPartOf":{"@id":"https:\/\/www.ucaldas.edu.co\/portal\/#website"},"primaryImageOfPage":{"@id":"https:\/\/www.ucaldas.edu.co\/portal\/secretaria-general\/secretaria-general-consejo-superior-y-academico\/#primaryimage"},"image":{"@id":"https:\/\/www.ucaldas.edu.co\/portal\/secretaria-general\/secretaria-general-consejo-superior-y-academico\/#primaryimage"},"thumbnailUrl":"https:\/\/www.ucaldas.edu.co\/portal\/wp-content\/uploads\/2022\/12\/Banner-consejo-superior-y-academico.png","datePublished":"2022-08-01T20:04:05+00:00","dateModified":"2025-08-22T16:44:41+00:00","description":"Descubre aqu\u00ed las normas m\u00e1s relevantes expedidas por los Consejo Superior y Consejo Acad\u00e9mico de la Universidad de Caldas.","breadcrumb":{"@id":"https:\/\/www.ucaldas.edu.co\/portal\/secretaria-general\/secretaria-general-consejo-superior-y-academico\/#breadcrumb"},"inLanguage":"es","potentialAction":[{"@type":"ReadAction","target":["https:\/\/www.ucaldas.edu.co\/portal\/secretaria-general\/secretaria-general-consejo-superior-y-academico\/"]}]},{"@type":"ImageObject","inLanguage":"es","@id":"https:\/\/www.ucaldas.edu.co\/portal\/secretaria-general\/secretaria-general-consejo-superior-y-academico\/#primaryimage","url":"https:\/\/www.ucaldas.edu.co\/portal\/wp-content\/uploads\/2022\/12\/Banner-consejo-superior-y-academico.png","contentUrl":"https:\/\/www.ucaldas.edu.co\/portal\/wp-content\/uploads\/2022\/12\/Banner-consejo-superior-y-academico.png","width":1900,"height":501,"caption":"Personas reunidas en la sala de juntas para el consejo superior y acad\u00e9mico"},{"@type":"BreadcrumbList","@id":"https:\/\/www.ucaldas.edu.co\/portal\/secretaria-general\/secretaria-general-consejo-superior-y-academico\/#breadcrumb","itemListElement":[{"@type":"ListItem","position":1,"name":"Portada","item":"https:\/\/www.ucaldas.edu.co\/portal\/"},{"@type":"ListItem","position":2,"name":"Secretar\u00eda General","item":"https:\/\/www.ucaldas.edu.co\/portal\/secretaria-general\/"},{"@type":"ListItem","position":3,"name":"Consejo Superior y Acad\u00e9mico"}]},{"@type":"WebSite","@id":"https:\/\/www.ucaldas.edu.co\/portal\/#website","url":"https:\/\/www.ucaldas.edu.co\/portal\/","name":"Universidad de Caldas","description":"","publisher":{"@id":"https:\/\/www.ucaldas.edu.co\/portal\/#organization"},"alternateName":"U. de Caldas","potentialAction":[{"@type":"SearchAction","target":{"@type":"EntryPoint","urlTemplate":"https:\/\/www.ucaldas.edu.co\/portal\/?s={search_term_string}"},"query-input":{"@type":"PropertyValueSpecification","valueRequired":true,"valueName":"search_term_string"}}],"inLanguage":"es"},{"@type":"Organization","@id":"https:\/\/www.ucaldas.edu.co\/portal\/#organization","name":"Universidad de Caldas","alternateName":"U. de Caldas","url":"https:\/\/www.ucaldas.edu.co\/portal\/","logo":{"@type":"ImageObject","inLanguage":"es","@id":"https:\/\/www.ucaldas.edu.co\/portal\/#\/schema\/logo\/image\/","url":"https:\/\/www.ucaldas.edu.co\/portal\/wp-content\/uploads\/2023\/11\/Logo_horizontal_oscuroU-2023.png","contentUrl":"https:\/\/www.ucaldas.edu.co\/portal\/wp-content\/uploads\/2023\/11\/Logo_horizontal_oscuroU-2023.png","width":263,"height":101,"caption":"Universidad de Caldas"},"image":{"@id":"https:\/\/www.ucaldas.edu.co\/portal\/#\/schema\/logo\/image\/"},"sameAs":["https:\/\/www.facebook.com\/udecaldas","https:\/\/x.com\/udecaldas","https:\/\/www.youtube.com\/universidadcaldas","https:\/\/www.instagram.com\/udecaldas\/"]}]}},"_links":{"self":[{"href":"https:\/\/www.ucaldas.edu.co\/portal\/wp-json\/wp\/v2\/pages\/71112","targetHints":{"allow":["GET"]}}],"collection":[{"href":"https:\/\/www.ucaldas.edu.co\/portal\/wp-json\/wp\/v2\/pages"}],"about":[{"href":"https:\/\/www.ucaldas.edu.co\/portal\/wp-json\/wp\/v2\/types\/page"}],"author":[{"embeddable":true,"href":"https:\/\/www.ucaldas.edu.co\/portal\/wp-json\/wp\/v2\/users\/1"}],"replies":[{"embeddable":true,"href":"https:\/\/www.ucaldas.edu.co\/portal\/wp-json\/wp\/v2\/comments?post=71112"}],"version-history":[{"count":0,"href":"https:\/\/www.ucaldas.edu.co\/portal\/wp-json\/wp\/v2\/pages\/71112\/revisions"}],"up":[{"embeddable":true,"href":"https:\/\/www.ucaldas.edu.co\/portal\/wp-json\/wp\/v2\/pages\/68713"}],"wp:featuredmedia":[{"embeddable":true,"href":"https:\/\/www.ucaldas.edu.co\/portal\/wp-json\/wp\/v2\/media\/73963"}],"wp:attachment":[{"href":"https:\/\/www.ucaldas.edu.co\/portal\/wp-json\/wp\/v2\/media?parent=71112"}],"curies":[{"name":"wp","href":"https:\/\/api.w.org\/{rel}","templated":true}]}}