{"id":57553,"date":"2020-08-10T22:52:39","date_gmt":"2020-08-10T22:52:39","guid":{"rendered":"https:\/\/www.ucaldas.edu.co\/portal\/?page_id=57553"},"modified":"2021-12-16T22:01:18","modified_gmt":"2021-12-16T22:01:18","slug":"archivo-plan-anticorrupcion-planes-institucionales","status":"publish","type":"page","link":"https:\/\/www.ucaldas.edu.co\/portal\/archivo-plan-anticorrupcion-planes-institucionales\/","title":{"rendered":"Archivo Plan Anticorrupci\u00f3n Planes institucionales"},"content":{"rendered":"<div class=\"wpb-content-wrapper\"><p>[vc_row][vc_column][stm_title title=\u00bbArchivo del Plan Anticorrupci\u00f3n &#8211; Planes institucionales\u00bb][\/stm_title][\/vc_column][\/vc_row][vc_row][vc_column][vc_column_text]<a href=\"https:\/\/www.ucaldas.edu.co\/portal\/planes-institucionales-ucaldas\/#1597098988635-592085b1-e0e8\">&lt;&lt; Regresar a Secci\u00f3n de Planes institucionales<\/a><\/p>\n<table style=\"width: 100%;\" border=\"0\">\n<caption>Archivo Plan Anticorrupci\u00f3n<\/caption>\n<tbody>\n<tr align=\"center\">\n<td style=\"background-color: #e6e6fa; width: 1264px;\" colspan=\"3\" scope=\"col\"><strong>Archivo Plan Anticorrupci\u00f3n<\/strong><\/td>\n<\/tr>\n<tr>\n<td style=\"width: 947.217px;\" scope=\"col\">\n<ul>\n<li><a role=\"link\" href=\"https:\/\/www.ucaldas.edu.co\/portal\/wp-content\/uploads\/2014\/02\/Plan_Anticorrupcion_2017.pdf\" target=\"_blank\" rel=\"noopener\">Plan Anticorrupci\u00f3n y de atenci\u00f3n al ciudadano 2017<\/a>\n<ul>\n<li>Anexo 1:\u00a0<a role=\"link\" href=\"https:\/\/www.ucaldas.edu.co\/portal\/wp-content\/uploads\/2014\/02\/componente_Estrategias_Racionalizacion_tramites_31_marzo.xlsx\">componente estrategias de racionalizaci\u00f3n de tramites<\/a><\/li>\n<\/ul>\n<\/li>\n<\/ul>\n<\/td>\n<td style=\"width: 38.85px;\" scope=\"col\"><img loading=\"lazy\" decoding=\"async\" class=\"alignnone\" src=\"https:\/\/www.ucaldas.edu.co\/portal\/wp-content\/uploads\/2014\/02\/icono_pdf.gif\" width=\"29\" height=\"31\" border=\"0\" \/><\/td>\n<td style=\"width: 265.933px;\" scope=\"col\"><em>\u00a0Publicado el 31 marzo 2017<\/em><\/td>\n<\/tr>\n<tr>\n<td style=\"width: 947.217px;\" scope=\"col\">\n<ul>\n<li><a role=\"link\" href=\"https:\/\/www.ucaldas.edu.co\/portal\/wp-content\/uploads\/2014\/02\/Plan_Anticorrupcion_2016.pdf\" target=\"_blank\" rel=\"noopener\">Plan Anticorrupci\u00f3n y de Atenci\u00f3n al Ciudadano 2016<\/a>\n<ul>\n<li>Anexo 1:\u00a0<a role=\"link\" href=\"https:\/\/www.ucaldas.edu.co\/portal\/wp-content\/uploads\/2014\/02\/2_componente_Estrategias_Racionalizacion_tramites.xlsx\" target=\"_blank\" rel=\"noopener\">2 componente Estrategias de Racionalizaci\u00f3n de tramites<\/a><\/li>\n<\/ul>\n<\/li>\n<\/ul>\n<\/td>\n<td style=\"width: 38.85px;\" scope=\"col\"><img loading=\"lazy\" decoding=\"async\" class=\"alignnone\" src=\"https:\/\/www.ucaldas.edu.co\/portal\/wp-content\/uploads\/2014\/02\/icono_pdf.gif\" width=\"29\" height=\"31\" border=\"0\" \/><\/td>\n<td style=\"width: 265.933px;\" scope=\"col\"><em>Publicado el 31 marzo 2016<\/em><\/td>\n<\/tr>\n<tr>\n<td style=\"width: 947.217px;\" scope=\"col\">\n<ul>\n<li><a role=\"link\" href=\"http:\/\/www.ucaldas.edu.co\/intranet2\/wp-content\/uploads\/2015\/01\/plan_anticorrupcion_atencion_ciudadano_2015.pdf\" target=\"_blank\" rel=\"noopener\">Plan Anticorrupci\u00f3n y de Atenci\u00f3n al Ciudadano 2015<\/a><\/li>\n<\/ul>\n<\/td>\n<td style=\"width: 38.85px;\" scope=\"col\"><img loading=\"lazy\" decoding=\"async\" class=\"alignnone\" src=\"https:\/\/www.ucaldas.edu.co\/portal\/wp-content\/uploads\/2014\/02\/icono_pdf.gif\" width=\"29\" height=\"31\" border=\"0\" \/><\/td>\n<td style=\"width: 265.933px;\" scope=\"col\"><em>Publicado el 31 enero 2015<\/em><\/td>\n<\/tr>\n<tr>\n<td style=\"width: 947.217px;\" scope=\"col\">\n<ul>\n<li><a role=\"link\" href=\"http:\/\/www.ucaldas.edu.co\/docs\/2014\/plan_anticorrupcion_UdeC_2014_31_enero.pdf\">Plan Anticorrupci\u00f3n y de<\/a><a role=\"link\" href=\"http:\/\/www.ucaldas.edu.co\/docs\/2014\/plan_anticorrupcion_UdeC_2014_31_enero.pdf\" target=\"_blank\" rel=\"noopener\">Atenci\u00f3n al Ciudadano 2014<\/a><\/li>\n<\/ul>\n<\/td>\n<td style=\"width: 38.85px;\" scope=\"col\"><img loading=\"lazy\" decoding=\"async\" class=\"alignnone\" src=\"https:\/\/www.ucaldas.edu.co\/portal\/wp-content\/uploads\/2014\/02\/icono_pdf.gif\" width=\"29\" height=\"31\" border=\"0\" \/><\/td>\n<td style=\"width: 265.933px;\" scope=\"col\"><em>Publicado el 31 enero 2014<\/em><\/td>\n<\/tr>\n<tr>\n<td style=\"width: 947.217px;\" scope=\"col\">\n<ul>\n<li><a href=\"http:\/\/www.ucaldas.edu.co\/docs\/2013\/plan_anticorrupcion_universidad_caldas_2013.pdf\" target=\"_blank\" rel=\"noopener\">Plan Anticorrupci\u00f3n y de\u00a0Atenci\u00f3n al Ciudadano 2013<\/a><\/li>\n<\/ul>\n<\/td>\n<td style=\"width: 38.85px;\" scope=\"col\"><img loading=\"lazy\" decoding=\"async\" class=\"alignnone\" src=\"https:\/\/www.ucaldas.edu.co\/portal\/wp-content\/uploads\/2014\/02\/icono_pdf.gif\" width=\"29\" height=\"31\" border=\"0\" \/><\/td>\n<td style=\"width: 265.933px;\" scope=\"col\"><em>Publicado el 30 abril 2013<\/em><\/td>\n<\/tr>\n<\/tbody>\n<\/table>\n<p>[\/vc_column_text][\/vc_column][\/vc_row]<\/p>\n<\/div>","protected":false},"excerpt":{"rendered":"<p>[vc_row][vc_column][stm_title title=\u00bbArchivo del Plan Anticorrupci\u00f3n &#8211; Planes institucionales\u00bb][\/stm_title][\/vc_column][\/vc_row][vc_row][vc_column][vc_column_text]&lt;&lt; Regresar a Secci\u00f3n de Planes institucionales Archivo Plan Anticorrupci\u00f3n Archivo Plan Anticorrupci\u00f3n Plan Anticorrupci\u00f3n y de atenci\u00f3n al ciudadano 2017 Anexo 1:\u00a0componente estrategias de racionalizaci\u00f3n de tramites \u00a0Publicado el 31 marzo 2017 Plan Anticorrupci\u00f3n y de Atenci\u00f3n al Ciudadano 2016 Anexo 1:\u00a02 componente Estrategias de Racionalizaci\u00f3n de [&hellip;]<\/p>\n","protected":false},"author":1,"featured_media":0,"parent":0,"menu_order":0,"comment_status":"closed","ping_status":"closed","template":"","meta":{"footnotes":""},"class_list":["post-57553","page","type-page","status-publish","hentry"],"yoast_head":"<!-- This site is optimized with the Yoast SEO plugin v27.5 - https:\/\/yoast.com\/product\/yoast-seo-wordpress\/ -->\n<title>Archivo Plan Anticorrupci\u00f3n Planes institucionales .<\/title>\n<meta name=\"robots\" content=\"index, follow, max-snippet:-1, max-image-preview:large, max-video-preview:-1\" \/>\n<link rel=\"canonical\" href=\"https:\/\/www.ucaldas.edu.co\/portal\/archivo-plan-anticorrupcion-planes-institucionales\/\" \/>\n<script type=\"application\/ld+json\" class=\"yoast-schema-graph\">{\"@context\":\"https:\\\/\\\/schema.org\",\"@graph\":[{\"@type\":\"WebPage\",\"@id\":\"https:\\\/\\\/www.ucaldas.edu.co\\\/portal\\\/archivo-plan-anticorrupcion-planes-institucionales\\\/\",\"url\":\"https:\\\/\\\/www.ucaldas.edu.co\\\/portal\\\/archivo-plan-anticorrupcion-planes-institucionales\\\/\",\"name\":\"Archivo Plan Anticorrupci\u00f3n Planes institucionales .\",\"isPartOf\":{\"@id\":\"https:\\\/\\\/www.ucaldas.edu.co\\\/portal\\\/#website\"},\"primaryImageOfPage\":{\"@id\":\"https:\\\/\\\/www.ucaldas.edu.co\\\/portal\\\/archivo-plan-anticorrupcion-planes-institucionales\\\/#primaryimage\"},\"image\":{\"@id\":\"https:\\\/\\\/www.ucaldas.edu.co\\\/portal\\\/archivo-plan-anticorrupcion-planes-institucionales\\\/#primaryimage\"},\"thumbnailUrl\":\"https:\\\/\\\/www.ucaldas.edu.co\\\/portal\\\/wp-content\\\/uploads\\\/2014\\\/02\\\/icono_pdf.gif\",\"datePublished\":\"2020-08-10T22:52:39+00:00\",\"dateModified\":\"2021-12-16T22:01:18+00:00\",\"breadcrumb\":{\"@id\":\"https:\\\/\\\/www.ucaldas.edu.co\\\/portal\\\/archivo-plan-anticorrupcion-planes-institucionales\\\/#breadcrumb\"},\"inLanguage\":\"es\",\"potentialAction\":[{\"@type\":\"ReadAction\",\"target\":[\"https:\\\/\\\/www.ucaldas.edu.co\\\/portal\\\/archivo-plan-anticorrupcion-planes-institucionales\\\/\"]}]},{\"@type\":\"ImageObject\",\"inLanguage\":\"es\",\"@id\":\"https:\\\/\\\/www.ucaldas.edu.co\\\/portal\\\/archivo-plan-anticorrupcion-planes-institucionales\\\/#primaryimage\",\"url\":\"https:\\\/\\\/www.ucaldas.edu.co\\\/portal\\\/wp-content\\\/uploads\\\/2014\\\/02\\\/icono_pdf.gif\",\"contentUrl\":\"https:\\\/\\\/www.ucaldas.edu.co\\\/portal\\\/wp-content\\\/uploads\\\/2014\\\/02\\\/icono_pdf.gif\",\"width\":29,\"height\":31,\"caption\":\"Archivo en formato PDF descargable\"},{\"@type\":\"BreadcrumbList\",\"@id\":\"https:\\\/\\\/www.ucaldas.edu.co\\\/portal\\\/archivo-plan-anticorrupcion-planes-institucionales\\\/#breadcrumb\",\"itemListElement\":[{\"@type\":\"ListItem\",\"position\":1,\"name\":\"Portada\",\"item\":\"https:\\\/\\\/www.ucaldas.edu.co\\\/portal\\\/\"},{\"@type\":\"ListItem\",\"position\":2,\"name\":\"Archivo Plan Anticorrupci\u00f3n Planes institucionales\"}]},{\"@type\":\"WebSite\",\"@id\":\"https:\\\/\\\/www.ucaldas.edu.co\\\/portal\\\/#website\",\"url\":\"https:\\\/\\\/www.ucaldas.edu.co\\\/portal\\\/\",\"name\":\"Universidad de Caldas\",\"description\":\"\",\"publisher\":{\"@id\":\"https:\\\/\\\/www.ucaldas.edu.co\\\/portal\\\/#organization\"},\"alternateName\":\"U. de Caldas\",\"potentialAction\":[{\"@type\":\"SearchAction\",\"target\":{\"@type\":\"EntryPoint\",\"urlTemplate\":\"https:\\\/\\\/www.ucaldas.edu.co\\\/portal\\\/?s={search_term_string}\"},\"query-input\":{\"@type\":\"PropertyValueSpecification\",\"valueRequired\":true,\"valueName\":\"search_term_string\"}}],\"inLanguage\":\"es\"},{\"@type\":\"Organization\",\"@id\":\"https:\\\/\\\/www.ucaldas.edu.co\\\/portal\\\/#organization\",\"name\":\"Universidad de Caldas\",\"alternateName\":\"U. de Caldas\",\"url\":\"https:\\\/\\\/www.ucaldas.edu.co\\\/portal\\\/\",\"logo\":{\"@type\":\"ImageObject\",\"inLanguage\":\"es\",\"@id\":\"https:\\\/\\\/www.ucaldas.edu.co\\\/portal\\\/#\\\/schema\\\/logo\\\/image\\\/\",\"url\":\"https:\\\/\\\/www.ucaldas.edu.co\\\/portal\\\/wp-content\\\/uploads\\\/2023\\\/11\\\/Logo_horizontal_oscuroU-2023.png\",\"contentUrl\":\"https:\\\/\\\/www.ucaldas.edu.co\\\/portal\\\/wp-content\\\/uploads\\\/2023\\\/11\\\/Logo_horizontal_oscuroU-2023.png\",\"width\":263,\"height\":101,\"caption\":\"Universidad de Caldas\"},\"image\":{\"@id\":\"https:\\\/\\\/www.ucaldas.edu.co\\\/portal\\\/#\\\/schema\\\/logo\\\/image\\\/\"},\"sameAs\":[\"https:\\\/\\\/www.facebook.com\\\/udecaldas\",\"https:\\\/\\\/x.com\\\/udecaldas\",\"https:\\\/\\\/www.youtube.com\\\/universidadcaldas\",\"https:\\\/\\\/www.instagram.com\\\/udecaldas\\\/\"]}]}<\/script>\n<!-- \/ Yoast SEO plugin. -->","yoast_head_json":{"title":"Archivo Plan Anticorrupci\u00f3n Planes institucionales .","robots":{"index":"index","follow":"follow","max-snippet":"max-snippet:-1","max-image-preview":"max-image-preview:large","max-video-preview":"max-video-preview:-1"},"canonical":"https:\/\/www.ucaldas.edu.co\/portal\/archivo-plan-anticorrupcion-planes-institucionales\/","schema":{"@context":"https:\/\/schema.org","@graph":[{"@type":"WebPage","@id":"https:\/\/www.ucaldas.edu.co\/portal\/archivo-plan-anticorrupcion-planes-institucionales\/","url":"https:\/\/www.ucaldas.edu.co\/portal\/archivo-plan-anticorrupcion-planes-institucionales\/","name":"Archivo Plan Anticorrupci\u00f3n Planes institucionales .","isPartOf":{"@id":"https:\/\/www.ucaldas.edu.co\/portal\/#website"},"primaryImageOfPage":{"@id":"https:\/\/www.ucaldas.edu.co\/portal\/archivo-plan-anticorrupcion-planes-institucionales\/#primaryimage"},"image":{"@id":"https:\/\/www.ucaldas.edu.co\/portal\/archivo-plan-anticorrupcion-planes-institucionales\/#primaryimage"},"thumbnailUrl":"https:\/\/www.ucaldas.edu.co\/portal\/wp-content\/uploads\/2014\/02\/icono_pdf.gif","datePublished":"2020-08-10T22:52:39+00:00","dateModified":"2021-12-16T22:01:18+00:00","breadcrumb":{"@id":"https:\/\/www.ucaldas.edu.co\/portal\/archivo-plan-anticorrupcion-planes-institucionales\/#breadcrumb"},"inLanguage":"es","potentialAction":[{"@type":"ReadAction","target":["https:\/\/www.ucaldas.edu.co\/portal\/archivo-plan-anticorrupcion-planes-institucionales\/"]}]},{"@type":"ImageObject","inLanguage":"es","@id":"https:\/\/www.ucaldas.edu.co\/portal\/archivo-plan-anticorrupcion-planes-institucionales\/#primaryimage","url":"https:\/\/www.ucaldas.edu.co\/portal\/wp-content\/uploads\/2014\/02\/icono_pdf.gif","contentUrl":"https:\/\/www.ucaldas.edu.co\/portal\/wp-content\/uploads\/2014\/02\/icono_pdf.gif","width":29,"height":31,"caption":"Archivo en formato PDF descargable"},{"@type":"BreadcrumbList","@id":"https:\/\/www.ucaldas.edu.co\/portal\/archivo-plan-anticorrupcion-planes-institucionales\/#breadcrumb","itemListElement":[{"@type":"ListItem","position":1,"name":"Portada","item":"https:\/\/www.ucaldas.edu.co\/portal\/"},{"@type":"ListItem","position":2,"name":"Archivo Plan Anticorrupci\u00f3n Planes institucionales"}]},{"@type":"WebSite","@id":"https:\/\/www.ucaldas.edu.co\/portal\/#website","url":"https:\/\/www.ucaldas.edu.co\/portal\/","name":"Universidad de Caldas","description":"","publisher":{"@id":"https:\/\/www.ucaldas.edu.co\/portal\/#organization"},"alternateName":"U. de Caldas","potentialAction":[{"@type":"SearchAction","target":{"@type":"EntryPoint","urlTemplate":"https:\/\/www.ucaldas.edu.co\/portal\/?s={search_term_string}"},"query-input":{"@type":"PropertyValueSpecification","valueRequired":true,"valueName":"search_term_string"}}],"inLanguage":"es"},{"@type":"Organization","@id":"https:\/\/www.ucaldas.edu.co\/portal\/#organization","name":"Universidad de Caldas","alternateName":"U. de Caldas","url":"https:\/\/www.ucaldas.edu.co\/portal\/","logo":{"@type":"ImageObject","inLanguage":"es","@id":"https:\/\/www.ucaldas.edu.co\/portal\/#\/schema\/logo\/image\/","url":"https:\/\/www.ucaldas.edu.co\/portal\/wp-content\/uploads\/2023\/11\/Logo_horizontal_oscuroU-2023.png","contentUrl":"https:\/\/www.ucaldas.edu.co\/portal\/wp-content\/uploads\/2023\/11\/Logo_horizontal_oscuroU-2023.png","width":263,"height":101,"caption":"Universidad de Caldas"},"image":{"@id":"https:\/\/www.ucaldas.edu.co\/portal\/#\/schema\/logo\/image\/"},"sameAs":["https:\/\/www.facebook.com\/udecaldas","https:\/\/x.com\/udecaldas","https:\/\/www.youtube.com\/universidadcaldas","https:\/\/www.instagram.com\/udecaldas\/"]}]}},"_links":{"self":[{"href":"https:\/\/www.ucaldas.edu.co\/portal\/wp-json\/wp\/v2\/pages\/57553","targetHints":{"allow":["GET"]}}],"collection":[{"href":"https:\/\/www.ucaldas.edu.co\/portal\/wp-json\/wp\/v2\/pages"}],"about":[{"href":"https:\/\/www.ucaldas.edu.co\/portal\/wp-json\/wp\/v2\/types\/page"}],"author":[{"embeddable":true,"href":"https:\/\/www.ucaldas.edu.co\/portal\/wp-json\/wp\/v2\/users\/1"}],"replies":[{"embeddable":true,"href":"https:\/\/www.ucaldas.edu.co\/portal\/wp-json\/wp\/v2\/comments?post=57553"}],"version-history":[{"count":0,"href":"https:\/\/www.ucaldas.edu.co\/portal\/wp-json\/wp\/v2\/pages\/57553\/revisions"}],"wp:attachment":[{"href":"https:\/\/www.ucaldas.edu.co\/portal\/wp-json\/wp\/v2\/media?parent=57553"}],"curies":[{"name":"wp","href":"https:\/\/api.w.org\/{rel}","templated":true}]}}