{"id":53009,"date":"2019-11-12T19:40:55","date_gmt":"2019-11-12T19:40:55","guid":{"rendered":"https:\/\/www.ucaldas.edu.co\/portal\/?page_id=53009"},"modified":"2023-07-11T16:11:33","modified_gmt":"2023-07-11T16:11:33","slug":"archivo-certificado-semestral-para-la-agencia-nacional-de-defensa-juridica-del-estado-ekogui","status":"publish","type":"page","link":"https:\/\/www.ucaldas.edu.co\/portal\/archivo-certificado-semestral-para-la-agencia-nacional-de-defensa-juridica-del-estado-ekogui\/","title":{"rendered":"Archivo &#8211; Certificado semestral para la Agencia Nacional de Defensa Jur\u00eddica del Estado \u2013 Ekogui"},"content":{"rendered":"<div class=\"wpb-content-wrapper\"><p>[vc_row][vc_column][vc_column_text]<a href=\"https:\/\/www.ucaldas.edu.co\/portal\/control-interno\/#1506026941649-acf58cde-4b66\">&lt;&lt; Regresar a Secci\u00f3n de Control Interno<\/a><\/p>\n<table style=\"width: 100%; height: 360px;\" border=\"0\">\n<caption>Certificado semestral para la Agencia Nacional de Defensa Jur\u00eddica del Estado, Ekogui<\/caption>\n<tbody>\n<tr style=\"height: 24px;\" align=\"center\">\n<td style=\"background-color: #e6e6fa; width: 1264px; height: 24px;\" colspan=\"2\" scope=\"col\"><strong>Certificado semestral para la Agencia Nacional de Defensa Jur\u00eddica del Estado \u2013 Ekogui<\/strong><\/td>\n<\/tr>\n<tr style=\"height: 56px;\">\n<td style=\"width: 947.217px; height: 56px;\">\n<ul>\n<li><span style=\"font-size: 11px;\"><a href=\"https:\/\/www.ucaldas.edu.co\/portal\/wp-content\/uploads\/2014\/02\/00011857-OCI-164-certificaci\u00f3n-Primer-semestre-2019.pdf\" target=\"_blank\" rel=\"noopener\"><span style=\"font-family: Verdana, Arial, Helvetica, sans-serif;\">00011857-OCI-164 Certificaci\u00f3n Primer semestre 2019<\/span><\/a><\/span><\/li>\n<\/ul>\n<\/td>\n<td style=\"width: 265.933px; height: 56px;\"><\/td>\n<\/tr>\n<tr style=\"height: 56px;\">\n<td style=\"width: 947.217px; height: 56px;\">\n<ul>\n<li><span style=\"font-size: 11px;\"><a href=\"https:\/\/www.ucaldas.edu.co\/portal\/wp-content\/uploads\/2014\/02\/00001572-OCI-069-Certificaci\u00f3n-Ekogui-2019-2.pdf\" target=\"_blank\" rel=\"noopener\"><span style=\"font-family: Verdana, Arial, Helvetica, sans-serif;\">00001572-OCI-069 Certificaci\u00f3n Segundo semestre 2019<\/span><\/a><\/span><\/li>\n<\/ul>\n<\/td>\n<td style=\"width: 265.933px; height: 56px;\"><\/td>\n<\/tr>\n<tr style=\"height: 56px;\">\n<td style=\"width: 947.217px; height: 56px;\">\n<ul>\n<li><span style=\"font-family: verdana, geneva, sans-serif; font-size: 8pt;\"><a href=\"https:\/\/www.ucaldas.edu.co\/portal\/wp-content\/uploads\/2014\/02\/00014464-OCI-180-Certificaci%C3%B3n-primer-semestre-2018.pdf\" target=\"_blank\" rel=\"noopener\" data-fontsize=\"11\">00014464-OCI-180 Certificaci\u00f3n primer semestre 2018<\/a><\/span><\/li>\n<\/ul>\n<\/td>\n<td style=\"width: 265.933px; height: 56px;\"><\/td>\n<\/tr>\n<tr style=\"height: 56px;\">\n<td style=\"width: 947.217px; height: 56px;\">\n<ul>\n<li><span style=\"font-family: verdana, geneva, sans-serif; font-size: 8pt;\"><a href=\"https:\/\/www.ucaldas.edu.co\/portal\/wp-content\/uploads\/2014\/02\/00002092-OCI-052-Certificaci%C3%B3n-segundo-semestre-2018.pdf\" target=\"_blank\" rel=\"noopener\" data-fontsize=\"11\">00002092-OCI-052 Certificaci\u00f3n segundo semestre 2018<\/a><\/span><\/li>\n<\/ul>\n<\/td>\n<td style=\"width: 265.933px; height: 56px;\"><\/td>\n<\/tr>\n<tr style=\"height: 56px;\">\n<td style=\"width: 947.217px; height: 56px;\" scope=\"col\">\n<ul>\n<li><span style=\"font-size: 11px;\"><a href=\"https:\/\/www.ucaldas.edu.co\/portal\/wp-content\/uploads\/2014\/02\/00003366-OCI-072-Certificaci\u00f3n-segundo-semestre-de-2017.pdf\" target=\"_blank\" rel=\"noopener\"><span style=\"font-family: Verdana, Arial, Helvetica, sans-serif;\">00003366-OCI-072 Certificaci\u00f3n segundo semestre de 2017<\/span><\/a><\/span><\/li>\n<\/ul>\n<\/td>\n<td style=\"width: 265.933px; height: 56px;\" scope=\"col\"><\/td>\n<\/tr>\n<tr style=\"height: 56px;\">\n<td style=\"width: 947.217px; height: 56px;\" scope=\"col\">\n<ul>\n<li><span style=\"font-size: 11px;\"><a href=\"https:\/\/www.ucaldas.edu.co\/portal\/wp-content\/uploads\/2014\/02\/2017-IE-00003003-OCI-098-Certificaci\u00f3n-segundo-semestre-de-2016.pdf\" target=\"_blank\" rel=\"noopener\"><span style=\"font-family: Verdana, Arial, Helvetica, sans-serif;\">2017-IE-00003003-OCI-098 Certificaci\u00f3n segundo semestre de 2016<\/span><\/a><\/span><\/li>\n<\/ul>\n<\/td>\n<td style=\"width: 265.933px; height: 56px;\" scope=\"col\"><\/td>\n<\/tr>\n<\/tbody>\n<\/table>\n<p>[\/vc_column_text][\/vc_column][\/vc_row]<\/p>\n<\/div>","protected":false},"excerpt":{"rendered":"<p>[vc_row][vc_column][vc_column_text]&lt;&lt; Regresar a Secci\u00f3n de Control Interno Certificado semestral para la Agencia Nacional de Defensa Jur\u00eddica del Estado, Ekogui Certificado semestral para la Agencia Nacional de Defensa Jur\u00eddica del Estado \u2013 Ekogui 00011857-OCI-164 Certificaci\u00f3n Primer semestre 2019 00001572-OCI-069 Certificaci\u00f3n Segundo semestre 2019 00014464-OCI-180 Certificaci\u00f3n primer semestre 2018 00002092-OCI-052 Certificaci\u00f3n segundo semestre 2018 00003366-OCI-072 Certificaci\u00f3n segundo [&hellip;]<\/p>\n","protected":false},"author":1,"featured_media":0,"parent":0,"menu_order":0,"comment_status":"closed","ping_status":"closed","template":"","meta":{"footnotes":""},"class_list":["post-53009","page","type-page","status-publish","hentry"],"yoast_head":"<!-- This site is optimized with the Yoast SEO plugin v27.5 - https:\/\/yoast.com\/product\/yoast-seo-wordpress\/ -->\n<title>Archivo - Certificado semestral para la Agencia Nacional de Defensa Jur\u00eddica del Estado \u2013 Ekogui .<\/title>\n<meta name=\"robots\" content=\"index, follow, max-snippet:-1, max-image-preview:large, max-video-preview:-1\" \/>\n<link rel=\"canonical\" href=\"https:\/\/www.ucaldas.edu.co\/portal\/archivo-certificado-semestral-para-la-agencia-nacional-de-defensa-juridica-del-estado-ekogui\/\" \/>\n<script type=\"application\/ld+json\" class=\"yoast-schema-graph\">{\"@context\":\"https:\\\/\\\/schema.org\",\"@graph\":[{\"@type\":\"WebPage\",\"@id\":\"https:\\\/\\\/www.ucaldas.edu.co\\\/portal\\\/archivo-certificado-semestral-para-la-agencia-nacional-de-defensa-juridica-del-estado-ekogui\\\/\",\"url\":\"https:\\\/\\\/www.ucaldas.edu.co\\\/portal\\\/archivo-certificado-semestral-para-la-agencia-nacional-de-defensa-juridica-del-estado-ekogui\\\/\",\"name\":\"Archivo - Certificado semestral para la Agencia Nacional de Defensa Jur\u00eddica del Estado \u2013 Ekogui .\",\"isPartOf\":{\"@id\":\"https:\\\/\\\/www.ucaldas.edu.co\\\/portal\\\/#website\"},\"datePublished\":\"2019-11-12T19:40:55+00:00\",\"dateModified\":\"2023-07-11T16:11:33+00:00\",\"breadcrumb\":{\"@id\":\"https:\\\/\\\/www.ucaldas.edu.co\\\/portal\\\/archivo-certificado-semestral-para-la-agencia-nacional-de-defensa-juridica-del-estado-ekogui\\\/#breadcrumb\"},\"inLanguage\":\"es\",\"potentialAction\":[{\"@type\":\"ReadAction\",\"target\":[\"https:\\\/\\\/www.ucaldas.edu.co\\\/portal\\\/archivo-certificado-semestral-para-la-agencia-nacional-de-defensa-juridica-del-estado-ekogui\\\/\"]}]},{\"@type\":\"BreadcrumbList\",\"@id\":\"https:\\\/\\\/www.ucaldas.edu.co\\\/portal\\\/archivo-certificado-semestral-para-la-agencia-nacional-de-defensa-juridica-del-estado-ekogui\\\/#breadcrumb\",\"itemListElement\":[{\"@type\":\"ListItem\",\"position\":1,\"name\":\"Portada\",\"item\":\"https:\\\/\\\/www.ucaldas.edu.co\\\/portal\\\/\"},{\"@type\":\"ListItem\",\"position\":2,\"name\":\"Archivo &#8211; Certificado semestral para la Agencia Nacional de Defensa Jur\u00eddica del Estado \u2013 Ekogui\"}]},{\"@type\":\"WebSite\",\"@id\":\"https:\\\/\\\/www.ucaldas.edu.co\\\/portal\\\/#website\",\"url\":\"https:\\\/\\\/www.ucaldas.edu.co\\\/portal\\\/\",\"name\":\"Universidad de Caldas\",\"description\":\"\",\"publisher\":{\"@id\":\"https:\\\/\\\/www.ucaldas.edu.co\\\/portal\\\/#organization\"},\"alternateName\":\"U. de Caldas\",\"potentialAction\":[{\"@type\":\"SearchAction\",\"target\":{\"@type\":\"EntryPoint\",\"urlTemplate\":\"https:\\\/\\\/www.ucaldas.edu.co\\\/portal\\\/?s={search_term_string}\"},\"query-input\":{\"@type\":\"PropertyValueSpecification\",\"valueRequired\":true,\"valueName\":\"search_term_string\"}}],\"inLanguage\":\"es\"},{\"@type\":\"Organization\",\"@id\":\"https:\\\/\\\/www.ucaldas.edu.co\\\/portal\\\/#organization\",\"name\":\"Universidad de Caldas\",\"alternateName\":\"U. de Caldas\",\"url\":\"https:\\\/\\\/www.ucaldas.edu.co\\\/portal\\\/\",\"logo\":{\"@type\":\"ImageObject\",\"inLanguage\":\"es\",\"@id\":\"https:\\\/\\\/www.ucaldas.edu.co\\\/portal\\\/#\\\/schema\\\/logo\\\/image\\\/\",\"url\":\"https:\\\/\\\/www.ucaldas.edu.co\\\/portal\\\/wp-content\\\/uploads\\\/2023\\\/11\\\/Logo_horizontal_oscuroU-2023.png\",\"contentUrl\":\"https:\\\/\\\/www.ucaldas.edu.co\\\/portal\\\/wp-content\\\/uploads\\\/2023\\\/11\\\/Logo_horizontal_oscuroU-2023.png\",\"width\":263,\"height\":101,\"caption\":\"Universidad de Caldas\"},\"image\":{\"@id\":\"https:\\\/\\\/www.ucaldas.edu.co\\\/portal\\\/#\\\/schema\\\/logo\\\/image\\\/\"},\"sameAs\":[\"https:\\\/\\\/www.facebook.com\\\/udecaldas\",\"https:\\\/\\\/x.com\\\/udecaldas\",\"https:\\\/\\\/www.youtube.com\\\/universidadcaldas\",\"https:\\\/\\\/www.instagram.com\\\/udecaldas\\\/\"]}]}<\/script>\n<!-- \/ Yoast SEO plugin. -->","yoast_head_json":{"title":"Archivo - Certificado semestral para la Agencia Nacional de Defensa Jur\u00eddica del Estado \u2013 Ekogui .","robots":{"index":"index","follow":"follow","max-snippet":"max-snippet:-1","max-image-preview":"max-image-preview:large","max-video-preview":"max-video-preview:-1"},"canonical":"https:\/\/www.ucaldas.edu.co\/portal\/archivo-certificado-semestral-para-la-agencia-nacional-de-defensa-juridica-del-estado-ekogui\/","schema":{"@context":"https:\/\/schema.org","@graph":[{"@type":"WebPage","@id":"https:\/\/www.ucaldas.edu.co\/portal\/archivo-certificado-semestral-para-la-agencia-nacional-de-defensa-juridica-del-estado-ekogui\/","url":"https:\/\/www.ucaldas.edu.co\/portal\/archivo-certificado-semestral-para-la-agencia-nacional-de-defensa-juridica-del-estado-ekogui\/","name":"Archivo - Certificado semestral para la Agencia Nacional de Defensa Jur\u00eddica del Estado \u2013 Ekogui .","isPartOf":{"@id":"https:\/\/www.ucaldas.edu.co\/portal\/#website"},"datePublished":"2019-11-12T19:40:55+00:00","dateModified":"2023-07-11T16:11:33+00:00","breadcrumb":{"@id":"https:\/\/www.ucaldas.edu.co\/portal\/archivo-certificado-semestral-para-la-agencia-nacional-de-defensa-juridica-del-estado-ekogui\/#breadcrumb"},"inLanguage":"es","potentialAction":[{"@type":"ReadAction","target":["https:\/\/www.ucaldas.edu.co\/portal\/archivo-certificado-semestral-para-la-agencia-nacional-de-defensa-juridica-del-estado-ekogui\/"]}]},{"@type":"BreadcrumbList","@id":"https:\/\/www.ucaldas.edu.co\/portal\/archivo-certificado-semestral-para-la-agencia-nacional-de-defensa-juridica-del-estado-ekogui\/#breadcrumb","itemListElement":[{"@type":"ListItem","position":1,"name":"Portada","item":"https:\/\/www.ucaldas.edu.co\/portal\/"},{"@type":"ListItem","position":2,"name":"Archivo &#8211; Certificado semestral para la Agencia Nacional de Defensa Jur\u00eddica del Estado \u2013 Ekogui"}]},{"@type":"WebSite","@id":"https:\/\/www.ucaldas.edu.co\/portal\/#website","url":"https:\/\/www.ucaldas.edu.co\/portal\/","name":"Universidad de Caldas","description":"","publisher":{"@id":"https:\/\/www.ucaldas.edu.co\/portal\/#organization"},"alternateName":"U. de Caldas","potentialAction":[{"@type":"SearchAction","target":{"@type":"EntryPoint","urlTemplate":"https:\/\/www.ucaldas.edu.co\/portal\/?s={search_term_string}"},"query-input":{"@type":"PropertyValueSpecification","valueRequired":true,"valueName":"search_term_string"}}],"inLanguage":"es"},{"@type":"Organization","@id":"https:\/\/www.ucaldas.edu.co\/portal\/#organization","name":"Universidad de Caldas","alternateName":"U. de Caldas","url":"https:\/\/www.ucaldas.edu.co\/portal\/","logo":{"@type":"ImageObject","inLanguage":"es","@id":"https:\/\/www.ucaldas.edu.co\/portal\/#\/schema\/logo\/image\/","url":"https:\/\/www.ucaldas.edu.co\/portal\/wp-content\/uploads\/2023\/11\/Logo_horizontal_oscuroU-2023.png","contentUrl":"https:\/\/www.ucaldas.edu.co\/portal\/wp-content\/uploads\/2023\/11\/Logo_horizontal_oscuroU-2023.png","width":263,"height":101,"caption":"Universidad de Caldas"},"image":{"@id":"https:\/\/www.ucaldas.edu.co\/portal\/#\/schema\/logo\/image\/"},"sameAs":["https:\/\/www.facebook.com\/udecaldas","https:\/\/x.com\/udecaldas","https:\/\/www.youtube.com\/universidadcaldas","https:\/\/www.instagram.com\/udecaldas\/"]}]}},"_links":{"self":[{"href":"https:\/\/www.ucaldas.edu.co\/portal\/wp-json\/wp\/v2\/pages\/53009","targetHints":{"allow":["GET"]}}],"collection":[{"href":"https:\/\/www.ucaldas.edu.co\/portal\/wp-json\/wp\/v2\/pages"}],"about":[{"href":"https:\/\/www.ucaldas.edu.co\/portal\/wp-json\/wp\/v2\/types\/page"}],"author":[{"embeddable":true,"href":"https:\/\/www.ucaldas.edu.co\/portal\/wp-json\/wp\/v2\/users\/1"}],"replies":[{"embeddable":true,"href":"https:\/\/www.ucaldas.edu.co\/portal\/wp-json\/wp\/v2\/comments?post=53009"}],"version-history":[{"count":0,"href":"https:\/\/www.ucaldas.edu.co\/portal\/wp-json\/wp\/v2\/pages\/53009\/revisions"}],"wp:attachment":[{"href":"https:\/\/www.ucaldas.edu.co\/portal\/wp-json\/wp\/v2\/media?parent=53009"}],"curies":[{"name":"wp","href":"https:\/\/api.w.org\/{rel}","templated":true}]}}