{"id":52944,"date":"2019-09-27T16:11:16","date_gmt":"2019-09-27T16:11:16","guid":{"rendered":"https:\/\/www.ucaldas.edu.co\/portal\/?page_id=52944"},"modified":"2025-10-02T16:12:43","modified_gmt":"2025-10-02T21:12:43","slug":"bienestar","status":"publish","type":"page","link":"https:\/\/www.ucaldas.edu.co\/portal\/vicerrectoria-administrativa\/bienestar\/","title":{"rendered":"Servicio de Bienestar universitario"},"content":{"rendered":"<div class=\"wpb-content-wrapper\"><p>[vc_row][vc_column width=\u00bb2\/3&#8243;][vc_column_text]La oficina de <strong>Bienestar Universitario<\/strong> tiene como <strong>objeto<\/strong> promover procesos que contribuyan al <strong>desarrollo integral del ser humano<\/strong>, al <strong>fortalecimiento<\/strong> de sus <strong>potencialidades<\/strong> y <strong>capacidades<\/strong>, a su <strong>bienestar<\/strong> y al mejoramiento de su <strong>calidad de vida<\/strong> en el entorno <strong>f\u00edsico<\/strong>, <strong>ambiental<\/strong> y <strong>social<\/strong>.[\/vc_column_text][vc_custom_heading text=\u00bbObjetivos\u00bb google_fonts=\u00bbfont_family:Roboto%3A100%2C100italic%2C300%2C300italic%2Cregular%2Citalic%2C500%2C500italic%2C700%2C700italic%2C900%2C900italic|font_style:900%20bold%20regular%3A900%3Anormal\u00bb][vc_column_text]Con el fin de orientar las actividades institucionales que impacten en la comunidad universitaria en general, la pol\u00edtica de bienestar universitario, tendr\u00e1 los siguientes objetivos:<\/p>\n<ol style=\"line-height: 1.5; font-weight: 350;\">\n<li>Contribuir a la <strong>formaci\u00f3n integral<\/strong>, al desarrollo humano y a la integraci\u00f3n universitaria, de quienes componen la comunidad universitaria, mediante la <strong>participaci\u00f3n<\/strong> en actividades <strong>art\u00edsticas<\/strong>, <strong>culturales<\/strong>, <strong>recreativas<\/strong>, <strong>ambientales<\/strong> y <strong>deportivas<\/strong>.<\/li>\n<li>Fomentar y fortalecer entre los miembros de la comunidad universitaria, los<strong> valores de convivencia<\/strong>, respeto, solidaridad, inclusi\u00f3n y v\u00ednculos de pertenencia a la vida institucional.<\/li>\n<li>Desplegar y fortalecer programas de <strong>promoci\u00f3n de la salud<\/strong> y <strong>prevenci\u00f3n de la enfermedad<\/strong>, con el fin de mejorar la calidad de vida personal, colectiva e institucional.<\/li>\n<li>Propender por el <strong>bienestar psicosocial<\/strong> de estudiantes, docentes y administrativos, mediante procesos de acompa\u00f1amiento, atenci\u00f3n e intervenci\u00f3n psicosocial individual, institucional y familiar.<\/li>\n<li>Apoyar las pol\u00edticas institucionales dirigidas a <strong>disminuir la deserci\u00f3n estudiantil<\/strong>, la retenci\u00f3n no deseada para contribuir a la calidad en la formaci\u00f3n de los estudiantes y al mejoramiento continuo de la calidad de vida.<\/li>\n<li>Propiciar la construcci\u00f3n de comunidad universitaria mediante procesos que contribuyan a desarrollar la autoestima, la asertividad, el sentido cr\u00edtico, la conservaci\u00f3n del medio ambiente y el respeto a s\u00ed mismo y a los dem\u00e1s para crear conciencia institucional y social.<\/li>\n<li>Promover relaciones y convenios con entidades que trabajen en campos afines del bienestar para establecer programas de inter\u00e9s com\u00fan.<\/li>\n<\/ol>\n<p>[\/vc_column_text][\/vc_column][vc_column width=\u00bb1\/3&#8243; el_id=\u00bbimg-vert\u00bb][vc_single_image image=\u00bb51774&#8243; img_size=\u00bbfull\u00bb][\/vc_column][\/vc_row][vc_row disable_element=\u00bbyes\u00bb css=\u00bb.vc_custom_1676578057540{margin-top: 30px !important;}\u00bb][vc_column][vc_separator color=\u00bbblue\u00bb style=\u00bbshadow\u00bb border_width=\u00bb2&#8243; el_width=\u00bb80&#8243; css=\u00bb.vc_custom_1617893360370{margin-top: 15px !important;}\u00bb][stm_title title_tag=\u00bbh2&#8243; title=\u00bbConvocatorias vigentes\u00bb][\/stm_title][\/vc_column][\/vc_row][vc_row disable_element=\u00bbyes\u00bb css=\u00bb.vc_custom_1676578063969{margin-top: 30px !important;}\u00bb][vc_column][stm_title title_tag=\u00bbh3&#8243; title_align=\u00bbcenter\u00bb title=\u00bbPromoci\u00f3n socioecon\u00f3mica, Convocatoria de estudiantes regulares residencias estudiantiles 2002-2&#8243;][\/stm_title][vc_column_text]Se informa a la comunidad estudiantil de pregrado regular las fechas de convocatoria para la inscripci\u00f3n y selecci\u00f3n al beneficio de Residencias Estudiantiles.<br \/>\nProceso de inscripci\u00f3n en l\u00ednea sistema SIA: del 25 de julio al 21 de agosto de 2022<br \/>\nAplicaci\u00f3n de la prueba: Mi\u00e9rcoles 31 de agosto de 2022<br \/>\nLugar: Sala Carlos Nader<br \/>\nHora: 6:00 p.m. (Favor llevar l\u00e1piz)<br \/>\nEntrevistas: del 12 al 16 de septiembre de 2022<br \/>\nPublicaci\u00f3n de admitidos: 23 de septiembre de 2022<\/p>\n<p>La asistencia a todas las etapas del proceso en la hora, d\u00eda y lugar asignados es obligatoria.<\/p>\n<p><a href=\"https:\/\/www.ucaldas.edu.co\/portal\/wp-content\/uploads\/2022\/07\/circular-convocatoria-Residencias-2022-2-Julio-2022.pdf\" target=\"_blank\" rel=\"noopener\">Descarga el archivo de la convocatoria<\/a>[\/vc_column_text][\/vc_column][\/vc_row][vc_row disable_element=\u00bbyes\u00bb][vc_column][stm_title title_tag=\u00bbh3&#8243; title_align=\u00bbcenter\u00bb title=\u00bbConvocatoria para solicitar Becarios per\u00edodo 2022 &#8211; 2&#8243;][\/stm_title][vc_column_text]Se informa a todos los funcionarios que el Sistema de Informaci\u00f3n Acad\u00e9mica Nuevo SIA se encuentra habilitado con el fin de solicitar los becarios para las distintas unidades administrativas de nuestra instituci\u00f3n.<br \/>\nProceso de solicitud en l\u00ednea sistema SIA: entre el 27 de julio y el 12 de Agosto de 2022<br \/>\nPara aquellos funcionarios que est\u00e9n interesados en solicitar estudiantes becarios que no tengan perfil de Responsable de Becario registrado en el nuevo SIA, deben ser habilitados en el Sistema enviando al correo institucional bienestar.psocioeconomica@ucaldas.edu.co la siguiente informaci\u00f3n:<br \/>\n<strong>NOMBRE FUNCIONARIO<\/strong><br \/>\n<strong>NUMERO DE DOCUMENTO DE IDENTIDAD<\/strong><br \/>\n<strong>CORREO ELECTRONICO (institucional)<\/strong><br \/>\nReferenciar en el asunto Solicitud de Creaci\u00f3n de Usuario para Solicitud de Becarios y luego de ser creados recibir\u00e1n el instructivo para realizar la solicitud de Becarios 2022-2 (los interesados deben estar habilitados en el Sistema de Administraci\u00f3n SARA de la Instituci\u00f3n y poseer usuario en el nuevo Sistema de Informaci\u00f3n Acad\u00e9mica SIA)<\/p>\n<p>\u00danicamente se tendr\u00e1n en cuenta las solicitudes realizadas por medio del sistema SIA en las fechas estipuladas, no se recibir\u00e1 ni dar\u00e1 tramite a solicitudes extempor\u00e1neas o realizadas por medios diferentes al indicado.<\/p>\n<p>Mayor informaci\u00f3n : bienestar.psocioeconomica@ucaldas.edu.co, extensi\u00f3n 18020 -18024<\/p>\n<p><a href=\"https:\/\/www.ucaldas.edu.co\/portal\/wp-content\/uploads\/2022\/07\/Circular-Solicitud-de-Becarios-2022-2-Julio-2022.pdf\" target=\"_blank\" rel=\"noopener\">Descarga el archivo de la convocatoria<\/a>[\/vc_column_text][\/vc_column][\/vc_row][vc_row disable_element=\u00bbyes\u00bb][vc_column][stm_title title_tag=\u00bbh3&#8243; title_align=\u00bbcenter\u00bb title=\u00bbConvocatoria Becas de compensaci\u00f3n 2022-2&#8243;][\/stm_title][vc_column_text]Para: Estudiantes de pregrado regular<br \/>\nProceso de inscripci\u00f3n en l\u00ednea sistema SIA: del 1 al 15 de agosto de 2022<br \/>\nPublicaci\u00f3n de admitidos: 26 de agosto de 2022<br \/>\nPeriodo de prestaci\u00f3n del servicio: del 30 de agosto al 25 de noviembre de 2022<br \/>\nSe realizar\u00e1 encuentro virtual para aclaraci\u00f3n de dudas el d\u00eda jueves 11 de agosto hora 2:30 p.m por el <a href=\"http:\/\/meet.google.com\/hin-cwgo-bxh\" target=\"_blank\" rel=\"noopener\">enlace de la reuni\u00f3n por Meet<\/a><\/p>\n<p>Mayor informaci\u00f3n: 8781500 ext. 18024, Bienestar.psocioeconomica@ucaldas.edu.co<\/p>\n<p><a href=\"https:\/\/www.ucaldas.edu.co\/portal\/wp-content\/uploads\/2022\/08\/Circular-BecasCompensacion-2022-v2-Agosto-2022.pdf\" target=\"_blank\" rel=\"noopener\">Descarga el archivo de la convocatoria<\/a>[\/vc_column_text][\/vc_column][\/vc_row][vc_row disable_element=\u00bbyes\u00bb][vc_column][stm_title title_tag=\u00bbh3&#8243; title_align=\u00bbcenter\u00bb title=\u00bbConvocatoria Subsidios de alimentaci\u00f3n\u00bb][\/stm_title][vc_column_text]Para: Estudiantes de pregrado regular<br \/>\nProceso de inscripci\u00f3n en l\u00ednea sistema SIA : del 1 al 16 de agosto de 2022<br \/>\nPublicaci\u00f3n de admitidos: 26 de agosto de 2022<br \/>\nPeriodo de prestaci\u00f3n del servicio: del 29 de agosto al 9 de diciembre de 2022<br \/>\nSe realizar\u00e1 encuentro virtual para aclaraci\u00f3n de dudas el d\u00eda jueves 11 de agosto hora 2:30 p.m por el <a href=\"http:\/\/meet.google.com\/hin-cwgo-bxh\" target=\"_blank\" rel=\"noopener\">enlace para la reuni\u00f3n en Meet<\/a><\/p>\n<p>Mayor informaci\u00f3n: 8781500 ext. 18024, Bienestar.psocioeconomica@ucaldas.edu.co<\/p>\n<p><a href=\"https:\/\/www.ucaldas.edu.co\/portal\/wp-content\/uploads\/2022\/07\/circular-convocatoria-Alimentacion-2022-2.pdf\" target=\"_blank\" rel=\"noopener\">Descarga el archivo de la convocatoria<\/a>[\/vc_column_text][\/vc_column][\/vc_row][vc_row el_class=\u00bbejes-bienestar-universitario\u00bb][vc_column][vc_custom_heading text=\u00bbConoce nuestros ejes\u00bb font_container=\u00bbtag:h2|text_align:center\u00bb google_fonts=\u00bbfont_family:Roboto%3A100%2C100italic%2C300%2C300italic%2Cregular%2Citalic%2C500%2C500italic%2C700%2C700italic%2C900%2C900italic|font_style:900%20bold%20regular%3A900%3Anormal\u00bb][vc_empty_space][vc_row_inner el_class=\u00bbejes-bienestar-universitario\u00bb][vc_column_inner el_class=\u00bbtarjeta-eje-bienestar-universitario\u00bb width=\u00bb1\/3&#8243;][vc_single_image image=\u00bb52020&#8243; img_size=\u00bbfull\u00bb alignment=\u00bbcenter\u00bb css_animation=\u00bbnone\u00bb][vc_custom_heading text=\u00bbExpresiones culturales y art\u00edsticas\u00bb font_container=\u00bbtag:h4|text_align:left\u00bb google_fonts=\u00bbfont_family:Roboto%3A100%2C100italic%2C300%2C300italic%2Cregular%2Citalic%2C500%2C500italic%2C700%2C700italic%2C900%2C900italic|font_style:900%20bold%20regular%3A900%3Anormal\u00bb link=\u00bburl:https%3A%2F%2Fwww.ucaldas.edu.co%2Fportal%2Fbienestar%2Fexpresiones-culturales-y-artisticas%2F|||\u00bb][vc_btn title=\u00bbM\u00e1s informaci\u00f3n\u00bb style=\u00bbflat\u00bb color=\u00bbblue\u00bb align=\u00bbcenter\u00bb i_icon_fontawesome=\u00bbfa fa-paint-brush\u00bb add_icon=\u00bbtrue\u00bb link=\u00bburl:https%3A%2F%2Fwww.ucaldas.edu.co%2Fportal%2Fbienestar%2Fexpresiones-culturales-y-artisticas%2F|||\u00bb el_class=\u00bbbtn-eje-bienestar-universitario\u00bb][\/vc_column_inner][vc_column_inner el_class=\u00bbtarjeta-eje-bienestar-universitario\u00bb width=\u00bb1\/3&#8243;][vc_single_image image=\u00bb77592&#8243; img_size=\u00bbfull\u00bb alignment=\u00bbcenter\u00bb css_animation=\u00bbnone\u00bb][vc_custom_heading text=\u00bbFomento de la actividad f\u00edsica, el deporte y la recreaci\u00f3n\u00bb font_container=\u00bbtag:h4|text_align:left\u00bb google_fonts=\u00bbfont_family:Roboto%3A100%2C100italic%2C300%2C300italic%2Cregular%2Citalic%2C500%2C500italic%2C700%2C700italic%2C900%2C900italic|font_style:900%20bold%20regular%3A900%3Anormal\u00bb link=\u00bburl:https%3A%2F%2Fwww.ucaldas.edu.co%2Fportal%2Fbienestar%2Ffomento-de-la-actividad-fisica-el-deporte-y-la-recreacion%2F|||\u00bb][vc_btn title=\u00bbM\u00e1s informaci\u00f3n\u00bb style=\u00bbflat\u00bb color=\u00bbblue\u00bb align=\u00bbcenter\u00bb i_icon_fontawesome=\u00bbstm-icon stm-icon-volleyball\u00bb add_icon=\u00bbtrue\u00bb link=\u00bburl:https%3A%2F%2Fwww.ucaldas.edu.co%2Fportal%2Fbienestar%2Ffomento-de-la-actividad-fisica-el-deporte-y-la-recreacion%2F|||\u00bb el_class=\u00bbbtn-eje-bienestar-universitario\u00bb][\/vc_column_inner][vc_column_inner el_class=\u00bbtarjeta-eje-bienestar-universitario\u00bb width=\u00bb1\/3&#8243;][vc_single_image image=\u00bb78781&#8243; img_size=\u00bbfull\u00bb alignment=\u00bbcenter\u00bb css_animation=\u00bbnone\u00bb][vc_custom_heading text=\u00bbPermanece con calidad\u00bb font_container=\u00bbtag:h4|text_align:left\u00bb google_fonts=\u00bbfont_family:Roboto%3A100%2C100italic%2C300%2C300italic%2Cregular%2Citalic%2C500%2C500italic%2C700%2C700italic%2C900%2C900italic|font_style:900%20bold%20regular%3A900%3Anormal\u00bb link=\u00bburl:%20https%3A%2F%2Fwww.ucaldas.edu.co%2Fportal%2Fpermanece-con-calidad%2F|title:Permanece%20con%20calidad||\u00bb el_class=\u00bbtarjeta-eje-bienestar-universitario\u00bb][vc_btn title=\u00bbM\u00e1s informaci\u00f3n\u00bb style=\u00bbflat\u00bb color=\u00bbblue\u00bb align=\u00bbcenter\u00bb i_icon_fontawesome=\u00bbfa fa-child\u00bb add_icon=\u00bbtrue\u00bb link=\u00bburl:%20https%3A%2F%2Fwww.ucaldas.edu.co%2Fportal%2Fpermanece-con-calidad%2F|||\u00bb el_class=\u00bbbtn-eje-bienestar-universitario\u00bb][\/vc_column_inner][\/vc_row_inner][vc_row_inner][vc_column_inner el_class=\u00bbtarjeta-eje-bienestar-universitario\u00bb width=\u00bb1\/3&#8243;][vc_single_image image=\u00bb79525&#8243; img_size=\u00bbfull\u00bb alignment=\u00bbcenter\u00bb css_animation=\u00bbnone\u00bb][vc_custom_heading text=\u00bbDesarrollo humano y convivencia universitaria\u00bb font_container=\u00bbtag:h4|text_align:left\u00bb google_fonts=\u00bbfont_family:Roboto%3A100%2C100italic%2C300%2C300italic%2Cregular%2Citalic%2C500%2C500italic%2C700%2C700italic%2C900%2C900italic|font_style:900%20bold%20regular%3A900%3Anormal\u00bb link=\u00bburl:https%3A%2F%2Fwww.ucaldas.edu.co%2Fportal%2Fbienestar%2Fdesarrollo-humano-y-convivencia-universitaria%2F|||\u00bb][vc_btn title=\u00bbM\u00e1s informaci\u00f3n\u00bb style=\u00bbflat\u00bb color=\u00bbblue\u00bb align=\u00bbcenter\u00bb i_icon_fontawesome=\u00bbfa fa-users\u00bb add_icon=\u00bbtrue\u00bb link=\u00bburl:https%3A%2F%2Fwww.ucaldas.edu.co%2Fportal%2Fconvivencia-universitaria%2F|||\u00bb el_class=\u00bbbtn-eje-bienestar-universitario\u00bb][\/vc_column_inner][vc_column_inner el_class=\u00bbtarjeta-eje-bienestar-universitario\u00bb width=\u00bb1\/3&#8243;][vc_single_image image=\u00bb52024&#8243; img_size=\u00bbfull\u00bb alignment=\u00bbcenter\u00bb css_animation=\u00bbnone\u00bb][vc_custom_heading text=\u00bbPromoci\u00f3n socioecon\u00f3mica\u00bb font_container=\u00bbtag:h4|text_align:left\u00bb google_fonts=\u00bbfont_family:Roboto%3A100%2C100italic%2C300%2C300italic%2Cregular%2Citalic%2C500%2C500italic%2C700%2C700italic%2C900%2C900italic|font_style:900%20bold%20regular%3A900%3Anormal\u00bb link=\u00bburl:https%3A%2F%2Fwww.ucaldas.edu.co%2Fportal%2Fpromocion-socioeconomica-2%2F|||\u00bb][vc_btn title=\u00bbM\u00e1s informaci\u00f3n\u00bb style=\u00bbflat\u00bb color=\u00bbblue\u00bb align=\u00bbcenter\u00bb i_icon_fontawesome=\u00bbfa fa-money\u00bb add_icon=\u00bbtrue\u00bb link=\u00bburl:https%3A%2F%2Fwww.ucaldas.edu.co%2Fportal%2Fpromocion-socioeconomica|||\u00bb el_class=\u00bbbtn-eje-bienestar-universitario\u00bb][\/vc_column_inner][vc_column_inner el_class=\u00bbtarjeta-eje-bienestar-universitario\u00bb width=\u00bb1\/3&#8243;][vc_single_image image=\u00bb52022&#8243; img_size=\u00bbfull\u00bb alignment=\u00bbcenter\u00bb css_animation=\u00bbnone\u00bb][vc_custom_heading text=\u00bbPromoci\u00f3n de la salud integral y el auto cuidado\u00bb font_container=\u00bbtag:h4|text_align:left\u00bb google_fonts=\u00bbfont_family:Roboto%3A100%2C100italic%2C300%2C300italic%2Cregular%2Citalic%2C500%2C500italic%2C700%2C700italic%2C900%2C900italic|font_style:900%20bold%20regular%3A900%3Anormal\u00bb link=\u00bburl:https%3A%2F%2Fwww.ucaldas.edu.co%2Fportal%2Fbienestar%2Fpromocion-de-la-salud-integral-y-el-auto-cuidado%2F|||\u00bb][vc_btn title=\u00bbM\u00e1s informaci\u00f3n\u00bb style=\u00bbflat\u00bb color=\u00bbblue\u00bb align=\u00bbcenter\u00bb i_icon_fontawesome=\u00bbfa fa-heartbeat\u00bb add_icon=\u00bbtrue\u00bb link=\u00bburl:https%3A%2F%2Fwww.ucaldas.edu.co%2Fportal%2Fpromocion-de-la-salud%2F|||\u00bb el_class=\u00bbbtn-eje-bienestar-universitario\u00bb][\/vc_column_inner][\/vc_row_inner][vc_row_inner][vc_column_inner el_class=\u00bbtarjeta-eje-bienestar-universitario\u00bb width=\u00bb1\/3&#8243;][vc_single_image image=\u00bb79570&#8243; img_size=\u00bbfull\u00bb alignment=\u00bbcenter\u00bb css_animation=\u00bbnone\u00bb][vc_custom_heading text=\u00bbGrupo Especial de Equidad y No Discriminaci\u00f3n (GEEND)\u00bb font_container=\u00bbtag:h4|text_align:left\u00bb google_fonts=\u00bbfont_family:Roboto%3A100%2C100italic%2C300%2C300italic%2Cregular%2Citalic%2C500%2C500italic%2C700%2C700italic%2C900%2C900italic|font_style:900%20bold%20regular%3A900%3Anormal\u00bb link=\u00bburl:https%3A%2F%2Fwww.ucaldas.edu.co%2Fportal%2Fgrupo-especial-de-equidad-y-no-discriminacion%2F|title:GEEND||\u00bb][vc_btn title=\u00bbM\u00e1s informaci\u00f3n\u00bb style=\u00bbflat\u00bb color=\u00bbblue\u00bb align=\u00bbcenter\u00bb i_icon_fontawesome=\u00bb\u00bb css=\u00bb\u00bb add_icon=\u00bbtrue\u00bb link=\u00bburl:https%3A%2F%2Fwww.ucaldas.edu.co%2Fportal%2Fvicerrectoria-administrativa%2Fbienestar%2Fgeend%2F|title:GEEND\u00bb el_class=\u00bbbtn-eje-bienestar-universitario\u00bb][\/vc_column_inner][\/vc_row_inner][\/vc_column][\/vc_row]<\/p>\n<\/div>","protected":false},"excerpt":{"rendered":"<p>[vc_row][vc_column width=\u00bb2\/3&#8243;][vc_column_text]La oficina de Bienestar Universitario tiene como objeto promover procesos que contribuyan al desarrollo integral del ser humano, al fortalecimiento de sus potencialidades y capacidades, a su bienestar y al mejoramiento de su calidad de vida en el entorno f\u00edsico, ambiental y social.[\/vc_column_text][vc_custom_heading text=\u00bbObjetivos\u00bb google_fonts=\u00bbfont_family:Roboto%3A100%2C100italic%2C300%2C300italic%2Cregular%2Citalic%2C500%2C500italic%2C700%2C700italic%2C900%2C900italic|font_style:900%20bold%20regular%3A900%3Anormal\u00bb][vc_column_text]Con el fin de orientar las actividades institucionales que impacten [&hellip;]<\/p>\n","protected":false},"author":1,"featured_media":0,"parent":535,"menu_order":0,"comment_status":"closed","ping_status":"closed","template":"","meta":{"footnotes":""},"class_list":["post-52944","page","type-page","status-publish","hentry"],"yoast_head":"<!-- This site is optimized with the Yoast SEO plugin v27.5 - https:\/\/yoast.com\/product\/yoast-seo-wordpress\/ -->\n<title>Servicio de Bienestar universitario<\/title>\n<meta name=\"description\" content=\"Bienestar fortalece el desarrollo integral del ser humano, para maximizar sus potencialidades y capacidades, a su bien-estar\" \/>\n<meta name=\"robots\" content=\"index, follow, max-snippet:-1, max-image-preview:large, max-video-preview:-1\" \/>\n<link rel=\"canonical\" href=\"https:\/\/www.ucaldas.edu.co\/portal\/vicerrectoria-administrativa\/bienestar\/\" \/>\n<script type=\"application\/ld+json\" class=\"yoast-schema-graph\">{\"@context\":\"https:\\\/\\\/schema.org\",\"@graph\":[{\"@type\":\"WebPage\",\"@id\":\"https:\\\/\\\/www.ucaldas.edu.co\\\/portal\\\/vicerrectoria-administrativa\\\/bienestar\\\/\",\"url\":\"https:\\\/\\\/www.ucaldas.edu.co\\\/portal\\\/vicerrectoria-administrativa\\\/bienestar\\\/\",\"name\":\"Servicio de Bienestar universitario\",\"isPartOf\":{\"@id\":\"https:\\\/\\\/www.ucaldas.edu.co\\\/portal\\\/#website\"},\"datePublished\":\"2019-09-27T16:11:16+00:00\",\"dateModified\":\"2025-10-02T21:12:43+00:00\",\"description\":\"Bienestar fortalece el desarrollo integral del ser humano, para maximizar sus potencialidades y capacidades, a su bien-estar\",\"breadcrumb\":{\"@id\":\"https:\\\/\\\/www.ucaldas.edu.co\\\/portal\\\/vicerrectoria-administrativa\\\/bienestar\\\/#breadcrumb\"},\"inLanguage\":\"es\",\"potentialAction\":[{\"@type\":\"ReadAction\",\"target\":[\"https:\\\/\\\/www.ucaldas.edu.co\\\/portal\\\/vicerrectoria-administrativa\\\/bienestar\\\/\"]}]},{\"@type\":\"BreadcrumbList\",\"@id\":\"https:\\\/\\\/www.ucaldas.edu.co\\\/portal\\\/vicerrectoria-administrativa\\\/bienestar\\\/#breadcrumb\",\"itemListElement\":[{\"@type\":\"ListItem\",\"position\":1,\"name\":\"Portada\",\"item\":\"https:\\\/\\\/www.ucaldas.edu.co\\\/portal\\\/\"},{\"@type\":\"ListItem\",\"position\":2,\"name\":\"Vicerrector\u00eda Administrativa\",\"item\":\"https:\\\/\\\/www.ucaldas.edu.co\\\/portal\\\/vicerrectoria-administrativa\\\/\"},{\"@type\":\"ListItem\",\"position\":3,\"name\":\"Servicio de Bienestar universitario\"}]},{\"@type\":\"WebSite\",\"@id\":\"https:\\\/\\\/www.ucaldas.edu.co\\\/portal\\\/#website\",\"url\":\"https:\\\/\\\/www.ucaldas.edu.co\\\/portal\\\/\",\"name\":\"Universidad de Caldas\",\"description\":\"\",\"publisher\":{\"@id\":\"https:\\\/\\\/www.ucaldas.edu.co\\\/portal\\\/#organization\"},\"alternateName\":\"U. de Caldas\",\"potentialAction\":[{\"@type\":\"SearchAction\",\"target\":{\"@type\":\"EntryPoint\",\"urlTemplate\":\"https:\\\/\\\/www.ucaldas.edu.co\\\/portal\\\/?s={search_term_string}\"},\"query-input\":{\"@type\":\"PropertyValueSpecification\",\"valueRequired\":true,\"valueName\":\"search_term_string\"}}],\"inLanguage\":\"es\"},{\"@type\":\"Organization\",\"@id\":\"https:\\\/\\\/www.ucaldas.edu.co\\\/portal\\\/#organization\",\"name\":\"Universidad de Caldas\",\"alternateName\":\"U. de Caldas\",\"url\":\"https:\\\/\\\/www.ucaldas.edu.co\\\/portal\\\/\",\"logo\":{\"@type\":\"ImageObject\",\"inLanguage\":\"es\",\"@id\":\"https:\\\/\\\/www.ucaldas.edu.co\\\/portal\\\/#\\\/schema\\\/logo\\\/image\\\/\",\"url\":\"https:\\\/\\\/www.ucaldas.edu.co\\\/portal\\\/wp-content\\\/uploads\\\/2023\\\/11\\\/Logo_horizontal_oscuroU-2023.png\",\"contentUrl\":\"https:\\\/\\\/www.ucaldas.edu.co\\\/portal\\\/wp-content\\\/uploads\\\/2023\\\/11\\\/Logo_horizontal_oscuroU-2023.png\",\"width\":263,\"height\":101,\"caption\":\"Universidad de Caldas\"},\"image\":{\"@id\":\"https:\\\/\\\/www.ucaldas.edu.co\\\/portal\\\/#\\\/schema\\\/logo\\\/image\\\/\"},\"sameAs\":[\"https:\\\/\\\/www.facebook.com\\\/udecaldas\",\"https:\\\/\\\/x.com\\\/udecaldas\",\"https:\\\/\\\/www.youtube.com\\\/universidadcaldas\",\"https:\\\/\\\/www.instagram.com\\\/udecaldas\\\/\"]}]}<\/script>\n<!-- \/ Yoast SEO plugin. -->","yoast_head_json":{"title":"Servicio de Bienestar universitario","description":"Bienestar fortalece el desarrollo integral del ser humano, para maximizar sus potencialidades y capacidades, a su bien-estar","robots":{"index":"index","follow":"follow","max-snippet":"max-snippet:-1","max-image-preview":"max-image-preview:large","max-video-preview":"max-video-preview:-1"},"canonical":"https:\/\/www.ucaldas.edu.co\/portal\/vicerrectoria-administrativa\/bienestar\/","schema":{"@context":"https:\/\/schema.org","@graph":[{"@type":"WebPage","@id":"https:\/\/www.ucaldas.edu.co\/portal\/vicerrectoria-administrativa\/bienestar\/","url":"https:\/\/www.ucaldas.edu.co\/portal\/vicerrectoria-administrativa\/bienestar\/","name":"Servicio de Bienestar universitario","isPartOf":{"@id":"https:\/\/www.ucaldas.edu.co\/portal\/#website"},"datePublished":"2019-09-27T16:11:16+00:00","dateModified":"2025-10-02T21:12:43+00:00","description":"Bienestar fortalece el desarrollo integral del ser humano, para maximizar sus potencialidades y capacidades, a su bien-estar","breadcrumb":{"@id":"https:\/\/www.ucaldas.edu.co\/portal\/vicerrectoria-administrativa\/bienestar\/#breadcrumb"},"inLanguage":"es","potentialAction":[{"@type":"ReadAction","target":["https:\/\/www.ucaldas.edu.co\/portal\/vicerrectoria-administrativa\/bienestar\/"]}]},{"@type":"BreadcrumbList","@id":"https:\/\/www.ucaldas.edu.co\/portal\/vicerrectoria-administrativa\/bienestar\/#breadcrumb","itemListElement":[{"@type":"ListItem","position":1,"name":"Portada","item":"https:\/\/www.ucaldas.edu.co\/portal\/"},{"@type":"ListItem","position":2,"name":"Vicerrector\u00eda Administrativa","item":"https:\/\/www.ucaldas.edu.co\/portal\/vicerrectoria-administrativa\/"},{"@type":"ListItem","position":3,"name":"Servicio de Bienestar universitario"}]},{"@type":"WebSite","@id":"https:\/\/www.ucaldas.edu.co\/portal\/#website","url":"https:\/\/www.ucaldas.edu.co\/portal\/","name":"Universidad de Caldas","description":"","publisher":{"@id":"https:\/\/www.ucaldas.edu.co\/portal\/#organization"},"alternateName":"U. de Caldas","potentialAction":[{"@type":"SearchAction","target":{"@type":"EntryPoint","urlTemplate":"https:\/\/www.ucaldas.edu.co\/portal\/?s={search_term_string}"},"query-input":{"@type":"PropertyValueSpecification","valueRequired":true,"valueName":"search_term_string"}}],"inLanguage":"es"},{"@type":"Organization","@id":"https:\/\/www.ucaldas.edu.co\/portal\/#organization","name":"Universidad de Caldas","alternateName":"U. de Caldas","url":"https:\/\/www.ucaldas.edu.co\/portal\/","logo":{"@type":"ImageObject","inLanguage":"es","@id":"https:\/\/www.ucaldas.edu.co\/portal\/#\/schema\/logo\/image\/","url":"https:\/\/www.ucaldas.edu.co\/portal\/wp-content\/uploads\/2023\/11\/Logo_horizontal_oscuroU-2023.png","contentUrl":"https:\/\/www.ucaldas.edu.co\/portal\/wp-content\/uploads\/2023\/11\/Logo_horizontal_oscuroU-2023.png","width":263,"height":101,"caption":"Universidad de Caldas"},"image":{"@id":"https:\/\/www.ucaldas.edu.co\/portal\/#\/schema\/logo\/image\/"},"sameAs":["https:\/\/www.facebook.com\/udecaldas","https:\/\/x.com\/udecaldas","https:\/\/www.youtube.com\/universidadcaldas","https:\/\/www.instagram.com\/udecaldas\/"]}]}},"_links":{"self":[{"href":"https:\/\/www.ucaldas.edu.co\/portal\/wp-json\/wp\/v2\/pages\/52944","targetHints":{"allow":["GET"]}}],"collection":[{"href":"https:\/\/www.ucaldas.edu.co\/portal\/wp-json\/wp\/v2\/pages"}],"about":[{"href":"https:\/\/www.ucaldas.edu.co\/portal\/wp-json\/wp\/v2\/types\/page"}],"author":[{"embeddable":true,"href":"https:\/\/www.ucaldas.edu.co\/portal\/wp-json\/wp\/v2\/users\/1"}],"replies":[{"embeddable":true,"href":"https:\/\/www.ucaldas.edu.co\/portal\/wp-json\/wp\/v2\/comments?post=52944"}],"version-history":[{"count":0,"href":"https:\/\/www.ucaldas.edu.co\/portal\/wp-json\/wp\/v2\/pages\/52944\/revisions"}],"up":[{"embeddable":true,"href":"https:\/\/www.ucaldas.edu.co\/portal\/wp-json\/wp\/v2\/pages\/535"}],"wp:attachment":[{"href":"https:\/\/www.ucaldas.edu.co\/portal\/wp-json\/wp\/v2\/media?parent=52944"}],"curies":[{"name":"wp","href":"https:\/\/api.w.org\/{rel}","templated":true}]}}