{"id":52467,"date":"2019-10-22T16:04:31","date_gmt":"2019-10-22T16:04:31","guid":{"rendered":"https:\/\/www.ucaldas.edu.co\/portal\/?page_id=52467"},"modified":"2023-07-11T15:50:16","modified_gmt":"2023-07-11T15:50:16","slug":"archivo-informe-de-seguimiento-a-la-gestion-contractual","status":"publish","type":"page","link":"https:\/\/www.ucaldas.edu.co\/portal\/archivo-informe-de-seguimiento-a-la-gestion-contractual\/","title":{"rendered":"Archivo &#8211; Informe de seguimiento a la Gesti\u00f3n Contractual"},"content":{"rendered":"<div class=\"wpb-content-wrapper\"><p>[vc_row][vc_column][vc_column_text]<a href=\"https:\/\/www.ucaldas.edu.co\/portal\/control-interno\/#1506026941649-acf58cde-4b66\">&lt;&lt; Regresar a Secci\u00f3n de Control Interno<\/a><\/p>\n<table style=\"width: 98.7111%;\" border=\"0\">\n<caption>Informes de seguimiento a la Gesti\u00f3n Contractual<\/caption>\n<tbody>\n<tr align=\"center\">\n<td style=\"background-color: #e6e6fa; width: 1264px;\" colspan=\"2\" scope=\"col\"><strong>Informes de seguimiento a la Gesti\u00f3n Contractual<\/strong><\/td>\n<\/tr>\n<tr>\n<td style=\"width: 947.217px;\" scope=\"col\">\n<ul>\n<li><span style=\"font-size: 11px;\"><a href=\"https:\/\/www.ucaldas.edu.co\/portal\/wp-content\/uploads\/2014\/02\/Informe-Nro.-5.-Gesti\u00f3n-Contractual-4T17.pdf\" target=\"_blank\" rel=\"noopener\"><span style=\"font-family: Verdana, Arial, Helvetica, sans-serif;\">Informe Nro. 5. Gesti\u00f3n Contractual 4T17<\/span><\/a><\/span><\/li>\n<\/ul>\n<\/td>\n<td style=\"width: 265.933px;\" scope=\"col\"><\/td>\n<\/tr>\n<tr>\n<td style=\"width: 947.217px;\" scope=\"col\">\n<ul>\n<li><span style=\"font-size: 11px;\"><a href=\"https:\/\/www.ucaldas.edu.co\/portal\/wp-content\/uploads\/2014\/02\/Informe-Nro.-1.-Gesti\u00f3n-Contractual-3T17.pdf\" target=\"_blank\" rel=\"noopener\"><span style=\"font-family: Verdana, Arial, Helvetica, sans-serif;\">Informe Nro. 1. Gesti\u00f3n Contractual 3T17<\/span><\/a><\/span><\/li>\n<\/ul>\n<\/td>\n<td style=\"width: 265.933px;\" scope=\"col\"><\/td>\n<\/tr>\n<tr>\n<td style=\"width: 947.217px;\" scope=\"col\">\n<ul>\n<li><span style=\"font-size: 11px;\"><a href=\"https:\/\/www.ucaldas.edu.co\/portal\/wp-content\/uploads\/2014\/02\/Informe-Auditor\u00eda-Gesti\u00f3n-Contractual-2T17.compressed.pdf\" target=\"_blank\" rel=\"noopener\"><span style=\"font-family: Verdana, Arial, Helvetica, sans-serif;\">Informe Auditor\u00eda Gesti\u00f3n Contractual 2T17<\/span><\/a><\/span><\/li>\n<\/ul>\n<\/td>\n<td style=\"width: 265.933px;\" scope=\"col\"><\/td>\n<\/tr>\n<tr>\n<td style=\"width: 947.217px;\" scope=\"col\">\n<ul>\n<li><span style=\"font-size: 11px;\"><a href=\"https:\/\/www.ucaldas.edu.co\/portal\/wp-content\/uploads\/2014\/02\/Informe-Auditor\u00eda-Gesti\u00f3n-Contractual-3T17.compressed.pdf\" target=\"_blank\" rel=\"noopener\"><span style=\"font-family: Verdana, Arial, Helvetica, sans-serif;\">Informe Auditor\u00eda Gesti\u00f3n Contractual 3T17<\/span><\/a><\/span><\/li>\n<\/ul>\n<\/td>\n<td style=\"width: 265.933px;\" scope=\"col\"><\/td>\n<\/tr>\n<tr>\n<td style=\"width: 947.217px;\">\n<ul>\n<li><span style=\"font-size: 11px;\"><a href=\"https:\/\/www.ucaldas.edu.co\/portal\/wp-content\/uploads\/2014\/02\/Informe-Nro.25-Gesti\u00f3n-Contractual-3T18.pdf\" target=\"_blank\" rel=\"noopener\"><span style=\"font-family: Verdana, Arial, Helvetica, sans-serif;\">Informe Nro.25 Gesti\u00f3n Contractual 3T18<\/span><\/a><\/span><\/li>\n<\/ul>\n<\/td>\n<td style=\"width: 265.933px;\"><\/td>\n<\/tr>\n<tr>\n<td style=\"width: 947.217px;\">\n<ul>\n<li><span style=\"font-size: 11px;\"><a href=\"https:\/\/www.ucaldas.edu.co\/portal\/wp-content\/uploads\/2014\/02\/Informe-Nro.19-GestContract-1T19.pdf\" target=\"_blank\" rel=\"noopener\"><span style=\"font-family: Verdana, Arial, Helvetica, sans-serif;\">Informe Nro.19 Gesti\u00f3n Contractual 1T19<\/span><\/a><\/span><\/li>\n<\/ul>\n<\/td>\n<td style=\"width: 265.933px;\"><\/td>\n<\/tr>\n<tr>\n<td style=\"width: 947.217px;\">\n<ul>\n<li><span style=\"font-size: 11px;\"><a href=\"https:\/\/www.ucaldas.edu.co\/portal\/wp-content\/uploads\/2014\/02\/Informe-Nro.16-Gesti\u00f3n-Contractual-4T18.pdf\" target=\"_blank\" rel=\"noopener\"><span style=\"font-family: Verdana, Arial, Helvetica, sans-serif;\">Informe Nro.16 Gesti\u00f3n Contractual 4T18<\/span><\/a><\/span><\/li>\n<\/ul>\n<\/td>\n<td style=\"width: 265.933px;\"><\/td>\n<\/tr>\n<tr>\n<td style=\"width: 947.217px;\">\n<ul>\n<li><span style=\"font-size: 11px;\"><a href=\"https:\/\/www.ucaldas.edu.co\/portal\/wp-content\/uploads\/2014\/02\/Informe-Nro.15-Gesti\u00f3n-Contractural-1T18.pdf\" target=\"_blank\" rel=\"noopener\"><span style=\"font-family: Verdana, Arial, Helvetica, sans-serif;\">Informe Nro.15 Gesti\u00f3n Contractural 1T18<\/span><\/a><\/span><\/li>\n<\/ul>\n<\/td>\n<td style=\"width: 265.933px;\"><\/td>\n<\/tr>\n<tr>\n<td style=\"width: 947.217px;\">\n<ul>\n<li><span style=\"font-size: 11px;\"><a href=\"https:\/\/www.ucaldas.edu.co\/portal\/wp-content\/uploads\/2014\/02\/Informe-Nro.16-Gesti\u00f3n-Contractual-4T18.pdf\" target=\"_blank\" rel=\"noopener\"><span style=\"font-family: Verdana, Arial, Helvetica, sans-serif;\">Informe Nro.16 Gesti\u00f3n Contractual 4T18<\/span><\/a><\/span><\/li>\n<\/ul>\n<\/td>\n<td style=\"width: 265.933px;\"><\/td>\n<\/tr>\n<tr>\n<td style=\"width: 947.217px;\">\n<ul>\n<li><span style=\"font-size: 11px;\"><a href=\"https:\/\/www.ucaldas.edu.co\/portal\/wp-content\/uploads\/2014\/02\/Informe-Nro.39-GestContrac-2T19.pdf\" target=\"_blank\" rel=\"noopener\"><span style=\"font-family: Verdana, Arial, Helvetica, sans-serif;\">Informe Nro.39 Gesti\u00f3n Contractural 2T19<\/span><\/a><\/span><\/li>\n<\/ul>\n<\/td>\n<td style=\"width: 265.933px;\"><\/td>\n<\/tr>\n<tr>\n<td style=\"width: 947.217px;\">\n<ul>\n<li><span style=\"font-size: 11px;\"><a href=\"https:\/\/www.ucaldas.edu.co\/portal\/wp-content\/uploads\/2014\/02\/Informe-Nro.03-Gesti\u00f3nContrac-3T19.pdf\" target=\"_blank\" rel=\"noopener\"><span style=\"font-family: Verdana, Arial, Helvetica, sans-serif;\">Informe Nro.03 Gesti\u00f3n Contractural 3T19<\/span><\/a><\/span><\/li>\n<\/ul>\n<\/td>\n<td style=\"width: 265.933px;\"><\/td>\n<\/tr>\n<tr>\n<td style=\"width: 947.217px;\">\n<ul>\n<li><span style=\"font-size: 11px;\"><a href=\"https:\/\/www.ucaldas.edu.co\/portal\/wp-content\/uploads\/2014\/02\/Informe-Nro.06-GC-4T19.pdf\" target=\"_blank\" rel=\"noopener\"><span style=\"font-family: Verdana, Arial, Helvetica, sans-serif;\">Informe Nro.06 Gesti\u00f3n Contractual 4T19<\/span><\/a><\/span><\/li>\n<\/ul>\n<\/td>\n<td style=\"width: 265.933px;\"><\/td>\n<\/tr>\n<\/tbody>\n<\/table>\n<p>[\/vc_column_text][\/vc_column][\/vc_row]<\/p>\n<\/div>","protected":false},"excerpt":{"rendered":"<p>[vc_row][vc_column][vc_column_text]&lt;&lt; Regresar a Secci\u00f3n de Control Interno Informes de seguimiento a la Gesti\u00f3n Contractual Informes de seguimiento a la Gesti\u00f3n Contractual Informe Nro. 5. Gesti\u00f3n Contractual 4T17 Informe Nro. 1. Gesti\u00f3n Contractual 3T17 Informe Auditor\u00eda Gesti\u00f3n Contractual 2T17 Informe Auditor\u00eda Gesti\u00f3n Contractual 3T17 Informe Nro.25 Gesti\u00f3n Contractual 3T18 Informe Nro.19 Gesti\u00f3n Contractual 1T19 Informe Nro.16 [&hellip;]<\/p>\n","protected":false},"author":1,"featured_media":0,"parent":0,"menu_order":0,"comment_status":"closed","ping_status":"closed","template":"","meta":{"footnotes":""},"class_list":["post-52467","page","type-page","status-publish","hentry"],"yoast_head":"<!-- This site is optimized with the Yoast SEO plugin v27.5 - https:\/\/yoast.com\/product\/yoast-seo-wordpress\/ -->\n<title>Archivo - Informe de seguimiento a la Gesti\u00f3n Contractual .<\/title>\n<meta name=\"robots\" content=\"index, follow, max-snippet:-1, max-image-preview:large, max-video-preview:-1\" \/>\n<link rel=\"canonical\" href=\"https:\/\/www.ucaldas.edu.co\/portal\/archivo-informe-de-seguimiento-a-la-gestion-contractual\/\" \/>\n<script type=\"application\/ld+json\" class=\"yoast-schema-graph\">{\"@context\":\"https:\\\/\\\/schema.org\",\"@graph\":[{\"@type\":\"WebPage\",\"@id\":\"https:\\\/\\\/www.ucaldas.edu.co\\\/portal\\\/archivo-informe-de-seguimiento-a-la-gestion-contractual\\\/\",\"url\":\"https:\\\/\\\/www.ucaldas.edu.co\\\/portal\\\/archivo-informe-de-seguimiento-a-la-gestion-contractual\\\/\",\"name\":\"Archivo - Informe de seguimiento a la Gesti\u00f3n Contractual .\",\"isPartOf\":{\"@id\":\"https:\\\/\\\/www.ucaldas.edu.co\\\/portal\\\/#website\"},\"datePublished\":\"2019-10-22T16:04:31+00:00\",\"dateModified\":\"2023-07-11T15:50:16+00:00\",\"breadcrumb\":{\"@id\":\"https:\\\/\\\/www.ucaldas.edu.co\\\/portal\\\/archivo-informe-de-seguimiento-a-la-gestion-contractual\\\/#breadcrumb\"},\"inLanguage\":\"es\",\"potentialAction\":[{\"@type\":\"ReadAction\",\"target\":[\"https:\\\/\\\/www.ucaldas.edu.co\\\/portal\\\/archivo-informe-de-seguimiento-a-la-gestion-contractual\\\/\"]}]},{\"@type\":\"BreadcrumbList\",\"@id\":\"https:\\\/\\\/www.ucaldas.edu.co\\\/portal\\\/archivo-informe-de-seguimiento-a-la-gestion-contractual\\\/#breadcrumb\",\"itemListElement\":[{\"@type\":\"ListItem\",\"position\":1,\"name\":\"Portada\",\"item\":\"https:\\\/\\\/www.ucaldas.edu.co\\\/portal\\\/\"},{\"@type\":\"ListItem\",\"position\":2,\"name\":\"Archivo &#8211; Informe de seguimiento a la Gesti\u00f3n Contractual\"}]},{\"@type\":\"WebSite\",\"@id\":\"https:\\\/\\\/www.ucaldas.edu.co\\\/portal\\\/#website\",\"url\":\"https:\\\/\\\/www.ucaldas.edu.co\\\/portal\\\/\",\"name\":\"Universidad de Caldas\",\"description\":\"\",\"publisher\":{\"@id\":\"https:\\\/\\\/www.ucaldas.edu.co\\\/portal\\\/#organization\"},\"alternateName\":\"U. de Caldas\",\"potentialAction\":[{\"@type\":\"SearchAction\",\"target\":{\"@type\":\"EntryPoint\",\"urlTemplate\":\"https:\\\/\\\/www.ucaldas.edu.co\\\/portal\\\/?s={search_term_string}\"},\"query-input\":{\"@type\":\"PropertyValueSpecification\",\"valueRequired\":true,\"valueName\":\"search_term_string\"}}],\"inLanguage\":\"es\"},{\"@type\":\"Organization\",\"@id\":\"https:\\\/\\\/www.ucaldas.edu.co\\\/portal\\\/#organization\",\"name\":\"Universidad de Caldas\",\"alternateName\":\"U. de Caldas\",\"url\":\"https:\\\/\\\/www.ucaldas.edu.co\\\/portal\\\/\",\"logo\":{\"@type\":\"ImageObject\",\"inLanguage\":\"es\",\"@id\":\"https:\\\/\\\/www.ucaldas.edu.co\\\/portal\\\/#\\\/schema\\\/logo\\\/image\\\/\",\"url\":\"https:\\\/\\\/www.ucaldas.edu.co\\\/portal\\\/wp-content\\\/uploads\\\/2023\\\/11\\\/Logo_horizontal_oscuroU-2023.png\",\"contentUrl\":\"https:\\\/\\\/www.ucaldas.edu.co\\\/portal\\\/wp-content\\\/uploads\\\/2023\\\/11\\\/Logo_horizontal_oscuroU-2023.png\",\"width\":263,\"height\":101,\"caption\":\"Universidad de Caldas\"},\"image\":{\"@id\":\"https:\\\/\\\/www.ucaldas.edu.co\\\/portal\\\/#\\\/schema\\\/logo\\\/image\\\/\"},\"sameAs\":[\"https:\\\/\\\/www.facebook.com\\\/udecaldas\",\"https:\\\/\\\/x.com\\\/udecaldas\",\"https:\\\/\\\/www.youtube.com\\\/universidadcaldas\",\"https:\\\/\\\/www.instagram.com\\\/udecaldas\\\/\"]}]}<\/script>\n<!-- \/ Yoast SEO plugin. -->","yoast_head_json":{"title":"Archivo - Informe de seguimiento a la Gesti\u00f3n Contractual .","robots":{"index":"index","follow":"follow","max-snippet":"max-snippet:-1","max-image-preview":"max-image-preview:large","max-video-preview":"max-video-preview:-1"},"canonical":"https:\/\/www.ucaldas.edu.co\/portal\/archivo-informe-de-seguimiento-a-la-gestion-contractual\/","schema":{"@context":"https:\/\/schema.org","@graph":[{"@type":"WebPage","@id":"https:\/\/www.ucaldas.edu.co\/portal\/archivo-informe-de-seguimiento-a-la-gestion-contractual\/","url":"https:\/\/www.ucaldas.edu.co\/portal\/archivo-informe-de-seguimiento-a-la-gestion-contractual\/","name":"Archivo - Informe de seguimiento a la Gesti\u00f3n Contractual .","isPartOf":{"@id":"https:\/\/www.ucaldas.edu.co\/portal\/#website"},"datePublished":"2019-10-22T16:04:31+00:00","dateModified":"2023-07-11T15:50:16+00:00","breadcrumb":{"@id":"https:\/\/www.ucaldas.edu.co\/portal\/archivo-informe-de-seguimiento-a-la-gestion-contractual\/#breadcrumb"},"inLanguage":"es","potentialAction":[{"@type":"ReadAction","target":["https:\/\/www.ucaldas.edu.co\/portal\/archivo-informe-de-seguimiento-a-la-gestion-contractual\/"]}]},{"@type":"BreadcrumbList","@id":"https:\/\/www.ucaldas.edu.co\/portal\/archivo-informe-de-seguimiento-a-la-gestion-contractual\/#breadcrumb","itemListElement":[{"@type":"ListItem","position":1,"name":"Portada","item":"https:\/\/www.ucaldas.edu.co\/portal\/"},{"@type":"ListItem","position":2,"name":"Archivo &#8211; Informe de seguimiento a la Gesti\u00f3n Contractual"}]},{"@type":"WebSite","@id":"https:\/\/www.ucaldas.edu.co\/portal\/#website","url":"https:\/\/www.ucaldas.edu.co\/portal\/","name":"Universidad de Caldas","description":"","publisher":{"@id":"https:\/\/www.ucaldas.edu.co\/portal\/#organization"},"alternateName":"U. de Caldas","potentialAction":[{"@type":"SearchAction","target":{"@type":"EntryPoint","urlTemplate":"https:\/\/www.ucaldas.edu.co\/portal\/?s={search_term_string}"},"query-input":{"@type":"PropertyValueSpecification","valueRequired":true,"valueName":"search_term_string"}}],"inLanguage":"es"},{"@type":"Organization","@id":"https:\/\/www.ucaldas.edu.co\/portal\/#organization","name":"Universidad de Caldas","alternateName":"U. de Caldas","url":"https:\/\/www.ucaldas.edu.co\/portal\/","logo":{"@type":"ImageObject","inLanguage":"es","@id":"https:\/\/www.ucaldas.edu.co\/portal\/#\/schema\/logo\/image\/","url":"https:\/\/www.ucaldas.edu.co\/portal\/wp-content\/uploads\/2023\/11\/Logo_horizontal_oscuroU-2023.png","contentUrl":"https:\/\/www.ucaldas.edu.co\/portal\/wp-content\/uploads\/2023\/11\/Logo_horizontal_oscuroU-2023.png","width":263,"height":101,"caption":"Universidad de Caldas"},"image":{"@id":"https:\/\/www.ucaldas.edu.co\/portal\/#\/schema\/logo\/image\/"},"sameAs":["https:\/\/www.facebook.com\/udecaldas","https:\/\/x.com\/udecaldas","https:\/\/www.youtube.com\/universidadcaldas","https:\/\/www.instagram.com\/udecaldas\/"]}]}},"_links":{"self":[{"href":"https:\/\/www.ucaldas.edu.co\/portal\/wp-json\/wp\/v2\/pages\/52467","targetHints":{"allow":["GET"]}}],"collection":[{"href":"https:\/\/www.ucaldas.edu.co\/portal\/wp-json\/wp\/v2\/pages"}],"about":[{"href":"https:\/\/www.ucaldas.edu.co\/portal\/wp-json\/wp\/v2\/types\/page"}],"author":[{"embeddable":true,"href":"https:\/\/www.ucaldas.edu.co\/portal\/wp-json\/wp\/v2\/users\/1"}],"replies":[{"embeddable":true,"href":"https:\/\/www.ucaldas.edu.co\/portal\/wp-json\/wp\/v2\/comments?post=52467"}],"version-history":[{"count":0,"href":"https:\/\/www.ucaldas.edu.co\/portal\/wp-json\/wp\/v2\/pages\/52467\/revisions"}],"wp:attachment":[{"href":"https:\/\/www.ucaldas.edu.co\/portal\/wp-json\/wp\/v2\/media?parent=52467"}],"curies":[{"name":"wp","href":"https:\/\/api.w.org\/{rel}","templated":true}]}}