{"id":33107,"date":"2016-11-22T18:10:55","date_gmt":"2016-11-22T23:10:55","guid":{"rendered":"https:\/\/www.ucaldas.edu.co\/portal\/?page_id=33107"},"modified":"2025-12-09T14:36:52","modified_gmt":"2025-12-09T19:36:52","slug":"servicios-de-la-oficina-de-prensa-y-comunicaciones","status":"publish","type":"page","link":"https:\/\/www.ucaldas.edu.co\/portal\/servicios-de-la-oficina-de-prensa-y-comunicaciones\/","title":{"rendered":"Servicios de la Oficina de Comunicaciones y Prensa"},"content":{"rendered":"<div class=\"wpb-content-wrapper\"><p>[vc_row][vc_column][vc_single_image image=\u00bb81448&#8243; img_size=\u00bbfull\u00bb alignment=\u00bbcenter\u00bb][\/vc_column][\/vc_row][vc_row][vc_column][vc_column_text]<\/p>\n<p>La Oficina de Comunicaciones y Prensa de la Universidad de Caldas pone a su disposici\u00f3n este espacio, donde podr\u00e1 solicitar cubrimiento y difusi\u00f3n de noticias y eventos, que ser\u00e1n publicados en la p\u00e1gina web o en la <a href=\"https:\/\/www.ucaldas.edu.co\/intranet2\/\">Intranet<\/a> de la Instituci\u00f3n y emitidos por Bolet\u00edn de prensa a medios de comunicaci\u00f3n, bolet\u00edn al p\u00fablico interno o redes sociales.[\/vc_column_text][vc_btn title=\u00bbSolicitud de publicaci\u00f3n de Eventos\u00bb style=\u00bbflat\u00bb color=\u00bbprimary\u00bb align=\u00bbleft\u00bb i_icon_fontawesome=\u00bbfa fa-calendar-plus-o\u00bb add_icon=\u00bbtrue\u00bb link=\u00bburl:https%3A%2F%2Fdocs.google.com%2Fforms%2Fd%2Fe%2F1FAIpQLSdU0kTiVHAHjznZl0vhnPEfojwJfkNYmOOF6LZy07AqSduiBw%2Fviewform||target:%20_blank|\u00bb][vc_column_text]Tambi\u00e9n\u00a0pueden escribir a los correos:<\/p>\n<ul>\n<li><a href=\"mailto:ofiprensa@ucaldas.edu.co\" target=\"_blank\" rel=\"noopener\">ofiprensa@ucaldas.edu.co<\/a><\/li>\n<li><a href=\"mailto:solicitudes.prensa@udecaldas.edu.co\" target=\"_blank\" rel=\"noopener\">solicitudes.prensa@udecaldas.<wbr \/>edu.co<\/a><\/li>\n<li><a href=\"mailto:jefe.prensa@ucaldas.edu.co\" target=\"_blank\" rel=\"noopener\">jefe.prensa@ucaldas.edu.co<\/a><\/li>\n<\/ul>\n<p>Estamos atentos a resolver sus dudas, en el tel\u00e9fono 878 15 00 extensi\u00f3n 12 167.[\/vc_column_text][\/vc_column][\/vc_row]<\/p>\n<\/div>","protected":false},"excerpt":{"rendered":"<p>[vc_row][vc_column][vc_single_image image=\u00bb81448&#8243; img_size=\u00bbfull\u00bb alignment=\u00bbcenter\u00bb][\/vc_column][\/vc_row][vc_row][vc_column][vc_column_text] La Oficina de Comunicaciones y Prensa de la Universidad de Caldas pone a su disposici\u00f3n este espacio, donde podr\u00e1 solicitar cubrimiento y difusi\u00f3n de noticias y eventos, que ser\u00e1n publicados en la p\u00e1gina web o en la Intranet de la Instituci\u00f3n y emitidos por Bolet\u00edn de prensa a medios de comunicaci\u00f3n, [&hellip;]<\/p>\n","protected":false},"author":1,"featured_media":81448,"parent":0,"menu_order":0,"comment_status":"closed","ping_status":"closed","template":"","meta":{"footnotes":""},"class_list":["post-33107","page","type-page","status-publish","has-post-thumbnail","hentry"],"yoast_head":"<!-- This site is optimized with the Yoast SEO plugin v27.4 - https:\/\/yoast.com\/product\/yoast-seo-wordpress\/ -->\n<title>Servicios de la Oficina de Comunicaciones y Prensa<\/title>\n<meta name=\"description\" content=\"La Oficina de Comunicaciones y Prensa pone a su disposici\u00f3n este espacio, donde podr\u00e1 solicitar cubrimiento y difusi\u00f3n de noticias y eventos\" \/>\n<meta name=\"robots\" content=\"index, follow, max-snippet:-1, max-image-preview:large, max-video-preview:-1\" \/>\n<link rel=\"canonical\" href=\"https:\/\/www.ucaldas.edu.co\/portal\/servicios-de-la-oficina-de-prensa-y-comunicaciones\/\" \/>\n<script type=\"application\/ld+json\" class=\"yoast-schema-graph\">{\"@context\":\"https:\\\/\\\/schema.org\",\"@graph\":[{\"@type\":\"WebPage\",\"@id\":\"https:\\\/\\\/www.ucaldas.edu.co\\\/portal\\\/servicios-de-la-oficina-de-prensa-y-comunicaciones\\\/\",\"url\":\"https:\\\/\\\/www.ucaldas.edu.co\\\/portal\\\/servicios-de-la-oficina-de-prensa-y-comunicaciones\\\/\",\"name\":\"Servicios de la Oficina de Comunicaciones y Prensa\",\"isPartOf\":{\"@id\":\"https:\\\/\\\/www.ucaldas.edu.co\\\/portal\\\/#website\"},\"primaryImageOfPage\":{\"@id\":\"https:\\\/\\\/www.ucaldas.edu.co\\\/portal\\\/servicios-de-la-oficina-de-prensa-y-comunicaciones\\\/#primaryimage\"},\"image\":{\"@id\":\"https:\\\/\\\/www.ucaldas.edu.co\\\/portal\\\/servicios-de-la-oficina-de-prensa-y-comunicaciones\\\/#primaryimage\"},\"thumbnailUrl\":\"https:\\\/\\\/www.ucaldas.edu.co\\\/portal\\\/wp-content\\\/uploads\\\/2024\\\/05\\\/Servicios-prensa-scaled.jpg\",\"datePublished\":\"2016-11-22T23:10:55+00:00\",\"dateModified\":\"2025-12-09T19:36:52+00:00\",\"description\":\"La Oficina de Comunicaciones y Prensa pone a su disposici\u00f3n este espacio, donde podr\u00e1 solicitar cubrimiento y difusi\u00f3n de noticias y eventos\",\"breadcrumb\":{\"@id\":\"https:\\\/\\\/www.ucaldas.edu.co\\\/portal\\\/servicios-de-la-oficina-de-prensa-y-comunicaciones\\\/#breadcrumb\"},\"inLanguage\":\"es\",\"potentialAction\":[{\"@type\":\"ReadAction\",\"target\":[\"https:\\\/\\\/www.ucaldas.edu.co\\\/portal\\\/servicios-de-la-oficina-de-prensa-y-comunicaciones\\\/\"]}]},{\"@type\":\"ImageObject\",\"inLanguage\":\"es\",\"@id\":\"https:\\\/\\\/www.ucaldas.edu.co\\\/portal\\\/servicios-de-la-oficina-de-prensa-y-comunicaciones\\\/#primaryimage\",\"url\":\"https:\\\/\\\/www.ucaldas.edu.co\\\/portal\\\/wp-content\\\/uploads\\\/2024\\\/05\\\/Servicios-prensa-scaled.jpg\",\"contentUrl\":\"https:\\\/\\\/www.ucaldas.edu.co\\\/portal\\\/wp-content\\\/uploads\\\/2024\\\/05\\\/Servicios-prensa-scaled.jpg\",\"width\":2560,\"height\":718,\"caption\":\"\u00bfServicios o noticias destacadas que deseas divulgar? Agenda los servicios de la Oficina de Prensa aqu\u00ed\"},{\"@type\":\"BreadcrumbList\",\"@id\":\"https:\\\/\\\/www.ucaldas.edu.co\\\/portal\\\/servicios-de-la-oficina-de-prensa-y-comunicaciones\\\/#breadcrumb\",\"itemListElement\":[{\"@type\":\"ListItem\",\"position\":1,\"name\":\"Portada\",\"item\":\"https:\\\/\\\/www.ucaldas.edu.co\\\/portal\\\/\"},{\"@type\":\"ListItem\",\"position\":2,\"name\":\"Servicios de la Oficina de Comunicaciones y Prensa\"}]},{\"@type\":\"WebSite\",\"@id\":\"https:\\\/\\\/www.ucaldas.edu.co\\\/portal\\\/#website\",\"url\":\"https:\\\/\\\/www.ucaldas.edu.co\\\/portal\\\/\",\"name\":\"Universidad de Caldas\",\"description\":\"\",\"publisher\":{\"@id\":\"https:\\\/\\\/www.ucaldas.edu.co\\\/portal\\\/#organization\"},\"alternateName\":\"U. de Caldas\",\"potentialAction\":[{\"@type\":\"SearchAction\",\"target\":{\"@type\":\"EntryPoint\",\"urlTemplate\":\"https:\\\/\\\/www.ucaldas.edu.co\\\/portal\\\/?s={search_term_string}\"},\"query-input\":{\"@type\":\"PropertyValueSpecification\",\"valueRequired\":true,\"valueName\":\"search_term_string\"}}],\"inLanguage\":\"es\"},{\"@type\":\"Organization\",\"@id\":\"https:\\\/\\\/www.ucaldas.edu.co\\\/portal\\\/#organization\",\"name\":\"Universidad de Caldas\",\"alternateName\":\"U. de Caldas\",\"url\":\"https:\\\/\\\/www.ucaldas.edu.co\\\/portal\\\/\",\"logo\":{\"@type\":\"ImageObject\",\"inLanguage\":\"es\",\"@id\":\"https:\\\/\\\/www.ucaldas.edu.co\\\/portal\\\/#\\\/schema\\\/logo\\\/image\\\/\",\"url\":\"https:\\\/\\\/www.ucaldas.edu.co\\\/portal\\\/wp-content\\\/uploads\\\/2023\\\/11\\\/Logo_horizontal_oscuroU-2023.png\",\"contentUrl\":\"https:\\\/\\\/www.ucaldas.edu.co\\\/portal\\\/wp-content\\\/uploads\\\/2023\\\/11\\\/Logo_horizontal_oscuroU-2023.png\",\"width\":263,\"height\":101,\"caption\":\"Universidad de Caldas\"},\"image\":{\"@id\":\"https:\\\/\\\/www.ucaldas.edu.co\\\/portal\\\/#\\\/schema\\\/logo\\\/image\\\/\"},\"sameAs\":[\"https:\\\/\\\/www.facebook.com\\\/udecaldas\",\"https:\\\/\\\/x.com\\\/udecaldas\",\"https:\\\/\\\/www.youtube.com\\\/universidadcaldas\",\"https:\\\/\\\/www.instagram.com\\\/udecaldas\\\/\"]}]}<\/script>\n<!-- \/ Yoast SEO plugin. -->","yoast_head_json":{"title":"Servicios de la Oficina de Comunicaciones y Prensa","description":"La Oficina de Comunicaciones y Prensa pone a su disposici\u00f3n este espacio, donde podr\u00e1 solicitar cubrimiento y difusi\u00f3n de noticias y eventos","robots":{"index":"index","follow":"follow","max-snippet":"max-snippet:-1","max-image-preview":"max-image-preview:large","max-video-preview":"max-video-preview:-1"},"canonical":"https:\/\/www.ucaldas.edu.co\/portal\/servicios-de-la-oficina-de-prensa-y-comunicaciones\/","schema":{"@context":"https:\/\/schema.org","@graph":[{"@type":"WebPage","@id":"https:\/\/www.ucaldas.edu.co\/portal\/servicios-de-la-oficina-de-prensa-y-comunicaciones\/","url":"https:\/\/www.ucaldas.edu.co\/portal\/servicios-de-la-oficina-de-prensa-y-comunicaciones\/","name":"Servicios de la Oficina de Comunicaciones y Prensa","isPartOf":{"@id":"https:\/\/www.ucaldas.edu.co\/portal\/#website"},"primaryImageOfPage":{"@id":"https:\/\/www.ucaldas.edu.co\/portal\/servicios-de-la-oficina-de-prensa-y-comunicaciones\/#primaryimage"},"image":{"@id":"https:\/\/www.ucaldas.edu.co\/portal\/servicios-de-la-oficina-de-prensa-y-comunicaciones\/#primaryimage"},"thumbnailUrl":"https:\/\/www.ucaldas.edu.co\/portal\/wp-content\/uploads\/2024\/05\/Servicios-prensa-scaled.jpg","datePublished":"2016-11-22T23:10:55+00:00","dateModified":"2025-12-09T19:36:52+00:00","description":"La Oficina de Comunicaciones y Prensa pone a su disposici\u00f3n este espacio, donde podr\u00e1 solicitar cubrimiento y difusi\u00f3n de noticias y eventos","breadcrumb":{"@id":"https:\/\/www.ucaldas.edu.co\/portal\/servicios-de-la-oficina-de-prensa-y-comunicaciones\/#breadcrumb"},"inLanguage":"es","potentialAction":[{"@type":"ReadAction","target":["https:\/\/www.ucaldas.edu.co\/portal\/servicios-de-la-oficina-de-prensa-y-comunicaciones\/"]}]},{"@type":"ImageObject","inLanguage":"es","@id":"https:\/\/www.ucaldas.edu.co\/portal\/servicios-de-la-oficina-de-prensa-y-comunicaciones\/#primaryimage","url":"https:\/\/www.ucaldas.edu.co\/portal\/wp-content\/uploads\/2024\/05\/Servicios-prensa-scaled.jpg","contentUrl":"https:\/\/www.ucaldas.edu.co\/portal\/wp-content\/uploads\/2024\/05\/Servicios-prensa-scaled.jpg","width":2560,"height":718,"caption":"\u00bfServicios o noticias destacadas que deseas divulgar? Agenda los servicios de la Oficina de Prensa aqu\u00ed"},{"@type":"BreadcrumbList","@id":"https:\/\/www.ucaldas.edu.co\/portal\/servicios-de-la-oficina-de-prensa-y-comunicaciones\/#breadcrumb","itemListElement":[{"@type":"ListItem","position":1,"name":"Portada","item":"https:\/\/www.ucaldas.edu.co\/portal\/"},{"@type":"ListItem","position":2,"name":"Servicios de la Oficina de Comunicaciones y Prensa"}]},{"@type":"WebSite","@id":"https:\/\/www.ucaldas.edu.co\/portal\/#website","url":"https:\/\/www.ucaldas.edu.co\/portal\/","name":"Universidad de Caldas","description":"","publisher":{"@id":"https:\/\/www.ucaldas.edu.co\/portal\/#organization"},"alternateName":"U. de Caldas","potentialAction":[{"@type":"SearchAction","target":{"@type":"EntryPoint","urlTemplate":"https:\/\/www.ucaldas.edu.co\/portal\/?s={search_term_string}"},"query-input":{"@type":"PropertyValueSpecification","valueRequired":true,"valueName":"search_term_string"}}],"inLanguage":"es"},{"@type":"Organization","@id":"https:\/\/www.ucaldas.edu.co\/portal\/#organization","name":"Universidad de Caldas","alternateName":"U. de Caldas","url":"https:\/\/www.ucaldas.edu.co\/portal\/","logo":{"@type":"ImageObject","inLanguage":"es","@id":"https:\/\/www.ucaldas.edu.co\/portal\/#\/schema\/logo\/image\/","url":"https:\/\/www.ucaldas.edu.co\/portal\/wp-content\/uploads\/2023\/11\/Logo_horizontal_oscuroU-2023.png","contentUrl":"https:\/\/www.ucaldas.edu.co\/portal\/wp-content\/uploads\/2023\/11\/Logo_horizontal_oscuroU-2023.png","width":263,"height":101,"caption":"Universidad de Caldas"},"image":{"@id":"https:\/\/www.ucaldas.edu.co\/portal\/#\/schema\/logo\/image\/"},"sameAs":["https:\/\/www.facebook.com\/udecaldas","https:\/\/x.com\/udecaldas","https:\/\/www.youtube.com\/universidadcaldas","https:\/\/www.instagram.com\/udecaldas\/"]}]}},"_links":{"self":[{"href":"https:\/\/www.ucaldas.edu.co\/portal\/wp-json\/wp\/v2\/pages\/33107","targetHints":{"allow":["GET"]}}],"collection":[{"href":"https:\/\/www.ucaldas.edu.co\/portal\/wp-json\/wp\/v2\/pages"}],"about":[{"href":"https:\/\/www.ucaldas.edu.co\/portal\/wp-json\/wp\/v2\/types\/page"}],"author":[{"embeddable":true,"href":"https:\/\/www.ucaldas.edu.co\/portal\/wp-json\/wp\/v2\/users\/1"}],"replies":[{"embeddable":true,"href":"https:\/\/www.ucaldas.edu.co\/portal\/wp-json\/wp\/v2\/comments?post=33107"}],"version-history":[{"count":1,"href":"https:\/\/www.ucaldas.edu.co\/portal\/wp-json\/wp\/v2\/pages\/33107\/revisions"}],"predecessor-version":[{"id":100646,"href":"https:\/\/www.ucaldas.edu.co\/portal\/wp-json\/wp\/v2\/pages\/33107\/revisions\/100646"}],"wp:featuredmedia":[{"embeddable":true,"href":"https:\/\/www.ucaldas.edu.co\/portal\/wp-json\/wp\/v2\/media\/81448"}],"wp:attachment":[{"href":"https:\/\/www.ucaldas.edu.co\/portal\/wp-json\/wp\/v2\/media?parent=33107"}],"curies":[{"name":"wp","href":"https:\/\/api.w.org\/{rel}","templated":true}]}}