{"id":284,"date":"2014-02-14T07:53:17","date_gmt":"2014-02-14T07:53:17","guid":{"rendered":"https:\/\/www.ucaldas.edu.co\/portal\/?page_id=284"},"modified":"2025-04-08T17:27:11","modified_gmt":"2025-04-08T22:27:11","slug":"objetivos-y-funciones","status":"publish","type":"page","link":"https:\/\/www.ucaldas.edu.co\/portal\/objetivos-y-funciones\/","title":{"rendered":"Objetivos y Funciones"},"content":{"rendered":"<div class=\"wpb-content-wrapper\"><p>[vc_row][vc_column][vc_empty_space height=\u00bb60px\u00bb][vc_custom_heading text=\u00bbObjetivos\u00bb google_fonts=\u00bbfont_family:Roboto%3A100%2C100italic%2C300%2C300italic%2Cregular%2Citalic%2C500%2C500italic%2C700%2C700italic%2C900%2C900italic|font_style:900%20bold%20regular%3A900%3Anormal\u00bb][vc_empty_space][vc_column_text]<\/p>\n<ol>\n<li>Profundizar en la formaci\u00f3n integral dentro de las modalidades de la educaci\u00f3n superior, capacitando para cumplir funciones profesionales, investigativas y de servicio social que requiere el pa\u00eds para su desarrollo y el progreso de la sociedad.<\/li>\n<li>Trabajar por la creaci\u00f3n, difusi\u00f3n, transferencia, gesti\u00f3n y apropiaci\u00f3n social del conocimiento en todas sus formas y expresiones, as\u00ed como promover su utilizaci\u00f3n para la soluci\u00f3n de problemas y el desarrollo de la regi\u00f3n y el pa\u00eds.<\/li>\n<li>Promover el desarrollo de la cultura pol\u00edtica y el respeto a los derechos humanos y del ciudadano.<\/li>\n<li>Ser factor de desarrollo cient\u00edfico, cultural, econ\u00f3mico, pol\u00edtico y \u00e9tico a nivel regional, nacional e internacional.<\/li>\n<li>Ser l\u00edder en el desarrollo investigativo, cient\u00edfico y art\u00edstico, as\u00ed como en la difusi\u00f3n y conservaci\u00f3n del patrimonio cultural de la regi\u00f3n y del pa\u00eds.<\/li>\n<li>Ofrecer programas pertinentes para la realidad social de la regi\u00f3n y del pa\u00eds, apuntando al impacto positivo de sus graduados en trabajos productivos.<\/li>\n<li>Garantizar a la comunidad el derecho a la educaci\u00f3n con calidad, el cual hace referencia a los resultados acad\u00e9micos, los medios y procesos empleados, la infraestructura institucional, las dimensiones cualitativas y cuantitativas del mismo y a las condiciones en que se desarrolle la instituci\u00f3n.<\/li>\n<li>Promover a trav\u00e9s del quehacer universitario, la preservaci\u00f3n del medio ambiente y la consolidaci\u00f3n del desarrollo sustentable.<\/li>\n<\/ol>\n<p><a href=\"https:\/\/www.ucaldas.edu.co\/portal\/wp-content\/uploads\/2018\/01\/Acuerdo-47-22-diciembre-2017_Estatuto-General.pdf\" target=\"_blank\" rel=\"noopener\"><strong>ACUERDO N.\u00ba 047<\/strong> (Acta 34 del 22 de diciembre de 2017)<\/a>[\/vc_column_text][vc_empty_space][vc_custom_heading text=\u00bbFunciones\u00bb google_fonts=\u00bbfont_family:Roboto%3A100%2C100italic%2C300%2C300italic%2Cregular%2Citalic%2C500%2C500italic%2C700%2C700italic%2C900%2C900italic|font_style:900%20bold%20regular%3A900%3Anormal\u00bb][vc_empty_space][vc_column_text]La docencia, la <a href=\"https:\/\/investigacionesyposgrados.ucaldas.edu.co\/\" target=\"_blank\" rel=\"noopener\">investigaci\u00f3n<\/a> y la <a href=\"https:\/\/viceproyeccion.ucaldas.edu.co\/\" target=\"_blank\" rel=\"noopener\">proyecci\u00f3n<\/a>.<\/p>\n<p>La Universidad de Caldas fue creada por la <a href=\"https:\/\/www.ucaldas.edu.co\/portal\/wp-content\/uploads\/2024\/12\/Ordenanza-6-de-1943.pdf\" target=\"_blank\" rel=\"noopener\">ordenanza 6 de 1943<\/a> de la Asamblea Departamental de Caldas como Universidad popular de car\u00e1cter departamental. Con la <a href=\"https:\/\/www.suin-juriscol.gov.co\/viewDocument.asp?id=1590512\" target=\"_blank\" rel=\"noopener\">Ley 34 de 1967<\/a> se nacionaliz\u00f3 la Universidad de Caldas, \u201cEn consecuencia, la Naci\u00f3n asume el sostenimiento y r\u00e9gimen prestacional de dicho establecimiento p\u00fablico de car\u00e1cter docente, mediante la apropiaci\u00f3n anual de la partida respectiva en el Presupuesto Nacional\u201d.<\/p>\n<p>Sus principales funciones se enmarcan en los ejes misionales de docencia, investigaci\u00f3n y extensi\u00f3n. A continuaci\u00f3n, se detallan sus principales\u00a0 funciones:<\/p>\n<ol>\n<li>Docencia\n<ul>\n<li>Ofrecer programas de pregrado, posgrado y formaci\u00f3n continua de alta calidad en diversas \u00e1reas del conocimiento.<\/li>\n<li>Fomentar el desarrollo integral de los estudiantes mediante la ense\u00f1anza, formaci\u00f3n en valores y est\u00edmulo al pensamiento cr\u00edtico.<\/li>\n<li>Actuar como motor de desarrollo econ\u00f3mico, social y cultural en el departamento de Caldas y \u00e1reas circundantes.<\/li>\n<\/ul>\n<\/li>\n<li>Investigaci\u00f3n\n<ul>\n<li>Generar conocimiento a trav\u00e9s de investigaciones b\u00e1sicas y aplicadas que respondan a las necesidades del pa\u00eds y la regi\u00f3n.<\/li>\n<li>Promover la innovaci\u00f3n tecnol\u00f3gica, cultural y cient\u00edfica para contribuir al desarrollo sostenible.<\/li>\n<\/ul>\n<\/li>\n<li>Proyecci\u00f3n:\n<ul>\n<li>Interactuar con la comunidad y otros sectores sociales mediante proyectos de extensi\u00f3n, servicios educativos, culturales y sociales.<\/li>\n<li>Contribuir a la soluci\u00f3n de problemas sociales y econ\u00f3micos de la regi\u00f3n mediante la transferencia de conocimiento.<\/li>\n<li>Fomentar la cooperaci\u00f3n acad\u00e9mica y cient\u00edfica a nivel internacional a trav\u00e9s de convenios con otras universidades e instituciones.<\/li>\n<li>Promover la movilidad estudiantil y docente, as\u00ed como la participaci\u00f3n en redes globales de conocimiento.<\/li>\n<li>Liderar iniciativas culturales y art\u00edsticas que enriquezcan el patrimonio de la regi\u00f3n.<\/li>\n<li>Fortalecer el v\u00ednculo entre la universidad, las empresas y el Estado para impulsar el progreso.<\/li>\n<\/ul>\n<\/li>\n<\/ol>\n<p>Tambi\u00e9n puedes <a href=\"https:\/\/www.ucaldas.edu.co\/portal\/transparencia\/\" target=\"_blank\" rel=\"noopener\">ver m\u00e1s informaci\u00f3n institucional<\/a>[\/vc_column_text][\/vc_column][\/vc_row]<\/p>\n<\/div>","protected":false},"excerpt":{"rendered":"<p>[vc_row][vc_column][vc_empty_space height=\u00bb60px\u00bb][vc_custom_heading text=\u00bbObjetivos\u00bb google_fonts=\u00bbfont_family:Roboto%3A100%2C100italic%2C300%2C300italic%2Cregular%2Citalic%2C500%2C500italic%2C700%2C700italic%2C900%2C900italic|font_style:900%20bold%20regular%3A900%3Anormal\u00bb][vc_empty_space][vc_column_text] Profundizar en la formaci\u00f3n integral dentro de las modalidades de la educaci\u00f3n superior, capacitando para cumplir funciones profesionales, investigativas y de servicio social que requiere el pa\u00eds para su desarrollo y el progreso de la sociedad. Trabajar por la creaci\u00f3n, difusi\u00f3n, transferencia, gesti\u00f3n y apropiaci\u00f3n social del conocimiento en todas sus [&hellip;]<\/p>\n","protected":false},"author":1,"featured_media":78959,"parent":0,"menu_order":0,"comment_status":"closed","ping_status":"open","template":"","meta":{"footnotes":""},"class_list":["post-284","page","type-page","status-publish","has-post-thumbnail","hentry"],"yoast_head":"<!-- This site is optimized with the Yoast SEO plugin v27.5 - https:\/\/yoast.com\/product\/yoast-seo-wordpress\/ -->\n<title>Objetivos y Funciones<\/title>\n<meta name=\"description\" content=\"Descubre todos los objetivos y funciones de la Universidad de Caldas para docencia, investigaci\u00f3n y proyecci\u00f3n.\" \/>\n<meta name=\"robots\" content=\"index, follow, max-snippet:-1, max-image-preview:large, max-video-preview:-1\" \/>\n<link rel=\"canonical\" href=\"https:\/\/www.ucaldas.edu.co\/portal\/objetivos-y-funciones\/\" \/>\n<script type=\"application\/ld+json\" class=\"yoast-schema-graph\">{\"@context\":\"https:\\\/\\\/schema.org\",\"@graph\":[{\"@type\":\"WebPage\",\"@id\":\"https:\\\/\\\/www.ucaldas.edu.co\\\/portal\\\/objetivos-y-funciones\\\/\",\"url\":\"https:\\\/\\\/www.ucaldas.edu.co\\\/portal\\\/objetivos-y-funciones\\\/\",\"name\":\"Objetivos y Funciones\",\"isPartOf\":{\"@id\":\"https:\\\/\\\/www.ucaldas.edu.co\\\/portal\\\/#website\"},\"primaryImageOfPage\":{\"@id\":\"https:\\\/\\\/www.ucaldas.edu.co\\\/portal\\\/objetivos-y-funciones\\\/#primaryimage\"},\"image\":{\"@id\":\"https:\\\/\\\/www.ucaldas.edu.co\\\/portal\\\/objetivos-y-funciones\\\/#primaryimage\"},\"thumbnailUrl\":\"https:\\\/\\\/www.ucaldas.edu.co\\\/portal\\\/wp-content\\\/uploads\\\/2024\\\/01\\\/Cover.png\",\"datePublished\":\"2014-02-14T07:53:17+00:00\",\"dateModified\":\"2025-04-08T22:27:11+00:00\",\"description\":\"Descubre todos los objetivos y funciones de la Universidad de Caldas para docencia, investigaci\u00f3n y proyecci\u00f3n.\",\"breadcrumb\":{\"@id\":\"https:\\\/\\\/www.ucaldas.edu.co\\\/portal\\\/objetivos-y-funciones\\\/#breadcrumb\"},\"inLanguage\":\"es\",\"potentialAction\":[{\"@type\":\"ReadAction\",\"target\":[\"https:\\\/\\\/www.ucaldas.edu.co\\\/portal\\\/objetivos-y-funciones\\\/\"]}]},{\"@type\":\"ImageObject\",\"inLanguage\":\"es\",\"@id\":\"https:\\\/\\\/www.ucaldas.edu.co\\\/portal\\\/objetivos-y-funciones\\\/#primaryimage\",\"url\":\"https:\\\/\\\/www.ucaldas.edu.co\\\/portal\\\/wp-content\\\/uploads\\\/2024\\\/01\\\/Cover.png\",\"contentUrl\":\"https:\\\/\\\/www.ucaldas.edu.co\\\/portal\\\/wp-content\\\/uploads\\\/2024\\\/01\\\/Cover.png\",\"width\":1857,\"height\":892,\"caption\":\"Fotograf\u00eda del bloque B del edificio Orlando Sierra\"},{\"@type\":\"BreadcrumbList\",\"@id\":\"https:\\\/\\\/www.ucaldas.edu.co\\\/portal\\\/objetivos-y-funciones\\\/#breadcrumb\",\"itemListElement\":[{\"@type\":\"ListItem\",\"position\":1,\"name\":\"Portada\",\"item\":\"https:\\\/\\\/www.ucaldas.edu.co\\\/portal\\\/\"},{\"@type\":\"ListItem\",\"position\":2,\"name\":\"Objetivos y Funciones\"}]},{\"@type\":\"WebSite\",\"@id\":\"https:\\\/\\\/www.ucaldas.edu.co\\\/portal\\\/#website\",\"url\":\"https:\\\/\\\/www.ucaldas.edu.co\\\/portal\\\/\",\"name\":\"Universidad de Caldas\",\"description\":\"\",\"publisher\":{\"@id\":\"https:\\\/\\\/www.ucaldas.edu.co\\\/portal\\\/#organization\"},\"alternateName\":\"U. de Caldas\",\"potentialAction\":[{\"@type\":\"SearchAction\",\"target\":{\"@type\":\"EntryPoint\",\"urlTemplate\":\"https:\\\/\\\/www.ucaldas.edu.co\\\/portal\\\/?s={search_term_string}\"},\"query-input\":{\"@type\":\"PropertyValueSpecification\",\"valueRequired\":true,\"valueName\":\"search_term_string\"}}],\"inLanguage\":\"es\"},{\"@type\":\"Organization\",\"@id\":\"https:\\\/\\\/www.ucaldas.edu.co\\\/portal\\\/#organization\",\"name\":\"Universidad de Caldas\",\"alternateName\":\"U. de Caldas\",\"url\":\"https:\\\/\\\/www.ucaldas.edu.co\\\/portal\\\/\",\"logo\":{\"@type\":\"ImageObject\",\"inLanguage\":\"es\",\"@id\":\"https:\\\/\\\/www.ucaldas.edu.co\\\/portal\\\/#\\\/schema\\\/logo\\\/image\\\/\",\"url\":\"https:\\\/\\\/www.ucaldas.edu.co\\\/portal\\\/wp-content\\\/uploads\\\/2023\\\/11\\\/Logo_horizontal_oscuroU-2023.png\",\"contentUrl\":\"https:\\\/\\\/www.ucaldas.edu.co\\\/portal\\\/wp-content\\\/uploads\\\/2023\\\/11\\\/Logo_horizontal_oscuroU-2023.png\",\"width\":263,\"height\":101,\"caption\":\"Universidad de Caldas\"},\"image\":{\"@id\":\"https:\\\/\\\/www.ucaldas.edu.co\\\/portal\\\/#\\\/schema\\\/logo\\\/image\\\/\"},\"sameAs\":[\"https:\\\/\\\/www.facebook.com\\\/udecaldas\",\"https:\\\/\\\/x.com\\\/udecaldas\",\"https:\\\/\\\/www.youtube.com\\\/universidadcaldas\",\"https:\\\/\\\/www.instagram.com\\\/udecaldas\\\/\"]}]}<\/script>\n<!-- \/ Yoast SEO plugin. -->","yoast_head_json":{"title":"Objetivos y Funciones","description":"Descubre todos los objetivos y funciones de la Universidad de Caldas para docencia, investigaci\u00f3n y proyecci\u00f3n.","robots":{"index":"index","follow":"follow","max-snippet":"max-snippet:-1","max-image-preview":"max-image-preview:large","max-video-preview":"max-video-preview:-1"},"canonical":"https:\/\/www.ucaldas.edu.co\/portal\/objetivos-y-funciones\/","schema":{"@context":"https:\/\/schema.org","@graph":[{"@type":"WebPage","@id":"https:\/\/www.ucaldas.edu.co\/portal\/objetivos-y-funciones\/","url":"https:\/\/www.ucaldas.edu.co\/portal\/objetivos-y-funciones\/","name":"Objetivos y Funciones","isPartOf":{"@id":"https:\/\/www.ucaldas.edu.co\/portal\/#website"},"primaryImageOfPage":{"@id":"https:\/\/www.ucaldas.edu.co\/portal\/objetivos-y-funciones\/#primaryimage"},"image":{"@id":"https:\/\/www.ucaldas.edu.co\/portal\/objetivos-y-funciones\/#primaryimage"},"thumbnailUrl":"https:\/\/www.ucaldas.edu.co\/portal\/wp-content\/uploads\/2024\/01\/Cover.png","datePublished":"2014-02-14T07:53:17+00:00","dateModified":"2025-04-08T22:27:11+00:00","description":"Descubre todos los objetivos y funciones de la Universidad de Caldas para docencia, investigaci\u00f3n y proyecci\u00f3n.","breadcrumb":{"@id":"https:\/\/www.ucaldas.edu.co\/portal\/objetivos-y-funciones\/#breadcrumb"},"inLanguage":"es","potentialAction":[{"@type":"ReadAction","target":["https:\/\/www.ucaldas.edu.co\/portal\/objetivos-y-funciones\/"]}]},{"@type":"ImageObject","inLanguage":"es","@id":"https:\/\/www.ucaldas.edu.co\/portal\/objetivos-y-funciones\/#primaryimage","url":"https:\/\/www.ucaldas.edu.co\/portal\/wp-content\/uploads\/2024\/01\/Cover.png","contentUrl":"https:\/\/www.ucaldas.edu.co\/portal\/wp-content\/uploads\/2024\/01\/Cover.png","width":1857,"height":892,"caption":"Fotograf\u00eda del bloque B del edificio Orlando Sierra"},{"@type":"BreadcrumbList","@id":"https:\/\/www.ucaldas.edu.co\/portal\/objetivos-y-funciones\/#breadcrumb","itemListElement":[{"@type":"ListItem","position":1,"name":"Portada","item":"https:\/\/www.ucaldas.edu.co\/portal\/"},{"@type":"ListItem","position":2,"name":"Objetivos y Funciones"}]},{"@type":"WebSite","@id":"https:\/\/www.ucaldas.edu.co\/portal\/#website","url":"https:\/\/www.ucaldas.edu.co\/portal\/","name":"Universidad de Caldas","description":"","publisher":{"@id":"https:\/\/www.ucaldas.edu.co\/portal\/#organization"},"alternateName":"U. de Caldas","potentialAction":[{"@type":"SearchAction","target":{"@type":"EntryPoint","urlTemplate":"https:\/\/www.ucaldas.edu.co\/portal\/?s={search_term_string}"},"query-input":{"@type":"PropertyValueSpecification","valueRequired":true,"valueName":"search_term_string"}}],"inLanguage":"es"},{"@type":"Organization","@id":"https:\/\/www.ucaldas.edu.co\/portal\/#organization","name":"Universidad de Caldas","alternateName":"U. de Caldas","url":"https:\/\/www.ucaldas.edu.co\/portal\/","logo":{"@type":"ImageObject","inLanguage":"es","@id":"https:\/\/www.ucaldas.edu.co\/portal\/#\/schema\/logo\/image\/","url":"https:\/\/www.ucaldas.edu.co\/portal\/wp-content\/uploads\/2023\/11\/Logo_horizontal_oscuroU-2023.png","contentUrl":"https:\/\/www.ucaldas.edu.co\/portal\/wp-content\/uploads\/2023\/11\/Logo_horizontal_oscuroU-2023.png","width":263,"height":101,"caption":"Universidad de Caldas"},"image":{"@id":"https:\/\/www.ucaldas.edu.co\/portal\/#\/schema\/logo\/image\/"},"sameAs":["https:\/\/www.facebook.com\/udecaldas","https:\/\/x.com\/udecaldas","https:\/\/www.youtube.com\/universidadcaldas","https:\/\/www.instagram.com\/udecaldas\/"]}]}},"_links":{"self":[{"href":"https:\/\/www.ucaldas.edu.co\/portal\/wp-json\/wp\/v2\/pages\/284","targetHints":{"allow":["GET"]}}],"collection":[{"href":"https:\/\/www.ucaldas.edu.co\/portal\/wp-json\/wp\/v2\/pages"}],"about":[{"href":"https:\/\/www.ucaldas.edu.co\/portal\/wp-json\/wp\/v2\/types\/page"}],"author":[{"embeddable":true,"href":"https:\/\/www.ucaldas.edu.co\/portal\/wp-json\/wp\/v2\/users\/1"}],"replies":[{"embeddable":true,"href":"https:\/\/www.ucaldas.edu.co\/portal\/wp-json\/wp\/v2\/comments?post=284"}],"version-history":[{"count":0,"href":"https:\/\/www.ucaldas.edu.co\/portal\/wp-json\/wp\/v2\/pages\/284\/revisions"}],"wp:featuredmedia":[{"embeddable":true,"href":"https:\/\/www.ucaldas.edu.co\/portal\/wp-json\/wp\/v2\/media\/78959"}],"wp:attachment":[{"href":"https:\/\/www.ucaldas.edu.co\/portal\/wp-json\/wp\/v2\/media?parent=284"}],"curies":[{"name":"wp","href":"https:\/\/api.w.org\/{rel}","templated":true}]}}