{"id":103615,"date":"2026-04-10T07:59:56","date_gmt":"2026-04-10T12:59:56","guid":{"rendered":"https:\/\/www.ucaldas.edu.co\/portal\/?page_id=103615"},"modified":"2026-04-13T07:58:38","modified_gmt":"2026-04-13T12:58:38","slug":"bienes-y-rentas","status":"publish","type":"page","link":"https:\/\/www.ucaldas.edu.co\/portal\/vicerrectoria-administrativa\/gestion-humana\/bienes-y-rentas\/","title":{"rendered":"Declaraci\u00f3n Juramentada de Bienes y Rentas"},"content":{"rendered":"<div class=\"wpb-content-wrapper\"><p>[vc_row][vc_column][vc_custom_heading text=\u00bbDeclaraci\u00f3n Juramentada de Bienes y Rentas\u00bb google_fonts=\u00bbfont_family:Roboto%3A100%2C100italic%2C300%2C300italic%2Cregular%2Citalic%2C500%2C500italic%2C700%2C700italic%2C900%2C900italic|font_style:900%20bold%20regular%3A900%3Anormal\u00bb css=\u00bb\u00bb][vc_empty_space][\/vc_column][\/vc_row][vc_row][vc_column][vc_column_text css=\u00bb\u00bb]La integridad de la Universidad de Caldas comienza con el cumplimiento de cada uno. \u00a1no olvides realizar la declaraci\u00f3n juramentada de bienes y renta en la vigencia 2025!<\/p>\n<ul>\n<li><strong>PERIODO A DECLARAR:<\/strong> del 1 de enero de 2025 hasta el 31 de diciembre de 2025.<\/li>\n<li><strong>FECHA M\u00c1XIMA DE ENTREGA:<\/strong> 31 de mayo de 2026<\/li>\n<\/ul>\n<p>La declaraci\u00f3n juramentada de bienes y rentas constituye un pilar fundamental de la transparencia y la \u00e9tica en el ejercicio de la funci\u00f3n p\u00fablica. Este requisito legal, de car\u00e1cter obligatorio tanto para <strong>funcionarios administrativos<\/strong> como para <strong>docentes de planta<\/strong>, permite registrar de manera oficial el patrimonio y los ingresos de quienes sirven al Estado. Su prop\u00f3sito principal es facilitar el seguimiento a la integridad financiera de los servidores, garantizando que el desempe\u00f1o de sus labores se mantenga alineado con los principios de honestidad y rendici\u00f3n de cuentas ante la ciudadan\u00eda.[\/vc_column_text][vc_column_text css=\u00bb\u00bb]<\/p>\n<h3><strong>Funcionarios Administrativos y Docentes de Planta<\/strong><\/h3>\n<p>Ingrese a la Plataforma SIGEP II: <a href=\"https:\/\/www.funcionpublica.gov.co\/sigep-web\/sigep2\/index.xhtml?faces-redirect=true#no-back-button\">https:\/\/www.funcionpublica.gov.co\/sigep-web\/sigep2\/index.xhtml?faces-redirect=true#no-back-button<\/a> y siga el <a href=\"https:\/\/www.ucaldas.edu.co\/portal\/wp-content\/uploads\/2026\/04\/Manual_Registro_de_Bienes_y_Rentas_en_el_SIGEP_II-Version-2.pdf\" target=\"_blank\" rel=\"noopener\"><span style=\"color: #0000ff;\"><strong>instructivo<\/strong> <\/span><\/a>o el videotutorial a continuaci\u00f3n:[\/vc_column_text][\/vc_column][\/vc_row][vc_row][vc_column][vc_column_text css=\u00bb\u00bb]<\/p>\n<p style=\"text-align: center;\"><iframe loading=\"lazy\" title=\"Instructivo Declaraci\u00f3n de Bienes y Rentas\" src=\"https:\/\/www.youtube.com\/embed\/wwrjjmnd9pQ\" width=\"853\" height=\"480\" frameborder=\"0\" allowfullscreen=\"allowfullscreen\"><\/iframe><\/p>\n<p>[\/vc_column_text][vc_column_text css=\u00bb\u00bb]<\/p>\n<h3><strong>Funcionarios de Nivel Directivo<\/strong><\/h3>\n<p style=\"font-weight: 400;\">Presentaci\u00f3n de Bienes y Renta y conflictos de inter\u00e9s se realiza en el aplicativo por la integridad P\u00fablica Ley 2013.<\/p>\n<p style=\"font-weight: 400;\">Ingrese aqu\u00ed:\u00a0<a href=\"https:\/\/www.funcionpublica.gov.co\/fdci\/login\/auth?opcionDestino=LEY2012\" data-saferedirecturl=\"https:\/\/www.google.com\/url?q=https:\/\/www.funcionpublica.gov.co\/fdci\/login\/auth?opcionDestino%3DLEY2012&amp;source=gmail&amp;ust=1776170702803000&amp;usg=AOvVaw1kHExkBCFLM8BykC3YdJH7\">https:\/\/www.funcionpublica.gov.co\/fdci\/login\/auth?opcionDestino=LEY2012<\/a>.<\/p>\n<ul>\n<li><a href=\"https:\/\/www.ucaldas.edu.co\/portal\/wp-content\/uploads\/2026\/04\/Instructivo_ley_2013_persona_natural-1.pdf\" data-saferedirecturl=\"https:\/\/www.google.com\/url?q=https:\/\/www.ucaldas.edu.co\/portal\/wp-content\/uploads\/2026\/04\/Instructivo_ley_2013_persona_natural-1.pdf&amp;source=gmail&amp;ust=1776170702803000&amp;usg=AOvVaw1B8oSjVIPZ6MUu68EVOnxa\">Instructivo de diligenciamiento Aplicativo por la Integridad.<\/a><\/li>\n<\/ul>\n<p>Recuerde que los datos de acceso son diferentes al portal de SIGEP II, donde tambi\u00e9n deben realizar la declaraci\u00f3n.[\/vc_column_text][vc_column_text css=\u00bb\u00bb]<\/p>\n<h3><strong>Docentes (Ocasionales y Catedr\u00e1ticos), Trabajadores Oficiales y Judicantes<\/strong><\/h3>\n<ul>\n<li><a href=\"https:\/\/www.ucaldas.edu.co\/portal\/wp-content\/uploads\/2026\/04\/Formato-Declaracion-Juramentada-Bienes-y-Rentas-2025.xls\">Formato en Excel Declaraci\u00f3n Juramentada Bienes y Rentas 2025<\/a><\/li>\n<\/ul>\n<p>Una vez diligenciado el formato, deber\u00e1 descargarlo, firmarlo y enviarlo en PDF al correo: <a href=\"mailto:historias.laborales@ucaldas.edu.co\">historias.laborales@ucaldas.edu.co<\/a>.[\/vc_column_text][vc_empty_space][vc_separator css=\u00bb\u00bb][\/vc_column][\/vc_row][vc_row][vc_column][vc_column_text css=\u00bb\u00bb]En caso de dudas o requerimientos adicionales sobre el tr\u00e1mite, se encuentran habilitados los siguientes correos electr\u00f3nicos: <a href=\"mailto:historias.laborales@ucaldas.edu.co\">historias.laborales@ucaldas.edu.co<\/a>, <a href=\"mailto:sigep2ucaldas@tools.ucaldas.edu.co\">sigep2ucaldas@tools.ucaldas.edu.co<\/a>.[\/vc_column_text][\/vc_column][\/vc_row]<\/p>\n<\/div>","protected":false},"excerpt":{"rendered":"<p>[vc_row][vc_column][vc_custom_heading text=\u00bbDeclaraci\u00f3n Juramentada de Bienes y Rentas\u00bb google_fonts=\u00bbfont_family:Roboto%3A100%2C100italic%2C300%2C300italic%2Cregular%2Citalic%2C500%2C500italic%2C700%2C700italic%2C900%2C900italic|font_style:900%20bold%20regular%3A900%3Anormal\u00bb css=\u00bb\u00bb][vc_empty_space][\/vc_column][\/vc_row][vc_row][vc_column][vc_column_text css=\u00bb\u00bb]La integridad de la Universidad de Caldas comienza con el cumplimiento de cada uno. \u00a1no olvides realizar la declaraci\u00f3n juramentada de bienes y renta en la vigencia 2025! PERIODO A DECLARAR: del 1 de enero de 2025 hasta el 31 de diciembre de 2025. FECHA M\u00c1XIMA [&hellip;]<\/p>\n","protected":false},"author":1,"featured_media":79038,"parent":80092,"menu_order":0,"comment_status":"closed","ping_status":"closed","template":"","meta":{"footnotes":""},"class_list":["post-103615","page","type-page","status-publish","has-post-thumbnail","hentry"],"yoast_head":"<!-- This site is optimized with the Yoast SEO plugin v27.4 - https:\/\/yoast.com\/product\/yoast-seo-wordpress\/ -->\n<title>Declaraci\u00f3n Juramentada de Bienes y Rentas<\/title>\n<meta name=\"description\" content=\"El C\u00f3digo de Integridad es el principal instrumento t\u00e9cnico de la Pol\u00edtica de Integridad del Modelo Integrado de Planeaci\u00f3n y Gesti\u00f3n\" \/>\n<meta name=\"robots\" content=\"index, follow, max-snippet:-1, max-image-preview:large, max-video-preview:-1\" \/>\n<link rel=\"canonical\" href=\"https:\/\/www.ucaldas.edu.co\/portal\/vicerrectoria-administrativa\/gestion-humana\/bienes-y-rentas\/\" \/>\n<script type=\"application\/ld+json\" class=\"yoast-schema-graph\">{\"@context\":\"https:\\\/\\\/schema.org\",\"@graph\":[{\"@type\":\"WebPage\",\"@id\":\"https:\\\/\\\/www.ucaldas.edu.co\\\/portal\\\/vicerrectoria-administrativa\\\/gestion-humana\\\/bienes-y-rentas\\\/\",\"url\":\"https:\\\/\\\/www.ucaldas.edu.co\\\/portal\\\/vicerrectoria-administrativa\\\/gestion-humana\\\/bienes-y-rentas\\\/\",\"name\":\"Declaraci\u00f3n Juramentada de Bienes y Rentas\",\"isPartOf\":{\"@id\":\"https:\\\/\\\/www.ucaldas.edu.co\\\/portal\\\/#website\"},\"primaryImageOfPage\":{\"@id\":\"https:\\\/\\\/www.ucaldas.edu.co\\\/portal\\\/vicerrectoria-administrativa\\\/gestion-humana\\\/bienes-y-rentas\\\/#primaryimage\"},\"image\":{\"@id\":\"https:\\\/\\\/www.ucaldas.edu.co\\\/portal\\\/vicerrectoria-administrativa\\\/gestion-humana\\\/bienes-y-rentas\\\/#primaryimage\"},\"thumbnailUrl\":\"https:\\\/\\\/www.ucaldas.edu.co\\\/portal\\\/wp-content\\\/uploads\\\/2024\\\/02\\\/Codigo-de-integridad.png\",\"datePublished\":\"2026-04-10T12:59:56+00:00\",\"dateModified\":\"2026-04-13T12:58:38+00:00\",\"description\":\"El C\u00f3digo de Integridad es el principal instrumento t\u00e9cnico de la Pol\u00edtica de Integridad del Modelo Integrado de Planeaci\u00f3n y Gesti\u00f3n\",\"breadcrumb\":{\"@id\":\"https:\\\/\\\/www.ucaldas.edu.co\\\/portal\\\/vicerrectoria-administrativa\\\/gestion-humana\\\/bienes-y-rentas\\\/#breadcrumb\"},\"inLanguage\":\"es\",\"potentialAction\":[{\"@type\":\"ReadAction\",\"target\":[\"https:\\\/\\\/www.ucaldas.edu.co\\\/portal\\\/vicerrectoria-administrativa\\\/gestion-humana\\\/bienes-y-rentas\\\/\"]}]},{\"@type\":\"ImageObject\",\"inLanguage\":\"es\",\"@id\":\"https:\\\/\\\/www.ucaldas.edu.co\\\/portal\\\/vicerrectoria-administrativa\\\/gestion-humana\\\/bienes-y-rentas\\\/#primaryimage\",\"url\":\"https:\\\/\\\/www.ucaldas.edu.co\\\/portal\\\/wp-content\\\/uploads\\\/2024\\\/02\\\/Codigo-de-integridad.png\",\"contentUrl\":\"https:\\\/\\\/www.ucaldas.edu.co\\\/portal\\\/wp-content\\\/uploads\\\/2024\\\/02\\\/Codigo-de-integridad.png\",\"width\":1518,\"height\":894,\"caption\":\"Estudiante haciendo se\u00f1al de Like\"},{\"@type\":\"BreadcrumbList\",\"@id\":\"https:\\\/\\\/www.ucaldas.edu.co\\\/portal\\\/vicerrectoria-administrativa\\\/gestion-humana\\\/bienes-y-rentas\\\/#breadcrumb\",\"itemListElement\":[{\"@type\":\"ListItem\",\"position\":1,\"name\":\"Portada\",\"item\":\"https:\\\/\\\/www.ucaldas.edu.co\\\/portal\\\/\"},{\"@type\":\"ListItem\",\"position\":2,\"name\":\"Vicerrector\u00eda Administrativa\",\"item\":\"https:\\\/\\\/www.ucaldas.edu.co\\\/portal\\\/vicerrectoria-administrativa\\\/\"},{\"@type\":\"ListItem\",\"position\":3,\"name\":\"Gesti\u00f3n Humana\",\"item\":\"https:\\\/\\\/www.ucaldas.edu.co\\\/portal\\\/vicerrectoria-administrativa\\\/gestion-humana\\\/\"},{\"@type\":\"ListItem\",\"position\":4,\"name\":\"Declaraci\u00f3n Juramentada de Bienes y Rentas\"}]},{\"@type\":\"WebSite\",\"@id\":\"https:\\\/\\\/www.ucaldas.edu.co\\\/portal\\\/#website\",\"url\":\"https:\\\/\\\/www.ucaldas.edu.co\\\/portal\\\/\",\"name\":\"Universidad de Caldas\",\"description\":\"\",\"publisher\":{\"@id\":\"https:\\\/\\\/www.ucaldas.edu.co\\\/portal\\\/#organization\"},\"alternateName\":\"U. de Caldas\",\"potentialAction\":[{\"@type\":\"SearchAction\",\"target\":{\"@type\":\"EntryPoint\",\"urlTemplate\":\"https:\\\/\\\/www.ucaldas.edu.co\\\/portal\\\/?s={search_term_string}\"},\"query-input\":{\"@type\":\"PropertyValueSpecification\",\"valueRequired\":true,\"valueName\":\"search_term_string\"}}],\"inLanguage\":\"es\"},{\"@type\":\"Organization\",\"@id\":\"https:\\\/\\\/www.ucaldas.edu.co\\\/portal\\\/#organization\",\"name\":\"Universidad de Caldas\",\"alternateName\":\"U. de Caldas\",\"url\":\"https:\\\/\\\/www.ucaldas.edu.co\\\/portal\\\/\",\"logo\":{\"@type\":\"ImageObject\",\"inLanguage\":\"es\",\"@id\":\"https:\\\/\\\/www.ucaldas.edu.co\\\/portal\\\/#\\\/schema\\\/logo\\\/image\\\/\",\"url\":\"https:\\\/\\\/www.ucaldas.edu.co\\\/portal\\\/wp-content\\\/uploads\\\/2023\\\/11\\\/Logo_horizontal_oscuroU-2023.png\",\"contentUrl\":\"https:\\\/\\\/www.ucaldas.edu.co\\\/portal\\\/wp-content\\\/uploads\\\/2023\\\/11\\\/Logo_horizontal_oscuroU-2023.png\",\"width\":263,\"height\":101,\"caption\":\"Universidad de Caldas\"},\"image\":{\"@id\":\"https:\\\/\\\/www.ucaldas.edu.co\\\/portal\\\/#\\\/schema\\\/logo\\\/image\\\/\"},\"sameAs\":[\"https:\\\/\\\/www.facebook.com\\\/udecaldas\",\"https:\\\/\\\/x.com\\\/udecaldas\",\"https:\\\/\\\/www.youtube.com\\\/universidadcaldas\",\"https:\\\/\\\/www.instagram.com\\\/udecaldas\\\/\"]}]}<\/script>\n<!-- \/ Yoast SEO plugin. -->","yoast_head_json":{"title":"Declaraci\u00f3n Juramentada de Bienes y Rentas","description":"El C\u00f3digo de Integridad es el principal instrumento t\u00e9cnico de la Pol\u00edtica de Integridad del Modelo Integrado de Planeaci\u00f3n y Gesti\u00f3n","robots":{"index":"index","follow":"follow","max-snippet":"max-snippet:-1","max-image-preview":"max-image-preview:large","max-video-preview":"max-video-preview:-1"},"canonical":"https:\/\/www.ucaldas.edu.co\/portal\/vicerrectoria-administrativa\/gestion-humana\/bienes-y-rentas\/","schema":{"@context":"https:\/\/schema.org","@graph":[{"@type":"WebPage","@id":"https:\/\/www.ucaldas.edu.co\/portal\/vicerrectoria-administrativa\/gestion-humana\/bienes-y-rentas\/","url":"https:\/\/www.ucaldas.edu.co\/portal\/vicerrectoria-administrativa\/gestion-humana\/bienes-y-rentas\/","name":"Declaraci\u00f3n Juramentada de Bienes y Rentas","isPartOf":{"@id":"https:\/\/www.ucaldas.edu.co\/portal\/#website"},"primaryImageOfPage":{"@id":"https:\/\/www.ucaldas.edu.co\/portal\/vicerrectoria-administrativa\/gestion-humana\/bienes-y-rentas\/#primaryimage"},"image":{"@id":"https:\/\/www.ucaldas.edu.co\/portal\/vicerrectoria-administrativa\/gestion-humana\/bienes-y-rentas\/#primaryimage"},"thumbnailUrl":"https:\/\/www.ucaldas.edu.co\/portal\/wp-content\/uploads\/2024\/02\/Codigo-de-integridad.png","datePublished":"2026-04-10T12:59:56+00:00","dateModified":"2026-04-13T12:58:38+00:00","description":"El C\u00f3digo de Integridad es el principal instrumento t\u00e9cnico de la Pol\u00edtica de Integridad del Modelo Integrado de Planeaci\u00f3n y Gesti\u00f3n","breadcrumb":{"@id":"https:\/\/www.ucaldas.edu.co\/portal\/vicerrectoria-administrativa\/gestion-humana\/bienes-y-rentas\/#breadcrumb"},"inLanguage":"es","potentialAction":[{"@type":"ReadAction","target":["https:\/\/www.ucaldas.edu.co\/portal\/vicerrectoria-administrativa\/gestion-humana\/bienes-y-rentas\/"]}]},{"@type":"ImageObject","inLanguage":"es","@id":"https:\/\/www.ucaldas.edu.co\/portal\/vicerrectoria-administrativa\/gestion-humana\/bienes-y-rentas\/#primaryimage","url":"https:\/\/www.ucaldas.edu.co\/portal\/wp-content\/uploads\/2024\/02\/Codigo-de-integridad.png","contentUrl":"https:\/\/www.ucaldas.edu.co\/portal\/wp-content\/uploads\/2024\/02\/Codigo-de-integridad.png","width":1518,"height":894,"caption":"Estudiante haciendo se\u00f1al de Like"},{"@type":"BreadcrumbList","@id":"https:\/\/www.ucaldas.edu.co\/portal\/vicerrectoria-administrativa\/gestion-humana\/bienes-y-rentas\/#breadcrumb","itemListElement":[{"@type":"ListItem","position":1,"name":"Portada","item":"https:\/\/www.ucaldas.edu.co\/portal\/"},{"@type":"ListItem","position":2,"name":"Vicerrector\u00eda Administrativa","item":"https:\/\/www.ucaldas.edu.co\/portal\/vicerrectoria-administrativa\/"},{"@type":"ListItem","position":3,"name":"Gesti\u00f3n Humana","item":"https:\/\/www.ucaldas.edu.co\/portal\/vicerrectoria-administrativa\/gestion-humana\/"},{"@type":"ListItem","position":4,"name":"Declaraci\u00f3n Juramentada de Bienes y Rentas"}]},{"@type":"WebSite","@id":"https:\/\/www.ucaldas.edu.co\/portal\/#website","url":"https:\/\/www.ucaldas.edu.co\/portal\/","name":"Universidad de Caldas","description":"","publisher":{"@id":"https:\/\/www.ucaldas.edu.co\/portal\/#organization"},"alternateName":"U. de Caldas","potentialAction":[{"@type":"SearchAction","target":{"@type":"EntryPoint","urlTemplate":"https:\/\/www.ucaldas.edu.co\/portal\/?s={search_term_string}"},"query-input":{"@type":"PropertyValueSpecification","valueRequired":true,"valueName":"search_term_string"}}],"inLanguage":"es"},{"@type":"Organization","@id":"https:\/\/www.ucaldas.edu.co\/portal\/#organization","name":"Universidad de Caldas","alternateName":"U. de Caldas","url":"https:\/\/www.ucaldas.edu.co\/portal\/","logo":{"@type":"ImageObject","inLanguage":"es","@id":"https:\/\/www.ucaldas.edu.co\/portal\/#\/schema\/logo\/image\/","url":"https:\/\/www.ucaldas.edu.co\/portal\/wp-content\/uploads\/2023\/11\/Logo_horizontal_oscuroU-2023.png","contentUrl":"https:\/\/www.ucaldas.edu.co\/portal\/wp-content\/uploads\/2023\/11\/Logo_horizontal_oscuroU-2023.png","width":263,"height":101,"caption":"Universidad de Caldas"},"image":{"@id":"https:\/\/www.ucaldas.edu.co\/portal\/#\/schema\/logo\/image\/"},"sameAs":["https:\/\/www.facebook.com\/udecaldas","https:\/\/x.com\/udecaldas","https:\/\/www.youtube.com\/universidadcaldas","https:\/\/www.instagram.com\/udecaldas\/"]}]}},"_links":{"self":[{"href":"https:\/\/www.ucaldas.edu.co\/portal\/wp-json\/wp\/v2\/pages\/103615","targetHints":{"allow":["GET"]}}],"collection":[{"href":"https:\/\/www.ucaldas.edu.co\/portal\/wp-json\/wp\/v2\/pages"}],"about":[{"href":"https:\/\/www.ucaldas.edu.co\/portal\/wp-json\/wp\/v2\/types\/page"}],"author":[{"embeddable":true,"href":"https:\/\/www.ucaldas.edu.co\/portal\/wp-json\/wp\/v2\/users\/1"}],"replies":[{"embeddable":true,"href":"https:\/\/www.ucaldas.edu.co\/portal\/wp-json\/wp\/v2\/comments?post=103615"}],"version-history":[{"count":3,"href":"https:\/\/www.ucaldas.edu.co\/portal\/wp-json\/wp\/v2\/pages\/103615\/revisions"}],"predecessor-version":[{"id":103627,"href":"https:\/\/www.ucaldas.edu.co\/portal\/wp-json\/wp\/v2\/pages\/103615\/revisions\/103627"}],"up":[{"embeddable":true,"href":"https:\/\/www.ucaldas.edu.co\/portal\/wp-json\/wp\/v2\/pages\/80092"}],"wp:featuredmedia":[{"embeddable":true,"href":"https:\/\/www.ucaldas.edu.co\/portal\/wp-json\/wp\/v2\/media\/79038"}],"wp:attachment":[{"href":"https:\/\/www.ucaldas.edu.co\/portal\/wp-json\/wp\/v2\/media?parent=103615"}],"curies":[{"name":"wp","href":"https:\/\/api.w.org\/{rel}","templated":true}]}}